{"id":2471,"date":"2024-04-03T10:28:06","date_gmt":"2024-04-03T08:28:06","guid":{"rendered":"https:\/\/pb.edu.pl\/km\/?page_id=2471"},"modified":"2024-04-13T13:23:49","modified_gmt":"2024-04-13T11:23:49","slug":"konkurs-2016","status":"publish","type":"page","link":"https:\/\/pb.edu.pl\/km\/konkurs-2016\/","title":{"rendered":"Konkurs 2016"},"content":{"rendered":"<article class=\"hentry bordered-content\">\n<header>\n<h3 class=\"entry-title\">Zako\u0144czenie konkursu &#8211; informacje<\/h3>\n<\/header>\n<div class=\"entry-content\">\n<p>Zako\u0144czenie konkursu odb\u0119dzie si\u0119 3 czerwca o 12:15 w sali 12B Politechniki Bia\u0142ostockiej, Wiejska 45A.<\/p>\n<p>Serdecznie zapraszamy laureat\u00f3w i nie tylko!<\/p>\n<\/div>\n<p><!-- entry-content --><\/p>\n<\/article>\n<article class=\"hentry bordered-content\">\n<header>\n<hr>\n<h3 class=\"entry-title\">Laureaci 2016<\/h3>\n<\/header>\n<div class=\"entry-content\">\n<h2 style=\"text-align: center\">Kategoria gimnazjum<\/h2>\n<p style=\"text-align: center\">Nagrody indywidualne<\/p>\n<p style=\"text-align: center\">Liczby w czwartej kolumnie oznaczaj\u0105 sumy uzyskanych punkt\u00f3w (na 24 mo\u017cliwe).<\/p>\n<div style=\"text-align: center\">\n<table style=\"width: 672px;margin-left: auto;margin-right: auto\" border=\"1\" cellspacing=\"1\" cellpadding=\"0\">\n<tbody>\n<tr bgcolor=\"#ffff33\">\n<td width=\"2%\">\n<p style=\"text-align: center\">1<\/p>\n<\/td>\n<td>Jagoda Bracha<\/td>\n<td>Pryw. Gimn. im. Kr\u00f3lowej Jadwigi w Lublinie<\/td>\n<td>23<\/td>\n<td rowspan=\"2\">nagrody I stopnia<\/td>\n<\/tr>\n<tr bgcolor=\"#ffff33\">\n<td width=\"2%\">\n<p style=\"text-align: center\">2<\/p>\n<\/td>\n<td>Jan Fabrowski<\/td>\n<td>Pryw. Gimn. im. Kr\u00f3lowej Jadwigi w Lublinie<\/td>\n<td>22<\/td>\n<\/tr>\n<tr bgcolor=\"#e9e9e9\">\n<td width=\"2%\">\n<p style=\"text-align: center\">3<\/p>\n<\/td>\n<td>Grzegorz Kiersnowski<\/td>\n<td>PG 32 w Bia\u0142ymstoku<\/td>\n<td>16<\/td>\n<td rowspan=\"4\">nagrody II stopnia<\/td>\n<\/tr>\n<tr bgcolor=\"#e9e9e9\">\n<td width=\"2%\">\n<p style=\"text-align: center\">4<\/p>\n<\/td>\n<td>Tomasz Modzelewski<\/td>\n<td>PG 6 w \u0141om\u017cy<\/td>\n<td>14<\/td>\n<\/tr>\n<tr bgcolor=\"#e9e9e9\">\n<td rowspan=\"2\" width=\"2%\">\n<p style=\"text-align: center\">5<\/p>\n<\/td>\n<td>Piotr Magnuszewski<\/td>\n<td>PG 32 w Bia\u0142ymstoku<\/td>\n<td rowspan=\"2\">13<\/td>\n<\/tr>\n<tr bgcolor=\"#e9e9e9\">\n<td>Patrycja Modzelewska<\/td>\n<td>PG 6 w \u0141om\u017cy<\/td>\n<\/tr>\n<tr bgcolor=\"#ffd5bf\">\n<td width=\"2%\">\n<p style=\"text-align: center\">7<\/p>\n<\/td>\n<td>Szymon Anikiej<\/td>\n<td>PG 32 w Bia\u0142ymstoku<\/td>\n<td>11<\/td>\n<td>nagroda III stopnia<\/td>\n<\/tr>\n<tr bgcolor=\"#ccffcc\">\n<td rowspan=\"7\" width=\"2%\">\n<p style=\"text-align: center\">8<\/p>\n<\/td>\n<td>Wojciech Dro\u017adziewicz<\/td>\n<td>PG 32 w Bia\u0142ymstoku<\/td>\n<td rowspan=\"7\">10<\/td>\n<td rowspan=\"10\">wyr\u00f3\u017cnienia<\/td>\n<\/tr>\n<tr bgcolor=\"#ccffcc\">\n<td>Antoni Kowalczuk<\/td>\n<td>Gimnazjum im. M. Konopnickiej w Suwa\u0142kach<\/td>\n<\/tr>\n<tr bgcolor=\"#ccffcc\">\n<td>Maciej Kuli\u015b<\/td>\n<td>PG 6 w \u0141om\u017cy<\/td>\n<\/tr>\n<tr bgcolor=\"#ccffcc\">\n<td>Maria Pop\u0142awska<\/td>\n<td>PG 6 w \u0141om\u017cy<\/td>\n<\/tr>\n<tr bgcolor=\"#ccffcc\">\n<td>W\u0142adys\u0142aw Sowul<\/td>\n<td>Gimnazjum im. M. Konopnickiej w Suwa\u0142kach<\/td>\n<\/tr>\n<tr bgcolor=\"#ccffcc\">\n<td>Julia Truszkowska<\/td>\n<td>Gimnazjum im. Jana Paw\u0142a II w Kolnie<\/td>\n<\/tr>\n<tr bgcolor=\"#ccffcc\">\n<td>Patryk Trzaska<\/td>\n<td>PG 6 w \u0141om\u017cy<\/td>\n<\/tr>\n<tr bgcolor=\"#ccffcc\">\n<td width=\"2%\">\n<p style=\"text-align: center\">15<\/p>\n<\/td>\n<td>Micha\u0142 Podolec<\/td>\n<td>PG z DNJB w Bielsku Podlaskim<\/td>\n<td>8<\/td>\n<\/tr>\n<tr bgcolor=\"#ccffcc\">\n<td rowspan=\"2\" width=\"2%\">\n<p style=\"text-align: center\">16<\/p>\n<\/td>\n<td>Patryk Nikonowicz<\/td>\n<td>PG 6 w \u0141om\u017cy<\/td>\n<td rowspan=\"2\">7<\/td>\n<\/tr>\n<tr bgcolor=\"#ccffcc\">\n<td>Konrad Pauk<\/td>\n<td>PG 32 w Bia\u0142ymstoku<\/td>\n<\/tr>\n<\/tbody>\n<\/table>\n<\/div>\n<h2 style=\"text-align: center\">Kategoria klas pierwszych<\/h2>\n<p style=\"text-align: center\">Nagrody indywidualne<\/p>\n<p style=\"text-align: center\">Liczby w czwartej kolumnie oznaczaj\u0105 sumy uzyskanych punkt\u00f3w (na 24 mo\u017cliwe).<\/p>\n<div style=\"text-align: center\">\n<table style=\"width: 672px;height: 418px;margin-left: auto;margin-right: auto\" border=\"1\" cellspacing=\"1\" cellpadding=\"0\">\n<tbody>\n<tr bgcolor=\"#ffff33\">\n<td width=\"2%\">\n<p style=\"text-align: center\">1<\/p>\n<\/td>\n<td>Jacek Jakimiuk<\/td>\n<td>II LO Bia\u0142ystok<\/td>\n<td>20<\/td>\n<td>nagroda I stopnia<\/td>\n<\/tr>\n<tr bgcolor=\"#e9e9e9\">\n<td rowspan=\"4\" width=\"2%\">\n<p style=\"text-align: center\">2<\/p>\n<\/td>\n<td>Rafa\u0142 Czarnecki<\/td>\n<td>I LO Bia\u0142ystok<\/td>\n<td rowspan=\"4\">18<\/td>\n<td rowspan=\"5\">nagrody II stopnia<\/td>\n<\/tr>\n<tr bgcolor=\"#e9e9e9\">\n<td>Anna Stpiczy\u0144ska<\/td>\n<td>I LO \u0141om\u017ca<\/td>\n<\/tr>\n<tr bgcolor=\"#e9e9e9\">\n<td>Szymon Tworkowski<\/td>\n<td>I LO Bia\u0142ystok<\/td>\n<\/tr>\n<tr bgcolor=\"#e9e9e9\">\n<td>Damian Werpachowski<\/td>\n<td>II LO Bia\u0142ystok<\/td>\n<\/tr>\n<tr bgcolor=\"#e9e9e9\">\n<td width=\"2%\">\n<p style=\"text-align: center\">6<\/p>\n<\/td>\n<td>Alicja Turowska<\/td>\n<td>I LO \u0141om\u017ca<\/td>\n<td>17<\/td>\n<\/tr>\n<tr bgcolor=\"#ccffcc\">\n<td width=\"2%\">\n<p style=\"text-align: center\">7<\/p>\n<\/td>\n<td>Piotr Guzowski<\/td>\n<td>II LO Bia\u0142ystok<\/td>\n<td>9<\/td>\n<td rowspan=\"5\">wyr\u00f3\u017cnienia<\/td>\n<\/tr>\n<tr bgcolor=\"#ccffcc\">\n<td rowspan=\"3\" width=\"2%\">\n<p style=\"text-align: center\">8<\/p>\n<\/td>\n<td>Micha\u0142 Domin\u00f3w<\/td>\n<td>III LO Bia\u0142ystok<\/td>\n<td rowspan=\"3\">8<\/td>\n<\/tr>\n<tr bgcolor=\"#ccffcc\">\n<td>Artur Malesza<\/td>\n<td>II LO Bia\u0142ystok<\/td>\n<\/tr>\n<tr bgcolor=\"#ccffcc\">\n<td>Micha\u0142 Topolewski<\/td>\n<td>ZS D\u0105browa Bia\u0142ostocka<\/td>\n<\/tr>\n<tr bgcolor=\"#ccffcc\">\n<td width=\"2%\">\n<p style=\"text-align: center\">11<\/p>\n<\/td>\n<td>Aleksandra Kasperuk<\/td>\n<td>ZS Siemiatycze<\/td>\n<td>7<\/td>\n<\/tr>\n<\/tbody>\n<\/table>\n<\/div>\n<h3 style=\"text-align: center\">Nagrodzone zespo\u0142y<\/h3>\n<p style=\"text-align: center\">Liczby w czwartej kolumnie oznaczaj\u0105 sumy uzyskanych punkt\u00f3w.<\/p>\n<h2 style=\"text-align: center\">&nbsp;<\/h2>\n<table style=\"width: 672px;margin-left: auto;margin-right: auto\" border=\"1\" cellspacing=\"1\" cellpadding=\"0\">\n<tbody>\n<tr>\n<td style=\"width: 6%;background-color: #ffff33;text-align: center\" valign=\"middle\">\n<p style=\"text-align: center\">1<\/p>\n<\/td>\n<td style=\"text-align: center\" valign=\"top\" bgcolor=\"#ffff33\" width=\"39%\">Piotr Guzowski, Jacek Jakimiuk, Damian Werpachowski<\/td>\n<td style=\"text-align: center\" valign=\"top\" bgcolor=\"#ffff33\">II Liceum Og\u00f3lnokszta\u0142c\u0105ce im. Anny z Sapieh\u00f3w Jab\u0142onowskiej w Bia\u0142ymstoku<\/td>\n<td style=\"background-color: #ffff33;text-align: center\" valign=\"middle\">\n<p style=\"text-align: center\">47<\/p>\n<\/td>\n<\/tr>\n<tr style=\"background-color: #e9e9e9\">\n<td style=\"width: 6%;text-align: center\" valign=\"middle\">\n<p style=\"text-align: center\">2<\/p>\n<\/td>\n<td style=\"width: 39%;text-align: center\" valign=\"middle\">Rafa\u0142 Czarnecki, Przemys\u0142aw Szpakowicz, Szymon Tworkowski<\/td>\n<td style=\"text-align: center\" valign=\"middle\">I Liceum Og\u00f3lnokszta\u0142c\u0105ce im. A. Mickiewicza w Bia\u0142ymstoku<\/td>\n<td style=\"text-align: center\" valign=\"middle\">\n<p style=\"text-align: center\">36<\/p>\n<\/td>\n<\/tr>\n<tr style=\"background-color: #e9e9e9\">\n<td style=\"text-align: center\">3<\/td>\n<td style=\"text-align: center\">Anna Stpiczy\u0144ska, Alicja Turowska<\/td>\n<td style=\"text-align: center\">I Liceum Og\u00f3lnokszta\u0142c\u0105ce im. T. Ko\u015bciuszki w \u0141om\u017cy<\/td>\n<td style=\"text-align: center\">35<\/td>\n<\/tr>\n<tr bgcolor=\"#ccffcc\">\n<td style=\"text-align: center\">4<\/td>\n<td style=\"text-align: center\">Jakub Bergcholc, Dominik Borowski, Aleksandra Kasperuk<\/td>\n<td style=\"text-align: center\">Zesp\u00f3\u0142 Szk\u00f3\u0142 w Siemiatyczach<\/td>\n<td style=\"text-align: center\">18<\/td>\n<\/tr>\n<\/tbody>\n<\/table>\n<h2 style=\"text-align: center\">Kategoria klas drugich<\/h2>\n<p style=\"text-align: center\">Nagrody indywidualne<\/p>\n<p style=\"text-align: center\">Liczby w czwartej kolumnie oznaczaj\u0105 sumy uzyskanych punkt\u00f3w (na 24 mo\u017cliwe).<\/p>\n<div style=\"text-align: center\">\n<table style=\"width: 672px;height: 418px;margin-left: auto;margin-right: auto\" border=\"1\" cellspacing=\"1\" cellpadding=\"0\">\n<tbody>\n<tr bgcolor=\"#ffff33\">\n<td width=\"2%\">\n<p style=\"text-align: center\">1<\/p>\n<\/td>\n<td>Jan Murawski<\/td>\n<td>I LO \u0141om\u017ca<\/td>\n<td>20<\/td>\n<td rowspan=\"2\">nagrody I stopnia<\/td>\n<\/tr>\n<tr bgcolor=\"#ffff33\">\n<td width=\"2%\">\n<p style=\"text-align: center\">2<\/p>\n<\/td>\n<td>Karolina Tkaczuk<\/td>\n<td>II LO DNJB w Bielsku<\/td>\n<td>19<\/td>\n<\/tr>\n<tr bgcolor=\"#e9e9e9\">\n<td width=\"2%\">\n<p style=\"text-align: center\">3<\/p>\n<\/td>\n<td>Szymon Kobus<\/td>\n<td>II LO Bia\u0142ystok<\/td>\n<td>15<\/td>\n<td rowspan=\"5\">nagrody II stopnia<\/td>\n<\/tr>\n<tr bgcolor=\"#e9e9e9\">\n<td width=\"2%\">\n<p style=\"text-align: center\">4<\/p>\n<\/td>\n<td>Marta Banel<\/td>\n<td>I LO Bia\u0142ystok<\/td>\n<td>14<\/td>\n<\/tr>\n<tr bgcolor=\"#e9e9e9\">\n<td rowspan=\"3\" width=\"2%\">\n<p style=\"text-align: center\">5<\/p>\n<\/td>\n<td>Pawe\u0142 Chary\u0142o<\/td>\n<td>I LO Bia\u0142ystok<\/td>\n<td rowspan=\"3\">13<\/td>\n<\/tr>\n<tr bgcolor=\"#e9e9e9\">\n<td>Zofia Cie\u015bli\u0144ska<\/td>\n<td>II LO Bia\u0142ystok<\/td>\n<\/tr>\n<tr bgcolor=\"#e9e9e9\">\n<td>Magda Samordak<\/td>\n<td>I LO \u0141om\u017ca<\/td>\n<\/tr>\n<tr bgcolor=\"#ffd5bf\">\n<td rowspan=\"5\" width=\"2%\">\n<p style=\"text-align: center\">8<\/p>\n<\/td>\n<td>Bartosz Chrostowski<\/td>\n<td>I LO \u0141om\u017ca<\/td>\n<td rowspan=\"5\">12<\/td>\n<td rowspan=\"11\">nagrody III stopnia<\/td>\n<\/tr>\n<tr bgcolor=\"#ffd5bf\">\n<td>Dariusz Klimowicz<\/td>\n<td>II LO Bia\u0142ystok<\/td>\n<\/tr>\n<tr bgcolor=\"#ffd5bf\">\n<td>Jakub My\u015bliwiec<\/td>\n<td>II LO Bia\u0142ystok<\/td>\n<\/tr>\n<tr bgcolor=\"#ffd5bf\">\n<td>Aleksandra Sobieska<\/td>\n<td>I LO Soko\u0142\u00f3w<\/td>\n<\/tr>\n<tr bgcolor=\"#ffd5bf\">\n<td>Jakub Trzcinka<\/td>\n<td>III LO Bia\u0142ystok<\/td>\n<\/tr>\n<tr bgcolor=\"#ffd5bf\">\n<td width=\"2%\">\n<p style=\"text-align: center\">13<\/p>\n<\/td>\n<td>Jakub \u0141otko<\/td>\n<td>III LO Bia\u0142ystok<\/td>\n<td>11<\/td>\n<\/tr>\n<tr bgcolor=\"#ffd5bf\">\n<td rowspan=\"5\" width=\"2%\">\n<p style=\"text-align: center\">14<\/p>\n<\/td>\n<td>Miko\u0142aj Fr\u0105czek<\/td>\n<td>I LO Soko\u0142\u00f3w<\/td>\n<td rowspan=\"5\">10<\/td>\n<\/tr>\n<tr bgcolor=\"#ffd5bf\">\n<td>Piotr Mazurek<\/td>\n<td>I LO Soko\u0142\u00f3w<\/td>\n<\/tr>\n<tr bgcolor=\"#ffd5bf\">\n<td>Hubert Nasta\u0142y<\/td>\n<td>I LO Bia\u0142ystok<\/td>\n<\/tr>\n<tr bgcolor=\"#ffd5bf\">\n<td>Bartosz Pieszko<\/td>\n<td>I LO Bia\u0142ystok<\/td>\n<\/tr>\n<tr bgcolor=\"#ffd5bf\">\n<td>Mateusz Piotrowski<\/td>\n<td>VI LO Bia\u0142ystok<\/td>\n<\/tr>\n<\/tbody>\n<\/table>\n<h3 style=\"text-align: center\">Nagrodzone zespo\u0142y<\/h3>\n<p>Liczby w czwartej kolumnie oznaczaj\u0105 sumy uzyskanych punkt\u00f3w.<\/p>\n<h2 style=\"text-align: center\">&nbsp;<\/h2>\n<table style=\"width: 672px;margin-left: auto;margin-right: auto\" border=\"1\" cellspacing=\"1\" cellpadding=\"0\">\n<tbody>\n<tr>\n<td style=\"width: 6%;background-color: #ffff33;text-align: center\" valign=\"middle\">\n<p style=\"text-align: center\">1<\/p>\n<\/td>\n<td style=\"text-align: center\" valign=\"top\" bgcolor=\"#ffff33\" width=\"39%\">Bartosz Chrostowski, Jan Murawski, Magdalena Samordak<\/td>\n<td style=\"text-align: center\" valign=\"top\" bgcolor=\"#ffff33\">I Liceum Og\u00f3lnokszta\u0142c\u0105ce im. T. Ko\u015bciuszki w \u0141om\u017cy<\/td>\n<td style=\"background-color: #ffff33;text-align: center\" valign=\"middle\">\n<p style=\"text-align: center\">38<\/p>\n<\/td>\n<\/tr>\n<tr style=\"background-color: #e9e9e9\">\n<td style=\"width: 6%;text-align: center\" valign=\"middle\">\n<p style=\"text-align: center\">2<\/p>\n<\/td>\n<td style=\"width: 39%;text-align: center\" valign=\"middle\">Zofia Cie\u015bli\u0144ska, Maciej Jab\u0142o\u0144ski, Szymon Kobus<\/td>\n<td style=\"text-align: center\" valign=\"middle\">II Liceum Og\u00f3lnokszta\u0142c\u0105ce im. Anny z Sapieh\u00f3w Jab\u0142onowskiej w Bia\u0142ymstoku<\/td>\n<td style=\"text-align: center\" valign=\"middle\">\n<p style=\"text-align: center\">34<\/p>\n<\/td>\n<\/tr>\n<tr style=\"background-color: #e9e9e9\">\n<td style=\"text-align: center\">3<\/td>\n<td style=\"text-align: center\">Dariusz Klimowicz, Aleksandra Kondrat, Jakub My\u015bliwiec<\/td>\n<td style=\"text-align: center\">II Liceum Og\u00f3lnokszta\u0142c\u0105ce im. Anny z Sapieh\u00f3w Jab\u0142onowskiej w Bia\u0142ymstoku<\/td>\n<td style=\"text-align: center\">33<\/td>\n<\/tr>\n<tr bgcolor=\"#ffd5bf\">\n<td style=\"text-align: center\" rowspan=\"2\">4<\/td>\n<td style=\"text-align: center\">Marta Banel, Jolanta Mozyrska, Hubert Nasta\u0142y<\/td>\n<td style=\"text-align: center\">I Liceum Og\u00f3lnokszta\u0142c\u0105ce im. A. Mickiewicza w Bia\u0142ymstoku<\/td>\n<td style=\"text-align: center\">31<\/td>\n<\/tr>\n<tr bgcolor=\"#ffd5bf\">\n<td style=\"text-align: center\">Pawe\u0142 Chary\u0142o, Piotr Kuczko, Bartosz Pieczko<\/td>\n<td style=\"text-align: center\">I Liceum Og\u00f3lnokszta\u0142c\u0105ce im. A. Mickiewicza w Bia\u0142ymstoku<\/td>\n<td style=\"text-align: center\">31<\/td>\n<\/tr>\n<tr bgcolor=\"#ffd5bf\">\n<td style=\"text-align: center\">5<\/td>\n<td style=\"text-align: center\">Maciej Bala, Piotr Mazurek, Aleksandra Sobieska<\/td>\n<td style=\"text-align: center\">Zesp\u00f3\u0142 Szk\u00f3\u0142 w Soko\u0142owie Podlaskim<\/td>\n<td style=\"text-align: center\">29<\/td>\n<\/tr>\n<\/tbody>\n<\/table>\n<\/div>\n<\/div>\n<p><!-- entry-content --><\/p>\n<\/article>\n<article class=\"hentry bordered-content\">\n<header>\n<hr>\n<h3 class=\"entry-title\">Rozwi\u0105zania zada\u0144 konkursowych 2016 &#8212; klasy drugie<\/h3>\n<\/header>\n<div class=\"entry-content\">\n<p><a class=\"zadania-link\" href=\"https:\/\/pb.edu.pl\/km\/wp-content\/uploads\/sites\/121\/2024\/04\/rozw_II_16.pdf\">Plik PDF<\/a><\/p>\n<\/div>\n<p><!-- entry-content --><\/p>\n<\/article>\n<article class=\"hentry bordered-content\">\n<header>\n<hr>\n<h3 class=\"entry-title\">Rozwi\u0105zania zada\u0144 konkursowych 2016 &#8212; klasy pierwsze<\/h3>\n<\/header>\n<div class=\"entry-content\">\n<p><a class=\"zadania-link\" href=\"https:\/\/pb.edu.pl\/km\/wp-content\/uploads\/sites\/121\/2024\/04\/rozw_I_16.pdf\">Plik PDF<\/a><\/p>\n<\/div>\n<p><!-- entry-content --><\/p>\n<\/article>\n<article class=\"hentry bordered-content\">\n<header>\n<hr>\n<h3 class=\"entry-title\">Rozwi\u0105zania zada\u0144 konkursowych 2016 &#8212; gimnazjum<\/h3>\n<\/header>\n<div class=\"entry-content\">\n<p><a class=\"zadania-link\" href=\"https:\/\/pb.edu.pl\/km\/wp-content\/uploads\/sites\/121\/2024\/04\/rozw_gim_16.pdf\">Plik PDF<\/a><\/p>\n<\/div>\n<p><!-- entry-content --><\/p>\n<\/article>\n<article class=\"hentry bordered-content\">\n<header>\n<hr>\n<h3 class=\"entry-title\">Zadania konkursowe 2016 &#8212; klasy drugie<\/h3>\n<\/header>\n<div class=\"entry-content\">\n<p><a class=\"zadania-link\" href=\"https:\/\/pb.edu.pl\/km\/wp-content\/uploads\/sites\/121\/2024\/04\/zad_kon_II_16.pdf\">Plik PDF<\/a><\/p>\n<\/div>\n<p><!-- entry-content --><\/p>\n<\/article>\n<article class=\"hentry bordered-content\">\n<header>\n<hr>\n<h3 class=\"entry-title\">Zadania konkursowe 2016 &#8212; klasy pierwsze<\/h3>\n<\/header>\n<div class=\"entry-content\">\n<p><a class=\"zadania-link\" href=\"https:\/\/pb.edu.pl\/km\/wp-content\/uploads\/sites\/121\/2024\/04\/zad_kon_I_16.pdf\">Plik PDF<\/a><\/p>\n<\/div>\n<\/article>\n<p>&nbsp;<\/p>\n","protected":false},"excerpt":{"rendered":"<p>Zako\u0144czenie konkursu &#8211; informacje Zako\u0144czenie konkursu odb\u0119dzie si\u0119 3 czerwca o 12:15 w sali 12B<\/p>\n","protected":false},"author":161,"featured_media":0,"parent":0,"menu_order":0,"comment_status":"closed","ping_status":"closed","template":"","meta":{"_acf_changed":false,"ngg_post_thumbnail":0,"footnotes":""},"class_list":["post-2471","page","type-page","status-publish","hentry"],"acf":[],"_links":{"self":[{"href":"https:\/\/pb.edu.pl\/km\/wp-json\/wp\/v2\/pages\/2471","targetHints":{"allow":["GET"]}}],"collection":[{"href":"https:\/\/pb.edu.pl\/km\/wp-json\/wp\/v2\/pages"}],"about":[{"href":"https:\/\/pb.edu.pl\/km\/wp-json\/wp\/v2\/types\/page"}],"author":[{"embeddable":true,"href":"https:\/\/pb.edu.pl\/km\/wp-json\/wp\/v2\/users\/161"}],"replies":[{"embeddable":true,"href":"https:\/\/pb.edu.pl\/km\/wp-json\/wp\/v2\/comments?post=2471"}],"version-history":[{"count":0,"href":"https:\/\/pb.edu.pl\/km\/wp-json\/wp\/v2\/pages\/2471\/revisions"}],"wp:attachment":[{"href":"https:\/\/pb.edu.pl\/km\/wp-json\/wp\/v2\/media?parent=2471"}],"curies":[{"name":"wp","href":"https:\/\/api.w.org\/{rel}","templated":true}]}}