{"id":2460,"date":"2024-04-03T10:00:24","date_gmt":"2024-04-03T08:00:24","guid":{"rendered":"https:\/\/pb.edu.pl\/km\/?page_id=2460"},"modified":"2024-04-13T13:28:19","modified_gmt":"2024-04-13T11:28:19","slug":"konkurs-2017","status":"publish","type":"page","link":"https:\/\/pb.edu.pl\/km\/konkurs-2017\/","title":{"rendered":"Konkurs 2017"},"content":{"rendered":"<article class=\"hentry bordered-content\">\n<header>\n<h3 class=\"entry-title\">Zako\u0144czenie konkursu 2017<\/h3>\n<\/header>\n<div class=\"entry-content\">\n<p>Gratulujemy wszystkim nagrodzonym (wyniki poni\u017cej)!<\/p>\n<p>Zako\u0144czenie konkursu odb\u0119dzie si\u0119 31 maja o 12:15 w sali 12B Politechniki Bia\u0142ostockiej, Wiejska 45A.<\/p>\n<p>Serdecznie zapraszamy laureat\u00f3w i nie tylko!<\/p>\n<\/div>\n<p><!-- entry-content --><\/p>\n<\/article>\n<article class=\"hentry bordered-content\">\n<header>\n<hr>\n<h3 class=\"entry-title\">Rozwi\u0105zania zada\u0144 konkursowych 2017<\/h3>\n<\/header>\n<div class=\"entry-content\">\n<div class=\"link-sep\"><a class=\"zadania-link\" href=\"https:\/\/pb.edu.pl\/km\/wp-content\/uploads\/sites\/121\/2024\/04\/rozw_gim_17.pdf\">Gimnazjum<\/a><\/div>\n<div class=\"link-sep\"><a class=\"zadania-link\" href=\"https:\/\/pb.edu.pl\/km\/wp-content\/uploads\/sites\/121\/2024\/04\/rozw_I_17.pdf\">Klasy pierwsze liceum<\/a><\/div>\n<div class=\"link-sep\"><a class=\"zadania-link\" href=\"https:\/\/pb.edu.pl\/km\/wp-content\/uploads\/sites\/121\/2024\/04\/rozw_II_17.pdf\">Klasy drugie liceum<\/a><\/div>\n<\/div>\n<p><!-- entry-content --><\/p>\n<\/article>\n<article class=\"hentry bordered-content\">\n<header>\n<hr>\n<h3 class=\"entry-title\">Laureaci 2017<\/h3>\n<\/header>\n<div class=\"entry-content\">\n<div class=\"article\">\n<p>&nbsp;<\/p>\n<h2 style=\"text-align: center\">Kategoria gimnazjum<\/h2>\n<p>&nbsp;<\/p>\n<p style=\"text-align: center\">Nagrody indywidualne<\/p>\n<p style=\"text-align: center\">Liczby w czwartej kolumnie oznaczaj\u0105 sumy uzyskanych punkt\u00f3w (na 24 mo\u017cliwe).<\/p>\n<div style=\"text-align: center\">\n<table style=\"width: 672px;height: 418px;margin-left: auto;margin-right: auto\" border=\"1\" cellspacing=\"1\" cellpadding=\"0\">\n<tbody>\n<tr bgcolor=\"#ffff33\">\n<td rowspan=\"1\" width=\"2%\">\n<p style=\"text-align: center\">1<\/p>\n<\/td>\n<td>Tomasz Modzelewski<\/td>\n<td>PG 6 w \u0141om\u017cy<\/td>\n<td rowspan=\"1\">24<\/td>\n<td rowspan=\"1\">nagroda I stopnia<\/td>\n<\/tr>\n<tr bgcolor=\"#e9e9e9\">\n<td rowspan=\"2\" width=\"2%\">\n<p style=\"text-align: center\">2<\/p>\n<\/td>\n<td>Maciej Kuli\u015b<\/td>\n<td>PG 6 w \u0141om\u017cy<\/td>\n<td rowspan=\"2\">20<\/td>\n<td rowspan=\"2\">nagrody II stopnia<\/td>\n<\/tr>\n<tr bgcolor=\"#e9e9e9\">\n<td>Mi\u0142osz Moroz<\/td>\n<td>PG 32 w Bia\u0142ymstoku<\/td>\n<\/tr>\n<tr bgcolor=\"#ffd5bf\">\n<td rowspan=\"3\" width=\"2%\">\n<p style=\"text-align: center\">4<\/p>\n<\/td>\n<td>Piotr Jakimiuk<\/td>\n<td>PG 3 w Bia\u0142ymstoku<\/td>\n<td rowspan=\"3\">14<\/td>\n<td rowspan=\"3\">nagrody III stopnia<\/td>\n<\/tr>\n<tr bgcolor=\"#ffd5bf\">\n<td>Maria Pop\u0142awska<\/td>\n<td>PG 6 w \u0141om\u017cy<\/td>\n<\/tr>\n<tr bgcolor=\"#ffd5bf\">\n<td>Weronika Stachurska<\/td>\n<td>PG 7 w Bia\u0142ymstoku<\/td>\n<\/tr>\n<tr bgcolor=\"#ccffcc\">\n<td rowspan=\"1\" width=\"2%\">\n<p style=\"text-align: center\">7<\/p>\n<\/td>\n<td>Micha\u0142 Korwek<\/td>\n<td>PG 6 w \u0141om\u017cy<\/td>\n<td rowspan=\"1\">12<\/td>\n<td rowspan=\"2\">wyr\u00f3\u017cnienia<\/td>\n<\/tr>\n<tr bgcolor=\"#ccffcc\">\n<td rowspan=\"1\" width=\"2%\">\n<p style=\"text-align: center\">8<\/p>\n<\/td>\n<td>Martyna Osma\u0142ek<\/td>\n<td>Pryw. Gimn. i Lic. im. Kr\u00f3lowej Jadwigi w Lublinie<\/td>\n<td rowspan=\"1\">10<\/td>\n<\/tr>\n<\/tbody>\n<\/table>\n<\/div>\n<div class=\"article\">\n<p>&nbsp;<\/p>\n<h2 style=\"text-align: center\">Kategoria klas pierwszych<\/h2>\n<p>&nbsp;<\/p>\n<p style=\"text-align: center\">Nagrody indywidualne<\/p>\n<p style=\"text-align: center\">Liczby w czwartej kolumnie oznaczaj\u0105 sumy uzyskanych punkt\u00f3w (na 24 mo\u017cliwe).<\/p>\n<div style=\"text-align: center\">\n<table style=\"width: 672px;height: 418px;margin-left: auto;margin-right: auto\" border=\"1\" cellspacing=\"1\" cellpadding=\"0\">\n<tbody>\n<tr bgcolor=\"#ffff33\">\n<td rowspan=\"1\" width=\"2%\">\n<p style=\"text-align: center\">1<\/p>\n<\/td>\n<td>Jan Fabrowski<\/td>\n<td>Pryw. Gimn. i Lic. im. Kr\u00f3lowej Jadwigi w Lublinie<\/td>\n<td rowspan=\"1\">23<\/td>\n<td rowspan=\"1\">nagroda I stopnia<\/td>\n<\/tr>\n<tr bgcolor=\"#e9e9e9\">\n<td rowspan=\"1\" width=\"2%\">\n<p style=\"text-align: center\">2<\/p>\n<\/td>\n<td>Miko\u0142aj Ruszczyk<\/td>\n<td>I LO \u0141om\u017ca<\/td>\n<td rowspan=\"1\">18<\/td>\n<td rowspan=\"2\">nagrody II stopnia<\/td>\n<\/tr>\n<tr bgcolor=\"#e9e9e9\">\n<td rowspan=\"1\" width=\"2%\">\n<p style=\"text-align: center\">3<\/p>\n<\/td>\n<td>Mateusz Roszkowski<\/td>\n<td>II LO Bia\u0142ystok<\/td>\n<td rowspan=\"1\">17<\/td>\n<\/tr>\n<tr bgcolor=\"#ffd5bf\">\n<td rowspan=\"2\" width=\"2%\">\n<p style=\"text-align: center\">4<\/p>\n<\/td>\n<td>Kamil Kotowicz<\/td>\n<td>I LO Bia\u0142ystok<\/td>\n<td rowspan=\"2\">14<\/td>\n<td rowspan=\"4\">nagrody III stopnia<\/td>\n<\/tr>\n<tr bgcolor=\"#ffd5bf\">\n<td>Patryk Nikonowicz<\/td>\n<td>I LO \u0141om\u017ca<\/td>\n<\/tr>\n<tr bgcolor=\"#ffd5bf\">\n<td rowspan=\"2\" width=\"2%\">\n<p style=\"text-align: center\">6<\/p>\n<\/td>\n<td>Magdalena Falkowska<\/td>\n<td>II LO Bia\u0142ystok<\/td>\n<td rowspan=\"2\">13<\/td>\n<\/tr>\n<tr bgcolor=\"#ffd5bf\">\n<td>Piotr Magnuszewski<\/td>\n<td>II LO Bia\u0142ystok<\/td>\n<\/tr>\n<tr bgcolor=\"#ccffcc\">\n<td rowspan=\"1\" width=\"2%\">\n<p style=\"text-align: center\">8<\/p>\n<\/td>\n<td>\u0141ukasz Topolski<\/td>\n<td>I LO Suwa\u0142ki<\/td>\n<td rowspan=\"1\">12<\/td>\n<td rowspan=\"3\">wyr\u00f3\u017cnienia<\/td>\n<\/tr>\n<tr bgcolor=\"#ccffcc\">\n<td rowspan=\"2\" width=\"2%\">\n<p style=\"text-align: center\">9<\/p>\n<\/td>\n<td>Oliwia Hankowska<\/td>\n<td>II LO Bia\u0142ystok<\/td>\n<td rowspan=\"2\">11<\/td>\n<\/tr>\n<tr bgcolor=\"#ccffcc\">\n<td>Aleksandra Janus<\/td>\n<td>I LO Bia\u0142ystok<\/td>\n<\/tr>\n<\/tbody>\n<\/table>\n<\/div>\n<h3 style=\"text-align: center\">Nagrodzone zespo\u0142y<\/h3>\n<p style=\"text-align: center\">Liczby w czwartej kolumnie oznaczaj\u0105 sumy uzyskanych punkt\u00f3w.<\/p>\n<h2 style=\"text-align: center\">&nbsp;<\/h2>\n<table style=\"width: 672px;margin-left: auto;margin-right: auto\" border=\"1\" cellspacing=\"1\" cellpadding=\"0\">\n<tbody>\n<tr>\n<td style=\"width: 6%;background-color: #ffff33;text-align: center\" valign=\"middle\">\n<p style=\"text-align: center\">1<\/p>\n<\/td>\n<td style=\"text-align: center\" valign=\"top\" bgcolor=\"#ffff33\" width=\"39%\">Magdalena Falkowska, Piotr Magnuszewski, Mateusz Roszkowski<\/td>\n<td style=\"text-align: center\" valign=\"top\" bgcolor=\"#ffff33\">II Liceum Og\u00f3lnokszta\u0142c\u0105ce im. Anny z Sapieh\u00f3w Jab\u0142onowskiej w Bia\u0142ymstoku<\/td>\n<td style=\"background-color: #ffff33;text-align: center\" valign=\"middle\">\n<p style=\"text-align: center\">43<\/p>\n<\/td>\n<\/tr>\n<tr style=\"background-color: #e9e9e9\">\n<td style=\"width: 6%;text-align: center\" valign=\"middle\">\n<p style=\"text-align: center\">2<\/p>\n<\/td>\n<td style=\"width: 39%;text-align: center\" valign=\"middle\">Patrycja Modzelewska, Patryk Nikonowicz, Miko\u0142aj Ruszczyk<\/td>\n<td style=\"text-align: center\" valign=\"middle\">I Liceum Og\u00f3lnokszta\u0142c\u0105ce im. T. Ko\u015bciuszki w \u0141om\u017cy<\/td>\n<td style=\"text-align: center\" valign=\"middle\">\n<p style=\"text-align: center\">39<\/p>\n<\/td>\n<\/tr>\n<tr style=\"background-color: #ffd5bf\">\n<td style=\"text-align: center\" rowspan=\"2\">3<\/td>\n<td style=\"text-align: center\">Przemys\u0142aw Dominikowski, Aleksandra Janus, Kamil Kotowicz<\/td>\n<td style=\"text-align: center\">I Liceum Og\u00f3lnokszta\u0142c\u0105ce im. A. Mickiewicza w Bia\u0142ymstoku<\/td>\n<td style=\"text-align: center\">33<\/td>\n<\/tr>\n<tr style=\"background-color: #ffd5bf\">\n<td style=\"text-align: center\">Jan Fabrowski, Pawe\u0142 Paw\u0142owski<\/td>\n<td style=\"text-align: center\">Pryw. Gimn. i Lic. im. Kr\u00f3lowej Jadwigi w Lublinie<\/td>\n<td style=\"text-align: center\">31<\/td>\n<\/tr>\n<tr bgcolor=\"#ccffcc\">\n<td style=\"text-align: center\">5<\/td>\n<td style=\"text-align: center\">Oliwia Hankowska, Szymon Leszczy\u0144ski, Daria Kondraciuk<\/td>\n<td style=\"text-align: center\">II Liceum Og\u00f3lnokszta\u0142c\u0105ce im. Anny z Sapieh\u00f3w Jab\u0142onowskiej w Bia\u0142ymstoku (zesp\u00f3\u0142 II)<\/td>\n<td style=\"text-align: center\">25<\/td>\n<\/tr>\n<\/tbody>\n<\/table>\n<div class=\"article\">\n<p>&nbsp;<\/p>\n<h2 style=\"text-align: center\">Kategoria klas drugich<\/h2>\n<p>&nbsp;<\/p>\n<p style=\"text-align: center\">Nagrody indywidualne<\/p>\n<p style=\"text-align: center\">Liczby w czwartej kolumnie oznaczaj\u0105 sumy<br \/>\nuzyskanych punkt\u00f3w (na 24 mo\u017cliwe).<\/p>\n<div style=\"text-align: center\">\n<table style=\"width: 672px;height: 418px;margin-left: auto;margin-right: auto\" border=\"1\" cellspacing=\"1\" cellpadding=\"0\">\n<tbody>\n<tr bgcolor=\"#ffff33\">\n<td rowspan=\"4\" width=\"2%\">\n<p style=\"text-align: center\">1<\/p>\n<\/td>\n<td>Rafa\u0142 Czarnecki<\/td>\n<td>I LO Bia\u0142ystok<\/td>\n<td rowspan=\"4\">24<\/td>\n<td rowspan=\"4\">nagrody I stopnia<\/td>\n<\/tr>\n<tr bgcolor=\"#ffff33\">\n<td>Jacek Jakimiuk<\/td>\n<td>II LO Bia\u0142ystok<\/td>\n<\/tr>\n<tr bgcolor=\"#ffff33\">\n<td>Szymon Tworkowski<\/td>\n<td>I LO Bia\u0142ystok<\/td>\n<\/tr>\n<tr bgcolor=\"#ffff33\">\n<td>Damian Werpachowski<\/td>\n<td>II LO Bia\u0142ystok<\/td>\n<\/tr>\n<tr bgcolor=\"#e9e9e9\">\n<td rowspan=\"2\" width=\"2%\">\n<p style=\"text-align: center\">5<\/p>\n<\/td>\n<td>Artur Malesza<\/td>\n<td>II LO Bia\u0142ystok<\/td>\n<td rowspan=\"2\">20<\/td>\n<td rowspan=\"8\">nagrody II stopnia<\/td>\n<\/tr>\n<tr bgcolor=\"#e9e9e9\">\n<td>Maciej \u015awi\u0119cicki<\/td>\n<td>I LO Bia\u0142ystok<\/td>\n<\/tr>\n<tr bgcolor=\"#e9e9e9\">\n<td rowspan=\"6\" width=\"2%\">\n<p style=\"text-align: center\">7<\/p>\n<\/td>\n<td>Piotr Guzowski<\/td>\n<td>II LO Bia\u0142ystok<\/td>\n<td rowspan=\"6\">18<\/td>\n<\/tr>\n<tr bgcolor=\"#e9e9e9\">\n<td>Artur Jankowski<\/td>\n<td>I LO Bia\u0142ystok<\/td>\n<\/tr>\n<tr bgcolor=\"#e9e9e9\">\n<td>Aleksandra Kasperuk<\/td>\n<td>ZSO Siemiatycze<\/td>\n<\/tr>\n<tr bgcolor=\"#e9e9e9\">\n<td>Tomasz Si\u0142kowski<\/td>\n<td>I LO Suwa\u0142ki<\/td>\n<\/tr>\n<tr bgcolor=\"#e9e9e9\">\n<td>Anna Stpiczy\u0144ska<\/td>\n<td>I LO \u0141om\u017ca<\/td>\n<\/tr>\n<tr bgcolor=\"#e9e9e9\">\n<td>Alicja Turowska<\/td>\n<td>I LO \u0141om\u017ca<\/td>\n<\/tr>\n<tr bgcolor=\"#ffd5bf\">\n<td rowspan=\"3\" width=\"2%\">\n<p style=\"text-align: center\">13<\/p>\n<\/td>\n<td>Konrad Czapli\u0144ski<\/td>\n<td>I LO Bia\u0142ystok<\/td>\n<td rowspan=\"3\">12<\/td>\n<td rowspan=\"3\">nagrody III stopnia<\/td>\n<\/tr>\n<tr bgcolor=\"#ffd5bf\">\n<td>Przemys\u0142aw D\u0105browski<\/td>\n<td>II LO Bia\u0142ystok<\/td>\n<\/tr>\n<tr bgcolor=\"#ffd5bf\">\n<td>Kinga Lipiszko<\/td>\n<td>II LO Bia\u0142ystok<\/td>\n<\/tr>\n<\/tbody>\n<\/table>\n<\/div>\n<h3 style=\"text-align: center\">Nagrodzone zespo\u0142y<\/h3>\n<p style=\"text-align: center\">Liczby w czwartej kolumnie oznaczaj\u0105 sumy uzyskanych punkt\u00f3w (na 24 mo\u017cliwe).<\/p>\n<h2 style=\"text-align: center\">&nbsp;<\/h2>\n<table style=\"width: 672px;margin-left: auto;margin-right: auto\" border=\"1\" cellspacing=\"1\" cellpadding=\"0\">\n<tbody>\n<tr>\n<td style=\"width: 6%;background-color: #ffff33;text-align: center\" valign=\"middle\">\n<p style=\"text-align: center\">1<\/p>\n<\/td>\n<td style=\"text-align: center\" valign=\"top\" bgcolor=\"#ffff33\" width=\"39%\">Piotr Guzowski, Jacek Jakimiuk, Damian Werpachowski<\/td>\n<td style=\"text-align: center\" valign=\"top\" bgcolor=\"#ffff33\">II Liceum Og\u00f3lnokszta\u0142c\u0105ce im. Anny z Sapieh\u00f3w Jab\u0142onowskiej w Bia\u0142ymstoku<\/td>\n<td style=\"background-color: #ffff33;text-align: center\" valign=\"middle\">\n<p style=\"text-align: center\">66<\/p>\n<\/td>\n<\/tr>\n<tr style=\"background-color: #e9e9e9\">\n<td style=\"width: 6%;text-align: center\" valign=\"middle\">\n<p style=\"text-align: center\">2<\/p>\n<\/td>\n<td style=\"width: 39%;text-align: center\" valign=\"middle\">Konrad Czapli\u0144ski, Rafa\u0142 Czarnecki, Szymon Tworkowski<\/td>\n<td style=\"text-align: center\" valign=\"middle\">I Liceum Og\u00f3lnokszta\u0142c\u0105ce im. A. Mickiewicza w Bia\u0142ymstoku<\/td>\n<td style=\"text-align: center\" valign=\"middle\">\n<p style=\"text-align: center\">60<\/p>\n<\/td>\n<\/tr>\n<tr style=\"background-color: #ffd5bf\">\n<td style=\"text-align: center\">3<\/td>\n<td style=\"text-align: center\">Przemys\u0142aw D\u0105browski, Kinga Lipiszko, Artur Malesza<\/td>\n<td style=\"text-align: center\">II Liceum Og\u00f3lnokszta\u0142c\u0105ce im. Anny z Sapieh\u00f3w Jab\u0142onowskiej w Bia\u0142ymstoku<\/td>\n<td style=\"text-align: center\">44<\/td>\n<\/tr>\n<tr bgcolor=\"#ffd5bf\">\n<td style=\"text-align: center\">4<\/td>\n<td style=\"text-align: center\">Kamil Rogowski, Anna Stpiczy\u0144ska, Alicja Turowska<\/td>\n<td style=\"text-align: center\">I Liceum Og\u00f3lnokszta\u0142c\u0105ce im. T. Ko\u015bciuszki w \u0141om\u017cy<\/td>\n<td style=\"text-align: center\">42<\/td>\n<\/tr>\n<tr bgcolor=\"#ffd5bf\">\n<td style=\"text-align: center\">5<\/td>\n<td style=\"text-align: center\">Micha\u0142 Girejko, Artur Jankowski, Maciej \u015awi\u0119cicki<\/td>\n<td style=\"text-align: center\">I Liceum Og\u00f3lnokszta\u0142c\u0105ce im. A. Mickiewicza w Bia\u0142ymstoku<\/td>\n<td style=\"text-align: center\">40<\/td>\n<\/tr>\n<tr bgcolor=\"#ccffcc\">\n<td style=\"text-align: center\">6<\/td>\n<td style=\"text-align: center\">Kuba Bergcholc, Dominik Borowski, Aleksandra Kasperuk<\/td>\n<td style=\"text-align: center\">Zesp\u00f3\u0142 Szk\u00f3\u0142 w Siemiatyczach<\/td>\n<td style=\"text-align: center\">24<\/td>\n<\/tr>\n<tr bgcolor=\"#ccffcc\">\n<td style=\"text-align: center\">7<\/td>\n<td style=\"text-align: center\">Tomasz Si\u0142kowski, Mateusz Topolski, Norbert Wyszkowski<\/td>\n<td style=\"text-align: center\">I Liceum Og\u00f3lnokszta\u0142c\u0105ce im. M. Konopnickiej w Suwa\u0142kach<\/td>\n<td style=\"text-align: center\">20<\/td>\n<\/tr>\n<\/tbody>\n<\/table>\n<\/div>\n<\/div>\n<\/div>\n<\/div>\n<p><!-- entry-content --><\/p>\n<\/article>\n<article class=\"hentry bordered-content\">\n<header>\n<hr>\n<h3 class=\"entry-title\">Zadania konkursowe 2017<\/h3>\n<\/header>\n<div class=\"entry-content\">\n<div class=\"link-sep\"><a class=\"zadania-link\" href=\"https:\/\/pb.edu.pl\/km\/wp-content\/uploads\/sites\/121\/2024\/04\/zad_kon_gim_17.pdf\">Gimnazjum<\/a><\/div>\n<div class=\"link-sep\"><a class=\"zadania-link\" href=\"https:\/\/pb.edu.pl\/km\/wp-content\/uploads\/sites\/121\/2024\/04\/zad_kon_I_17.pdf\">Klasy pierwsze liceum<\/a><\/div>\n<div class=\"link-sep\"><a class=\"zadania-link\" href=\"https:\/\/pb.edu.pl\/km\/wp-content\/uploads\/sites\/121\/2024\/04\/zad_kon_II_17.pdf\">Klasy drugie liceum<\/a><\/div>\n<\/div>\n<p><!-- entry-content --><\/p>\n<\/article>\n<article class=\"hentry bordered-content\">\n<header>\n<hr>\n<h3 class=\"entry-title\">Terminarz konkursu 2017<\/h3>\n<\/header>\n<div class=\"entry-content\">\n<p>GIMNAZJUM:<\/p>\n<p><strong>8.05.2017 r. \u2013 termin nadsy\u0142ania zada\u0144 etapu korespondencyjnego<\/strong><\/p>\n<p><a href=\"https:\/\/pb.edu.pl\/km\/wp-content\/uploads\/sites\/121\/2024\/04\/koresp_gimn_17.pdf\">Zadania etapu korespondencyjnego<\/a><\/p>\n<p><strong>do 10.05.2017 r. \u2013 og\u0142oszenie na stronie internetowej wynik\u00f3w etapu korespondencyjnego i listy uczni\u00f3w zakwalifikowanych do konkursu g\u0142\u00f3wnego<\/strong><\/p>\n<p><strong>20.05.2017 r. &#8211; konkurs g\u0142\u00f3wny<\/strong>.<br \/>\nNale\u017cy przyby\u0107 o godzinie 10:30.<br \/>\nZawody odb\u0119d\u0105 si\u0119 w sali 33C budynku Rektoratu Politechniki Bia\u0142ostockiej (budynek C), przy ulicy Wiejskiej 45A w Bia\u0142ymstoku. Droga do sali b\u0119dzie oznaczona strza\u0142kami.<\/p>\n<p>LICEUM:<\/p>\n<p><strong>12.05.2017 r. \u2013 termin nadsy\u0142ania zg\u0142osze\u0144 szk\u00f3\u0142 na konkurs g\u0142\u00f3wny<\/strong><br \/>\n(termin zosta\u0142 przed\u0142u\u017cony, by unikn\u0105\u0107 kolizji z maturami)<\/p>\n<p><strong>20.05.2017 r. &#8211; konkurs g\u0142\u00f3wny<\/strong>.<br \/>\nNale\u017cy przyby\u0107 o godzinie 10:30.<br \/>\nZawody odb\u0119d\u0105 si\u0119 w salach 29C, 32C budynku Rektoratu Politechniki Bia\u0142ostockiej (budynek C), przy ulicy Wiejskiej 45A w Bia\u0142ymstoku. Droga do sali b\u0119dzie oznaczona strza\u0142kami.<\/p>\n<p><a href=\"https:\/\/pb.edu.pl\/km\/wp-content\/uploads\/sites\/121\/2024\/04\/komunikat2017.pdf\">Oficjalny komunikat dla liceum<\/a><\/p>\n<\/div>\n<p><!-- entry-content --><\/p>\n<\/article>\n<article class=\"hentry bordered-content\">\n<header>\n<hr>\n<h3 class=\"entry-title\">Lista gimnazjalist\u00f3w zakwalifikowanych do Konkursu G\u0142\u00f3wnego 2017<\/h3>\n<\/header>\n<div class=\"entry-content\">\n<p>Komitet Konkursowy postanowi\u0142 zakwalifikowa\u0107 do konkursu g\u0142\u00f3wnego nast\u0119puj\u0105ce osoby:<\/p>\n<ol>\n<li>Szymon Bagi\u0144ski, Bia\u0142ystok<\/li>\n<li>Piotr Jakimiuk, Bia\u0142ystok<\/li>\n<li>Amanda Kapka, Bia\u0142ystok<\/li>\n<li>Micha\u0142 Korwek, \u0141om\u017ca<\/li>\n<li>Maciej Kuli\u015b, \u0141om\u017ca<\/li>\n<li><strong>Tomasz Modzelewski<\/strong>, \u0141om\u017ca<\/li>\n<li>Mi\u0142osz Moroz, Bia\u0142ystok<\/li>\n<li>Martyna Osma\u0142ek, Lublin<\/li>\n<li><strong>Maria Pop\u0142awska<\/strong>, \u0141om\u017ca<\/li>\n<li>Weronika Stachurska, Bia\u0142ystok<\/li>\n<li>Adam Zabrocki, Bielsk Podlaski<\/li>\n<\/ol>\n<p>Osoby zapisane czcionk\u0105 pogrubion\u0105 rozwi\u0105za\u0142y poprawnie wszystkie zadania. Gratulujemy wszystkim i \u017cyczymy powodzenia na Konkursie G\u0142\u00f3wnym w dniu 20 maja! <strong>Uwaga (lista zaktualizowana 12.05)<\/strong>: Najprawdopodobniej lista jest pe\u0142na, lecz je\u017celi dojd\u0105 do nas nowe zg\u0142oszenia (wys\u0142ane do 8.05, lecz jeszcze nie dor\u0119czone), to b\u0119dzie ona uaktualniona.<\/p>\n<\/div>\n<p><!-- entry-content --><\/p>\n<\/article>\n<article class=\"hentry bordered-content\">\n<header>\n<hr>\n<h3 class=\"entry-title\">Rozwi\u0105zania zada\u0144 etapu korespondencyjnego gimnazjum 2017<\/h3>\n<\/header>\n<div class=\"entry-content\">\n<p><a class=\"zadania-link\" href=\"https:\/\/pb.edu.pl\/km\/wp-content\/uploads\/sites\/121\/2024\/04\/rozw_koresp_gimn_17.pdf\">Plik PDF<\/a><\/p>\n<\/div>\n<p><!-- entry-content --><\/p>\n<\/article>\n","protected":false},"excerpt":{"rendered":"<p>Zako\u0144czenie konkursu 2017 Gratulujemy wszystkim nagrodzonym (wyniki poni\u017cej)! Zako\u0144czenie konkursu odb\u0119dzie si\u0119 31 maja o<\/p>\n","protected":false},"author":161,"featured_media":0,"parent":0,"menu_order":0,"comment_status":"closed","ping_status":"closed","template":"","meta":{"_acf_changed":false,"ngg_post_thumbnail":0,"footnotes":""},"class_list":["post-2460","page","type-page","status-publish","hentry"],"acf":[],"_links":{"self":[{"href":"https:\/\/pb.edu.pl\/km\/wp-json\/wp\/v2\/pages\/2460","targetHints":{"allow":["GET"]}}],"collection":[{"href":"https:\/\/pb.edu.pl\/km\/wp-json\/wp\/v2\/pages"}],"about":[{"href":"https:\/\/pb.edu.pl\/km\/wp-json\/wp\/v2\/types\/page"}],"author":[{"embeddable":true,"href":"https:\/\/pb.edu.pl\/km\/wp-json\/wp\/v2\/users\/161"}],"replies":[{"embeddable":true,"href":"https:\/\/pb.edu.pl\/km\/wp-json\/wp\/v2\/comments?post=2460"}],"version-history":[{"count":0,"href":"https:\/\/pb.edu.pl\/km\/wp-json\/wp\/v2\/pages\/2460\/revisions"}],"wp:attachment":[{"href":"https:\/\/pb.edu.pl\/km\/wp-json\/wp\/v2\/media?parent=2460"}],"curies":[{"name":"wp","href":"https:\/\/api.w.org\/{rel}","templated":true}]}}