{"id":2441,"date":"2024-03-29T14:41:12","date_gmt":"2024-03-29T13:41:12","guid":{"rendered":"https:\/\/pb.edu.pl\/km\/?page_id=2441"},"modified":"2024-04-13T14:00:17","modified_gmt":"2024-04-13T12:00:17","slug":"konkurs-2024","status":"publish","type":"page","link":"https:\/\/pb.edu.pl\/km\/konkurs-2024\/","title":{"rendered":"Konkurs 2024"},"content":{"rendered":"<article class=\"hentry bordered-content\">\n<header>\n<h3 class=\"entry-title\">Laureaci 2024<\/h3>\n<\/header>\n<div class=\"entry-content\">\n<div class=\"article\">\n<p style=\"text-align: center\"><strong>Nagroda G\u0142\u00f3wna im. Edmunda Puczy\u0142owskiego<\/strong><\/p>\n<table style=\"width: 672px;height: 30px;margin-left: auto;margin-right: auto\" border=\"1\" cellspacing=\"1\" cellpadding=\"0\">\n<tbody>\n<tr bgcolor=\"#ffff33\">\n<td>Adam Sienkiewicz<\/td>\n<td rowspan=\"1\">II LO Bia\u0142ystok<\/td>\n<\/tr>\n<\/tbody>\n<\/table>\n<h2 style=\"text-align: center\">Kategoria junior\u00f3w<\/h2>\n<p style=\"text-align: center\"><strong>Nagrody indywidualne<\/strong><\/p>\n<p style=\"text-align: center\">Liczby w czwartej kolumnie oznaczaj\u0105 sumy<br \/>\nuzyskanych punkt\u00f3w (na 24 mo\u017cliwe).<\/p>\n<div style=\"text-align: center\">\n<table style=\"width: 672px;margin-left: auto;margin-right: auto\" border=\"1\" cellspacing=\"1\" cellpadding=\"0\">\n<tbody>\n<tr bgcolor=\"#ffff33\">\n<td rowspan=\"2\" width=\"2%\">\n<p style=\"text-align: center\">1<\/p>\n<\/td>\n<td>Ignacy Kleszowski<\/td>\n<td>LO Lublin<\/td>\n<td rowspan=\"2\">18<\/td>\n<td rowspan=\"3\">nagrody I stopnia<\/td>\n<\/tr>\n<tr bgcolor=\"#ffff33\">\n<td>Jan Ksepko<\/td>\n<td>I LO Bia\u0142ystok<\/td>\n<\/tr>\n<tr bgcolor=\"#ffff33\">\n<td rowspan=\"1\" width=\"2%\">\n<p style=\"text-align: center\">3<\/p>\n<\/td>\n<td>Miko\u0142aj \u0141awreszuk<\/td>\n<td>II LO Bia\u0142ystok<\/td>\n<td>17<\/td>\n<\/tr>\n<tr bgcolor=\"#e9e9e9\">\n<td rowspan=\"1\" width=\"2%\">\n<p style=\"text-align: center\">4<\/p>\n<\/td>\n<td>Maciej Sobolewski<\/td>\n<td>II LO Bia\u0142ystok<\/td>\n<td rowspan=\"1\">14<\/td>\n<td rowspan=\"1\">nagroda II stopnia<\/td>\n<\/tr>\n<tr bgcolor=\"#ffd5bf\">\n<td rowspan=\"2\" width=\"2%\">\n<p style=\"text-align: center\">5<\/p>\n<\/td>\n<td>Maciej Janiszewski<\/td>\n<td>I LO \u0141om\u017ca<\/td>\n<td rowspan=\"2\">12<\/td>\n<td rowspan=\"2\">nagrody III stopnia<\/td>\n<\/tr>\n<tr bgcolor=\"#ffd5bf\">\n<td>Micha\u0142 Wliz\u0142o<\/td>\n<td>LO Lublin<\/td>\n<\/tr>\n<tr bgcolor=\"#ccffcc\">\n<td rowspan=\"1\" width=\"2%\">\n<p style=\"text-align: center\">7<\/p>\n<\/td>\n<td>Kacper Wnorowski<\/td>\n<td>53 SP Bia\u0142ystok<\/td>\n<td rowspan=\"1\">10<\/td>\n<td rowspan=\"4\">wyr\u00f3\u017cnienia<\/td>\n<\/tr>\n<tr bgcolor=\"#ccffcc\">\n<td rowspan=\"2\" width=\"2%\">\n<p style=\"text-align: center\">8<\/p>\n<\/td>\n<td>Nikonezja Armo<\/td>\n<td>I LO \u0141om\u017ca<\/td>\n<td rowspan=\"2\">8<\/td>\n<\/tr>\n<tr bgcolor=\"#ccffcc\">\n<td>Franciszek My\u015bliwiec<\/td>\n<td>I LO \u0141om\u017ca<\/td>\n<\/tr>\n<tr bgcolor=\"#ccffcc\">\n<td rowspan=\"1\" width=\"2%\">\n<p style=\"text-align: center\">10<\/p>\n<\/td>\n<td>Bartosz Pawilcz<\/td>\n<td>II LO Bia\u0142ystok<\/td>\n<td rowspan=\"1\">7<\/td>\n<\/tr>\n<\/tbody>\n<\/table>\n<\/div>\n<div class=\"article\">\n<p>&nbsp;<\/p>\n<h2 style=\"text-align: center\">Kategoria klas drugich<\/h2>\n<p style=\"text-align: center\"><strong>Nagrody indywidualne<\/strong><\/p>\n<p style=\"text-align: center\">Liczby w czwartej kolumnie oznaczaj\u0105 sumy<br \/>\nuzyskanych punkt\u00f3w (na 24 mo\u017cliwe).<\/p>\n<div style=\"text-align: center\">\n<table style=\"width: 672px;margin-left: auto;margin-right: auto\" border=\"1\" cellspacing=\"1\" cellpadding=\"0\">\n<tbody>\n<tr bgcolor=\"#ffff33\">\n<td rowspan=\"1\" width=\"2%\">\n<p style=\"text-align: center\">1<\/p>\n<\/td>\n<td>Adam Sienkiewicz<\/td>\n<td>II LO Bia\u0142ystok<\/td>\n<td rowspan=\"1\">24<\/td>\n<td rowspan=\"2\">nagrody I stopnia<\/td>\n<\/tr>\n<tr bgcolor=\"#ffff33\">\n<td rowspan=\"1\" width=\"2%\">\n<p style=\"text-align: center\">2<\/p>\n<\/td>\n<td>Micha\u0142 J\u00f3\u017awiak<\/td>\n<td>II LO Bia\u0142ystok<\/td>\n<td rowspan=\"1\">23<\/td>\n<\/tr>\n<tr bgcolor=\"#e9e9e9\">\n<td rowspan=\"2\" width=\"2%\">\n<p style=\"text-align: center\">3<\/p>\n<\/td>\n<td>Micha\u0142 Iwaniuk<\/td>\n<td>II LO Bia\u0142ystok<\/td>\n<td rowspan=\"2\">20<\/td>\n<td rowspan=\"4\">nagrody II stopnia<\/td>\n<\/tr>\n<tr bgcolor=\"#e9e9e9\">\n<td>Stanis\u0142aw Koz\u0142owski<\/td>\n<td>II LO Bia\u0142ystok<\/td>\n<\/tr>\n<tr bgcolor=\"#e9e9e9\">\n<td rowspan=\"1\" width=\"2%\">\n<p style=\"text-align: center\">5<\/p>\n<\/td>\n<td>Kacper Januszkiewicz<\/td>\n<td>II LO Bia\u0142ystok<\/td>\n<td rowspan=\"1\">18<\/td>\n<\/tr>\n<tr bgcolor=\"#e9e9e9\">\n<td rowspan=\"1\" width=\"2%\">\n<p style=\"text-align: center\">6<\/p>\n<\/td>\n<td>Andrzej Lebejko<\/td>\n<td>I LO Bia\u0142ystok<\/td>\n<td rowspan=\"1\">17<\/td>\n<\/tr>\n<tr bgcolor=\"#ffd5bf\">\n<td rowspan=\"1\" width=\"2%\">\n<p style=\"text-align: center\">7<\/p>\n<\/td>\n<td>Aliaksei Brutski<\/td>\n<td>II LO Bia\u0142ystok<\/td>\n<td rowspan=\"1\">14<\/td>\n<td rowspan=\"5\">nagrody III stopnia<\/td>\n<\/tr>\n<tr bgcolor=\"#ffd5bf\">\n<td rowspan=\"1\" width=\"2%\">\n<p style=\"text-align: center\">8<\/p>\n<\/td>\n<td>Hubert Chrostowski<\/td>\n<td>I LO \u0141om\u017ca<\/td>\n<td rowspan=\"1\">13<\/td>\n<\/tr>\n<tr bgcolor=\"#ffd5bf\">\n<td rowspan=\"3\" width=\"2%\">\n<p style=\"text-align: center\">9<\/p>\n<\/td>\n<td>Wojciech Bartnicki<\/td>\n<td>I LO Bia\u0142ystok<\/td>\n<td rowspan=\"3\">12<\/td>\n<\/tr>\n<tr bgcolor=\"#ffd5bf\">\n<td>Marcel Kurowicki<\/td>\n<td>I LO Soko\u0142\u00f3w Podlaski<\/td>\n<\/tr>\n<tr bgcolor=\"#ffd5bf\">\n<td>Bartosz \u015awietliczny<\/td>\n<td>ALO PB Bia\u0142ystok<\/td>\n<\/tr>\n<\/tbody>\n<\/table>\n<\/div>\n<h3 style=\"text-align: center\">Nagrodzone zespo\u0142y<\/h3>\n<p style=\"text-align: center\">Liczby w czwartej kolumnie oznaczaj\u0105 sumy uzyskanych punkt\u00f3w.<\/p>\n<table style=\"width: 672px;margin-left: auto;margin-right: auto\" border=\"1\" cellspacing=\"1\" cellpadding=\"0\">\n<tbody>\n<tr style=\"background-color: #ffff33\">\n<td style=\"width: 6%;text-align: center\" valign=\"middle\">\n<p style=\"text-align: center\">1<\/p>\n<\/td>\n<td style=\"width: 39%;text-align: center\" valign=\"middle\">Micha\u0142 J\u00f3\u017awiak, Stanis\u0142aw Koz\u0142owski, Adam Sienkiewicz<\/td>\n<td style=\"text-align: center\" valign=\"middle\">II Liceum Og\u00f3lnokszta\u0142c\u0105ce Bia\u0142ystok<\/td>\n<td style=\"text-align: center\" valign=\"middle\">\n<p style=\"text-align: center\">67<\/p>\n<\/td>\n<\/tr>\n<tr bgcolor=\"#e9e9e9\">\n<td style=\"text-align: center\" rowspan=\"1\">2<\/td>\n<td style=\"text-align: center\">Aliaksei Brutski, Micha\u0142 Iwaniuk, Kacper Januszkiewicz<\/td>\n<td style=\"text-align: center\">II Liceum Og\u00f3lnokszta\u0142c\u0105ce Bia\u0142ystok (drugi zesp\u00f3\u0142)<\/td>\n<td style=\"text-align: center\" rowspan=\"1\">52<\/td>\n<\/tr>\n<\/tbody>\n<\/table>\n<div class=\"article\">\n<p>&nbsp;<\/p>\n<h2 style=\"text-align: center\">Kategoria klas trzecich<\/h2>\n<p style=\"text-align: center\"><strong>Nagrody indywidualne<\/strong><\/p>\n<p style=\"text-align: center\">Liczby w czwartej kolumnie oznaczaj\u0105 sumy<br \/>\nuzyskanych punkt\u00f3w (na 24 mo\u017cliwe).<\/p>\n<div style=\"text-align: center\">\n<table style=\"width: 672px;margin-left: auto;margin-right: auto\" border=\"1\" cellspacing=\"1\" cellpadding=\"0\">\n<tbody>\n<tr bgcolor=\"#ffff33\">\n<td rowspan=\"1\" width=\"2%\">\n<p style=\"text-align: center\">1<\/p>\n<\/td>\n<td>Arina Mielnikawa<\/td>\n<td rowspan=\"1\">I LO Bia\u0142ystok<\/td>\n<td rowspan=\"1\">20<\/td>\n<td rowspan=\"1\">nagroda I stopnia<\/td>\n<\/tr>\n<tr bgcolor=\"#e9e9e9\">\n<td rowspan=\"1\" width=\"2%\">\n<p style=\"text-align: center\">2<\/p>\n<\/td>\n<td>Filip Rogowski<\/td>\n<td rowspan=\"1\">I LO Bia\u0142ystok<\/td>\n<td rowspan=\"1\">14<\/td>\n<td rowspan=\"2\">nagrody II stopnia<\/td>\n<\/tr>\n<tr bgcolor=\"#e9e9e9\">\n<td rowspan=\"1\" width=\"2%\">\n<p style=\"text-align: center\">3<\/p>\n<\/td>\n<td>Kamil Januszkiewicz<\/td>\n<td rowspan=\"1\">II LO Bia\u0142ystok<\/td>\n<td rowspan=\"1\">13<\/td>\n<\/tr>\n<tr bgcolor=\"#ffd5bf\">\n<td rowspan=\"1\" width=\"2%\">\n<p style=\"text-align: center\">4<\/p>\n<\/td>\n<td>Micha\u0142 Bazyd\u0142o<\/td>\n<td>I LO \u0141om\u017ca<\/td>\n<td rowspan=\"1\">12<\/td>\n<td rowspan=\"1\">nagroda III stopnia<\/td>\n<\/tr>\n<\/tbody>\n<\/table>\n<\/div>\n<h3 style=\"text-align: center\">Nagrodzone zespo\u0142y<\/h3>\n<p style=\"text-align: center\">Liczby w czwartej kolumnie oznaczaj\u0105 sumy uzyskanych punkt\u00f3w.<\/p>\n<table style=\"width: 672px;margin-left: auto;margin-right: auto\" border=\"1\" cellspacing=\"1\" cellpadding=\"0\">\n<tbody>\n<tr style=\"background-color: #ffff33\">\n<td style=\"width: 6%;text-align: center\" valign=\"middle\">\n<p style=\"text-align: center\">1<\/p>\n<\/td>\n<td style=\"width: 39%;text-align: center\" valign=\"middle\">Arina Mielnikawa, Oskar P\u0142o\u0144ski, Filip Rogowski<\/td>\n<td style=\"text-align: center\" valign=\"middle\">I Liceum Og\u00f3lnokszta\u0142c\u0105ce Bia\u0142ystok<\/td>\n<td style=\"text-align: center\" valign=\"middle\">\n<p style=\"text-align: center\">34<\/p>\n<\/td>\n<\/tr>\n<tr style=\"background-color: #e9e9e9\">\n<td style=\"width: 6%;text-align: center\" valign=\"middle\">\n<p style=\"text-align: center\">2<\/p>\n<\/td>\n<td style=\"width: 39%;text-align: center\" valign=\"middle\">Kamil Januszkiewicz, Micha\u0142 Jarmoc, Pawe\u0142 Turowski<\/td>\n<td style=\"text-align: center\" valign=\"middle\">II Liceum Og\u00f3lnokszta\u0142c\u0105ce Bia\u0142ystok<\/td>\n<td style=\"text-align: center\" valign=\"middle\">\n<p style=\"text-align: center\">25<\/p>\n<\/td>\n<\/tr>\n<tr style=\"background-color: #ffd5bf\">\n<td style=\"width: 6%;text-align: center\" valign=\"middle\">\n<p style=\"text-align: center\">3<\/p>\n<\/td>\n<td style=\"width: 39%;text-align: center\" valign=\"middle\">Micha\u0142 Bazyd\u0142o, Agnieszka \u0141api\u0144ska, Krzysztof Modzelewski<\/td>\n<td style=\"text-align: center\" valign=\"middle\">I Liceum Og\u00f3lnokszta\u0142c\u0105ce \u0141om\u017ca<\/td>\n<td style=\"text-align: center\" valign=\"middle\">\n<p style=\"text-align: center\">23<\/p>\n<\/td>\n<\/tr>\n<\/tbody>\n<\/table>\n<\/div>\n<\/div>\n<\/div>\n<\/div>\n<p><!-- entry-content --><\/p>\n<\/article>\n<article class=\"hentry bordered-content\">\n<header>\n<hr>\n<h3 class=\"entry-title\">Rozwi\u0105zania zada\u0144 konkursowych 2024<\/h3>\n<\/header>\n<div class=\"entry-content\">\n<p>Poni\u017cej zamieszczamy zadania oraz przyk\u0142adowe rozwi\u0105zania; zach\u0119camy do przeczytania!<\/p>\n<p>Juniorzy: <a href=\"https:\/\/pb.edu.pl\/km\/wp-content\/uploads\/sites\/121\/2024\/03\/zad_kon_jun_24.pdf\">zadania<\/a> oraz <a href=\"https:\/\/pb.edu.pl\/km\/wp-content\/uploads\/sites\/121\/2024\/03\/rozw_jun_24.pdf\">rozwi\u0105zania<\/a><\/p>\n<p>Klasy drugie: <a href=\"https:\/\/pb.edu.pl\/km\/wp-content\/uploads\/sites\/121\/2024\/03\/zad_kon_II_24.pdf\">zadania<\/a> oraz <a href=\"https:\/\/pb.edu.pl\/km\/wp-content\/uploads\/sites\/121\/2024\/03\/rozw_II_24.pdf\">rozwi\u0105zania<\/a><\/p>\n<p>Klasy trzecie: <a href=\"https:\/\/pb.edu.pl\/km\/wp-content\/uploads\/sites\/121\/2024\/03\/zad_kon_III_24.pdf\">zadania<\/a> oraz <a href=\"https:\/\/pb.edu.pl\/km\/wp-content\/uploads\/sites\/121\/2024\/03\/rozw_III_24.pdf\">rozwi\u0105zania<\/a><\/p>\n<\/div>\n<p><!-- entry-content --><\/p>\n<\/article>\n<article class=\"hentry bordered-content\">\n<header>\n<hr>\n<h3 class=\"entry-title\">Szczeg\u00f3\u0142owe informacje o Konkursie G\u0142\u00f3wnym 2024<\/h3>\n<\/header>\n<div class=\"entry-content\">\n<p>Konkurs odb\u0119dzie si\u0119 w sobot\u0119 9 marca 2024 w godzinach 11-15 w sali 12B Wydzia\u0142u Informatyki PB, ul Wiejska 45A w Bia\u0142ymstoku (droga od wej\u015bcia do budynku do sali b\u0119dzie oznakowana).<br \/>\nProsimy o przybycie oko\u0142o 10:30.<br \/>\nPonadto prosimy o wype\u0142nienie formularza zg\u0142oszeniowego &#8222;RODO&#8221;, kt\u00f3ry mo\u017cna pobra\u0107 w formacie <a href=\"https:\/\/pb.edu.pl\/km\/wp-content\/uploads\/sites\/121\/2024\/03\/\/ZgloszenieKonkursMatemPB_2024.docx\">DOCX<\/a> lub <a href=\"https:\/\/pb.edu.pl\/km\/wp-content\/uploads\/sites\/121\/2024\/03\/\/ZgloszenieKonkursMatemPB_2024.pdf\">PDF<\/a>.<\/p>\n<\/div>\n<p><!-- entry-content --><\/p>\n<\/article>\n<article class=\"hentry bordered-content\">\n<header>\n<hr>\n<h3 class=\"entry-title\">Lista uczestnik\u00f3w zakwalifikowanych do Konkursu G\u0142\u00f3wnego w kategorii &#8222;Junior&#8221; 2024<\/h3>\n<\/header>\n<div class=\"entry-content\">\n<p>Rozwi\u0105zania zada\u0144 etapu korespondencyjnego dost\u0119pne s\u0105 <a href=\"https:\/\/pb.edu.pl\/km\/wp-content\/uploads\/sites\/121\/2024\/03\/rozw_koresp_24.pdf\">tutaj<\/a>.<\/p>\n<p>Komitet Konkursowy postanowi\u0142 zakwalifikowa\u0107 do konkursu g\u0142\u00f3wnego w kategorii Junior nast\u0119puj\u0105cych uczestnik\u00f3w:<\/p>\n<ol>\n<li>Armo Nikonezja, \u0141om\u017ca<\/li>\n<li><strong>Bartnicki Bart\u0142omiej<\/strong>, Bia\u0142ystok<\/li>\n<li><strong>Bry\u0142owska Anna<\/strong>, Lublin<\/li>\n<li>Dero\u0144 Jakub, Bia\u0142ystok<\/li>\n<li><strong>Janiszewski Maciej<\/strong>, \u0141om\u017ca<\/li>\n<li>Kleszowski Ignacy, Lublin<\/li>\n<li><strong>Ksepko Jan<\/strong>, Bia\u0142ystok<\/li>\n<li>\u0141awreszuk Miko\u0142aj, Bia\u0142ystok<\/li>\n<li>Lutskyi Andrii, August\u00f3w<\/li>\n<li>My\u015bliwiec Franciszek, \u0141om\u017ca<\/li>\n<li><strong>Pawilcz Bartosz<\/strong>, Bia\u0142ystok<\/li>\n<li>Polkowski Igor, \u0141om\u017ca<\/li>\n<li>Raczkowski Igor, \u0141om\u017ca<\/li>\n<li><strong>Sobolewski Maciej<\/strong>, Bia\u0142ystok<\/li>\n<li>Trawi\u0144ski Maksymilian, \u0141om\u017ca<\/li>\n<li>Wiszniewska Maja, August\u00f3w<\/li>\n<li>Wliz\u0142o Micha\u0142, Lublin<\/li>\n<li>Wnorowski Kacper, Bia\u0142ystok<\/li>\n<li>Zieli\u0144ska Oliwia, August\u00f3w<\/li>\n<\/ol>\n<p>Osoby zapisane pogrubion\u0105 czcionk\u0105 rozwi\u0105za\u0142y poprawnie wszystkie zadania z etapu korespondencyjnego.<br \/>\nGratulujemy wszystkim i do zobaczenia na konkursie g\u0142\u00f3wnym!<\/p>\n<\/div>\n<p><!-- entry-content --><\/p>\n<\/article>\n<article class=\"hentry bordered-content\">\n<header>\n<hr>\n<h3 class=\"entry-title\">Zadania korespondencyjne dla Junior\u00f3w 2024<\/h3>\n<\/header>\n<div class=\"entry-content\">\n<p>Zadania dost\u0119pne s\u0105 <a href=\"https:\/\/pb.edu.pl\/km\/wp-content\/uploads\/sites\/121\/2024\/03\/koresp_24.pdf\">tutaj<\/a>. Nale\u017cy je przesy\u0142a\u0107 do <strong>29 lutego 2024<\/strong> na adres: Wydzia\u0142 Informatyki Politechniki Bia\u0142ostockiej, Wiejska 45A, 15-351 Bia\u0142ystok z dopiskiem <em>Konkurs Matematyczny PB<\/em>.<\/p>\n<\/div>\n<p><!-- entry-content --><\/p>\n<\/article>\n<article class=\"hentry bordered-content\">\n<header>\n<hr>\n<h3 class=\"entry-title\">Terminarz konkursu 2024<\/h3>\n<\/header>\n<div class=\"entry-content\">\n<p>Juniorzy (uczniowie klas 1 liceum oraz zainteresowani uczniowie szk\u00f3\u0142 podstawowych):<\/p>\n<p><strong>29.02.2024 r. \u2013 termin nadsy\u0142ania zada\u0144 etapu korespondencyjnego<\/strong>. Zadania pojawi\u0105 si\u0119 tutaj do 7 lutego.<\/p>\n<p><strong>4.03.2024 r. \u2013 og\u0142oszenie na stronie internetowej wynik\u00f3w etapu korespondencyjnego i listy uczni\u00f3w zakwalifikowanych do konkursu g\u0142\u00f3wnego<\/strong><\/p>\n<p><strong>9.03.2024 r. &#8211; konkurs g\u0142\u00f3wny<\/strong>.<\/p>\n<p>Kategorie klas drugich i trzecich:<\/p>\n<p><strong>4.03.2024 r. \u2013 termin nadsy\u0142ania zg\u0142osze\u0144 szk\u00f3\u0142 na konkurs g\u0142\u00f3wny<\/strong><\/p>\n<p><strong>9.03.2024 r. &#8211; konkurs g\u0142\u00f3wny<\/strong>.<\/p>\n<\/div>\n<p><!-- entry-content --><\/p>\n<\/article>\n<article class=\"hentry bordered-content\">\n<header>\n<hr>\n<h3 class=\"entry-title\">Komitet Konkursowy 2024<\/h3>\n<\/header>\n<div class=\"entry-content\">\n<ul>\n<li>prof. Piotr Grzeszczuk \u2013 Przewodnicz\u0105cy Komitetu<\/li>\n<li>prof. dr hab. Czes\u0142aw Bagi\u0144ski<\/li>\n<li>prof. Zbigniew Bartosiewicz<\/li>\n<li>dr Marzena Filipowicz-Chomko<\/li>\n<li>mgr Anna Jelisiejew \u2013 sekretarz<\/li>\n<li>dr hab. Joachim Jelisiejew<\/li>\n<li>dr Marek K\u0119pczyk<\/li>\n<li>prof. dr hab. Ryszard Mazurek<\/li>\n<li>dr Krzysztof Piekarski<\/li>\n<li>dr Anna Poskrobko<\/li>\n<li>dr Rajmund Stasiewicz<\/li>\n<\/ul>\n<\/div>\n<\/article>\n","protected":false},"excerpt":{"rendered":"<p>Laureaci 2024 Nagroda G\u0142\u00f3wna im. Edmunda Puczy\u0142owskiego Adam Sienkiewicz II LO Bia\u0142ystok Kategoria junior\u00f3w Nagrody<\/p>\n","protected":false},"author":161,"featured_media":0,"parent":0,"menu_order":0,"comment_status":"closed","ping_status":"closed","template":"","meta":{"_acf_changed":false,"ngg_post_thumbnail":0,"footnotes":""},"class_list":["post-2441","page","type-page","status-publish","hentry"],"acf":[],"_links":{"self":[{"href":"https:\/\/pb.edu.pl\/km\/wp-json\/wp\/v2\/pages\/2441","targetHints":{"allow":["GET"]}}],"collection":[{"href":"https:\/\/pb.edu.pl\/km\/wp-json\/wp\/v2\/pages"}],"about":[{"href":"https:\/\/pb.edu.pl\/km\/wp-json\/wp\/v2\/types\/page"}],"author":[{"embeddable":true,"href":"https:\/\/pb.edu.pl\/km\/wp-json\/wp\/v2\/users\/161"}],"replies":[{"embeddable":true,"href":"https:\/\/pb.edu.pl\/km\/wp-json\/wp\/v2\/comments?post=2441"}],"version-history":[{"count":0,"href":"https:\/\/pb.edu.pl\/km\/wp-json\/wp\/v2\/pages\/2441\/revisions"}],"wp:attachment":[{"href":"https:\/\/pb.edu.pl\/km\/wp-json\/wp\/v2\/media?parent=2441"}],"curies":[{"name":"wp","href":"https:\/\/api.w.org\/{rel}","templated":true}]}}