{"id":2405,"date":"2024-03-29T14:16:33","date_gmt":"2024-03-29T13:16:33","guid":{"rendered":"https:\/\/pb.edu.pl\/km\/?page_id=2405"},"modified":"2024-04-13T12:29:06","modified_gmt":"2024-04-13T10:29:06","slug":"konkurs-2019","status":"publish","type":"page","link":"https:\/\/pb.edu.pl\/km\/konkurs-2019\/","title":{"rendered":"Konkurs 2019"},"content":{"rendered":"<article class=\"hentry bordered-content\">\n<header>\n<article class=\"hentry bordered-content\">\n<header>\n<h3 class=\"entry-title\"><a title=\"Galeria 2019\" href=\"https:\/\/pb.edu.pl\/km\/konkurs-2019\/galeria-2019\/\" rel=\"bookmark\">Zdj\u0119cia z zako\u0144czenia<\/a><\/h3>\n<\/header>\n<\/article>\n<h3 class=\"entry-title\">Zako\u0144czenie konkursu 2019<\/h3>\n<\/header>\n<div class=\"entry-content\">\n<p>Zako\u0144czenie konkursu (w kategoriach junior oraz liceum) odb\u0119dzie si\u0119 29 maja 2019 o godzinie&nbsp;<strong>12:15 w sali 12B<\/strong>&nbsp;w budynku Rektoratu Politechniki Bia\u0142ostockiej, przy ulicy Wiejskiej 45A w Bia\u0142ymstoku. Przewidziane jest rozdanie nagr\u00f3d oraz wyk\u0142ad dr hab Ryszarda Mazurka.<\/p>\n<\/div>\n<\/article>\n<article class=\"hentry bordered-content\">\n<header>\n<h3 class=\"entry-title\">Laureaci 2019<\/h3>\n<\/header>\n<div class=\"entry-content\">\n<div class=\"article\">\n<h2>Kategoria junior\u00f3w<\/h2>\n<p><strong>Nagrody indywidualne<\/strong><\/p>\n<p>Liczby w czwartej kolumnie oznaczaj\u0105 sumy uzyskanych punkt\u00f3w (na 24 mo\u017cliwe).<\/p>\n<div style=\"text-align: center\">\n<table style=\"width: 672px;height: 418px;margin-left: auto;margin-right: auto\" border=\"1\" cellspacing=\"1\" cellpadding=\"0\">\n<tbody>\n<tr bgcolor=\"#ffff33\">\n<td rowspan=\"1\" width=\"2%\">\n<p style=\"text-align: center\">1<\/p>\n<\/td>\n<td>Korneliusz Obarski<\/td>\n<td>Pryw. SP im. Kr\u00f3lowej Jadwigi, Lublin<\/td>\n<td rowspan=\"1\">24<\/td>\n<td rowspan=\"3\">nagrody I stopnia<\/td>\n<\/tr>\n<tr bgcolor=\"#ffff33\">\n<td rowspan=\"2\" width=\"2%\">\n<p style=\"text-align: center\">2<\/p>\n<\/td>\n<td>Piotr Jan Marszalik<\/td>\n<td>SG 7 PTO, Bia\u0142ystok<\/td>\n<td rowspan=\"2\">23<\/td>\n<\/tr>\n<tr bgcolor=\"#ffff33\">\n<td>Stanis\u0142aw Antoni Pa\u0144kowski<\/td>\n<td>SP 53 z Oddzia\u0142ami Dwuj\u0119zycznymi, Bia\u0142ystok<\/td>\n<\/tr>\n<tr bgcolor=\"#e9e9e9\">\n<td rowspan=\"1\" width=\"2%\">\n<p style=\"text-align: center\">4<\/p>\n<\/td>\n<td>B\u0142a\u017cej Piotr Osma\u0142ek<\/td>\n<td>Pryw. SP im. Kr\u00f3lowej Jadwigi, Lublin<\/td>\n<td rowspan=\"1\">19<\/td>\n<td rowspan=\"2\">nagrody II stopnia<\/td>\n<\/tr>\n<tr bgcolor=\"#e9e9e9\">\n<td rowspan=\"1\" width=\"2%\">\n<p style=\"text-align: center\">5<\/p>\n<\/td>\n<td>Kacper Omielia\u0144czyk<\/td>\n<td>SP 53 z Oddzia\u0142ami Dwuj\u0119zycznymi, Bia\u0142ystok<\/td>\n<td rowspan=\"1\">16<\/td>\n<\/tr>\n<tr bgcolor=\"#ffd5bf\">\n<td rowspan=\"2\" width=\"2%\">\n<p style=\"text-align: center\">6<\/p>\n<\/td>\n<td>Hubert Armin Cielica<\/td>\n<td>Pryw. Gimnazjum im. Kr\u00f3lowej Jadwigi, Lublin<\/td>\n<td rowspan=\"2\">13<\/td>\n<td rowspan=\"3\">nagrody III stopnia<\/td>\n<\/tr>\n<tr bgcolor=\"#ffd5bf\">\n<td>Zofia Fabrowska<\/td>\n<td>Pryw. Gimnazjum im. Kr\u00f3lowej Jadwigi, Lublin<\/td>\n<\/tr>\n<tr bgcolor=\"#ffd5bf\">\n<td rowspan=\"1\" width=\"2%\">\n<p style=\"text-align: center\">8<\/p>\n<\/td>\n<td>Damian Wr\u00f3blewski<\/td>\n<td>PG 6 w \u0141om\u017cy<\/td>\n<td rowspan=\"1\">12<\/td>\n<\/tr>\n<tr bgcolor=\"#ccffcc\">\n<td rowspan=\"1\" width=\"2%\">\n<p style=\"text-align: center\">9<\/p>\n<\/td>\n<td>Andrzej Tokajuk<\/td>\n<td>PG 32 w Bia\u0142ymstoku<\/td>\n<td rowspan=\"1\">10<\/td>\n<td rowspan=\"3\">wyr\u00f3\u017cnienia<\/td>\n<\/tr>\n<tr bgcolor=\"#ccffcc\">\n<td rowspan=\"2\" width=\"2%\">\n<p style=\"text-align: center\">10<\/p>\n<\/td>\n<td>Dominika Boguszewska<\/td>\n<td>Miejskie Gimnazjum nr 1 im. T. Ko\u015bciuszki, Zambr\u00f3w<\/td>\n<td rowspan=\"2\">8<\/td>\n<\/tr>\n<tr bgcolor=\"#ccffcc\">\n<td>Adam Leszczy\u0144ski<\/td>\n<td>PG 32 w Bia\u0142ymstoku<\/td>\n<\/tr>\n<\/tbody>\n<\/table>\n<\/div>\n<div class=\"article\">\n<h2>Kategoria klas pierwszych<\/h2>\n<p><strong>Nagrody indywidualne<\/strong><\/p>\n<p>Liczby w czwartej kolumnie oznaczaj\u0105 sumy uzyskanych punkt\u00f3w (na 24 mo\u017cliwe).<\/p>\n<div style=\"text-align: center\">\n<table style=\"width: 672px;height: 418px;margin-left: auto;margin-right: auto\" border=\"1\" cellspacing=\"1\" cellpadding=\"0\">\n<tbody>\n<tr bgcolor=\"#e9e9e9\">\n<td rowspan=\"1\" width=\"2%\">\n<p style=\"text-align: center\">1<\/p>\n<\/td>\n<td>Piotr Jakimiuk<\/td>\n<td>II LO Bia\u0142ystok<\/td>\n<td rowspan=\"1\">14<\/td>\n<td rowspan=\"1\">nagroda II stopnia<\/td>\n<\/tr>\n<tr bgcolor=\"#ffd5bf\">\n<td rowspan=\"2\" width=\"2%\">\n<p style=\"text-align: center\">2<\/p>\n<\/td>\n<td>Marek Lisowski<\/td>\n<td>Pryw. LO im. kr\u00f3lowej Jadwigi, Lublin<\/td>\n<td rowspan=\"2\">12<\/td>\n<td rowspan=\"4\">nagrody III stopnia<\/td>\n<\/tr>\n<tr bgcolor=\"#ffd5bf\">\n<td>Wojciech \u0141adysz<\/td>\n<td>I LO Bia\u0142ystok<\/td>\n<\/tr>\n<tr bgcolor=\"#ffd5bf\">\n<td rowspan=\"1\" width=\"2%\">\n<p style=\"text-align: center\">4<\/p>\n<\/td>\n<td>Pawe\u0142 \u017burakowski<\/td>\n<td>I LO Bia\u0142ystok<\/td>\n<td rowspan=\"1\">11<\/td>\n<\/tr>\n<tr bgcolor=\"#ffd5bf\">\n<td rowspan=\"1\" width=\"2%\">\n<p style=\"text-align: center\">5<\/p>\n<\/td>\n<td>Micha\u0142 Kimborowicz<\/td>\n<td>I LO Bia\u0142ystok<\/td>\n<td rowspan=\"1\">10<\/td>\n<\/tr>\n<tr bgcolor=\"#ccffcc\">\n<td rowspan=\"5\" width=\"2%\">\n<p style=\"text-align: center\">6<\/p>\n<\/td>\n<td>Emilia D\u0119bicka<\/td>\n<td>Pryw. LO im. kr\u00f3lowej Jadwigi, Lublin<\/td>\n<td rowspan=\"5\">9<\/td>\n<td rowspan=\"13\">wyr\u00f3\u017cnienia<\/td>\n<\/tr>\n<tr bgcolor=\"#ccffcc\">\n<td>Kamil Eliaszuk<\/td>\n<td>II LO Bia\u0142ystok<\/td>\n<\/tr>\n<tr bgcolor=\"#ccffcc\">\n<td>Jakub Kasjanowicz<\/td>\n<td>II LO Bia\u0142ystok<\/td>\n<\/tr>\n<tr bgcolor=\"#ccffcc\">\n<td>Wiktoria Koniecko<\/td>\n<td>I LO \u0141om\u017ca<\/td>\n<\/tr>\n<tr bgcolor=\"#ccffcc\">\n<td>Micha\u0142 Pu\u0142awski<\/td>\n<td>VI LO Bia\u0142ystok<\/td>\n<\/tr>\n<tr bgcolor=\"#ccffcc\">\n<td rowspan=\"4\" width=\"2%\">\n<p style=\"text-align: center\">11<\/p>\n<\/td>\n<td>Natalia Domalewska<\/td>\n<td>I LO \u0141om\u017ca<\/td>\n<td rowspan=\"4\">8<\/td>\n<\/tr>\n<tr bgcolor=\"#ccffcc\">\n<td>Kacper Majowicz<\/td>\n<td>I LO \u0141om\u017ca<\/td>\n<\/tr>\n<tr bgcolor=\"#ccffcc\">\n<td>Rafa\u0142 Pyzowski<\/td>\n<td>II LO Bia\u0142ystok<\/td>\n<\/tr>\n<tr bgcolor=\"#ccffcc\">\n<td>Joanna Tacza\u0142a<\/td>\n<td>Pryw. LO im. kr\u00f3lowej Jadwigi, Lublin<\/td>\n<\/tr>\n<tr bgcolor=\"#ccffcc\">\n<td rowspan=\"4\" width=\"2%\">\n<p style=\"text-align: center\">15<\/p>\n<\/td>\n<td>Pawe\u0142 Dec<\/td>\n<td>I LO Bia\u0142ystok<\/td>\n<td rowspan=\"4\">7<\/td>\n<\/tr>\n<tr bgcolor=\"#ccffcc\">\n<td>Natalia Konopka<\/td>\n<td>I LO \u0141om\u017ca<\/td>\n<\/tr>\n<tr bgcolor=\"#ccffcc\">\n<td>W\u0142adys\u0142aw M\u0142ynik<\/td>\n<td>I LO Soko\u0142\u00f3w Podlaski<\/td>\n<\/tr>\n<tr bgcolor=\"#ccffcc\">\n<td>Konrad Topczewski<\/td>\n<td>LO PB Bia\u0142ystok<\/td>\n<\/tr>\n<\/tbody>\n<\/table>\n<\/div>\n<h3>Nagrodzone zespo\u0142y<\/h3>\n<p>Liczby w czwartej kolumnie oznaczaj\u0105 sumy uzyskanych punkt\u00f3w.<\/p>\n<h2>&nbsp;<\/h2>\n<table style=\"width: 672px;margin-left: auto;margin-right: auto\" border=\"1\" cellspacing=\"1\" cellpadding=\"0\">\n<tbody>\n<tr style=\"background-color: #e9e9e9\">\n<td style=\"width: 6%;text-align: center\" valign=\"middle\">\n<p style=\"text-align: center\">1<\/p>\n<\/td>\n<td style=\"width: 39%;text-align: center\" valign=\"middle\">Kamil Eliaszuk, Piotr Jakimiuk, Jakub Kasjanowicz<\/td>\n<td style=\"text-align: center\" valign=\"middle\">II Liceum Og\u00f3lnokszta\u0142c\u0105ce im. Anny z Sapieh\u00f3w Jab\u0142onowskiej w Bia\u0142ymstoku<\/p>\n<p><!-- I Liceum Og\u00f3lnokszta\u0142c\u0105ce im. T. Ko\u015bciuszki w&nbsp;\u0141om\u017cy --><br \/>\n<!-- I Liceum Og\u00f3lnokszta\u0142c\u0105ce im. A. Mickiewicza w&nbsp;Bia\u0142ymstoku --><\/td>\n<td style=\"text-align: center\" valign=\"middle\">\n<p style=\"text-align: center\">32<\/p>\n<\/td>\n<\/tr>\n<tr style=\"background-color: #e9e9e9\">\n<td style=\"width: 6%;text-align: center\" valign=\"middle\">\n<p style=\"text-align: center\">2<\/p>\n<\/td>\n<td style=\"width: 39%;text-align: center\" valign=\"middle\">Emilia D\u0119bicka, Marek Lisowski, Joanna Tacza\u0142a<\/td>\n<td style=\"text-align: center\" valign=\"middle\">Prywatne Gimnazjum i Liceum im. Kr\u00f3lowej Jadwigi w Lublinie<\/td>\n<td style=\"text-align: center\" valign=\"middle\">\n<p style=\"text-align: center\">29<\/p>\n<\/td>\n<\/tr>\n<tr style=\"background-color: #e9e9e9\">\n<td style=\"width: 6%;text-align: center\" valign=\"middle\">\n<p style=\"text-align: center\">3<\/p>\n<\/td>\n<td style=\"width: 39%;text-align: center\" valign=\"middle\">Pawe\u0142 Dec, Micha\u0142 Kimborowicz, Pawe\u0142 \u017burakowski<\/td>\n<td style=\"text-align: center\" valign=\"middle\">I Liceum Og\u00f3lnokszta\u0142c\u0105ce im. A. Mickiewicza w Bia\u0142ymstoku<\/td>\n<td style=\"text-align: center\" valign=\"middle\">\n<p style=\"text-align: center\">28<\/p>\n<\/td>\n<\/tr>\n<tr bgcolor=\"#ccffcc\">\n<td style=\"text-align: center\">4<\/td>\n<td style=\"text-align: center\">Wiktoria Koniecko, Kacper Majowicz, Jakub Wierzbowski<\/td>\n<td style=\"text-align: center\">I Liceum Og\u00f3lnokszta\u0142c\u0105ce im. T. Ko\u015bciuszki w \u0141om\u017cy<\/td>\n<td style=\"text-align: center\">21<\/td>\n<\/tr>\n<tr bgcolor=\"#ccffcc\">\n<td style=\"text-align: center\">5<\/td>\n<td style=\"text-align: center\">Aleksander Gogol, Jakub Kalankiewicz, Wojciech \u0141adysz<\/td>\n<td style=\"text-align: center\">I Liceum Og\u00f3lnokszta\u0142c\u0105ce im. A. Mickiewicza w Bia\u0142ymstoku<\/td>\n<td style=\"text-align: center\">20<\/td>\n<\/tr>\n<\/tbody>\n<\/table>\n<div class=\"article\">\n<h2>Kategoria klas drugich<\/h2>\n<p><strong>Nagrody indywidualne<\/strong><\/p>\n<p>Liczby w czwartej kolumnie oznaczaj\u0105 sumy uzyskanych punkt\u00f3w (na 24 mo\u017cliwe).<\/p>\n<div style=\"text-align: center\">\n<table style=\"width: 672px;height: 418px;margin-left: auto;margin-right: auto\" border=\"1\" cellspacing=\"1\" cellpadding=\"0\">\n<tbody>\n<tr bgcolor=\"#ffff33\">\n<td rowspan=\"1\" width=\"2%\">\n<p style=\"text-align: center\">1<\/p>\n<\/td>\n<td>Grzegorz Kiersnowski<\/td>\n<td>II LO Bia\u0142ystok<\/td>\n<td rowspan=\"1\">24<\/td>\n<td rowspan=\"2\">nagrody I stopnia<\/td>\n<\/tr>\n<tr bgcolor=\"#ffff33\">\n<td rowspan=\"1\" width=\"2%\">\n<p style=\"text-align: center\">2<\/p>\n<\/td>\n<td>Jan Wojtach<\/td>\n<td>I LO Bia\u0142ystok<\/td>\n<td rowspan=\"1\">23<\/td>\n<\/tr>\n<tr bgcolor=\"#e9e9e9\">\n<td rowspan=\"1\" width=\"2%\">\n<p style=\"text-align: center\">3<\/p>\n<\/td>\n<td>Aleksandra Jamr\u00f3z<\/td>\n<td>I LO Suwa\u0142ki<\/td>\n<td rowspan=\"1\">20<\/td>\n<td rowspan=\"2\">nagrody II stopnia<\/td>\n<\/tr>\n<tr bgcolor=\"#e9e9e9\">\n<td rowspan=\"1\" width=\"2%\">\n<p style=\"text-align: center\">4<\/p>\n<\/td>\n<td>Jakub Gromi\u0144ski<\/td>\n<td>I LO Bia\u0142ystok<\/td>\n<td rowspan=\"1\">18<\/td>\n<\/tr>\n<tr bgcolor=\"#ffd5bf\">\n<td rowspan=\"2\" width=\"2%\">\n<p style=\"text-align: center\">5<\/p>\n<\/td>\n<td>Micha\u0142 Korwek<\/td>\n<td>I LO \u0141om\u017ca<\/td>\n<td rowspan=\"2\">14<\/td>\n<td rowspan=\"2\">nagrody III stopnia<\/td>\n<\/tr>\n<tr bgcolor=\"#ffd5bf\">\n<td>Hubert Ziajka<\/td>\n<td>I LO Suwa\u0142ki<\/td>\n<\/tr>\n<tr bgcolor=\"#ccffcc\">\n<td rowspan=\"4\" width=\"2%\">\n<p style=\"text-align: center\">7<\/p>\n<\/td>\n<td>Martyna Osma\u0142ek<\/td>\n<td>Pryw. LO im. kr\u00f3lowej Jadwigi, Lublin<\/td>\n<td rowspan=\"4\">12<\/td>\n<td rowspan=\"5\">wyr\u00f3\u017cnienia<\/td>\n<\/tr>\n<tr bgcolor=\"#ccffcc\">\n<td>Joanna Poli\u0144ska<\/td>\n<td>II LO Bia\u0142ystok<\/td>\n<\/tr>\n<tr bgcolor=\"#ccffcc\">\n<td>Szymon Roma\u0144czuk<\/td>\n<td>I LO Bia\u0142ystok<\/td>\n<\/tr>\n<tr bgcolor=\"#ccffcc\">\n<td>Mateusz Sulimowicz<\/td>\n<td>I LO Suwa\u0142ki<\/td>\n<\/tr>\n<tr bgcolor=\"#ccffcc\">\n<td rowspan=\"1\" width=\"2%\">\n<p style=\"text-align: center\">11<\/p>\n<\/td>\n<td>Damian Szarkowski<\/td>\n<td>III LO Bia\u0142ystok<\/td>\n<td rowspan=\"1\">11<\/td>\n<\/tr>\n<\/tbody>\n<\/table>\n<\/div>\n<h3>Nagrodzone zespo\u0142y<\/h3>\n<p>Liczby w czwartej kolumnie oznaczaj\u0105 sumy uzyskanych punkt\u00f3w.<\/p>\n<h2>&nbsp;<\/h2>\n<table style=\"width: 672px;margin-left: auto;margin-right: auto\" border=\"1\" cellspacing=\"1\" cellpadding=\"0\">\n<tbody>\n<tr style=\"background-color: #ffff33\">\n<td style=\"width: 6%;text-align: center\" valign=\"middle\">\n<p style=\"text-align: center\">1<\/p>\n<\/td>\n<td style=\"width: 39%;text-align: center\" valign=\"middle\">Aleksandra Jamr\u00f3z, Mateusz Sulimowicz, Hubert Ziajka<\/td>\n<td style=\"text-align: center\" valign=\"middle\">I Liceum Og\u00f3lnokszta\u0142c\u0105ce im. Marii Konopnickiej w Suwa\u0142kach<\/td>\n<td style=\"text-align: center\" valign=\"middle\">\n<p style=\"text-align: center\">46<\/p>\n<\/td>\n<\/tr>\n<tr style=\"background-color: #e9e9e9\">\n<td style=\"width: 6%;text-align: center\" valign=\"middle\">\n<p style=\"text-align: center\">2<\/p>\n<\/td>\n<td style=\"width: 39%;text-align: center\" valign=\"middle\">J\u0119drzej Dudzicz, Korneliusz Litman, Jan Wojtach<\/td>\n<td style=\"text-align: center\" valign=\"middle\">I Liceum Og\u00f3lnokszta\u0142c\u0105ce im. A. Mickiewicza w Bia\u0142ymstoku<\/td>\n<td style=\"text-align: center\" valign=\"middle\">\n<p style=\"text-align: center\">39<\/p>\n<\/td>\n<\/tr>\n<tr style=\"background-color: #e9e9e9\">\n<td style=\"width: 6%;text-align: center\" valign=\"middle\">\n<p style=\"text-align: center\">3<\/p>\n<\/td>\n<td style=\"width: 39%;text-align: center\" valign=\"middle\">Jakub Gromi\u0144ski, Maja Majdaniuk, Szymon Roma\u0144czuk<\/td>\n<td style=\"text-align: center\" valign=\"middle\">I Liceum Og\u00f3lnokszta\u0142c\u0105ce im. A. Mickiewicza w Bia\u0142ymstoku (drugi zesp\u00f3\u0142)<\/td>\n<td style=\"text-align: center\" valign=\"middle\">\n<p style=\"text-align: center\">36<\/p>\n<\/td>\n<\/tr>\n<tr bgcolor=\"#ffd5bf\">\n<td style=\"text-align: center\" rowspan=\"2\">4<\/td>\n<td style=\"text-align: center\">Grzegorz Kiersnowski, Micha\u0142 Rozmys\u0142owski, \u0141ukasz Szarejko<\/td>\n<td style=\"text-align: center\">II Liceum Og\u00f3lnokszta\u0142c\u0105ce im. Anny z Sapieh\u00f3w Jab\u0142onowskiej w Bia\u0142ymstoku<\/td>\n<td style=\"text-align: center\" rowspan=\"2\">28<\/td>\n<\/tr>\n<tr bgcolor=\"#ffd5bf\">\n<td style=\"text-align: center\">Maciej Banach, Karol Grabowski, Micha\u0142 Korwek<\/td>\n<td style=\"text-align: center\">I Liceum Og\u00f3lnokszta\u0142c\u0105ce im. T. Ko\u015bciuszki w \u0141om\u017cy<\/td>\n<\/tr>\n<tr bgcolor=\"#ccffcc\">\n<td style=\"text-align: center\">5<\/td>\n<td style=\"text-align: center\">Mateusz Kirpsza, Hubert Soroka, Damian Szarkowski<\/td>\n<td style=\"text-align: center\">III Liceum Og\u00f3lnokszta\u0142c\u0105ce im. Krzysztofa Kamila Baczy\u0144skiego w B-stoku<\/td>\n<td style=\"text-align: center\">21<\/td>\n<\/tr>\n<\/tbody>\n<\/table>\n<\/div>\n<\/div>\n<\/div>\n<\/div>\n<\/article>\n<article class=\"hentry bordered-content\">\n<header>\n<h3 class=\"entry-title\">Zadania konkursowe 2019<\/h3>\n<\/header>\n<p><a href=\"https:\/\/pb.edu.pl\/km\/wp-content\/uploads\/sites\/121\/2024\/03\/zad_kon_jun_19.pdf\">Juniorzy<\/a><br \/>\n<a href=\"https:\/\/pb.edu.pl\/km\/wp-content\/uploads\/sites\/121\/2024\/03\/zad_kon_I_19.pdf\">Klasy pierwsze liceum<\/a><br \/>\n<a href=\"https:\/\/pb.edu.pl\/km\/wp-content\/uploads\/sites\/121\/2024\/03\/zad_kon_II_19.pdf\">Klasy drugie liceum<\/a><br \/>\n<a href=\"https:\/\/pb.edu.pl\/km\/wp-content\/uploads\/sites\/121\/2024\/03\/rozw_jun_19.pdf\">Juniorzy \u2014 rozwi\u0105zania<\/a><br \/>\n<a href=\"https:\/\/pb.edu.pl\/km\/wp-content\/uploads\/sites\/121\/2024\/03\/rozw_I_19.pdf\">Klasy pierwsze liceum \u2014 rozwi\u0105zania<\/a><br \/>\n<a href=\"https:\/\/pb.edu.pl\/km\/wp-content\/uploads\/sites\/121\/2024\/03\/rozw_II_19.pdf\">Klasy drugie liceum \u2014 rozwi\u0105zania<\/a><\/p>\n<\/article>\n<article class=\"hentry bordered-content\">\n<header>\n<h3 class=\"entry-title\">Rozwi\u0105zania zada\u0144 korespondencyjnych &#8211; juniorzy 2019<\/h3>\n<\/header>\n<p><a href=\"https:\/\/pb.edu.pl\/km\/wp-content\/uploads\/sites\/121\/2024\/03\/rozw_koresp_jun_19.pdf\">Rozwi\u0105zania<\/a><\/p>\n<\/article>\n<article class=\"hentry bordered-content\">\n<header>\n<h3 class=\"entry-title\">Terminarz konkursu 2019<\/h3>\n<\/header>\n<div class=\"entry-content\">\n<p>GIMNAZJUM:<\/p>\n<p><strong>3.04.2019 r. \u2013 termin nadsy\u0142ania zada\u0144 etapu korespondencyjnego<\/strong><\/p>\n<p><a href=\"https:\/\/pb.edu.pl\/km\/wp-content\/uploads\/sites\/121\/2024\/03\/komunikat_gimn_2019.pdf\">Oficjalny komunikat dla gimnazjum<\/a><\/p>\n<p>Ze wzgl\u0119du na ustaw\u0119 RODO do zada\u0144&nbsp;<strong>trzeba za\u0142\u0105czy\u0107<\/strong>&nbsp;zgod\u0119 na przetwarzanie danych osobowych, kt\u00f3r\u0105 mo\u017cna pobra\u0107 w formacie&nbsp;<a href=\"https:\/\/pb.edu.pl\/km\/wp-content\/uploads\/sites\/121\/2024\/03\/ZgloszenieKonkursMatemPB_2019.docx\">DOCX<\/a>&nbsp;lub&nbsp;<a href=\"https:\/\/pb.edu.pl\/km\/wp-content\/uploads\/sites\/121\/2024\/03\/ZgloszenieKonkursMatemPB_2019.pdf\">PDF<\/a>. Jedyne dane, kt\u00f3re zbieramy to imi\u0119, nazwisko, klasa i dane nauczyciela; wi\u0119cej informacji podajemy&nbsp;<a href=\"https:\/\/pb.edu.pl\/km\/wp-content\/uploads\/sites\/121\/2024\/03\/Info_o_danych2019.pdf\">tutaj<\/a>.<\/p>\n<p><strong>do 8.04.2019 r. \u2013 og\u0142oszenie na stronie internetowej wynik\u00f3w etapu korespondencyjnego i listy uczni\u00f3w zakwalifikowanych do konkursu g\u0142\u00f3wnego<\/strong><\/p>\n<p><strong>13.04.2019 r. &#8211; konkurs g\u0142\u00f3wny<\/strong>. Nale\u017cy przyby\u0107 o godzinie 10:30. Konkurs zako\u0144czy si\u0119 oko\u0142o 15:00. Zawody odb\u0119d\u0105 si\u0119 w budynku Rektoratu Politechniki Bia\u0142ostockiej, przy ulicy Wiejskiej 45A w Bia\u0142ymstoku, sale 27C, 28C.<\/p>\n<p>LICEUM:<\/p>\n<p><strong>5.04.2019 r. \u2013 termin nadsy\u0142ania zg\u0142osze\u0144 szk\u00f3\u0142 na konkurs g\u0142\u00f3wny<\/strong><\/p>\n<p><strong>13.04.2019 r. &#8211; konkurs g\u0142\u00f3wny<\/strong>. Nale\u017cy przyby\u0107 o godzinie 10:30. Konkurs zako\u0144czy si\u0119 oko\u0142o 15:00. Ze wzgl\u0119du na ustaw\u0119 RODO&nbsp;<strong>trzeba przynie\u015b\u0107<\/strong>&nbsp;zgod\u0119 na przetwarzanie danych osobowych, kt\u00f3r\u0105 mo\u017cna pobra\u0107 w formacie&nbsp;<a href=\"https:\/\/pb.edu.pl\/km\/wp-content\/uploads\/sites\/121\/2024\/03\/ZgloszenieKonkursMatemPB_2019.docx\">DOCX<\/a>&nbsp;lub&nbsp;<a href=\"https:\/\/pb.edu.pl\/km\/wp-content\/uploads\/sites\/121\/2024\/03\/ZgloszenieKonkursMatemPB_2019.pdf\">PDF<\/a>. Jedyne dane, kt\u00f3re zbieramy to imi\u0119, nazwisko, klasa i dane nauczyciela; wi\u0119cej informacji podajemy&nbsp;<a href=\"https:\/\/pb.edu.pl\/km\/wp-content\/uploads\/sites\/121\/2024\/03\/Info_o_danych2019.pdf\">tutaj<\/a>. Zawody odb\u0119d\u0105 si\u0119 w budynku Rektoratu Politechniki Bia\u0142ostockiej, przy ulicy Wiejskiej 45A w Bia\u0142ymstoku, sale 12B.<\/p>\n<p><a href=\"https:\/\/pb.edu.pl\/km\/wp-content\/uploads\/sites\/121\/2024\/03\/komunikat2019.pdf\">Oficjalny komunikat dla liceum<\/a><\/p>\n<\/div>\n<\/article>\n<article class=\"hentry bordered-content\">\n<header>\n<h3 class=\"entry-title\">Lista uczestnik\u00f3w zakwalifikowanych do Konkursu G\u0142\u00f3wnego w kategorii &#8222;Junior&#8221; 2019<\/h3>\n<\/header>\n<div class=\"entry-content\">\n<p>Komitet Konkursowy postanowi\u0142 zakwalifikowa\u0107 do konkursu g\u0142\u00f3wnego w kategorii Junior nast\u0119puj\u0105cych uczestnik\u00f3w:<\/p>\n<ol>\n<li>Jakub Micha\u0142 Ba\u0144ko, Lublin<\/li>\n<li>Dominika Boguszewska, Zambr\u00f3w<\/li>\n<li>Hubert Armin Cielica, Lublin<\/li>\n<li>Zofia Fabrowska, Lublin<\/li>\n<li>Patrycja Falkowska, \u0141apy<\/li>\n<li>Piotr Jacak, \u0141om\u017ca<\/li>\n<li>Wiktor J\u00f3\u017awiuk, Soko\u0142\u00f3w Podlaski<\/li>\n<li>Jakub Kloza, Korycin<\/li>\n<li>Adam Leszczy\u0144ski, Bia\u0142ystok<\/li>\n<li>Piotr Jan Marszalik, Bia\u0142ystok<\/li>\n<li>Korneliusz Obarski, Lublin<\/li>\n<li>Kacper Omielia\u0144czyk, Bia\u0142ystok<\/li>\n<li>B\u0142a\u017cej Piotr Osma\u0142ek, Lublin<\/li>\n<li>Stanis\u0142aw Antoni Pa\u0144kowski, Bia\u0142ystok<\/li>\n<li>Maciej Sirocki, Bia\u0142ystok<\/li>\n<li>Szymon Rafa\u0142 Sucho\u017cebrski, Soko\u0142\u00f3w Podlaski<\/li>\n<li>Jakub Teodorczuk, Soko\u0142\u00f3w Podlaski<\/li>\n<li>Andrzej Tokajuk, Bia\u0142ystok<\/li>\n<li>Damian Wr\u00f3blewski, \u0141om\u017ca<\/li>\n<li>Jakub Zych, Bia\u0142ystok<\/li>\n<\/ol>\n<p>Gratulujemy!<\/p>\n<\/div>\n<\/article>\n","protected":false},"excerpt":{"rendered":"<p>Zdj\u0119cia z zako\u0144czenia Zako\u0144czenie konkursu 2019 Zako\u0144czenie konkursu (w kategoriach junior oraz liceum) odb\u0119dzie si\u0119<\/p>\n","protected":false},"author":161,"featured_media":0,"parent":0,"menu_order":0,"comment_status":"closed","ping_status":"closed","template":"","meta":{"_acf_changed":false,"ngg_post_thumbnail":0,"footnotes":""},"class_list":["post-2405","page","type-page","status-publish","hentry"],"acf":[],"_links":{"self":[{"href":"https:\/\/pb.edu.pl\/km\/wp-json\/wp\/v2\/pages\/2405","targetHints":{"allow":["GET"]}}],"collection":[{"href":"https:\/\/pb.edu.pl\/km\/wp-json\/wp\/v2\/pages"}],"about":[{"href":"https:\/\/pb.edu.pl\/km\/wp-json\/wp\/v2\/types\/page"}],"author":[{"embeddable":true,"href":"https:\/\/pb.edu.pl\/km\/wp-json\/wp\/v2\/users\/161"}],"replies":[{"embeddable":true,"href":"https:\/\/pb.edu.pl\/km\/wp-json\/wp\/v2\/comments?post=2405"}],"version-history":[{"count":0,"href":"https:\/\/pb.edu.pl\/km\/wp-json\/wp\/v2\/pages\/2405\/revisions"}],"wp:attachment":[{"href":"https:\/\/pb.edu.pl\/km\/wp-json\/wp\/v2\/media?parent=2405"}],"curies":[{"name":"wp","href":"https:\/\/api.w.org\/{rel}","templated":true}]}}