{"id":2396,"date":"2024-03-29T13:54:40","date_gmt":"2024-03-29T12:54:40","guid":{"rendered":"https:\/\/pb.edu.pl\/km\/?page_id=2396"},"modified":"2024-04-13T13:48:19","modified_gmt":"2024-04-13T11:48:19","slug":"konkurs-2020","status":"publish","type":"page","link":"https:\/\/pb.edu.pl\/km\/konkurs-2020\/","title":{"rendered":"Konkurs 2020"},"content":{"rendered":"<article class=\"hentry bordered-content\">\n<header>\n<h3 class=\"entry-title\">Konkurs 2020 odwo\u0142any<\/h3>\n<\/header>\n<div class=\"entry-content\">\n<p>W zwi\u0105zku z zarz\u0105dzeniami JM Rektora PB, Konkurs Matematyczny PB w roku 2019\/2020 jest odwo\u0142any.<\/p>\n<\/div>\n<\/article>\n<article class=\"hentry bordered-content\">\n<header>\n<hr>\n<h3 class=\"entry-title\">Juniorzy &#8211; etap korespondencyjny &#8211; zadania 2020<\/h3>\n<\/header>\n<div class=\"entry-content\">\n<p><a class=\"zadania-link\" href=\"https:\/\/pb.edu.pl\/km\/wp-content\/uploads\/sites\/121\/2024\/03\/koresp_20.pdf\">Plik PDF<\/a><\/p>\n<\/div>\n<\/article>\n<article class=\"hentry bordered-content\">\n<header>\n<hr>\n<h3 class=\"entry-title\">Terminarz konkursu 2020<\/h3>\n<\/header>\n<div class=\"entry-content\">\n<p>Juniorzy:<\/p>\n<p><strong>13.03.2020 r. \u2013 termin nadsy\u0142ania zada\u0144 etapu korespondencyjnego<\/strong><\/p>\n<p>Ze wzgl\u0119du na ustaw\u0119 RODO do zada\u0144&nbsp;<strong>trzeba za\u0142\u0105czy\u0107<\/strong>&nbsp;zgod\u0119 na przetwarzanie danych osobowych, kt\u00f3r\u0105 mo\u017cna pobra\u0107 w formacie&nbsp;<a href=\"https:\/\/pb.edu.pl\/km\/wp-content\/uploads\/sites\/121\/2024\/03\/ZgloszenieKonkursMatemPB_2020.docx\">DOCX<\/a>&nbsp;lub&nbsp;<a href=\"https:\/\/pb.edu.pl\/km\/wp-content\/uploads\/sites\/121\/2024\/03\/ZgloszenieKonkursMatemPB_2020.pdf\">PDF<\/a>. Jedyne dane, kt\u00f3re zbieramy to imi\u0119, nazwisko, klasa i dane nauczyciela; wi\u0119cej informacji podajemy&nbsp;<a href=\"https:\/\/pb.edu.pl\/km\/wp-content\/uploads\/sites\/121\/2024\/03\/Info_o_danych2019.pdf\">tutaj<\/a>.<\/p>\n<p><strong>do 18.03.2020 r. \u2013 og\u0142oszenie na stronie internetowej wynik\u00f3w etapu korespondencyjnego i listy uczni\u00f3w zakwalifikowanych do konkursu g\u0142\u00f3wnego<\/strong><\/p>\n<p><strong>28.03.2020 r. &#8211; konkurs g\u0142\u00f3wny<\/strong>. Nale\u017cy przyby\u0107 o godzinie 10:30. Konkurs zako\u0144czy si\u0119 oko\u0142o 15:00. Zawody odb\u0119d\u0105 si\u0119 w budynku Rektoratu Politechniki Bia\u0142ostockiej, przy ulicy Wiejskiej 45A w Bia\u0142ymstoku. Sale b\u0119d\u0105 podane p\u00f3\u017aniej.<\/p>\n<p>Kategorie klas pierwszych i drugich:<\/p>\n<p><strong>20.03.2020 r. \u2013 termin nadsy\u0142ania zg\u0142osze\u0144 szk\u00f3\u0142 na konkurs g\u0142\u00f3wny<\/strong><\/p>\n<p><strong>28.03.2020 r. &#8211; konkurs g\u0142\u00f3wny<\/strong>. Nale\u017cy przyby\u0107 o godzinie 10:30. Konkurs zako\u0144czy si\u0119 oko\u0142o 15:00. Ze wzgl\u0119du na ustaw\u0119 RODO&nbsp;<strong>trzeba przynie\u015b\u0107<\/strong>&nbsp;zgod\u0119 na przetwarzanie danych osobowych, kt\u00f3r\u0105 mo\u017cna pobra\u0107 w formacie&nbsp;<a href=\"https:\/\/pb.edu.pl\/km\/wp-content\/uploads\/sites\/121\/2024\/03\/ZgloszenieKonkursMatemPB_2020.docx\">DOCX<\/a>&nbsp;lub&nbsp;<a href=\"https:\/\/pb.edu.pl\/km\/wp-content\/uploads\/sites\/121\/2024\/03\/ZgloszenieKonkursMatemPB_2020.pdf\">PDF<\/a>. Jedyne dane, kt\u00f3re zbieramy to imi\u0119, nazwisko, klasa i dane nauczyciela; wi\u0119cej informacji podajemy&nbsp;<a href=\"https:\/\/pb.edu.pl\/km\/wp-content\/uploads\/sites\/121\/2024\/03\/Info_o_danych2019.pdf\">tutaj<\/a>. Zawody odb\u0119d\u0105 si\u0119 w budynku Rektoratu Politechniki Bia\u0142ostockiej, przy ulicy Wiejskiej 45A w Bia\u0142ymstoku. Sale b\u0119d\u0105 podane p\u00f3\u017aniej.<\/p>\n<p><a href=\"https:\/\/pb.edu.pl\/km\/wp-content\/uploads\/sites\/121\/2024\/03\/komunikat2020.pdf\">Oficjalny komunikat dla liceum<\/a><\/p>\n<\/div>\n<\/article>\n<article class=\"hentry bordered-content\">\n<header>\n<hr>\n<h3 class=\"entry-title\">Komitet Konkursowy 2020<\/h3>\n<\/header>\n<div class=\"entry-content\">\n<ul>\n<li>prof. Piotr Grzeszczuk \u2013 Przewodnicz\u0105cy Komitetu<\/li>\n<li>prof. dr hab. Czes\u0142aw Bagi\u0144ski<\/li>\n<li>prof. Zbigniew Bartosiewicz<\/li>\n<li>dr Marzena Filipowicz-Chomko<\/li>\n<li>mgr Anna Jelisiejew \u2013 sekretarz<\/li>\n<li>dr Joachim Jelisiejew<\/li>\n<li>dr Marek K\u0119pczyk<\/li>\n<li>dr hab. Ryszard Mazurek<\/li>\n<li>dr Krzysztof Piekarski<\/li>\n<li>dr Anna Poskrobko<\/li>\n<li>dr Rajmund Stasiewicz<\/li>\n<\/ul>\n<\/div>\n<\/article>\n<article class=\"hentry bordered-content\">\n<header>\n<hr>\n<h3 class=\"entry-title\">Regulamin konkursu 2020<\/h3>\n<\/header>\n<div class=\"entry-content\">\n<ol>\n<li>Konkurs organizuje Centrum Popularyzacji Matematyki \u201eSIGNUM\u201d przy Wydziale Informatyki Politechniki Bia\u0142ostockiej.<\/li>\n<li>Celem Konkursu jest rozbudzenie zami\u0142owania do matematyki w\u015br\u00f3d m\u0142odzie\u017cy szk\u00f3\u0142 podstawowych i lice\u00f3w oraz zach\u0119cenie i przygotowanie do uczestnictwa w Olimpiadzie Matematycznej.<\/li>\n<li>W Konkursie mog\u0105 uczestniczy\u0107 uczniowie klas pierwszych&nbsp;i drugich lice\u00f3w oraz szk\u00f3\u0142 podstawowych z terenu wojew\u00f3dztwa podlaskiego, a tak\u017ce innych zaproszonych szk\u00f3\u0142.<\/li>\n<li>Konkurs dla uczni\u00f3w liceum trzyletniego jest przeprowadzany w dw\u00f3ch kategoriach wiekowych: I kategoria &#8211; klasy pierwsze, II kategoria &#8211; klasy drugie. W Konkursie bior\u0105 udzia\u0142 3-osobowe zespo\u0142y reprezentuj\u0105ce szko\u0142y. Szko\u0142a mo\u017ce zg\u0142osi\u0107 nie wi\u0119cej ni\u017c dwa zespo\u0142y w ka\u017cdej kategorii wiekowej.<\/li>\n<li>Uczniowie ze szk\u00f3\u0142 podstawowych startuj\u0105 indywidualnie w kategorii Junior. Etap wst\u0119pny \u2013 eliminacyjny \u2013 obejmuje rozwi\u0105zanie zada\u0144, umieszczonych na stronie internetowej Konkursu i nades\u0142anie ich na adres Komisji Konkursowej w okre\u015blonym terminie. Zdobywcy najwi\u0119kszej ilo\u015bci punkt\u00f3w zostan\u0105 zaproszeni na konkurs g\u0142\u00f3wny i&nbsp;b\u0119d\u0105 stanowi\u0107 odr\u0119bn\u0105 kategori\u0119 wiekow\u0105.<\/li>\n<li>Uczniowie klas pierwszych liceum czteroletniego maj\u0105 wyb\u00f3r: mog\u0105 zdecydowa\u0107 si\u0119 startowa\u0107 indywidualnie w kategorii Junior (i wtedy powinni rozwi\u0105za\u0107 zadania korespondencyjne, jak w punkcie 5.) albo wej\u015b\u0107 w sk\u0142ad zespo\u0142u swojego liceum w kategorii klas pierwszych.<\/li>\n<li>Uczestnicy rozwi\u0105zuj\u0105 samodzielnie (w czasie 4 godzin) cztery zadania pod nadzorem Komisji Konkursowej powo\u0142anej przez Kierownika \u201eSIGNUM\u201d. Rozwi\u0105zania zada\u0144 s\u0105 oceniane niezale\u017cnie przez dw\u00f3ch sprawdzaj\u0105cych wed\u0142ug skali stosowanej w Olimpiadzie Matematycznej (0, 2, 5, 6 punkt\u00f3w). W przypadku rozbie\u017cno\u015bci ocen ostateczn\u0105 ocen\u0119 wystawia Przewodnicz\u0105cy Komisji Konkursowej.<\/li>\n<li>Klasyfikacja zespo\u0142\u00f3w jest ustalana na podstawie sumy punkt\u00f3w uzyskanych przez wszystkich cz\u0142onk\u00f3w poszczeg\u00f3lnych zespo\u0142\u00f3w.&nbsp; Klasyfikacja indywidualna&nbsp;(odr\u0119bnie w ka\u017cdej kategorii wiekowej)&nbsp; jest ustalana na podstawie liczby punkt\u00f3w uzyskanych przez poszczeg\u00f3lnych uczestnik\u00f3w.<\/li>\n<li>Wszelkie w\u0105tpliwo\u015bci zwi\u0105zane z interpretacj\u0105 regulaminu rozstrzyga Komisja Konkursowa.<\/li>\n<li>Nagrody w konkursie s\u0105 zwolnione z opodatkowania zgodnie z zarz\u0105dzeniem Rektora PB nr 775\/18 \u00a7 1 pkt 2.<\/li>\n<li>Aby wzi\u0105\u0107 udzia\u0142 w konkursie nale\u017cy wype\u0142ni\u0107 formularz zg\u0142oszeniowy, kt\u00f3ry mo\u017cna pobra\u0107 w formacie&nbsp;<a href=\"https:\/\/pb.edu.pl\/km\/wp-content\/uploads\/sites\/121\/2024\/03\/ZgloszenieKonkursMatemPB_2020.docx\">DOCX<\/a>&nbsp;lub&nbsp;<a href=\"https:\/\/pb.edu.pl\/km\/wp-content\/uploads\/sites\/121\/2024\/03\/ZgloszenieKonkursMatemPB_2020.pdf\">PDF<\/a>.<\/li>\n<\/ol>\n<\/div>\n<\/article>\n","protected":false},"excerpt":{"rendered":"<p>Konkurs 2020 odwo\u0142any W zwi\u0105zku z zarz\u0105dzeniami JM Rektora PB, Konkurs Matematyczny PB w roku<\/p>\n","protected":false},"author":161,"featured_media":0,"parent":0,"menu_order":0,"comment_status":"closed","ping_status":"closed","template":"","meta":{"_acf_changed":false,"ngg_post_thumbnail":0,"footnotes":""},"class_list":["post-2396","page","type-page","status-publish","hentry"],"acf":[],"_links":{"self":[{"href":"https:\/\/pb.edu.pl\/km\/wp-json\/wp\/v2\/pages\/2396","targetHints":{"allow":["GET"]}}],"collection":[{"href":"https:\/\/pb.edu.pl\/km\/wp-json\/wp\/v2\/pages"}],"about":[{"href":"https:\/\/pb.edu.pl\/km\/wp-json\/wp\/v2\/types\/page"}],"author":[{"embeddable":true,"href":"https:\/\/pb.edu.pl\/km\/wp-json\/wp\/v2\/users\/161"}],"replies":[{"embeddable":true,"href":"https:\/\/pb.edu.pl\/km\/wp-json\/wp\/v2\/comments?post=2396"}],"version-history":[{"count":0,"href":"https:\/\/pb.edu.pl\/km\/wp-json\/wp\/v2\/pages\/2396\/revisions"}],"wp:attachment":[{"href":"https:\/\/pb.edu.pl\/km\/wp-json\/wp\/v2\/media?parent=2396"}],"curies":[{"name":"wp","href":"https:\/\/api.w.org\/{rel}","templated":true}]}}