{"id":2207,"date":"2024-02-19T14:06:16","date_gmt":"2024-02-19T13:06:16","guid":{"rendered":"https:\/\/pb.edu.pl\/km\/?page_id=2207"},"modified":"2024-04-13T13:49:46","modified_gmt":"2024-04-13T11:49:46","slug":"konkurs-2021","status":"publish","type":"page","link":"https:\/\/pb.edu.pl\/km\/konkurs-2021\/","title":{"rendered":"Konkurs 2021"},"content":{"rendered":"<article class=\"hentry bordered-content\">\n<div class=\"entry-content\">\n<h3>Laureaci 2021<\/h3>\n<div style=\"text-align: center;font-size: 14pt\">Poni\u017cej znajduj\u0105 si\u0119 wyniki konkursu. Gratulujemy wszystkim nagrodzonym!<br \/>\nZe wzgl\u0119d\u00f3w sanitarno-formalnych zako\u0144czenie nie odb\u0119dzie si\u0119, nagrody dostarczymy bezpo\u015brednio do sekretariat\u00f3w szk\u00f3\u0142.<\/div>\n<div class=\"article\">\n<h2 style=\"text-align: center\">Kategoria junior\u00f3w<\/h2>\n<p style=\"text-align: center\"><strong>Nagrody indywidualne<\/strong><\/p>\n<p style=\"text-align: center\">Liczby w czwartej kolumnie oznaczaj\u0105 sumy<br \/>\nuzyskanych punkt\u00f3w (na 24 mo\u017cliwe).<\/p>\n<div style=\"text-align: center\">\n<table style=\"width: 49.27%;height: 418px;margin-left: auto;margin-right: auto\" border=\"1\" cellspacing=\"1\" cellpadding=\"0\">\n<tbody>\n<tr bgcolor=\"#ffff33\">\n<td style=\"width: 3.91458%\" rowspan=\"1\" width=\"2%\">\n<p style=\"text-align: center\">1<\/p>\n<\/td>\n<td style=\"width: 32.8487%\">Aliaksandr Melnikau<\/td>\n<td style=\"width: 29.7337%\">I LO w Bia\u0142ymstoku<\/td>\n<td style=\"width: 4.87773%\" rowspan=\"1\">24<\/td>\n<td style=\"width: 28.2583%\" rowspan=\"3\">nagrody I stopnia<\/td>\n<\/tr>\n<tr bgcolor=\"#ffff33\">\n<td style=\"width: 3.91458%\" rowspan=\"1\" width=\"2%\">\n<p style=\"text-align: center\">2<\/p>\n<\/td>\n<td style=\"width: 32.8487%\">Kacper Walczuk<\/td>\n<td style=\"width: 29.7337%\">I LO w \u0141om\u017cy<\/td>\n<td style=\"width: 4.87773%\" rowspan=\"1\">23<\/td>\n<\/tr>\n<tr bgcolor=\"#ffff33\">\n<td style=\"width: 3.91458%\" rowspan=\"1\" width=\"2%\">\n<p style=\"text-align: center\">3<\/p>\n<\/td>\n<td style=\"width: 32.8487%\">Jan A. Zimnoch<\/td>\n<td style=\"width: 29.7337%\">I LO w Bia\u0142ymstoku<\/td>\n<td style=\"width: 4.87773%\" rowspan=\"1\">22<\/td>\n<\/tr>\n<tr bgcolor=\"#ffd5bf\">\n<td style=\"width: 3.91458%\" rowspan=\"3\" width=\"2%\">\n<p style=\"text-align: center\">4<\/p>\n<\/td>\n<td style=\"width: 32.8487%\">Tomasz Mioduszewski<\/td>\n<td style=\"width: 29.7337%\">II LO w Bia\u0142ystoku<\/td>\n<td style=\"width: 4.87773%\" rowspan=\"3\">18<\/td>\n<td style=\"width: 28.2583%\" rowspan=\"3\">nagrody III stopnia<\/td>\n<\/tr>\n<tr bgcolor=\"#ffd5bf\">\n<td style=\"width: 32.8487%\">Sylwia Sapkowska<\/td>\n<td style=\"width: 29.7337%\">II LO w Bia\u0142ystoku<\/td>\n<\/tr>\n<tr bgcolor=\"#ffd5bf\">\n<td style=\"width: 32.8487%\">Maciej Sirocki<\/td>\n<td style=\"width: 29.7337%\">II LO w Bia\u0142ystoku<\/td>\n<\/tr>\n<tr bgcolor=\"#ccffcc\">\n<td style=\"width: 3.91458%\" rowspan=\"1\" width=\"2%\">\n<p style=\"text-align: center\">7<\/p>\n<\/td>\n<td style=\"width: 32.8487%\">Micha\u0142 Szyd\u0142o<\/td>\n<td style=\"width: 29.7337%\">I LO w Bia\u0142ymstoku<\/td>\n<td style=\"width: 4.87773%\" rowspan=\"1\">12<\/td>\n<td style=\"width: 28.2583%\" rowspan=\"1\">wyr\u00f3\u017cnienia<\/td>\n<\/tr>\n<\/tbody>\n<\/table>\n<\/div>\n<h3 style=\"text-align: center\">Nagrodzone zespo\u0142y<\/h3>\n<p style=\"text-align: center\">Liczby w czwartej kolumnie oznaczaj\u0105 sumy uzyskanych punkt\u00f3w.<\/p>\n<h2 style=\"text-align: center\">&nbsp;<\/h2>\n<table style=\"width: 49.27%;margin-left: auto;margin-right: auto\" border=\"1\" cellspacing=\"1\" cellpadding=\"0\">\n<tbody>\n<tr style=\"background-color: #ffff33\">\n<td style=\"width: 4.52071%;text-align: center\" valign=\"middle\">\n<p style=\"text-align: center\">1<\/p>\n<\/td>\n<td style=\"width: 40.4793%;text-align: center\" valign=\"middle\">Aliaksandr Melnikau, Micha\u0142 Szyd\u0142o, Jan A. Zimnoch<\/td>\n<td style=\"text-align: center;width: 51.7751%\" valign=\"middle\">I Liceum Og\u00f3lnokszta\u0142c\u0105ce w Bia\u0142ymstoku<\/td>\n<td style=\"text-align: center;width: 3.25444%\" valign=\"middle\">\n<p style=\"text-align: center\">58<\/p>\n<\/td>\n<\/tr>\n<tr style=\"background-color: #e9e9e9\">\n<td style=\"width: 4.52071%;text-align: center\" valign=\"middle\">\n<p style=\"text-align: center\">2<\/p>\n<\/td>\n<td style=\"width: 40.4793%;text-align: center\" valign=\"middle\">Tomasz Mioduszewski, Sylwia Sapkowska, Maciej Sirocki<\/td>\n<td style=\"text-align: center;width: 51.7751%\" valign=\"middle\">II Liceum Og\u00f3lnokszta\u0142c\u0105ce w Bia\u0142ymstoku<\/td>\n<td style=\"text-align: center;width: 3.25444%\" valign=\"middle\">\n<p style=\"text-align: center\">54<\/p>\n<\/td>\n<\/tr>\n<\/tbody>\n<\/table>\n<div class=\"article\">\n<h2 style=\"text-align: center\">Kategoria klas pierwszych<\/h2>\n<p style=\"text-align: center\"><strong>Nagrody indywidualne<\/strong><\/p>\n<p style=\"text-align: center\">Liczby w czwartej kolumnie oznaczaj\u0105 sumy<br \/>\nuzyskanych punkt\u00f3w (na 24 mo\u017cliwe).<\/p>\n<div style=\"text-align: center\">\n<table style=\"width: 49.27%;height: 418px;margin-left: auto;margin-right: auto\" border=\"1\" cellspacing=\"1\" cellpadding=\"0\">\n<tbody>\n<tr bgcolor=\"#ffff33\">\n<td style=\"width: 3.77188%\" rowspan=\"1\" width=\"2%\">\n<p style=\"text-align: center\">1<\/p>\n<\/td>\n<td style=\"width: 38.7606%\">Stanis\u0142aw A. Pa\u0144kowski<\/td>\n<td style=\"width: 23.2249%\" rowspan=\"2\">II LO Bia\u0142ystok<\/td>\n<td style=\"width: 4.73046%\" rowspan=\"1\">24<\/td>\n<td style=\"width: 28.5535%\" rowspan=\"2\">nagrody I stopnia<\/td>\n<\/tr>\n<tr bgcolor=\"#ffff33\">\n<td style=\"width: 3.77188%\" rowspan=\"1\" width=\"2%\">\n<p style=\"text-align: center\">2<\/p>\n<\/td>\n<td style=\"width: 38.7606%\">Jakub Zych<\/td>\n<td style=\"width: 4.73046%\" rowspan=\"1\">23<\/td>\n<\/tr>\n<tr bgcolor=\"#e9e9e9\">\n<td style=\"width: 3.77188%\" rowspan=\"1\" width=\"2%\">\n<p style=\"text-align: center\">3<\/p>\n<\/td>\n<td style=\"width: 38.7606%\">Dominik \u015aledziewski<\/td>\n<td style=\"width: 23.2249%\">I LO \u0141om\u017ca<\/td>\n<td style=\"width: 4.73046%\" rowspan=\"1\">17<\/td>\n<td style=\"width: 28.5535%\" rowspan=\"1\">nagroda II stopnia<\/td>\n<\/tr>\n<tr bgcolor=\"#ffd5bf\">\n<td style=\"width: 3.77188%\" rowspan=\"2\" width=\"2%\">\n<p style=\"text-align: center\">4<\/p>\n<\/td>\n<td style=\"width: 38.7606%\">Paulina Kulesza<\/td>\n<td style=\"width: 23.2249%\">I LO Bia\u0142ystok<\/td>\n<td style=\"width: 4.73046%\" rowspan=\"2\">14<\/td>\n<td style=\"width: 28.5535%\" rowspan=\"3\">nagrody III stopnia<\/td>\n<\/tr>\n<tr bgcolor=\"#ffd5bf\">\n<td style=\"width: 38.7606%\">Bartosz Rzemek<\/td>\n<td style=\"width: 23.2249%\">II LO Bia\u0142ystok<\/td>\n<\/tr>\n<tr bgcolor=\"#ffd5bf\">\n<td style=\"width: 3.77188%\" rowspan=\"1\" width=\"2%\">\n<p style=\"text-align: center\">6<\/p>\n<\/td>\n<td style=\"width: 38.7606%\">Alicja Prze\u017adziecka<\/td>\n<td style=\"width: 23.2249%\">I LO \u0141om\u017ca<\/td>\n<td style=\"width: 4.73046%\" rowspan=\"1\">13<\/td>\n<\/tr>\n<tr bgcolor=\"#ccffcc\">\n<td style=\"width: 3.77188%\" rowspan=\"3\" width=\"2%\">\n<p style=\"text-align: center\">7<\/p>\n<\/td>\n<td style=\"width: 38.7606%\">Hubert Suso\u0142<\/td>\n<td style=\"width: 23.2249%\">I LO Bia\u0142ystok<\/td>\n<td style=\"width: 4.73046%\" rowspan=\"3\">12<\/td>\n<td style=\"width: 28.5535%\" rowspan=\"4\">wyr\u00f3\u017cnienia<\/td>\n<\/tr>\n<tr bgcolor=\"#ccffcc\">\n<td style=\"width: 38.7606%\">Krzysztof Sza\u0142kowski<\/td>\n<td style=\"width: 23.2249%\">I LO \u0141om\u017ca<\/td>\n<\/tr>\n<tr bgcolor=\"#ccffcc\">\n<td style=\"width: 38.7606%\">Micha\u0142 Wilczewski<\/td>\n<td style=\"width: 23.2249%\">VI LO Bia\u0142ystok<\/td>\n<\/tr>\n<tr bgcolor=\"#ccffcc\">\n<td style=\"width: 3.77188%\" rowspan=\"1\" width=\"2%\">\n<p style=\"text-align: center\">10<\/p>\n<\/td>\n<td style=\"width: 38.7606%\">Magdalena Chor\u0119biewska<\/td>\n<td style=\"width: 23.2249%\">I LO Bia\u0142ystok<\/td>\n<td style=\"width: 4.73046%\" rowspan=\"1\">11<\/td>\n<\/tr>\n<\/tbody>\n<\/table>\n<\/div>\n<h3 style=\"text-align: center\">Nagrodzone zespo\u0142y<\/h3>\n<p style=\"text-align: center\">Liczby w czwartej kolumnie oznaczaj\u0105 sumy uzyskanych punkt\u00f3w.<\/p>\n<h2 style=\"text-align: center\">&nbsp;<\/h2>\n<table style=\"width: 49.27%;margin-left: auto;margin-right: auto\" border=\"1\" cellspacing=\"1\" cellpadding=\"0\">\n<tbody>\n<tr style=\"background-color: #ffff33\">\n<td style=\"width: 4.22485%;text-align: center\" valign=\"middle\">\n<p style=\"text-align: center\">1<\/p>\n<\/td>\n<td style=\"width: 40.7751%;text-align: center\" valign=\"middle\">Stanis\u0142aw A. Pa\u0144kowski, Bartosz Rzemek, Jakub Zych<\/td>\n<td style=\"text-align: center;width: 51.0407%\" valign=\"middle\">II Liceum Og\u00f3lnokszta\u0142c\u0105ce w Bia\u0142ymstoku<\/td>\n<td style=\"text-align: center;width: 3.84092%\" valign=\"middle\">\n<p style=\"text-align: center\">61<\/p>\n<\/td>\n<\/tr>\n<tr style=\"background-color: #e9e9e9\">\n<td style=\"width: 4.22485%;text-align: center\" valign=\"middle\">\n<p style=\"text-align: center\">2<\/p>\n<\/td>\n<td style=\"width: 40.7751%;text-align: center\" valign=\"middle\">Alicja Prze\u017adziecka, Krzysztof Sza\u0142kowski, Dominik \u015aledziewski<\/td>\n<td style=\"text-align: center;width: 51.0407%\" valign=\"middle\">I Liceum Og\u00f3lnokszta\u0142c\u0105ce w \u0141om\u017cy<\/td>\n<td style=\"text-align: center;width: 3.84092%\" valign=\"middle\">\n<p style=\"text-align: center\">42<\/p>\n<\/td>\n<\/tr>\n<tr style=\"background-color: #ffd5bf\">\n<td style=\"width: 4.22485%;text-align: center\" valign=\"middle\">\n<p style=\"text-align: center\">3<\/p>\n<\/td>\n<td style=\"width: 40.7751%;text-align: center\" valign=\"middle\">Magdalena Chor\u0119biewska, Paulina Kulesza, Hubert Suso\u0142<\/td>\n<td style=\"text-align: center;width: 51.0407%\" valign=\"middle\">I Liceum Og\u00f3lnokszta\u0142c\u0105ce w Bia\u0142ymstoku<\/td>\n<td style=\"text-align: center;width: 3.84092%\" valign=\"middle\">\n<p style=\"text-align: center\">37<\/p>\n<\/td>\n<\/tr>\n<\/tbody>\n<\/table>\n<div class=\"article\">\n<h2 style=\"text-align: center\">Kategoria klas drugich<\/h2>\n<p style=\"text-align: center\"><strong>Nagrody indywidualne<\/strong><\/p>\n<p style=\"text-align: center\">Liczby w czwartej kolumnie oznaczaj\u0105 sumy<br \/>\nuzyskanych punkt\u00f3w (na 24 mo\u017cliwe).<\/p>\n<div style=\"text-align: center\">\n<table style=\"width: 49.27%;height: 418px;margin-left: auto;margin-right: auto\" border=\"1\" cellspacing=\"1\" cellpadding=\"0\">\n<tbody>\n<tr bgcolor=\"#ffff33\">\n<td style=\"width: 4.06839%\" rowspan=\"1\" width=\"2%\">\n<p style=\"text-align: center\">1<\/p>\n<\/td>\n<td style=\"width: 36.5411%\">Piotr Marszalik<\/td>\n<td style=\"width: 24.2604%\">I LO Bia\u0142ystok<\/td>\n<td style=\"width: 4.28994%\" rowspan=\"1\">24<\/td>\n<td style=\"width: 30.6213%\" rowspan=\"1\">nagroda I stopnia<\/td>\n<\/tr>\n<tr bgcolor=\"#e9e9e9\">\n<td style=\"width: 4.06839%\" rowspan=\"1\" width=\"2%\">\n<p style=\"text-align: center\">2<\/p>\n<\/td>\n<td style=\"width: 36.5411%\">Artur Sierzputowski<\/td>\n<td style=\"width: 24.2604%\">VI LO Bia\u0142ystok<\/td>\n<td style=\"width: 4.28994%\" rowspan=\"1\">19<\/td>\n<td style=\"width: 30.6213%\" rowspan=\"1\">nagroda II stopnia<\/td>\n<\/tr>\n<tr bgcolor=\"#ffd5bf\">\n<td style=\"width: 4.06839%\" rowspan=\"1\" width=\"2%\">\n<p style=\"text-align: center\">3<\/p>\n<\/td>\n<td style=\"width: 36.5411%\">Micha\u0142 Wr\u00f3blewski<\/td>\n<td style=\"width: 24.2604%\">I LO \u0141om\u017ca<\/td>\n<td style=\"width: 4.28994%\" rowspan=\"1\">17<\/td>\n<td style=\"width: 30.6213%\" rowspan=\"2\">nagrody III stopnia<\/td>\n<\/tr>\n<tr bgcolor=\"#ffd5bf\">\n<td style=\"width: 4.06839%\" rowspan=\"1\" width=\"2%\">\n<p style=\"text-align: center\">4<\/p>\n<\/td>\n<td style=\"width: 36.5411%\">Mi\u0142osz Tomulewicz<\/td>\n<td style=\"width: 24.2604%\">I LO Bia\u0142ystok<\/td>\n<td style=\"width: 4.28994%\" rowspan=\"1\">16<\/td>\n<\/tr>\n<tr bgcolor=\"#ccffcc\">\n<td style=\"width: 4.06839%\" rowspan=\"3\" width=\"2%\">\n<p style=\"text-align: center\">5<\/p>\n<\/td>\n<td style=\"width: 36.5411%\">Krzysztof G\u00f3lcz<\/td>\n<td style=\"width: 24.2604%\">III LO Bia\u0142ystok<\/td>\n<td style=\"width: 4.28994%\" rowspan=\"3\">14<\/td>\n<td style=\"width: 30.6213%\" rowspan=\"4\">wyr\u00f3\u017cnienia<\/td>\n<\/tr>\n<tr bgcolor=\"#ccffcc\">\n<td style=\"width: 36.5411%\">Micha\u0142 Sadowski<\/td>\n<td style=\"width: 24.2604%\">I LO Bia\u0142ystok<\/td>\n<\/tr>\n<tr bgcolor=\"#ccffcc\">\n<td style=\"width: 36.5411%\">Mateusz Szelkowski<\/td>\n<td style=\"width: 24.2604%\">VI LO Bia\u0142ystok<\/td>\n<\/tr>\n<tr bgcolor=\"#ccffcc\">\n<td style=\"width: 4.06839%\" rowspan=\"1\" width=\"2%\">\n<p style=\"text-align: center\">8<\/p>\n<\/td>\n<td style=\"width: 36.5411%\">Dominika Boguszewska<\/td>\n<td style=\"width: 24.2604%\">I LO \u0141om\u017ca<\/td>\n<td style=\"width: 4.28994%\" rowspan=\"1\">12<\/td>\n<\/tr>\n<\/tbody>\n<\/table>\n<\/div>\n<h3 style=\"text-align: center\">Nagrodzone zespo\u0142y<\/h3>\n<p style=\"text-align: center\">Liczby w czwartej kolumnie oznaczaj\u0105 sumy uzyskanych punkt\u00f3w.<\/p>\n<h2 style=\"text-align: center\">&nbsp;<\/h2>\n<table style=\"width: 49.27%;margin-left: auto;margin-right: auto\" border=\"1\" cellspacing=\"1\" cellpadding=\"0\">\n<tbody>\n<tr style=\"background-color: #ffff33\">\n<td style=\"width: 5.11635%;text-align: center\" valign=\"middle\">\n<p style=\"text-align: center\">1<\/p>\n<\/td>\n<td style=\"width: 39.8837%;text-align: center\" valign=\"middle\">Piotr Marszalik, Mi\u0142osz Tomulewicz, Micha\u0142 Sadowski<\/td>\n<td style=\"text-align: center;width: 50.7396%\" valign=\"middle\">I Liceum Og\u00f3lnokszta\u0142c\u0105ce w Bia\u0142ymstoku<\/td>\n<td style=\"text-align: center;width: 4.14201%\" valign=\"middle\">\n<p style=\"text-align: center\">54<\/p>\n<\/td>\n<\/tr>\n<tr bgcolor=\"#ffd5bf\">\n<td style=\"text-align: center;width: 5.11635%\" rowspan=\"1\">2<\/td>\n<td style=\"text-align: center;width: 39.8837%\">Dominika Boguszewska, Piotr Jacak, Damian Wr\u00f3blewski<\/td>\n<td style=\"text-align: center;width: 50.7396%\">I Liceum Og\u00f3lnokszta\u0142c\u0105ce w \u0141om\u017cy<\/td>\n<td style=\"text-align: center;width: 4.14201%\" rowspan=\"1\">35<\/td>\n<\/tr>\n<tr bgcolor=\"#ffd5bf\">\n<td style=\"text-align: center;width: 5.11635%\" rowspan=\"1\">3<\/td>\n<td style=\"text-align: center;width: 39.8837%\">Konrad Dacewicz, Artur Sierzputowski, Mateusz Szelkowski<\/td>\n<td style=\"text-align: center;width: 50.7396%\">VI Liceum Og\u00f3lnokszta\u0142c\u0105ce w Bia\u0142ymstoku<\/td>\n<td style=\"text-align: center;width: 4.14201%\" rowspan=\"1\">33<\/td>\n<\/tr>\n<tr bgcolor=\"#ccffcc\">\n<td style=\"text-align: center;width: 5.11635%\">4<\/td>\n<td style=\"text-align: center;width: 39.8837%\">Krzysztof G\u00f3lcz, Jakub Kondrat, Krzysztof Piechowski<\/td>\n<td style=\"text-align: center;width: 50.7396%\">III Liceum Og\u00f3lnokszta\u0142c\u0105ce w Bia\u0142ymstoku<\/td>\n<td style=\"text-align: center;width: 4.14201%\">25<\/td>\n<\/tr>\n<\/tbody>\n<\/table>\n<\/div>\n<\/div>\n<\/div>\n<\/div>\n<p><!-- entry-content --><\/p>\n<\/article>\n<article class=\"hentry bordered-content\">\n<header>\n<hr>\n<h3 class=\"entry-title\">Rozwi\u0105zania zada\u0144 konkursowych<\/h3>\n<\/header>\n<div class=\"entry-content\">\n<p>Zadania oraz rozwi\u0105zania s\u0105 dost\u0119pne w zak\u0142adce <a title=\"Zadania\" href=\"https:\/\/pb.edu.pl\/km\/zadania\/\">zadania<\/a>, zach\u0119camy do przeczytania!<\/p>\n<\/div>\n<p><!-- entry-content --><\/p>\n<\/article>\n<article class=\"hentry bordered-content\">\n<header>\n<hr>\n<h3 class=\"entry-title\">Zmiana daty konkursu (i zgoda na jego przeprowadzenie)<\/h3>\n<\/header>\n<div class=\"entry-content\">\n<p>Szanowni uczestnicy. Otrzymali\u015bmy zgod\u0119 na organizacj\u0119 konkursu, ale dnia <strong>12 czerwca 2021<\/strong>. Zatem konkurs odb\u0119dzie si\u0119 w sobot\u0119 12 czerwca, w godzinach 11-15 w budynku Wydzia\u0142u Informatyki PB, ul Wiejska 45A w Bia\u0142ymstoku.<\/p>\n<ul>\n<li>Uczestnicy z kategorii <em>Junior<\/em> oraz <em>klas drugich<\/em> pisz\u0105 w sali 23C.<\/li>\n<li>Uczestnicy z kategorii <em>klas pierwszych<\/em> pisz\u0105 w sali 12B.<\/li>\n<\/ul>\n<p>Prosimy o przybycie oko\u0142o 10:45-10:50 i wej\u015bcie do budynku od strony budynku C.<br \/>\nPonadto prosimy o wype\u0142nienie formularza zg\u0142oszeniowego &#8222;RODO&#8221;, kt\u00f3ry mo\u017cna pobra\u0107 w formacie <a href=\"https:\/\/pb.edu.pl\/km\/wp-content\/uploads\/sites\/121\/2024\/03\/ZgloszenieKonkursMatemPB_2021.docx\">DOCX<\/a> lub <a href=\"https:\/\/pb.edu.pl\/km\/wp-content\/uploads\/sites\/121\/2024\/03\/ZgloszenieKonkursMatemPB_2021.pdf\">PDF<\/a>.<\/p>\n<\/div>\n<p><!-- entry-content --><\/p>\n<\/article>\n<article class=\"hentry bordered-content\">\n<header>\n<hr>\n<h3 class=\"entry-title\">Komunikat dotycz\u0105cy konkursu 2021<\/h3>\n<\/header>\n<div class=\"entry-content\">\n<p>Szanowni uczestnicy. Na chwil\u0119 obecn\u0105 konkurs jest gotowy organizacyjnie, ale niestety nadal nie mamy decyzji od w\u0142adz Politechniki o zgodzie na organizacj\u0119. Wobec tego <em>prosimy<\/em> uczestnik\u00f3w o sprawdzanie naszej strony internetowej w najbli\u017cszych dniach. Jak tylko b\u0119dziemy mieli decyzj\u0119, poinformujemy o tym tutaj.<\/p>\n<\/div>\n<p><!-- entry-content --><\/p>\n<\/article>\n<article class=\"hentry bordered-content\">\n<header>\n<hr>\n<h3 class=\"entry-title\">Osi\u0105gni\u0119cie laureata konkursu<\/h3>\n<\/header>\n<div class=\"entry-content\">\n<p>Z przyjemno\u015bci\u0105 informujemy, \u017ce Marek Soko\u0142owski, laureat poprzednich edycji naszego konkursu zdoby\u0142 I nagrod\u0119 w konkursie Polskiego Towarzystwa Matematycznego na najlepsz\u0105 prac\u0119 studenck\u0105 z matematyki. <a href=\"https:\/\/www.ptm.org.pl\/kategorie\/konkursy\/konkursy-studenckie\/konkurs-prac-studenckich-z-matematyki-im-jozefa-marcinkiewicz\">Szczeg\u00f3\u0142y<\/a><\/p>\n<\/div>\n<p><!-- entry-content --><\/p>\n<\/article>\n<article class=\"hentry bordered-content\">\n<header>\n<hr>\n<h3 class=\"entry-title\">Terminarz konkursu 2021<\/h3>\n<\/header>\n<div class=\"entry-content\">\n<p>Je\u015bli w\u0142adze Politechniki wyra\u017c\u0105 zgod\u0119, Konkurs odb\u0119dzie si\u0119 5 czerwca 2021 w pe\u0142nym poszanowaniu re\u017cimu sanitarnego, w godzinach 11-15 w salach budynku Politechniki, przy ulicy Wiejskiej 45A.<br \/>\nDodatkowe informacje dotycz\u0105ce sal uka\u017c\u0105 si\u0119 tutaj, zapewne do pi\u0105tku 4 czerwca. W razie pyta\u0144, prosz\u0119 pisa\u0107.<\/p>\n<\/div>\n<p><!-- entry-content --><\/p>\n<\/article>\n<article class=\"hentry bordered-content\">\n<header>\n<hr>\n<h3 class=\"entry-title\">Komitet Konkursowy 2021<\/h3>\n<\/header>\n<div class=\"entry-content\">\n<ul>\n<li>prof. Piotr Grzeszczuk \u2013 Przewodnicz\u0105cy Komitetu<\/li>\n<li>prof. dr hab. Czes\u0142aw Bagi\u0144ski<\/li>\n<li>prof. Zbigniew Bartosiewicz<\/li>\n<li>dr Marzena Filipowicz-Chomko<\/li>\n<li>mgr Anna Jelisiejew \u2013 sekretarz<\/li>\n<li>dr Joachim Jelisiejew<\/li>\n<li>dr Marek K\u0119pczyk<\/li>\n<li>dr hab. Ryszard Mazurek<\/li>\n<li>dr Krzysztof Piekarski<\/li>\n<li>dr Anna Poskrobko<\/li>\n<li>dr Rajmund Stasiewicz<\/li>\n<\/ul>\n<\/div>\n<p><!-- entry-content --><\/p>\n<\/article>\n","protected":false},"excerpt":{"rendered":"<p>Laureaci 2021 Poni\u017cej znajduj\u0105 si\u0119 wyniki konkursu. Gratulujemy wszystkim nagrodzonym! Ze wzgl\u0119d\u00f3w sanitarno-formalnych zako\u0144czenie nie<\/p>\n","protected":false},"author":161,"featured_media":0,"parent":0,"menu_order":0,"comment_status":"closed","ping_status":"closed","template":"","meta":{"_acf_changed":false,"ngg_post_thumbnail":0,"footnotes":""},"class_list":["post-2207","page","type-page","status-publish","hentry"],"acf":[],"_links":{"self":[{"href":"https:\/\/pb.edu.pl\/km\/wp-json\/wp\/v2\/pages\/2207","targetHints":{"allow":["GET"]}}],"collection":[{"href":"https:\/\/pb.edu.pl\/km\/wp-json\/wp\/v2\/pages"}],"about":[{"href":"https:\/\/pb.edu.pl\/km\/wp-json\/wp\/v2\/types\/page"}],"author":[{"embeddable":true,"href":"https:\/\/pb.edu.pl\/km\/wp-json\/wp\/v2\/users\/161"}],"replies":[{"embeddable":true,"href":"https:\/\/pb.edu.pl\/km\/wp-json\/wp\/v2\/comments?post=2207"}],"version-history":[{"count":0,"href":"https:\/\/pb.edu.pl\/km\/wp-json\/wp\/v2\/pages\/2207\/revisions"}],"wp:attachment":[{"href":"https:\/\/pb.edu.pl\/km\/wp-json\/wp\/v2\/media?parent=2207"}],"curies":[{"name":"wp","href":"https:\/\/api.w.org\/{rel}","templated":true}]}}