{"id":2204,"date":"2024-02-19T14:03:11","date_gmt":"2024-02-19T13:03:11","guid":{"rendered":"https:\/\/pb.edu.pl\/km\/?page_id=2204"},"modified":"2024-04-13T13:51:36","modified_gmt":"2024-04-13T11:51:36","slug":"konkurs-2022","status":"publish","type":"page","link":"https:\/\/pb.edu.pl\/km\/konkurs-2022\/","title":{"rendered":"Konkurs 2022"},"content":{"rendered":"<p>&nbsp;<\/p>\n<article class=\"hentry bordered-content\">\n<header>\n<h3 class=\"entry-title\">Zako\u0144czenie Konkursu<\/h3>\n<\/header>\n<div class=\"entry-content\">\n<p>Zako\u0144czenie rozpocznie si\u0119 w dniu 10 czerwca (pi\u0105tek) o godzinie 12 w auli 12B (<strong>uwaga: zmiana sali<\/strong>) budynku Wydzia\u0142u Informatyki Politechniki Bia\u0142ostockiej. Po wr\u0119czeniu nagr\u00f3d odb\u0119dzie si\u0119 wyk\u0142ad dra Joachima Jelisiejewa pt. <em>Ile matematyki potrzeba, by zhackowa\u0107 google&#8217;a<\/em>.<\/p>\n<p>Serdecznie zapraszamy!<\/p>\n<\/div>\n<p><!-- entry-content --><\/p>\n<\/article>\n<article class=\"hentry bordered-content\">\n<header>\n<hr>\n<h3 class=\"entry-title\">Laureaci 2022<\/h3>\n<\/header>\n<div class=\"entry-content\">\n<div class=\"article\">\n<p>&nbsp;<\/p>\n<h2 style=\"text-align: center\">Kategoria junior\u00f3w<\/h2>\n<p>&nbsp;<\/p>\n<p style=\"text-align: center\"><strong>Nagrody indywidualne<\/strong><\/p>\n<p style=\"text-align: center\">Liczby w czwartej kolumnie oznaczaj\u0105 sumy<br \/>\nuzyskanych punkt\u00f3w (na 24 mo\u017cliwe).<\/p>\n<div style=\"text-align: center\">\n<table style=\"width: 49.27%;margin-left: auto;margin-right: auto\" border=\"1\" cellspacing=\"1\" cellpadding=\"0\">\n<tbody>\n<tr bgcolor=\"#ffff33\">\n<td style=\"width: 3.91915%\" rowspan=\"2\" width=\"2%\">\n<p style=\"text-align: center\">1<\/p>\n<\/td>\n<td style=\"width: 31.069%\">Stanis\u0142aw Koz\u0142owski<\/td>\n<td style=\"width: 32.2485%\">SP 53 w Bia\u0142ymstoku<\/td>\n<td style=\"width: 3.99408%\" rowspan=\"2\">19<\/td>\n<td style=\"width: 28.5503%\" rowspan=\"2\">nagrody I stopnia<\/td>\n<\/tr>\n<tr bgcolor=\"#ffff33\">\n<td style=\"width: 31.069%\">Adam Sienkiewicz<\/td>\n<td style=\"width: 32.2485%\">SP 53 w Bia\u0142ymstoku<\/td>\n<\/tr>\n<tr bgcolor=\"#e9e9e9\">\n<td style=\"width: 3.91915%\" rowspan=\"1\" width=\"2%\">\n<p style=\"text-align: center\">3<\/p>\n<\/td>\n<td style=\"width: 31.069%\">Maciej Popielarczyk<\/td>\n<td style=\"width: 32.2485%\">I LO w \u0141om\u017cy<\/td>\n<td style=\"width: 3.99408%\" rowspan=\"1\">14<\/td>\n<td style=\"width: 28.5503%\" rowspan=\"1\">nagroda II stopnia<\/td>\n<\/tr>\n<tr bgcolor=\"#ccffcc\">\n<td style=\"width: 3.91915%\" rowspan=\"2\" width=\"2%\">\n<p style=\"text-align: center\">4<\/p>\n<\/td>\n<td style=\"width: 31.069%\">Kacper Januszkiewicz<\/td>\n<td style=\"width: 32.2485%\">SP 53 w Bia\u0142ymstoku<\/td>\n<td style=\"width: 3.99408%\" rowspan=\"2\">7<\/td>\n<td style=\"width: 28.5503%\" rowspan=\"2\">wyr\u00f3\u017cnienia<\/td>\n<\/tr>\n<tr bgcolor=\"#ccffcc\">\n<td style=\"width: 31.069%\">Kamil Januszkiewicz<\/td>\n<td style=\"width: 32.2485%\">II LO w Bia\u0142ymstoku<\/td>\n<\/tr>\n<\/tbody>\n<\/table>\n<\/div>\n<div class=\"article\">\n<p>&nbsp;<\/p>\n<h2 style=\"text-align: center\">Kategoria klas drugich<\/h2>\n<p>&nbsp;<\/p>\n<p style=\"text-align: center\"><strong>Nagroda G\u0142\u00f3wna im. Edmunda Puczy\u0142owskiego<\/strong><\/p>\n<table style=\"width: 49.27%;height: 30px;margin-left: auto;margin-right: auto\" border=\"1\" cellspacing=\"1\" cellpadding=\"0\">\n<tbody>\n<tr bgcolor=\"#ffff33\">\n<td style=\"width: 3.77515%\" rowspan=\"1\" width=\"2%\">\n<p style=\"text-align: center\">1<\/p>\n<\/td>\n<td style=\"width: 58.284%\">Aleksander Mielnikau<\/td>\n<td style=\"width: 37.8698%\" rowspan=\"1\">I LO Bia\u0142ystok<\/td>\n<\/tr>\n<\/tbody>\n<\/table>\n<p>&nbsp;<\/p>\n<p style=\"text-align: center\"><strong>Nagrody indywidualne<\/strong><\/p>\n<p style=\"text-align: center\">Liczby w czwartej kolumnie oznaczaj\u0105 sumy<br \/>\nuzyskanych punkt\u00f3w (na 24 mo\u017cliwe).<\/p>\n<div style=\"text-align: center\">\n<table style=\"width: 49.27%;margin-left: auto;margin-right: auto\" border=\"1\" cellspacing=\"1\" cellpadding=\"0\">\n<tbody>\n<tr bgcolor=\"#ffff33\">\n<td style=\"width: 4.21698%\" rowspan=\"1\" width=\"2%\">\n<p style=\"text-align: center\">1<\/p>\n<\/td>\n<td style=\"width: 32.9901%\">Aleksander Mielnikau<\/td>\n<td style=\"width: 27.8107%\">I LO Bia\u0142ystok<\/td>\n<td style=\"width: 5.46814%\" rowspan=\"1\">24<\/td>\n<td style=\"width: 29.591%\" rowspan=\"3\">nagrody I stopnia<\/td>\n<\/tr>\n<tr bgcolor=\"#ffff33\">\n<td style=\"width: 4.21698%\" rowspan=\"1\" width=\"2%\">\n<p style=\"text-align: center\">2<\/p>\n<\/td>\n<td style=\"width: 32.9901%\">Jan B\u0142a\u017cuk<\/td>\n<td style=\"width: 27.8107%\">II LO Bia\u0142ystok<\/td>\n<td style=\"width: 5.46814%\" rowspan=\"1\">23<\/td>\n<\/tr>\n<tr bgcolor=\"#ffff33\">\n<td style=\"width: 4.21698%\" rowspan=\"1\" width=\"2%\">\n<p style=\"text-align: center\">3<\/p>\n<\/td>\n<td style=\"width: 32.9901%\">Pawe\u0142 Buczy\u0144ski<\/td>\n<td style=\"width: 27.8107%\">ALO PB Bia\u0142ystok<\/td>\n<td style=\"width: 5.46814%\" rowspan=\"1\">20<\/td>\n<\/tr>\n<tr bgcolor=\"#e9e9e9\">\n<td style=\"width: 4.21698%\" rowspan=\"1\" width=\"2%\">\n<p style=\"text-align: center\">4<\/p>\n<\/td>\n<td style=\"width: 32.9901%\">Marta Smolej<\/td>\n<td style=\"width: 27.8107%\">I LO Bia\u0142ystok<\/td>\n<td style=\"width: 5.46814%\" rowspan=\"1\">18<\/td>\n<td style=\"width: 29.591%\" rowspan=\"2\">nagrody II stopnia<\/td>\n<\/tr>\n<tr bgcolor=\"#e9e9e9\">\n<td style=\"width: 4.21698%\" rowspan=\"1\" width=\"2%\">\n<p style=\"text-align: center\">5<\/p>\n<\/td>\n<td style=\"width: 32.9901%\">Maciej Sirocki<\/td>\n<td style=\"width: 27.8107%\">II LO Bia\u0142ystok<\/td>\n<td style=\"width: 5.46814%\" rowspan=\"1\">17<\/td>\n<\/tr>\n<tr bgcolor=\"#ffd5bf\">\n<td style=\"width: 4.21698%\" rowspan=\"1\" width=\"2%\">\n<p style=\"text-align: center\">6<\/p>\n<\/td>\n<td style=\"width: 32.9901%\">Karol Kuc<\/td>\n<td style=\"width: 27.8107%\">II LO Bia\u0142ystok<\/td>\n<td style=\"width: 5.46814%\" rowspan=\"1\">14<\/td>\n<td style=\"width: 29.591%\" rowspan=\"1\">nagroda III stopnia<\/td>\n<\/tr>\n<tr bgcolor=\"#ccffcc\">\n<td style=\"width: 4.21698%\" rowspan=\"1\" width=\"2%\">\n<p style=\"text-align: center\">7<\/p>\n<\/td>\n<td style=\"width: 32.9901%\">Kacper Walczuk<\/td>\n<td style=\"width: 27.8107%\">I LO \u0141om\u017ca<\/td>\n<td style=\"width: 5.46814%\" rowspan=\"1\">11<\/td>\n<td style=\"width: 29.591%\" rowspan=\"4\">wyr\u00f3\u017cnienia<\/td>\n<\/tr>\n<tr bgcolor=\"#ccffcc\">\n<td style=\"width: 4.21698%\" rowspan=\"1\" width=\"2%\">\n<p style=\"text-align: center\">8<\/p>\n<\/td>\n<td style=\"width: 32.9901%\">Micha\u0142 Burzy\u0144ski<\/td>\n<td style=\"width: 27.8107%\">II LO Bia\u0142ystok<\/td>\n<td style=\"width: 5.46814%\" rowspan=\"1\">10<\/td>\n<\/tr>\n<tr bgcolor=\"#ccffcc\">\n<td style=\"width: 4.21698%\" rowspan=\"2\" width=\"2%\">\n<p style=\"text-align: center\">9<\/p>\n<\/td>\n<td style=\"width: 32.9901%\">Weronika Betiuk<\/td>\n<td style=\"width: 27.8107%\">ALO PB Bia\u0142ystok<\/td>\n<td style=\"width: 5.46814%\" rowspan=\"2\">8<\/td>\n<\/tr>\n<tr bgcolor=\"#ccffcc\">\n<td style=\"width: 32.9901%\">Maciej Nied\u017awied\u017a<\/td>\n<td style=\"width: 27.8107%\">ALO PB Bia\u0142ystok<\/td>\n<\/tr>\n<\/tbody>\n<\/table>\n<\/div>\n<h3 style=\"text-align: center\">Nagrodzone zespo\u0142y<\/h3>\n<p style=\"text-align: center\">Liczby w czwartej kolumnie oznaczaj\u0105 sumy uzyskanych punkt\u00f3w.<\/p>\n<h2 style=\"text-align: center\">&nbsp;<\/h2>\n<table style=\"width: 49.27%;margin-left: auto;margin-right: auto\" border=\"1\" cellspacing=\"1\" cellpadding=\"0\">\n<tbody>\n<tr style=\"background-color: #ffff33\">\n<td style=\"width: 4.66864%;text-align: center\" valign=\"middle\">\n<p style=\"text-align: center\">1<\/p>\n<\/td>\n<td style=\"width: 40.3314%;text-align: center\" valign=\"middle\">Aleksander Mielnikau, Marta Smolej, Michal Szyd\u0142o<\/td>\n<td style=\"text-align: center;width: 50.8934%\" valign=\"middle\">I Liceum Og\u00f3lnokszta\u0142c\u0105ce w Bia\u0142ymstoku<\/td>\n<td style=\"text-align: center;width: 3.9882%\" valign=\"middle\">\n<p style=\"text-align: center\">48<\/p>\n<\/td>\n<\/tr>\n<tr bgcolor=\"#e9e9e9\">\n<td style=\"text-align: center;width: 4.66864%\" rowspan=\"1\">2<\/td>\n<td style=\"text-align: center;width: 40.3314%\">Jan B\u0142a\u017cuk, Tomasz Mioduszewski, Maciej Sirocki<\/td>\n<td style=\"text-align: center;width: 50.8934%\">II Liceum Og\u00f3lnokszta\u0142c\u0105ce w Bia\u0142ymstoku<\/td>\n<td style=\"text-align: center;width: 3.9882%\" rowspan=\"1\">47<\/td>\n<\/tr>\n<tr bgcolor=\"#ffd5bf\">\n<td style=\"text-align: center;width: 4.66864%\" rowspan=\"1\">3<\/td>\n<td style=\"text-align: center;width: 40.3314%\">Weronika Betiuk, Pawe\u0142 Buczy\u0144ski, Maciej Nied\u017awied\u017a<\/td>\n<td style=\"text-align: center;width: 50.8934%\">Akademickie Liceum Og\u00f3lnokszta\u0142c\u0105ce PB w Bia\u0142ymstoku<\/td>\n<td style=\"text-align: center;width: 3.9882%\" rowspan=\"1\">36<\/td>\n<\/tr>\n<tr bgcolor=\"#ccffcc\">\n<td style=\"text-align: center;width: 4.66864%\">4<\/td>\n<td style=\"text-align: center;width: 40.3314%\">Micha\u0142 Burzy\u0144ski, Karol Kuc, Przemys\u0142aw Twarowski<\/td>\n<td style=\"text-align: center;width: 50.8934%\">II Liceum Og\u00f3lnokszta\u0142c\u0105ce w Bia\u0142ymstoku (drugi zesp\u00f3\u0142)<\/td>\n<td style=\"text-align: center;width: 3.9882%\">30<\/td>\n<\/tr>\n<\/tbody>\n<\/table>\n<div class=\"article\">\n<p>&nbsp;<\/p>\n<h2 style=\"text-align: center\">Kategoria klas trzecich<\/h2>\n<p>&nbsp;<\/p>\n<p style=\"text-align: center\"><strong>Nagroda specjalna<\/strong><\/p>\n<table style=\"width: 49.27%;height: 30px;margin-left: auto;margin-right: auto\" border=\"1\" cellspacing=\"1\" cellpadding=\"0\">\n<tbody>\n<tr bgcolor=\"#eeeedd\">\n<td style=\"width: 3.33136%\" rowspan=\"1\" width=\"2%\">\n<p style=\"text-align: center\">1<\/p>\n<\/td>\n<td style=\"width: 60.2071%\">Dominika Przes\u0142aw<\/td>\n<td style=\"width: 36.2426%\" rowspan=\"1\">I LO \u0141om\u017ca<\/td>\n<\/tr>\n<\/tbody>\n<\/table>\n<p>&nbsp;<\/p>\n<p style=\"text-align: center\"><strong>Nagrody indywidualne<\/strong><\/p>\n<p style=\"text-align: center\">Liczby w czwartej kolumnie oznaczaj\u0105 sumy<br \/>\nuzyskanych punkt\u00f3w (na 24 mo\u017cliwe).<\/p>\n<div style=\"text-align: center\">\n<table style=\"width: 49.27%;margin-left: auto;margin-right: auto\" border=\"1\" cellspacing=\"1\" cellpadding=\"0\">\n<tbody>\n<tr bgcolor=\"#ffff33\">\n<td style=\"width: 3.47929%\" rowspan=\"2\" width=\"2%\">\n<p style=\"text-align: center\">1<\/p>\n<\/td>\n<td style=\"width: 33.284%\">Mariusz Kossakowski<\/td>\n<td style=\"width: 27.8113%\" rowspan=\"3\">II LO Bia\u0142ystok<\/td>\n<td style=\"width: 5.02632%\" rowspan=\"2\">23<\/td>\n<td style=\"width: 30.1801%\" rowspan=\"3\">nagrody I stopnia<\/td>\n<\/tr>\n<tr bgcolor=\"#ffff33\">\n<td style=\"width: 33.284%\">Stanis\u0142aw Pa\u0144kowski<\/td>\n<\/tr>\n<tr bgcolor=\"#ffff33\">\n<td style=\"width: 3.47929%\" rowspan=\"1\" width=\"2%\">\n<p style=\"text-align: center\">3<\/p>\n<\/td>\n<td style=\"width: 33.284%\">Bartosz Rzemek<\/td>\n<td style=\"width: 5.02632%\" rowspan=\"1\">22<\/td>\n<\/tr>\n<tr bgcolor=\"#e9e9e9\">\n<td style=\"width: 3.47929%\" rowspan=\"1\" width=\"2%\">\n<p style=\"text-align: center\">4<\/p>\n<\/td>\n<td style=\"width: 33.284%\">Kacper Mocarski<\/td>\n<td style=\"width: 27.8113%\">I LO \u0141om\u017ca<\/td>\n<td style=\"width: 5.02632%\" rowspan=\"1\">18<\/td>\n<td style=\"width: 30.1801%\" rowspan=\"3\">nagrody II stopnia<\/td>\n<\/tr>\n<tr bgcolor=\"#e9e9e9\">\n<td style=\"width: 3.47929%\" rowspan=\"1\" width=\"2%\">\n<p style=\"text-align: center\">5<\/p>\n<\/td>\n<td style=\"width: 33.284%\">Jakub Zych<\/td>\n<td style=\"width: 27.8113%\" rowspan=\"2\">II LO Bia\u0142ystok<\/td>\n<td style=\"width: 5.02632%\" rowspan=\"1\">17<\/td>\n<\/tr>\n<tr bgcolor=\"#e9e9e9\">\n<td style=\"width: 3.47929%\" rowspan=\"1\" width=\"2%\">\n<p style=\"text-align: center\">6<\/p>\n<\/td>\n<td style=\"width: 33.284%\">Filip Pietrewicz<\/td>\n<td style=\"width: 5.02632%\" rowspan=\"1\">16<\/td>\n<\/tr>\n<tr bgcolor=\"#ffd5bf\">\n<td style=\"width: 3.47929%\" rowspan=\"2\" width=\"2%\">\n<p style=\"text-align: center\">7<\/p>\n<\/td>\n<td style=\"width: 33.284%\">Dominik \u015aledziewski<\/td>\n<td style=\"width: 27.8113%\" rowspan=\"2\">I LO \u0141om\u017ca<\/td>\n<td style=\"width: 5.02632%\" rowspan=\"1\">13<\/td>\n<td style=\"width: 30.1801%\" rowspan=\"3\">nagrody III stopnia<\/td>\n<\/tr>\n<tr bgcolor=\"#ffd5bf\">\n<td style=\"width: 33.284%\">Alicja Prze\u017adziecka<\/td>\n<td style=\"width: 5.02632%\" rowspan=\"1\">11<\/td>\n<\/tr>\n<tr bgcolor=\"#ffd5bf\">\n<td style=\"width: 3.47929%\" rowspan=\"1\" width=\"2%\">\n<p style=\"text-align: center\">9<\/p>\n<\/td>\n<td style=\"width: 33.284%\">Bazyli Nazaruk<\/td>\n<td style=\"width: 27.8113%\">ALO PB Bia\u0142ystok<\/td>\n<td style=\"width: 5.02632%\" rowspan=\"1\">10<\/td>\n<\/tr>\n<\/tbody>\n<\/table>\n<\/div>\n<h3 style=\"text-align: center\">Nagrodzone zespo\u0142y<\/h3>\n<p style=\"text-align: center\">Liczby w czwartej kolumnie oznaczaj\u0105 sumy uzyskanych punkt\u00f3w.<\/p>\n<h2 style=\"text-align: center\">&nbsp;<\/h2>\n<table style=\"width: 50.4367%;margin-left: auto;margin-right: auto\" border=\"1\" cellspacing=\"1\" cellpadding=\"0\">\n<tbody>\n<tr style=\"background-color: #ffff33\">\n<td style=\"width: 6%;text-align: center\" valign=\"middle\">\n<p style=\"text-align: center\">1<\/p>\n<\/td>\n<td style=\"width: 39%;text-align: center\" valign=\"middle\">Stanis\u0142aw A. Pa\u0144kowski, Bartosz Rzemek, Jakub Zych<\/td>\n<td style=\"text-align: center;width: 51.2132%\" valign=\"middle\">II Liceum Og\u00f3lnokszta\u0142c\u0105ce w Bia\u0142ymstoku<\/td>\n<td style=\"text-align: center;width: 6.03534%\" valign=\"middle\">\n<p style=\"text-align: center\">62<\/p>\n<\/td>\n<\/tr>\n<tr style=\"background-color: #ffd5bf\">\n<td style=\"width: 6%;text-align: center\" valign=\"middle\">\n<p style=\"text-align: center\">2<\/p>\n<\/td>\n<td style=\"width: 39%;text-align: center\" valign=\"middle\">Jan G\u0142\u0119bocki, Mariusz Kossakowski, Filip Pietrewicz<\/td>\n<td style=\"text-align: center;width: 51.2132%\" valign=\"middle\">II Liceum Og\u00f3lnokszta\u0142c\u0105ce w Bia\u0142ymstoku (drugi zesp\u00f3\u0142)<\/td>\n<td style=\"text-align: center;width: 6.03534%\" valign=\"middle\">\n<p style=\"text-align: center\">39<\/p>\n<\/td>\n<\/tr>\n<tr style=\"background-color: #ffd5bf\">\n<td style=\"width: 6%;text-align: center\" valign=\"middle\">\n<p style=\"text-align: center\">3<\/p>\n<\/td>\n<td style=\"width: 39%;text-align: center\" valign=\"middle\">Kacper Mocarski, Maciej Or\u0142owski, Alicja Prze\u017adziecka<\/td>\n<td style=\"text-align: center;width: 51.2132%\" valign=\"middle\">I Liceum Og\u00f3lnokszta\u0142c\u0105ce w \u0141om\u017cy<\/td>\n<td style=\"text-align: center;width: 6.03534%\" valign=\"middle\">\n<p style=\"text-align: center\">33<\/p>\n<\/td>\n<\/tr>\n<\/tbody>\n<\/table>\n<p>&nbsp;<\/p>\n<\/div>\n<p>&nbsp;<\/p>\n<\/div>\n<\/div>\n<p><!-- \/.entry-content --><\/p>\n<\/div>\n<p><!-- entry-content --><\/p>\n<\/article>\n<article class=\"hentry bordered-content\">\n<header>\n<hr>\n<h3 class=\"entry-title\">Rozwi\u0105zania zada\u0144 konkursowych 2022<\/h3>\n<\/header>\n<div class=\"entry-content\">\n<p>Zadania oraz rozwi\u0105zania s\u0105 dost\u0119pne w zak\u0142adce <a title=\"Zadania\" href=\"https:\/\/pb.edu.pl\/km\/zadania\/\">zadania<\/a>, zach\u0119camy do przeczytania!<\/p>\n<\/div>\n<p><!-- entry-content --><\/p>\n<\/article>\n<article class=\"hentry bordered-content\">\n<header>\n<hr>\n<h3 class=\"entry-title\">Szczeg\u00f3\u0142owe informacje o Konkursie G\u0142\u00f3wnym<\/h3>\n<\/header>\n<div class=\"entry-content\">\n<p>Konkurs odb\u0119dzie si\u0119 w sobot\u0119 28 maja w godzinach 11-15 w sali 12B Wydzia\u0142u Informatyki PB, ul Wiejska 45A w Bia\u0142ymstoku (droga od wej\u015bcia do budynku do sali b\u0119dzie oznakowana).<br \/>\nProsimy o przybycie oko\u0142o 10:45-10:50 i wej\u015bcie do budynku od strony budynku C.<br \/>\nPonadto prosimy o wype\u0142nienie formularza zg\u0142oszeniowego &#8222;RODO&#8221;, kt\u00f3ry mo\u017cna pobra\u0107 w formacie <a href=\"https:\/\/pb.edu.pl\/km\/wp-content\/uploads\/sites\/121\/2024\/03\/ZgloszenieKonkursMatemPB_2022.docx\">DOCX<\/a> lub <a href=\"https:\/\/pb.edu.pl\/km\/wp-content\/uploads\/sites\/121\/2024\/03\/ZgloszenieKonkursMatemPB_2022.pdf\">PDF<\/a>.<\/p>\n<\/div>\n<p><!-- entry-content --><\/p>\n<\/article>\n<article class=\"hentry bordered-content\">\n<header>\n<hr>\n<h3 class=\"entry-title\">Zadania korespondencyjne &#8211; rozwi\u0105zania<\/h3>\n<\/header>\n<div class=\"entry-content\">\n<p>Rozwi\u0105zania zada\u0144 korespondencyjnych (jedne z wielu mo\u017cliwych) dost\u0119pne s\u0105 <a href=\"https:\/\/pb.edu.pl\/km\/wp-content\/uploads\/sites\/121\/2024\/03\/rozw_koresp_22.pdf\">tutaj<\/a>.<\/p>\n<\/div>\n<p><!-- entry-content --><\/p>\n<\/article>\n<article class=\"hentry bordered-content\">\n<header>\n<hr>\n<h3 class=\"entry-title\">Lista uczestnik\u00f3w zakwalifikowanych do Konkursu G\u0142\u00f3wnego w kategorii &#8222;Junior&#8221; 2022<\/h3>\n<\/header>\n<div class=\"entry-content\">\n<p>Komitet Konkursowy postanowi\u0142 zakwalifikowa\u0107 do konkursu g\u0142\u00f3wnego w kategorii Junior nast\u0119puj\u0105cych uczestnik\u00f3w:<\/p>\n<ol>\n<li>Karol Dakowicz, Bia\u0142ystok<\/li>\n<li>Natalia Gawryluk, Bia\u0142ystok<\/li>\n<li>Kacper Januszkiewicz, Bia\u0142ystok<\/li>\n<li><strong>Kamil Januszkiewicz<\/strong>, Bia\u0142ystok<\/li>\n<li><strong>Micha\u0142 J\u00f3\u017awiak<\/strong>, Bia\u0142ystok<\/li>\n<li>Micha\u0142 Karpiuk, Bia\u0142ystok<\/li>\n<li>Pawe\u0142 Kossakowski, Bia\u0142ystok<\/li>\n<li><strong>Stanis\u0142aw Koz\u0142owski<\/strong>, Bia\u0142ystok<\/li>\n<li>Zofia Kwietko-B\u0119bnowska, Bia\u0142ystok<\/li>\n<li>Mi\u0142osz Mancewicz, Choroszcz<\/li>\n<li>Maciej Popielarczyk, \u0141om\u017ca<\/li>\n<li><strong>Adam Sienkiewicz<\/strong>, Bia\u0142ystok<\/li>\n<\/ol>\n<p>Osoby zapisane pogrubion\u0105 czcionk\u0105 rozwi\u0105za\u0142y poprawnie wszystkie zadania z etapu korespondencyjnego.<br \/>\nGratulujemy wszystkim i do zobaczenia na konkursie g\u0142\u00f3wnym!<\/p>\n<\/div>\n<p><!-- entry-content --><\/p>\n<\/article>\n<article class=\"hentry bordered-content\">\n<header>\n<hr>\n<h3 class=\"entry-title\">Zadania korespondencyjne dla Junior\u00f3w 2022<\/h3>\n<\/header>\n<div class=\"entry-content\">\n<p>Zadania dost\u0119pne s\u0105 <a href=\"https:\/\/pb.edu.pl\/km\/wp-content\/uploads\/sites\/121\/2024\/03\/koresp_22.pdf\">tutaj<\/a>. Nale\u017cy je przesy\u0142a\u0107 do <strong>17 maja 2022<\/strong> na adres: Wydzia\u0142 Informatyki Politechniki Bia\u0142ostockiej, Wiejska 45A, 15-351 Bia\u0142ystok z dopiskiem <em>Konkurs Matematyczny PB<\/em>.<\/p>\n<\/div>\n<p><!-- entry-content --><\/p>\n<\/article>\n","protected":false},"excerpt":{"rendered":"<p>&nbsp; Zako\u0144czenie Konkursu Zako\u0144czenie rozpocznie si\u0119 w dniu 10 czerwca (pi\u0105tek) o godzinie 12 w<\/p>\n","protected":false},"author":161,"featured_media":0,"parent":0,"menu_order":0,"comment_status":"closed","ping_status":"closed","template":"","meta":{"_acf_changed":false,"ngg_post_thumbnail":0,"footnotes":""},"class_list":["post-2204","page","type-page","status-publish","hentry"],"acf":[],"_links":{"self":[{"href":"https:\/\/pb.edu.pl\/km\/wp-json\/wp\/v2\/pages\/2204","targetHints":{"allow":["GET"]}}],"collection":[{"href":"https:\/\/pb.edu.pl\/km\/wp-json\/wp\/v2\/pages"}],"about":[{"href":"https:\/\/pb.edu.pl\/km\/wp-json\/wp\/v2\/types\/page"}],"author":[{"embeddable":true,"href":"https:\/\/pb.edu.pl\/km\/wp-json\/wp\/v2\/users\/161"}],"replies":[{"embeddable":true,"href":"https:\/\/pb.edu.pl\/km\/wp-json\/wp\/v2\/comments?post=2204"}],"version-history":[{"count":0,"href":"https:\/\/pb.edu.pl\/km\/wp-json\/wp\/v2\/pages\/2204\/revisions"}],"wp:attachment":[{"href":"https:\/\/pb.edu.pl\/km\/wp-json\/wp\/v2\/media?parent=2204"}],"curies":[{"name":"wp","href":"https:\/\/api.w.org\/{rel}","templated":true}]}}