{"id":2162,"date":"2024-02-09T11:13:14","date_gmt":"2024-02-09T10:13:14","guid":{"rendered":"https:\/\/pb.edu.pl\/km\/?page_id=2162"},"modified":"2024-03-29T13:04:06","modified_gmt":"2024-03-29T12:04:06","slug":"kontakt","status":"publish","type":"page","link":"https:\/\/pb.edu.pl\/km\/kontakt\/","title":{"rendered":"Kontakt"},"content":{"rendered":"<p><strong>Adres do nadsy\u0142ania rozwi\u0105za\u0144 zada\u0144 i korespondencji:<\/strong><\/p>\n<p>Wydzia\u0142 Informatyki<\/p>\n<p>Politechniki Bia\u0142ostockiej<\/p>\n<p>ul. Wiejska 45A, 15-351 Bia\u0142ystok<\/p>\n<p>(z dopiskiem&nbsp;<strong>&#8222;konkurs matematyczny&#8221;<\/strong>)<\/p>\n<p><strong>Strona internetowa:<\/strong>&nbsp;<a href=\"https:\/\/pb.edu.pl\/km\/\">http:\/\/pb.edu.pl\/km\/<\/a><\/p>\n<p><strong>Mail:<\/strong>&nbsp;<a href=\"mailto:podlaskikonkursmatematyczny@gmail.com\">podlaskikonkursmatematyczny@gmail.com<\/a><\/p>\n","protected":false},"excerpt":{"rendered":"<p>Adres do nadsy\u0142ania rozwi\u0105za\u0144 zada\u0144 i korespondencji: Wydzia\u0142 Informatyki Politechniki Bia\u0142ostockiej ul. Wiejska 45A, 15-351<\/p>\n","protected":false},"author":161,"featured_media":0,"parent":0,"menu_order":0,"comment_status":"closed","ping_status":"closed","template":"","meta":{"_acf_changed":false,"ngg_post_thumbnail":0,"footnotes":""},"class_list":["post-2162","page","type-page","status-publish","hentry"],"acf":[],"_links":{"self":[{"href":"https:\/\/pb.edu.pl\/km\/wp-json\/wp\/v2\/pages\/2162","targetHints":{"allow":["GET"]}}],"collection":[{"href":"https:\/\/pb.edu.pl\/km\/wp-json\/wp\/v2\/pages"}],"about":[{"href":"https:\/\/pb.edu.pl\/km\/wp-json\/wp\/v2\/types\/page"}],"author":[{"embeddable":true,"href":"https:\/\/pb.edu.pl\/km\/wp-json\/wp\/v2\/users\/161"}],"replies":[{"embeddable":true,"href":"https:\/\/pb.edu.pl\/km\/wp-json\/wp\/v2\/comments?post=2162"}],"version-history":[{"count":0,"href":"https:\/\/pb.edu.pl\/km\/wp-json\/wp\/v2\/pages\/2162\/revisions"}],"wp:attachment":[{"href":"https:\/\/pb.edu.pl\/km\/wp-json\/wp\/v2\/media?parent=2162"}],"curies":[{"name":"wp","href":"https:\/\/api.w.org\/{rel}","templated":true}]}}