{"id":2138,"date":"2024-02-08T11:07:24","date_gmt":"2024-02-08T10:07:24","guid":{"rendered":"https:\/\/pb.edu.pl\/km\/?page_id=2138"},"modified":"2026-04-02T22:22:34","modified_gmt":"2026-04-02T20:22:34","slug":"aktualnosci","status":"publish","type":"page","link":"https:\/\/pb.edu.pl\/km\/aktualnosci\/","title":{"rendered":"Aktualno\u015bci"},"content":{"rendered":"<article class=\"hentry bordered-content\">\n<div class=\"article\">\n<h3><strong>Zach\u0119camy do przeczytania zada\u0144 oraz rozwi\u0105za\u0144 z tegorocznego konkursu<\/strong><\/h3>\n<p><strong><a href=\"https:\/\/pb.edu.pl\/km\/wp-content\/uploads\/sites\/121\/2026\/04\/zad_kon_I_26.pdf\">Kategoria klas pierwszych<\/a><\/strong><\/p>\n<p><strong><a href=\"https:\/\/pb.edu.pl\/km\/wp-content\/uploads\/sites\/121\/2026\/04\/zad_kon_II_26.pdf\">Kategoria klas drugich<\/a><\/strong><\/p>\n<p><strong><a href=\"https:\/\/pb.edu.pl\/km\/wp-content\/uploads\/sites\/121\/2026\/04\/zad_kon_III_26.pdf\">Kategoria klas trzecich<\/a><\/strong><\/p>\n<p><strong><a href=\"https:\/\/pb.edu.pl\/km\/wp-content\/uploads\/sites\/121\/2026\/04\/r_zad_kon_I_26.pdf\">Rozwi\u0105zania &#8211; klasy pierwsze<\/a><\/strong><\/p>\n<p><strong><a href=\"https:\/\/pb.edu.pl\/km\/wp-content\/uploads\/sites\/121\/2026\/04\/r_zad_kon_II_26.pdf\">Rozwi\u0105zania &#8211; klasy drugie<\/a><\/strong><\/p>\n<p><a href=\"https:\/\/pb.edu.pl\/km\/wp-content\/uploads\/sites\/121\/2026\/04\/r_zad_kon_III_26.pdf\"><strong>Rozwi\u0105zania &#8211; klasy trzecie<\/strong><\/a><\/p>\n<p>&nbsp;<\/p>\n<\/div>\n<p><!-- entry-content --><\/p>\n<\/article>\n<article class=\"hentry bordered-content\">\n<div>\n<h3 class=\"entry-title\" style=\"text-align: center\"><strong>Laureaci 2026<\/strong><\/h3>\n<div class=\"entry-content\">\n<div class=\"article\">\n<p style=\"text-align: center\"><strong>Nagroda G\u0142\u00f3wna im. Edmunda Puczy\u0142owskiego<\/strong><\/p>\n<table style=\"width: 61.5879%;height: 30px;margin-left: auto;margin-right: auto;text-align: center\" border=\"1\" cellspacing=\"1\" cellpadding=\"0\">\n<tbody>\n<tr bgcolor=\"#ffff33\">\n<td>Aliaksei Krutalevich<\/td>\n<td rowspan=\"1\">III LO Gdynia<\/td>\n<\/tr>\n<tr bgcolor=\"#ffff33\">\n<td>Weronika Kwolek<\/td>\n<td rowspan=\"1\">III LO Gdynia<\/td>\n<\/tr>\n<tr bgcolor=\"#ffff33\">\n<td>Miko\u0142aj \u0141awreszuk<\/td>\n<td rowspan=\"1\">II LO Bia\u0142ystok<\/td>\n<\/tr>\n<\/tbody>\n<\/table>\n<p>&nbsp;<\/p>\n<p style=\"text-align: center\"><strong>Nagroda G\u0142\u00f3wna im. Edwarda Zycha<\/strong><\/p>\n<table style=\"width: 61.5879%;height: 30px;margin-left: auto;margin-right: auto;text-align: center\" border=\"1\" cellspacing=\"1\" cellpadding=\"0\">\n<tbody>\n<tr bgcolor=\"#ffff33\">\n<td style=\"width: 55.0898%\">Wiktor Pawlicki<\/td>\n<td style=\"width: 44.6108%\" rowspan=\"1\">I LO Bia\u0142ystok<\/td>\n<\/tr>\n<\/tbody>\n<\/table>\n<h2 style=\"text-align: center\">Kategoria klas pierwszych<\/h2>\n<p style=\"text-align: center\"><strong>Nagrody indywidualne<\/strong><\/p>\n<p style=\"text-align: center\">Liczby w czwartej kolumnie oznaczaj\u0105 sumy<br \/>\nuzyskanych punkt\u00f3w (na 24 mo\u017cliwe).<\/p>\n<div style=\"text-align: center\">\n<table style=\"width: 61.5879%;margin-left: auto;margin-right: auto;height: 167px;text-align: center\" border=\"1\" cellspacing=\"1\" cellpadding=\"0\">\n<tbody>\n<tr bgcolor=\"#ffff33\">\n<td style=\"height: 42px\" rowspan=\"2\" width=\"2%\">1<\/td>\n<td style=\"height: 42px\">Aliaksei Pauliuchenka<\/td>\n<td style=\"height: 42px\">II LO Bia\u0142ystok<\/td>\n<td style=\"height: 42px\" rowspan=\"2\">24<\/td>\n<td style=\"height: 42px\" rowspan=\"3\">nagroda I stopnia<\/td>\n<\/tr>\n<tr bgcolor=\"#ffff33\">\n<td style=\"height: 42px\">Mateusz Wiechowicz<\/td>\n<td style=\"height: 42px\" rowspan=\"2\">I LO Bia\u0142ystok<\/td>\n<\/tr>\n<tr bgcolor=\"#ffff33\">\n<td style=\"height: 42px\" rowspan=\"1\" width=\"2%\">3<\/td>\n<td style=\"height: 42px\">Maciej Koniuch<\/td>\n<td style=\"height: 42px\">23<\/td>\n<\/tr>\n<tr bgcolor=\"#e9e9e9\">\n<td style=\"height: 42px\" rowspan=\"1\" width=\"2%\">4<\/td>\n<td style=\"height: 42px\">Aleksandra Samojlik<\/td>\n<td style=\"height: 42px\">I LO Bia\u0142ystok<\/td>\n<td style=\"height: 42px\" rowspan=\"1\">19<\/td>\n<td style=\"height: 42px\" rowspan=\"3\">nagroda II stopnia<\/td>\n<\/tr>\n<tr bgcolor=\"#e9e9e9\">\n<td style=\"height: 42px\" rowspan=\"2\" width=\"2%\">5<\/td>\n<td style=\"height: 42px\">Mi\u0142osz Koz\u0142owski<\/td>\n<td style=\"height: 42px\" rowspan=\"2\">II LO Bia\u0142ystok<\/td>\n<td style=\"height: 42px\" rowspan=\"2\">18<\/td>\n<\/tr>\n<tr bgcolor=\"#e9e9e9\">\n<td style=\"height: 42px\">Micha\u0142 Rakowski<\/td>\n<\/tr>\n<tr style=\"height: 42px\" bgcolor=\"#ffd5bf\">\n<td style=\"height: 42px\" width=\"2%\">7<\/td>\n<td style=\"height: 42px\">Jakub Bednarz<\/td>\n<td style=\"height: 42px\">ALO PB Bia\u0142ystok<\/td>\n<td style=\"height: 42px\">14<\/td>\n<td style=\"height: 42px\">nagroda III stopnia<\/td>\n<\/tr>\n<tr style=\"height: 31px\" bgcolor=\"#ccffcc\">\n<td style=\"height: 125px\" rowspan=\"5\" width=\"2%\">8<\/td>\n<td style=\"height: 31px\">Bart\u0142omiej M\u0142y\u0144czyk<\/td>\n<td style=\"height: 31px\">I LO Bia\u0142ystok<\/td>\n<td style=\"height: 125px\" rowspan=\"3\">12<\/td>\n<td style=\"height: 104px\" rowspan=\"3\">wyr\u00f3\u017cnienie<\/td>\n<\/tr>\n<tr style=\"height: 21px\" bgcolor=\"#ccffcc\">\n<td style=\"height: 21px\">Amelia Normantowicz<\/td>\n<td style=\"height: 21px\">II LO Bia\u0142ystok<\/td>\n<\/tr>\n<tr style=\"height: 21px\" bgcolor=\"#ccffcc\">\n<td style=\"height: 21px\">Krzysztof Szymanowski<\/td>\n<td style=\"height: 21px\">ALO PB Bia\u0142ystok<\/td>\n<\/tr>\n<\/tbody>\n<\/table>\n<\/div>\n<h3 style=\"text-align: center\">Nagrodzone zespo\u0142y<\/h3>\n<p style=\"text-align: center\">Liczby w czwartej kolumnie oznaczaj\u0105 sumy uzyskanych punkt\u00f3w.<\/p>\n<table style=\"width: 61.5879%;margin-left: auto;margin-right: auto;height: 115px\" border=\"1\" cellspacing=\"1\" cellpadding=\"0\">\n<tbody>\n<tr style=\"background-color: #ffff33\">\n<td style=\"width: 6%;text-align: center;height: 42px\" valign=\"middle\">\n<p style=\"text-align: center\">1<\/p>\n<\/td>\n<td style=\"width: 39%;text-align: center;height: 42px\" valign=\"middle\">Maciej Koniuch, Aleksandra Samojlik, Mateusz Wiechowicz<\/td>\n<td style=\"text-align: center;height: 42px\" rowspan=\"1\" valign=\"middle\">I Liceum Og\u00f3lnokszta\u0142c\u0105ce Bia\u0142ystok<\/td>\n<td style=\"text-align: center;height: 42px\" valign=\"middle\">\n<p style=\"text-align: center\">66<\/p>\n<\/td>\n<\/tr>\n<tr style=\"background-color: #e9e9e9\">\n<td style=\"width: 6%;text-align: center;height: 31px\">\n<p style=\"text-align: center\">2<\/p>\n<\/td>\n<td style=\"width: 39%;text-align: center;height: 31px\">Mi\u0142osz Koz\u0142owski, Aliaksei Pauliuchenka, Micha\u0142 Rakowski<\/td>\n<td style=\"text-align: center;height: 31px\" rowspan=\"1\" valign=\"middle\">II Liceum Og\u00f3lnokszta\u0142c\u0105ce Bia\u0142ystok<\/td>\n<td style=\"text-align: center;height: 31px\">\n<p style=\"text-align: center\">60<\/p>\n<\/td>\n<\/tr>\n<tr style=\"height: 42px\" bgcolor=\"#ccffcc\">\n<td style=\"text-align: center;height: 42px\">3<\/td>\n<td style=\"text-align: center;height: 42px\">Jakub Bednarz, Oliwier Nawrocki, Krzysztof Szymanowski<\/td>\n<td style=\"text-align: center;height: 42px\">Akademickie Liceum Og\u00f3lnokszta\u0142c\u0105ce PB Bia\u0142ystok<\/td>\n<td style=\"text-align: center;height: 42px\">34<\/td>\n<\/tr>\n<\/tbody>\n<\/table>\n<div class=\"article\">\n<p>&nbsp;<\/p>\n<h2 style=\"text-align: center\">Kategoria klas drugich<\/h2>\n<p style=\"text-align: center\"><strong>Nagrody indywidualne<\/strong><\/p>\n<p style=\"text-align: center\">Liczby w czwartej kolumnie oznaczaj\u0105 sumy<br \/>\nuzyskanych punkt\u00f3w (na 24 mo\u017cliwe).<\/p>\n<div style=\"text-align: center\">\n<table style=\"width: 61.5879%;margin-left: auto;margin-right: auto;height: 250px;text-align: center\" border=\"1\" cellspacing=\"1\" cellpadding=\"0\">\n<tbody>\n<tr style=\"height: 31px\" bgcolor=\"#ffff33\">\n<td style=\"height: 31px;width: 2%\" width=\"2%\">\n<p style=\"text-align: center\">1<\/p>\n<\/td>\n<td style=\"height: 31px;width: 31.0709%\">Wiktor Pawlicki<\/td>\n<td style=\"height: 31px;width: 33.9367%\">I LO Bia\u0142ystok<\/td>\n<td style=\"height: 31px;width: 3.92157%\">24<\/td>\n<td style=\"height: 31px;width: 28.9593%\">nagroda I stopnia<\/td>\n<\/tr>\n<tr style=\"height: 31px\" bgcolor=\"#ffd5bf\">\n<td style=\"height: 31px;width: 2%\" width=\"2%\">\n<p style=\"text-align: center\">2<\/p>\n<\/td>\n<td style=\"height: 31px;width: 31.0709%\">Piotr Flaga<\/td>\n<td style=\"height: 31px;width: 33.9367%\">I LO \u0141om\u017ca<\/td>\n<td style=\"height: 31px;width: 3.92157%\">15<\/td>\n<td style=\"height: 177px;width: 28.9593%\" rowspan=\"4\">nagroda III stopnia<\/td>\n<\/tr>\n<tr style=\"height: 31px\" bgcolor=\"#ffd5bf\">\n<td style=\"height: 115px;width: 2%\" rowspan=\"2\" width=\"2%\">3<\/td>\n<td style=\"height: 31px;width: 31.0709%\">Miko\u0142aj Iwaniuk<\/td>\n<td style=\"height: 31px;width: 33.9367%\">II LO Bia\u0142ystok<\/td>\n<td style=\"height: 115px;width: 3.92157%\" rowspan=\"2\">14<\/td>\n<\/tr>\n<tr style=\"height: 21px\" bgcolor=\"#ffd5bf\">\n<td style=\"height: 21px;width: 31.0709%\">Tomasz Samsonowicz<\/td>\n<td style=\"height: 21px;width: 33.9367%\">I LO Bia\u0142ystok<\/td>\n<\/tr>\n<tr style=\"height: 21px\" bgcolor=\"#ffd5bf\">\n<td style=\"height: 21px;width: 2%\" rowspan=\"1\" width=\"2%\">5<\/td>\n<td style=\"height: 21px;width: 31.0709%\">Szymon Okurowski<\/td>\n<td style=\"height: 21px;width: 33.9367%\">II LO Bia\u0142ystok<\/td>\n<td style=\"height: 21px;width: 3.92157%\" rowspan=\"1\">13<\/td>\n<\/tr>\n<tr style=\"height: 21px\" bgcolor=\"#ccffcc\">\n<td style=\"height: 21px;width: 3.92157%\" rowspan=\"2\">6<\/td>\n<td style=\"height: 21px;width: 31.0709%\">Micha\u0142 Gelatka<\/td>\n<td style=\"height: 21px;width: 33.9367%\">I LO \u0141om\u017ca<\/td>\n<td style=\"height: 21px;width: 3.92157%\" rowspan=\"2\">10<\/td>\n<td style=\"height: 104px\" rowspan=\"2\">wyr\u00f3\u017cnienie<\/td>\n<\/tr>\n<tr style=\"height: 21px\" bgcolor=\"#ccffcc\">\n<td style=\"height: 21px;width: 31.0709%\">Serhii Ivanov<\/td>\n<td style=\"height: 21px;width: 33.9367%\">II LO Bia\u0142ystok<\/td>\n<\/tr>\n<\/tbody>\n<\/table>\n<\/div>\n<h3 style=\"text-align: center\">Nagrodzone zespo\u0142y<\/h3>\n<p style=\"text-align: center\">Liczby w czwartej kolumnie oznaczaj\u0105 sumy uzyskanych punkt\u00f3w.<\/p>\n<table style=\"width: 61.5879%;margin-left: auto;margin-right: auto;height: 136px\" border=\"1\" cellspacing=\"1\" cellpadding=\"0\">\n<tbody>\n<tr style=\"background-color: #ffff33\">\n<td style=\"width: 6%;text-align: center;height: 31px\" valign=\"middle\">\n<p style=\"text-align: center\">1<\/p>\n<\/td>\n<td style=\"width: 39%;text-align: center;height: 31px\" valign=\"middle\">Hanna Aleksiejuk, Wiktor Pawlicki, Tomasz Samsonowicz<\/td>\n<td style=\"text-align: center;height: 31px\" valign=\"middle\">I Liceum Og\u00f3lnokszta\u0142c\u0105ce Bia\u0142ystok<\/td>\n<td style=\"text-align: center;height: 31px\" valign=\"middle\">\n<p style=\"text-align: center\">40<\/p>\n<\/td>\n<\/tr>\n<tr style=\"height: 42px\" bgcolor=\"#e9e9e9\">\n<td style=\"text-align: center;height: 84px\" rowspan=\"1\">2<\/td>\n<td style=\"text-align: center;height: 42px\">Piotr Flaga, Micha\u0142 Gelatka, Anna Sendrowska<\/td>\n<td style=\"text-align: center;height: 42px\">I Liceum Og\u00f3lnokszta\u0142c\u0105ce \u0141om\u017ca<\/td>\n<td style=\"text-align: center;height: 84px\" rowspan=\"1\">30<\/td>\n<\/tr>\n<tr style=\"height: 21px\" bgcolor=\"#ffd5bf\">\n<td style=\"text-align: center;height: 21px\">3<\/td>\n<td style=\"text-align: center;height: 21px\">Serhii Ivanov, Miko\u0142aj Iwaniuk, Patryk Radziwo\u0144ski<\/td>\n<td style=\"text-align: center;height: 21px\">II Liceum Og\u00f3lnokszta\u0142c\u0105ce Bia\u0142ystok<\/td>\n<td style=\"text-align: center;height: 21px\">26<\/td>\n<\/tr>\n<\/tbody>\n<\/table>\n<div class=\"article\">\n<p>&nbsp;<\/p>\n<h2 style=\"text-align: center\">Kategoria klas trzecich<\/h2>\n<p style=\"text-align: center\"><strong>Nagrody indywidualne<\/strong><\/p>\n<p style=\"text-align: center\">Liczby w czwartej kolumnie oznaczaj\u0105 sumy<br \/>\nuzyskanych punkt\u00f3w (na 24 mo\u017cliwe).<\/p>\n<div style=\"text-align: center\">\n<table style=\"width: 61.5879%;margin-left: auto;margin-right: auto;height: 197px;text-align: center\" border=\"1\" cellspacing=\"1\" cellpadding=\"0\">\n<tbody>\n<tr style=\"height: 31px\" bgcolor=\"#ffff33\">\n<td style=\"width: 2%;height: 31px\" rowspan=\"2\" width=\"2%\">1<\/td>\n<td style=\"width: 33.3832%;height: 31px\">Aliaksei Krutalevich<\/td>\n<td style=\"width: 25.7485%;height: 31px\">III LO Gdynia<\/td>\n<td style=\"width: 4.64072%;height: 31px\" rowspan=\"2\">24<\/td>\n<td style=\"width: 34.1317%;height: 31px\" rowspan=\"3\">nagroda I stopnia<\/td>\n<\/tr>\n<tr style=\"height: 31px\" bgcolor=\"#ffff33\">\n<td style=\"width: 33.3832%;height: 31px\">Miko\u0142aj \u0141awreszuk<\/td>\n<td style=\"width: 25.7485%;height: 31px\">II LO Bia\u0142ystok<\/td>\n<\/tr>\n<tr style=\"height: 31px\" bgcolor=\"#ffff33\">\n<td style=\"width: 2%;height: 31px\" rowspan=\"1\" width=\"2%\">3<\/td>\n<td style=\"width: 33.3832%;height: 31px\">Weronika Kwolek<\/td>\n<td style=\"width: 25.7485%;height: 31px\">III LO Gdynia<\/td>\n<td style=\"width: 4.64072%;height: 31px\" rowspan=\"1\">23<\/td>\n<\/tr>\n<tr style=\"height: 31px\" bgcolor=\"#e9e9e9\">\n<td style=\"width: 2%;height: 31px\" rowspan=\"2\" width=\"2%\">4<\/td>\n<td style=\"width: 33.3832%;height: 31px\">Jan Ksepko<\/td>\n<td style=\"width: 25.7485%;height: 31px\">I LO Bia\u0142ystok<\/td>\n<td style=\"width: 4.64072%;height: 31px\" rowspan=\"2\">20<\/td>\n<td style=\"width: 34.1317%;height: 31px\" rowspan=\"2\">nagroda II stopnia<\/td>\n<\/tr>\n<tr style=\"height: 31px\" bgcolor=\"#e9e9e9\">\n<td style=\"width: 33.3832%;height: 31px\">Franciszek My\u015bliwiec<\/td>\n<td style=\"width: 25.7485%;height: 31px\">I LO \u0141om\u017ca<\/td>\n<\/tr>\n<tr style=\"height: 31px\" bgcolor=\"#ffd5bf\">\n<td style=\"width: 2%;height: 31px\" rowspan=\"2\" width=\"2%\">6<\/td>\n<td style=\"width: 33.3832%;height: 31px\">Dawid Malinowski<\/td>\n<td style=\"width: 25.7485%;height: 31px\">I LO Bia\u0142ystok<\/td>\n<td style=\"width: 4.64072%;height: 31px\" rowspan=\"2\">18<\/td>\n<td style=\"width: 34.1317%;height: 93px\" rowspan=\"3\">nagrody III stopnia<\/td>\n<\/tr>\n<tr style=\"height: 31px\" bgcolor=\"#ffd5bf\">\n<td style=\"width: 33.3832%;height: 31px\">Maciej Sobolewski<\/td>\n<td style=\"width: 25.7485%;height: 31px\" rowspan=\"2\">II LO Bia\u0142ystok<\/td>\n<\/tr>\n<tr style=\"height: 31px\" bgcolor=\"#ffd5bf\">\n<td style=\"width: 2%;height: 31px\" rowspan=\"1\">8<\/td>\n<td style=\"width: 33.3832%;height: 31px\">Mateusz S\u0142aby<\/td>\n<td style=\"width: 4.64072%;height: 31px\" rowspan=\"1\">17<\/td>\n<\/tr>\n<tr style=\"height: 21px\" bgcolor=\"#ccffcc\">\n<td style=\"width: 2%;height: 31px\" rowspan=\"1\" width=\"2%\">9<\/td>\n<td style=\"width: 33.3832%;height: 31px\">Adam Tutkowski<\/td>\n<td style=\"width: 25.7485%;height: 31px\">III LO Gdynia<\/td>\n<td style=\"width: 4.64072%;height: 31px\" rowspan=\"1\">14<\/td>\n<td style=\"width: 34.1317%;height: 42px\" rowspan=\"5\">wyr\u00f3\u017cnienie<\/td>\n<\/tr>\n<tr style=\"height: 21px\" bgcolor=\"#ccffcc\">\n<td style=\"width: 2%;height: 31px\" rowspan=\"1\" width=\"2%\">10<\/td>\n<td style=\"width: 33.3832%;height: 31px\">Kacper Sakowski<\/td>\n<td style=\"width: 25.7485%;height: 31px\">II LO Bia\u0142ystok<\/td>\n<td style=\"width: 4.64072%;height: 31px\" rowspan=\"1\">13<\/td>\n<\/tr>\n<tr style=\"height: 21px\" bgcolor=\"#ccffcc\">\n<td style=\"width: 2%;height: 31px\" rowspan=\"1\" width=\"2%\">11<\/td>\n<td style=\"width: 33.3832%;height: 31px\">Natalia Rysiowska<\/td>\n<td style=\"width: 25.7485%;height: 31px\">II LO Lubart\u00f3w<\/td>\n<td style=\"width: 4.64072%;height: 31px\" rowspan=\"1\">12<\/td>\n<\/tr>\n<tr style=\"height: 21px\" bgcolor=\"#ccffcc\">\n<td style=\"width: 2%;height: 42px\" rowspan=\"2\">\n<p style=\"text-align: center\">12<\/p>\n<\/td>\n<td style=\"width: 33.3832%;height: 21px\">Sebastian Wawrzeniuk<\/td>\n<td style=\"width: 25.7485%;height: 31px\" rowspan=\"1\">VIII LO Bia\u0142ystok<\/td>\n<td style=\"width: 4.64072%;height: 42px\" rowspan=\"2\">10<\/td>\n<\/tr>\n<tr style=\"height: 21px\" bgcolor=\"#ccffcc\">\n<td style=\"width: 33.3832%;height: 21px\">Micha\u0142 Weso\u0142owski<\/td>\n<td style=\"width: 25.7485%;height: 21px\">I LO Bia\u0142ystok<\/td>\n<\/tr>\n<\/tbody>\n<\/table>\n<\/div>\n<h3 style=\"text-align: center\">Nagrodzone zespo\u0142y<\/h3>\n<p style=\"text-align: center\">Liczby w czwartej kolumnie oznaczaj\u0105 sumy uzyskanych punkt\u00f3w.<\/p>\n<table style=\"width: 672px;margin-left: auto;margin-right: auto\" border=\"1\" cellspacing=\"1\" cellpadding=\"0\">\n<tbody>\n<tr style=\"background-color: #ffff33\">\n<td style=\"width: 6%;text-align: center\" valign=\"middle\">\n<p style=\"text-align: center\">1<\/p>\n<\/td>\n<td style=\"width: 39%;text-align: center\" valign=\"middle\">Aliaksei Krutalevich, Weronika Kwolek, Adam Tutkowski<\/td>\n<td style=\"text-align: center\" valign=\"middle\">III Liceum Og\u00f3lnokszta\u0142c\u0105ce Gdynia<\/td>\n<td style=\"text-align: center\" valign=\"middle\">\n<p style=\"text-align: center\">61<\/p>\n<\/td>\n<\/tr>\n<tr style=\"background-color: #e9e9e9\">\n<td style=\"width: 6%;text-align: center\" valign=\"middle\">\n<p style=\"text-align: center\">2<\/p>\n<\/td>\n<td style=\"width: 39%;text-align: center\" valign=\"middle\">Miko\u0142aj \u0141awreszuk, Mateusz S\u0142aby, Maciej Sobolewski<\/td>\n<td style=\"text-align: center\" valign=\"middle\">II Liceum Og\u00f3lnokszta\u0142c\u0105ce Bia\u0142ystok<\/td>\n<td style=\"text-align: center\" valign=\"middle\">\n<p style=\"text-align: center\">59<\/p>\n<\/td>\n<\/tr>\n<tr style=\"background-color: #ffd5bf\">\n<td style=\"width: 6%;text-align: center\" valign=\"middle\">\n<p style=\"text-align: center\">3<\/p>\n<\/td>\n<td style=\"width: 39%;text-align: center\" valign=\"middle\">Jan Ksepko, Dawid Malinowski, Micha\u0142 Weso\u0142owski<\/td>\n<td style=\"text-align: center\" valign=\"middle\">I Liceum Og\u00f3lnokszta\u0142c\u0105ce Bia\u0142ystok<\/td>\n<td style=\"text-align: center\" valign=\"middle\">\n<p style=\"text-align: center\">48<\/p>\n<\/td>\n<\/tr>\n<\/tbody>\n<\/table>\n<\/div>\n<\/div>\n<\/div>\n<\/div>\n<p><!-- entry-content --><\/p>\n<\/div>\n<article class=\"hentry bordered-content\">\n<div>\n<p><strong><img loading=\"lazy\" decoding=\"async\" class=\"wp-image-2355 size-thumbnail alignleft\" src=\"https:\/\/pb.edu.pl\/km\/wp-content\/uploads\/sites\/121\/2024\/03\/Obraz2-150x150.png\" alt=\"\" width=\"150\" height=\"150\" srcset=\"https:\/\/pb.edu.pl\/km\/wp-content\/uploads\/sites\/121\/2024\/03\/Obraz2-150x150.png 150w, https:\/\/pb.edu.pl\/km\/wp-content\/uploads\/sites\/121\/2024\/03\/Obraz2-300x300.png 300w, https:\/\/pb.edu.pl\/km\/wp-content\/uploads\/sites\/121\/2024\/03\/Obraz2.png 718w\" sizes=\"auto, (max-width: 150px) 100vw, 150px\" \/><\/strong><\/p>\n<p style=\"text-align: left\"><strong>&nbsp; _____________________________________________________<\/strong><\/p>\n<p style=\"text-align: left\"><strong>XVIII KONKURS &nbsp;MATEMATYCZNY <\/strong><\/p>\n<p style=\"text-align: left\"><strong>Politechniki Bia\u0142ostockiej 2026<\/strong><\/p>\n<p style=\"text-align: left\"><strong>28 marca 2026, godz.11.00<\/strong><\/p>\n<p style=\"text-align: left\"><strong>______________________________________________________<\/strong><\/p>\n<\/div>\n<p style=\"text-align: center\">&nbsp;<\/p>\n<p style=\"font-weight: 400;text-align: center\"><strong>ZAPRASZAMY<\/strong><\/p>\n<p style=\"font-weight: 400\"><strong>&nbsp;<\/strong><\/p>\n<ol style=\"font-weight: 400\">\n<li>Konkurs organizuje Centrum Popularyzacji Matematyki SIGNUM przy Wydziale Informatyki Politechniki Bia\u0142ostockiej.<\/li>\n<li>W Konkursie mog\u0105 uczestniczy\u0107 uczniowie klas pierwszych, drugich i trzecich lice\u00f3w.<\/li>\n<li>Konkurs jest przeprowadzany w trzech kategoriach wiekowych: juniorzy (uczniowie I&nbsp;klas lice\u00f3w), klasy drugie, klasy trzecie.<\/li>\n<li>W Konkursie we wszystkich kategoriach bior\u0105 udzia\u0142 3-osobowe zespo\u0142y reprezentuj\u0105ce szko\u0142y. <strong>Szko\u0142a mo\u017ce zg\u0142osi\u0107 nie wi\u0119cej ni\u017c dwa zespo\u0142y w ka\u017cdej z tych kategorii wiekowej.<\/strong><\/li>\n<li>Na Konkursie uczestnicy rozwi\u0105zuj\u0105 samodzielnie (w czasie 4 godzin) cztery zadania. Rozwi\u0105zania zada\u0144 s\u0105 oceniane niezale\u017cnie przez dw\u00f3ch sprawdzaj\u0105cych wed\u0142ug skali stosowanej w Olimpiadzie Matematycznej (0, 2, 5, 6 punkt\u00f3w). W&nbsp;przypadku rozbie\u017cno\u015bci ocen ostateczn\u0105 ocen\u0119 wystawia przewodnicz\u0105cy Komisji Konkursowej.<\/li>\n<li>Klasyfikacja zespo\u0142\u00f3w jest ustalana na podstawie sumy punkt\u00f3w uzyskanych przez wszystkich cz\u0142onk\u00f3w poszczeg\u00f3lnych zespo\u0142\u00f3w.<\/li>\n<li>Klasyfikacja indywidualna (w ka\u017cdej kategorii wiekowej) jest ustalana na podstawie liczby punkt\u00f3w uzyskanych przez poszczeg\u00f3lnych uczestnik\u00f3w.<\/li>\n<li>Laureaci konkursu w kategoriach klas drugich i trzecich s\u0105 premiowani indeksem PB (kierunki: informatyka, matematyka stosowana)!<\/li>\n<\/ol>\n<p style=\"font-weight: 400\">&nbsp;<\/p>\n<p style=\"font-weight: 400\">Konkurs odb\u0119dzie si\u0119 w sobot\u0119 <strong>28 marca 2026<\/strong> w godzinach 11-15 w Auli 5B Wydzia\u0142u Informatyki PB, ul Wiejska 45A w Bia\u0142ymstoku (droga od wej\u015bcia do budynku do sali b\u0119dzie oznakowana). Prosimy o przybycie oko\u0142o <strong>10:30<\/strong>.<\/p>\n<p style=\"font-weight: 400\">&nbsp;<\/p>\n<p style=\"font-weight: 400\">Ponadto prosimy o wype\u0142nienie formularza zg\u0142oszeniowego \u201eRODO\u201d, kt\u00f3ry mo\u017cna pobra\u0107 w formacie <a href=\"https:\/\/pb.edu.pl\/km\/wp-content\/uploads\/sites\/121\/2026\/02\/ZgloszenieKonkursMatemPB_2026.docx\">DOCX<\/a> lub <a href=\"https:\/\/pb.edu.pl\/km\/wp-content\/uploads\/sites\/121\/2026\/02\/ZgloszenieKonkursMatemPB_2026.pdf\">PDF<\/a>.<\/p>\n<p style=\"font-weight: 400\">&nbsp;Zg\u0142oszenia zespo\u0142\u00f3w nale\u017cy przysy\u0142a\u0107 do dnia <strong>20 marca 2026 r.<\/strong> na adres:<\/p>\n<p style=\"font-weight: 400\">&nbsp;<\/p>\n<p style=\"font-weight: 400;text-align: center\"><a href=\"mailto:podlaskikonkursmatematyczny@gmail.com\"><strong>podlaskikonkursmatematyczny@gmail.com<\/strong><\/a><\/p>\n<p style=\"font-weight: 400\"><strong>&nbsp;<\/strong><\/p>\n<p style=\"font-weight: 400\">Wszystkie potrzebne informacje znale\u017a\u0107 mo\u017cna na stronie: <strong>https:\/\/pb.edu.pl\/km<\/strong><\/p>\n<p>&nbsp;<\/p>\n<p><img loading=\"lazy\" decoding=\"async\" class=\"wp-image-2130 size-medium alignleft\" src=\"https:\/\/pb.edu.pl\/km\/wp-content\/uploads\/sites\/121\/2024\/02\/logo-WI-PB-wersja-pelna-kolor-czarny-zoom-2-300x76.webp\" alt=\"\" width=\"300\" height=\"76\" srcset=\"https:\/\/pb.edu.pl\/km\/wp-content\/uploads\/sites\/121\/2024\/02\/logo-WI-PB-wersja-pelna-kolor-czarny-zoom-2-300x76.webp 300w, https:\/\/pb.edu.pl\/km\/wp-content\/uploads\/sites\/121\/2024\/02\/logo-WI-PB-wersja-pelna-kolor-czarny-zoom-2-768x194.webp 768w, https:\/\/pb.edu.pl\/km\/wp-content\/uploads\/sites\/121\/2024\/02\/logo-WI-PB-wersja-pelna-kolor-czarny-zoom-2.webp 861w\" sizes=\"auto, (max-width: 300px) 100vw, 300px\" \/> <img loading=\"lazy\" decoding=\"async\" class=\"wp-image-2171 size-full alignleft\" src=\"https:\/\/pb.edu.pl\/km\/wp-content\/uploads\/sites\/121\/2024\/02\/pb_logo.png\" alt=\"\" width=\"186\" height=\"154\"><\/p>\n<\/article>\n<\/article>\n","protected":false},"excerpt":{"rendered":"<p>Zach\u0119camy do przeczytania zada\u0144 oraz rozwi\u0105za\u0144 z tegorocznego konkursu Kategoria klas pierwszych Kategoria klas drugich<\/p>\n","protected":false},"author":161,"featured_media":0,"parent":0,"menu_order":0,"comment_status":"closed","ping_status":"closed","template":"","meta":{"_acf_changed":false,"ngg_post_thumbnail":0,"footnotes":""},"class_list":["post-2138","page","type-page","status-publish","hentry"],"acf":[],"_links":{"self":[{"href":"https:\/\/pb.edu.pl\/km\/wp-json\/wp\/v2\/pages\/2138","targetHints":{"allow":["GET"]}}],"collection":[{"href":"https:\/\/pb.edu.pl\/km\/wp-json\/wp\/v2\/pages"}],"about":[{"href":"https:\/\/pb.edu.pl\/km\/wp-json\/wp\/v2\/types\/page"}],"author":[{"embeddable":true,"href":"https:\/\/pb.edu.pl\/km\/wp-json\/wp\/v2\/users\/161"}],"replies":[{"embeddable":true,"href":"https:\/\/pb.edu.pl\/km\/wp-json\/wp\/v2\/comments?post=2138"}],"version-history":[{"count":9,"href":"https:\/\/pb.edu.pl\/km\/wp-json\/wp\/v2\/pages\/2138\/revisions"}],"predecessor-version":[{"id":3148,"href":"https:\/\/pb.edu.pl\/km\/wp-json\/wp\/v2\/pages\/2138\/revisions\/3148"}],"wp:attachment":[{"href":"https:\/\/pb.edu.pl\/km\/wp-json\/wp\/v2\/media?parent=2138"}],"curies":[{"name":"wp","href":"https:\/\/api.w.org\/{rel}","templated":true}]}}