{"id":11,"date":"2020-08-25T20:12:37","date_gmt":"2020-08-25T18:12:37","guid":{"rendered":"https:\/\/pb.edu.pl\/klasa-konfucjanska\/?page_id=11"},"modified":"2025-03-10T19:25:26","modified_gmt":"2025-03-10T18:25:26","slug":"home","status":"publish","type":"page","link":"https:\/\/pb.edu.pl\/klasa-konfucjanska\/","title":{"rendered":""},"content":{"rendered":"<script> window.location.href=\"https:\/\/pb.edu.pl\/cwpc\/#klasa-konfucjanska\";<\/script>\n","protected":false},"excerpt":{"rendered":"","protected":false},"author":2,"featured_media":0,"parent":0,"menu_order":0,"comment_status":"closed","ping_status":"closed","template":"","meta":{"_acf_changed":false,"ngg_post_thumbnail":0,"footnotes":""},"class_list":["post-11","page","type-page","status-publish","hentry"],"acf":[],"yoast_head":"<!-- This site is optimized with the Yoast SEO plugin v27.0 - https:\/\/yoast.com\/product\/yoast-seo-wordpress\/ -->\n<title>Centrum Wsp\u00f3\u0142pracy Polsko-Chi\u0144skiej<\/title>\n<meta name=\"description\" content=\"Dzia\u0142ania Klasy Konfucja\u0144skiej PB: promocj\u0119 i popularyzacj\u0119 j\u0119zyka, kultury, sztuki chi\u0144skiej, ...\" \/>\n<meta name=\"robots\" content=\"noindex, nofollow\" \/>\n<meta property=\"og:locale\" content=\"pl_PL\" \/>\n<meta property=\"og:type\" content=\"article\" \/>\n<meta property=\"og:title\" content=\"Centrum Wsp\u00f3\u0142pracy Polsko-Chi\u0144skiej\" \/>\n<meta property=\"og:description\" content=\"Dzia\u0142ania Klasy Konfucja\u0144skiej PB: promocj\u0119 i popularyzacj\u0119 j\u0119zyka, kultury, sztuki chi\u0144skiej, ...\" \/>\n<meta property=\"og:url\" content=\"https:\/\/pb.edu.pl\/klasa-konfucjanska\/\" \/>\n<meta property=\"og:site_name\" content=\"Centrum Wsp\u00f3\u0142pracy Polsko-Chi\u0144skiej\" \/>\n<meta property=\"article:modified_time\" content=\"2025-03-10T18:25:26+00:00\" \/>\n<meta name=\"twitter:card\" content=\"summary_large_image\" \/>\n<meta name=\"twitter:label1\" content=\"Szacowany czas czytania\" \/>\n\t<meta name=\"twitter:data1\" content=\"1 minuta\" \/>\n<script type=\"application\/ld+json\" class=\"yoast-schema-graph\">{\"@context\":\"https:\/\/schema.org\",\"@graph\":[{\"@type\":\"WebPage\",\"@id\":\"https:\/\/pb.edu.pl\/klasa-konfucjanska\/\",\"url\":\"https:\/\/pb.edu.pl\/klasa-konfucjanska\/\",\"name\":\"Centrum Wsp\u00f3\u0142pracy Polsko-Chi\u0144skiej\",\"isPartOf\":{\"@id\":\"https:\/\/pb.edu.pl\/klasa-konfucjanska\/#website\"},\"datePublished\":\"2020-08-25T18:12:37+00:00\",\"dateModified\":\"2025-03-10T18:25:26+00:00\",\"description\":\"Dzia\u0142ania Klasy Konfucja\u0144skiej PB: promocj\u0119 i popularyzacj\u0119 j\u0119zyka, kultury, sztuki chi\u0144skiej, ...\",\"inLanguage\":\"pl-PL\",\"potentialAction\":[{\"@type\":\"ReadAction\",\"target\":[\"https:\/\/pb.edu.pl\/klasa-konfucjanska\/\"]}]},{\"@type\":\"WebSite\",\"@id\":\"https:\/\/pb.edu.pl\/klasa-konfucjanska\/#website\",\"url\":\"https:\/\/pb.edu.pl\/klasa-konfucjanska\/\",\"name\":\"Centrum Wsp\u00f3\u0142pracy Polsko-Chi\u0144skiej\",\"description\":\"\",\"potentialAction\":[{\"@type\":\"SearchAction\",\"target\":{\"@type\":\"EntryPoint\",\"urlTemplate\":\"https:\/\/pb.edu.pl\/klasa-konfucjanska\/?s={search_term_string}\"},\"query-input\":{\"@type\":\"PropertyValueSpecification\",\"valueRequired\":true,\"valueName\":\"search_term_string\"}}],\"inLanguage\":\"pl-PL\"}]}<\/script>\n<!-- \/ Yoast SEO plugin. -->","yoast_head_json":{"title":"Centrum Wsp\u00f3\u0142pracy Polsko-Chi\u0144skiej","description":"Dzia\u0142ania Klasy Konfucja\u0144skiej PB: promocj\u0119 i popularyzacj\u0119 j\u0119zyka, kultury, sztuki chi\u0144skiej, ...","robots":{"index":"noindex","follow":"nofollow"},"og_locale":"pl_PL","og_type":"article","og_title":"Centrum Wsp\u00f3\u0142pracy Polsko-Chi\u0144skiej","og_description":"Dzia\u0142ania Klasy Konfucja\u0144skiej PB: promocj\u0119 i popularyzacj\u0119 j\u0119zyka, kultury, sztuki chi\u0144skiej, ...","og_url":"https:\/\/pb.edu.pl\/klasa-konfucjanska\/","og_site_name":"Centrum Wsp\u00f3\u0142pracy Polsko-Chi\u0144skiej","article_modified_time":"2025-03-10T18:25:26+00:00","twitter_card":"summary_large_image","twitter_misc":{"Szacowany czas czytania":"1 minuta"},"schema":{"@context":"https:\/\/schema.org","@graph":[{"@type":"WebPage","@id":"https:\/\/pb.edu.pl\/klasa-konfucjanska\/","url":"https:\/\/pb.edu.pl\/klasa-konfucjanska\/","name":"Centrum Wsp\u00f3\u0142pracy Polsko-Chi\u0144skiej","isPartOf":{"@id":"https:\/\/pb.edu.pl\/klasa-konfucjanska\/#website"},"datePublished":"2020-08-25T18:12:37+00:00","dateModified":"2025-03-10T18:25:26+00:00","description":"Dzia\u0142ania Klasy Konfucja\u0144skiej PB: promocj\u0119 i popularyzacj\u0119 j\u0119zyka, kultury, sztuki chi\u0144skiej, ...","inLanguage":"pl-PL","potentialAction":[{"@type":"ReadAction","target":["https:\/\/pb.edu.pl\/klasa-konfucjanska\/"]}]},{"@type":"WebSite","@id":"https:\/\/pb.edu.pl\/klasa-konfucjanska\/#website","url":"https:\/\/pb.edu.pl\/klasa-konfucjanska\/","name":"Centrum Wsp\u00f3\u0142pracy Polsko-Chi\u0144skiej","description":"","potentialAction":[{"@type":"SearchAction","target":{"@type":"EntryPoint","urlTemplate":"https:\/\/pb.edu.pl\/klasa-konfucjanska\/?s={search_term_string}"},"query-input":{"@type":"PropertyValueSpecification","valueRequired":true,"valueName":"search_term_string"}}],"inLanguage":"pl-PL"}]}},"_links":{"self":[{"href":"https:\/\/pb.edu.pl\/klasa-konfucjanska\/wp-json\/wp\/v2\/pages\/11","targetHints":{"allow":["GET"]}}],"collection":[{"href":"https:\/\/pb.edu.pl\/klasa-konfucjanska\/wp-json\/wp\/v2\/pages"}],"about":[{"href":"https:\/\/pb.edu.pl\/klasa-konfucjanska\/wp-json\/wp\/v2\/types\/page"}],"author":[{"embeddable":true,"href":"https:\/\/pb.edu.pl\/klasa-konfucjanska\/wp-json\/wp\/v2\/users\/2"}],"replies":[{"embeddable":true,"href":"https:\/\/pb.edu.pl\/klasa-konfucjanska\/wp-json\/wp\/v2\/comments?post=11"}],"version-history":[{"count":0,"href":"https:\/\/pb.edu.pl\/klasa-konfucjanska\/wp-json\/wp\/v2\/pages\/11\/revisions"}],"wp:attachment":[{"href":"https:\/\/pb.edu.pl\/klasa-konfucjanska\/wp-json\/wp\/v2\/media?parent=11"}],"curies":[{"name":"wp","href":"https:\/\/api.w.org\/{rel}","templated":true}]}}