{"id":562,"date":"2024-04-08T11:29:45","date_gmt":"2024-04-08T09:29:45","guid":{"rendered":"https:\/\/pb.edu.pl\/jubileuszpb\/?page_id=562"},"modified":"2024-04-24T12:42:14","modified_gmt":"2024-04-24T10:42:14","slug":"cezary-boldak","status":"publish","type":"page","link":"https:\/\/pb.edu.pl\/jubileuszpb\/drzewo-pamieci\/cezary-boldak\/","title":{"rendered":"dr in\u017c. Cezary Bo\u0142dak"},"content":{"rendered":"<h3>Dr in\u017c. Cezary Bo\u0142dak by\u0142 absolwentem Instytutu Informatyki Politechniki Bia\u0142ostockiej. Na Wydziale Informatyki pracowa\u0142 od 1999 r., najpierw na stanowisku asystenta a nast\u0119pnie, po uzyskaniu stopnia doktora w 2003 r., na stanowisku adiunkta. W latach 2008-2012 pe\u0142ni\u0142 funkcj\u0119 Prodziekana ds. Promocji i Wsp\u00f3\u0142pracy Wydzia\u0142u Informatyki Politechniki Bia\u0142ostockiej.<\/h3>\n<div style=\"clear: both\">&nbsp;<\/div>\n<p>Jego praca doktorska nosi\u0142a tytu\u0142: Wyodr\u0119bnienie i charakteryzacja 3D naczy\u0144 krwiono\u015bnych w wielorz\u0119dowym obrazowaniu tomograficznym: zastosowanie do naczy\u0144 krwiono\u015bnych ko\u0144czyn dolnych i serca<\/p>\n<p>By\u0142 promotorem pracy doktorskiej \u201eAlgorytmy segmentacji obraz\u00f3w medycznych oparte na modelach deformowalnych i analizie tekstur\u201d Daniela Reski, promotorem prac magisterskich i in\u017cynierskich.<\/p>\n<div class=\"row\">\n<div class=\"col-sm-5\">\n<div class=\"ratio ratio-16x9\"><iframe loading=\"lazy\" title=\"Dr in\u017c. Cezary Bo\u0142dak z Wydzia\u0142u Informatyki PB uwieczniony w Ogrodzie Nauki PB\" width=\"500\" height=\"281\" src=\"https:\/\/www.youtube.com\/embed\/Grsb16N2C_E?feature=oembed\" frameborder=\"0\" allow=\"accelerometer; autoplay; clipboard-write; encrypted-media; gyroscope; picture-in-picture; web-share\" referrerpolicy=\"strict-origin-when-cross-origin\" allowfullscreen><\/iframe><\/div>\n<\/div>\n<\/div>\n<p>&nbsp;W 2013 r. otrzyma\u0142 Medal Br\u0105zowy za D\u0142ugoletni\u0105 S\u0142u\u017cb\u0119. By\u0142 bardzo zaanga\u017cowany w \u017cycie Wydzia\u0142u, sprawy organizacyjne i dydaktyczne, pe\u0142ni\u0105c przez wiele lat funkcj\u0119 Przewodnicz\u0105cego Wydzia\u0142owej Komisji ds. Jako\u015bci Kszta\u0142cenia. By\u0142 autorem licznych system\u00f3w wspomagaj\u0105cych proces dydaktyki.<\/p>\n<p>Dr in\u017c. Cezary Bo\u0142dak zgin\u0105\u0142 \u015bmierci\u0105 tragiczn\u0105 17 lipca 2023 w wypadku samolotu typu cessna na terenie aeroklubu SkyDive Warszawa w Chrcynnie ko\u0142o Nowego Dworu Mazowieckiego.<\/p>\nngg_shortcode_0_placeholder\n","protected":false},"excerpt":{"rendered":"<p>Dr in\u017c. Cezary Bo\u0142dak by\u0142 absolwentem Instytutu Informatyki Politechniki Bia\u0142ostockiej. Na Wydziale Informatyki pracowa\u0142 od 1999 r., najpierw na stanowisku asystenta a nast\u0119pnie, po uzyskaniu stopnia doktora w 2003 r., na stanowisku adiunkta. W latach 2008-2012 pe\u0142ni\u0142 funkcj\u0119 Prodziekana ds. Promocji i Wsp\u00f3\u0142pracy Wydzia\u0142u Informatyki Politechniki Bia\u0142ostockiej. &nbsp; Jego praca doktorska nosi\u0142a tytu\u0142: Wyodr\u0119bnienie i [&hellip;]<\/p>\n","protected":false},"author":84,"featured_media":583,"parent":543,"menu_order":7,"comment_status":"closed","ping_status":"closed","template":"person.php","meta":{"_acf_changed":false,"ngg_post_thumbnail":0,"footnotes":""},"class_list":["post-562","page","type-page","status-publish","has-post-thumbnail","hentry"],"acf":[],"_links":{"self":[{"href":"https:\/\/pb.edu.pl\/jubileuszpb\/wp-json\/wp\/v2\/pages\/562","targetHints":{"allow":["GET"]}}],"collection":[{"href":"https:\/\/pb.edu.pl\/jubileuszpb\/wp-json\/wp\/v2\/pages"}],"about":[{"href":"https:\/\/pb.edu.pl\/jubileuszpb\/wp-json\/wp\/v2\/types\/page"}],"author":[{"embeddable":true,"href":"https:\/\/pb.edu.pl\/jubileuszpb\/wp-json\/wp\/v2\/users\/84"}],"replies":[{"embeddable":true,"href":"https:\/\/pb.edu.pl\/jubileuszpb\/wp-json\/wp\/v2\/comments?post=562"}],"version-history":[{"count":0,"href":"https:\/\/pb.edu.pl\/jubileuszpb\/wp-json\/wp\/v2\/pages\/562\/revisions"}],"up":[{"embeddable":true,"href":"https:\/\/pb.edu.pl\/jubileuszpb\/wp-json\/wp\/v2\/pages\/543"}],"wp:featuredmedia":[{"embeddable":true,"href":"https:\/\/pb.edu.pl\/jubileuszpb\/wp-json\/wp\/v2\/media\/583"}],"wp:attachment":[{"href":"https:\/\/pb.edu.pl\/jubileuszpb\/wp-json\/wp\/v2\/media?parent=562"}],"curies":[{"name":"wp","href":"https:\/\/api.w.org\/{rel}","templated":true}]}}