{"id":560,"date":"2024-04-08T11:28:56","date_gmt":"2024-04-08T09:28:56","guid":{"rendered":"https:\/\/pb.edu.pl\/jubileuszpb\/?page_id=560"},"modified":"2024-04-24T12:35:06","modified_gmt":"2024-04-24T10:35:06","slug":"bazyli-poskrobko","status":"publish","type":"page","link":"https:\/\/pb.edu.pl\/jubileuszpb\/drzewo-pamieci\/bazyli-poskrobko\/","title":{"rendered":"prof. dr hab. Bazyli Poskrobko"},"content":{"rendered":"<h3>Profesor Bazyli Poskrobko urodzi\u0142 si\u0119 15 pa\u017adziernika 1941 roku w Kuraszewie (wojew\u00f3dztwo podlaskie). W Politechnice Bia\u0142ostockiej by\u0142 zatrudniony w latach 1984-2002. W latach 1993-1996 by\u0142 dyrektorem Instytutu In\u017cynierii \u015arodowiska. W latach 1995-1997 by\u0142 kierownikiem Katedry Ekonomiki i Zarz\u0105dzania Ochron\u0105 \u015arodowiska.&nbsp;W latach 1997-2001 by\u0142 dyrektorem Instytutu Zarz\u0105dzania i Marketingu, a w latach 2001-2002 Dziekanem Wydzia\u0142u Zarz\u0105dzania i kierownikiem Katedry Gospodarowania \u015arodowiskiem. 5 maja 1994 habilitowa\u0142 si\u0119 na podstawie pracy zatytu\u0142owanej <em>Sterowanie procesami ochrony \u015brodowiska<\/em>. 31 lipca 2000 nadano mu tytu\u0142 profesora w zakresie nauk ekonomicznych.<\/h3>\n<div style=\"clear: both\">&nbsp;<\/div>\n<p>Profesor Poskrobko by\u0142 zas\u0142u\u017conym naukowcem w dziedzinie ekonomii \u015brodowiska, skupiaj\u0105c si\u0119 na analizie skuteczno\u015bci i funkcjonowania ekonomicznych instrument\u00f3w ochrony \u015brodowiska. Jego prace mia\u0142y ogromny wp\u0142yw na kszta\u0142towanie polityki ochrony \u015brodowiska w Polsce, dostosowanie jej do standard\u00f3w europejskich, oraz rozw\u00f3j koncepcji zarz\u0105dzania \u015brodowiskiem z wykorzystaniem narz\u0119dzi ekonomicznych.<\/p>\n<p>Jako prekursor w dziedzinie ekonomii zr\u00f3wnowa\u017conego rozwoju, profesor Poskrobko rozwin\u0105\u0142 nowatorskie podej\u015bcie koncentruj\u0105ce si\u0119 na integracji aspekt\u00f3w ekologicznych, ekonomicznych i spo\u0142ecznych. Jego prace teoretyczne i badawcze przyczyni\u0142y si\u0119 do rozwoju tej dziedziny jako odr\u0119bnego nurtu badawczego. W wymiarze praktycznym, prof. Poskrobko aktywnie uczestniczy\u0142 w tworzeniu strategii zr\u00f3wnowa\u017conego rozwoju na poziomie lokalnym i regionalnym, wdra\u017caj\u0105c teorie w \u017cycie poprzez konkretne projekty i inicjatywy. Profesor Poskrobko wnosi\u0142 istotny wk\u0142ad w rozw\u00f3j teorii i praktyki zarz\u0105dzania \u015brodowiskiem, promuj\u0105c koncepcj\u0119, \u017ce zarz\u0105dzanie \u015brodowiskiem powinno by\u0107 rozpatrywane w kontek\u015bcie szerokim, obejmuj\u0105cym spo\u0142ecze\u0144stwo, gospodark\u0119, i \u015brodowisko. Jego prace mia\u0142y bezpo\u015bredni wp\u0142yw na wprowadzanie nowych rozwi\u0105za\u0144 w zarz\u0105dzaniu \u015brodowiskiem w Polsce. Profesor Poskrobko przyczyni\u0142 si\u0119 tak\u017ce do rozwoju nauk o zarz\u0105dzaniu i psychologii poprzez koncentracj\u0119 na procesach kreowania i zarz\u0105dzania wiedz\u0105. Jego podej\u015bcie charakteryzowa\u0142o si\u0119 kompleksowym spojrzeniem na proces kreowania wiedzy, podkre\u015blaj\u0105c rol\u0119 wiedzy jako czynnika tworzenia warto\u015bci dodanej i przewagi konkurencyjnej. Zajmowa\u0142 si\u0119 r\u00f3wnie\u017c metodyk\u0105 pracy naukowej, podkre\u015blaj\u0105c znaczenie naukowo\u015bci w ekonomii i zarz\u0105dzaniu oraz interdyscyplinarno\u015bci bada\u0144 naukowych.<\/p>\n<div class=\"row\">\n<div class=\"col-sm-5\">\n<div class=\"ratio ratio-16x9\"><iframe loading=\"lazy\" title=\"Prof. dr hab. Bazyli Poskrobko - dziekan Wydzia\u0142u Zarz\u0105dzania Politechniki Bia\u0142ostockiej\" width=\"500\" height=\"281\" src=\"https:\/\/www.youtube.com\/embed\/xzO17Doirig?feature=oembed\" frameborder=\"0\" allow=\"accelerometer; autoplay; clipboard-write; encrypted-media; gyroscope; picture-in-picture; web-share\" referrerpolicy=\"strict-origin-when-cross-origin\" allowfullscreen><\/iframe><\/div>\n<\/div>\n<\/div>\n<p>Profesor Bazyli Poskrobko wywar\u0142 znacz\u0105cy wp\u0142yw na rozw\u00f3j nauki o ochronie \u015brodowiska, koncentruj\u0105c si\u0119 na kompleksowym podej\u015bciu \u0142\u0105cz\u0105cym aspekty techniczne, prawne, ekonomiczne i spo\u0142eczne. Przeprowadzi\u0142 wiele projekt\u00f3w badawczych, kt\u00f3re zaowocowa\u0142y opracowaniem modeli zarz\u0105dzania ochron\u0105 \u015brodowiska, programowaniem ochrony \u015brodowiska oraz polityk\u0105 ekologiczn\u0105. Znacz\u0105co przyczyni\u0142 si\u0119 tak\u017ce do harmonizacji polskiego prawa ochrony \u015brodowiska z standardami Unii Europejskiej, co by\u0142o kluczowe dla poprawy standard\u00f3w ochrony \u015brodowiska w Polsce.<\/p>\n<p>Prof. dr hab. Bazyli Poskrobko zmar\u0142 28 pa\u017adziernika 2021 roku.<\/p>\nngg_shortcode_0_placeholder\n","protected":false},"excerpt":{"rendered":"<p>Profesor Bazyli Poskrobko urodzi\u0142 si\u0119 15 pa\u017adziernika 1941 roku w Kuraszewie (wojew\u00f3dztwo podlaskie). W Politechnice Bia\u0142ostockiej by\u0142 zatrudniony w latach 1984-2002. W latach 1993-1996 by\u0142 dyrektorem Instytutu In\u017cynierii \u015arodowiska. W latach 1995-1997 by\u0142 kierownikiem Katedry Ekonomiki i Zarz\u0105dzania Ochron\u0105 \u015arodowiska.&nbsp;W latach 1997-2001 by\u0142 dyrektorem Instytutu Zarz\u0105dzania i Marketingu, a w latach 2001-2002 Dziekanem Wydzia\u0142u Zarz\u0105dzania [&hellip;]<\/p>\n","protected":false},"author":84,"featured_media":582,"parent":543,"menu_order":6,"comment_status":"closed","ping_status":"closed","template":"person.php","meta":{"_acf_changed":false,"ngg_post_thumbnail":0,"footnotes":""},"class_list":["post-560","page","type-page","status-publish","has-post-thumbnail","hentry"],"acf":[],"_links":{"self":[{"href":"https:\/\/pb.edu.pl\/jubileuszpb\/wp-json\/wp\/v2\/pages\/560","targetHints":{"allow":["GET"]}}],"collection":[{"href":"https:\/\/pb.edu.pl\/jubileuszpb\/wp-json\/wp\/v2\/pages"}],"about":[{"href":"https:\/\/pb.edu.pl\/jubileuszpb\/wp-json\/wp\/v2\/types\/page"}],"author":[{"embeddable":true,"href":"https:\/\/pb.edu.pl\/jubileuszpb\/wp-json\/wp\/v2\/users\/84"}],"replies":[{"embeddable":true,"href":"https:\/\/pb.edu.pl\/jubileuszpb\/wp-json\/wp\/v2\/comments?post=560"}],"version-history":[{"count":0,"href":"https:\/\/pb.edu.pl\/jubileuszpb\/wp-json\/wp\/v2\/pages\/560\/revisions"}],"up":[{"embeddable":true,"href":"https:\/\/pb.edu.pl\/jubileuszpb\/wp-json\/wp\/v2\/pages\/543"}],"wp:featuredmedia":[{"embeddable":true,"href":"https:\/\/pb.edu.pl\/jubileuszpb\/wp-json\/wp\/v2\/media\/582"}],"wp:attachment":[{"href":"https:\/\/pb.edu.pl\/jubileuszpb\/wp-json\/wp\/v2\/media?parent=560"}],"curies":[{"name":"wp","href":"https:\/\/api.w.org\/{rel}","templated":true}]}}