{"id":558,"date":"2024-04-08T11:27:53","date_gmt":"2024-04-08T09:27:53","guid":{"rendered":"https:\/\/pb.edu.pl\/jubileuszpb\/?page_id=558"},"modified":"2024-04-24T11:25:18","modified_gmt":"2024-04-24T09:25:18","slug":"andrzej-janusz-krolikowski","status":"publish","type":"page","link":"https:\/\/pb.edu.pl\/jubileuszpb\/drzewo-pamieci\/andrzej-janusz-krolikowski\/","title":{"rendered":"prof. dr hab. in\u017c. Andrzej Janusz Kr\u00f3likowski"},"content":{"rendered":"<h3>Prof. Andrzej Janusz Kr\u00f3likowski urodzi\u0142 si\u0119 9 lutego 1933 w Lublinie. W roku 1956 uko\u0144czy\u0142 studia na Wydziale In\u017cynierii Sanitarnej Politechniki Warszawskiej uzyskuj\u0105c tytu\u0142 zawodowy magistra in\u017cyniera urz\u0105dze\u0144 sanitarnych, specjalno\u015b\u0107 wodoci\u0105gi i kanalizacja.<\/h3>\n<div style=\"clear: both\">&nbsp;<\/div>\n<p>Bezpo\u015brednio po studiach zajmowa\u0142 si\u0119 g\u0142\u00f3wnie dzia\u0142alno\u015bci\u0105 in\u017cyniersk\u0105 w obszarze gospodarki wodno-\u015bciekowej w przemy\u015ble energetycznym, ceramicznym i szklarskim. Efektem tych prac by\u0142o uzyskanie w latach 1963-1965 uprawnie\u0144 projektowych i wykonawczych w zakresie sieci i instalacji sanitarnych.<\/p>\n<p>Karier\u0119 akademick\u0105 Profesor rozpocz\u0105\u0142 w roku 1968 w Instytucie Zaopatrzenia w Wod\u0119 i Budownictwa Wodnego na Wydziale In\u017cynierii Sanitarnej i Wodnej Politechniki Warszawskiej od stanowiska asystenta. W roku 1971 uzyska\u0142 stopie\u0144 naukowy doktora nauk technicznych i awansowa\u0142 na stanowisko adiunkta. W roku 1976 obj\u0105\u0142 stanowisko docenta kontraktowego w Instytucie In\u017cynierii Komunalnej na Wydziale Budownictwa i Architektury Politechniki \u0141\u00f3dzkiej. Po uzyskaniu w 1983 roku stopnia doktora habilitowanego, Profesor przeni\u00f3s\u0142 si\u0119 na Politechnik\u0119 Bia\u0142ostock\u0105, gdzie obj\u0105\u0142 stanowisko docenta w Katedrze Technologii Wody i \u015aciek\u00f3w. Z t\u0105 te\u017c uczelni\u0105 zwi\u0105za\u0142 swoj\u0105 dalsz\u0105 karier\u0119 zawodow\u0105. W roku 1991 uzyska\u0142 tytu\u0142 naukowy profesora.<\/p>\n<p>W&nbsp;latach 1992\u20131996 pracowa\u0142 r\u00f3wnie\u017c jako g\u0142\u00f3wny specjalista ds. rozwoju w&nbsp;Bia\u0142ostockim Przedsi\u0119biorstwie Rob\u00f3t In\u017cynieryjnych w&nbsp;Bia\u0142ymstoku.<\/p>\n<p>W 2011 roku przeni\u00f3s\u0142 si\u0119 do Krakowa i zosta\u0142 zatrudniony w Katedrze Wodoci\u0105g\u00f3w, Kanalizacji i Monitoringu \u015arodowiska na Wydziale In\u017cynierii \u015arodowiska Politechniki Krakowskiej im. T. Ko\u015bciuszki.<\/p>\n<div class=\"row\">\n<div class=\"col-sm-5\">\n<div class=\"ratio ratio-16x9\"><iframe loading=\"lazy\" title=\"Prof. dr hab. in\u017c. Andrzej Janusz Kr\u00f3likowski, dziekan Wydzia\u0142u Budownictwa i In\u017cynierii \u015arodowiska\" width=\"500\" height=\"281\" src=\"https:\/\/www.youtube.com\/embed\/axoMh219Ggk?feature=oembed\" frameborder=\"0\" allow=\"accelerometer; autoplay; clipboard-write; encrypted-media; gyroscope; picture-in-picture; web-share\" referrerpolicy=\"strict-origin-when-cross-origin\" allowfullscreen><\/iframe><\/div>\n<\/div>\n<\/div>\n<p>Wypromowa\u0142 ponad 220 absolwent\u00f3w studi\u00f3w magisterskich i&nbsp;in\u017cynierskich. By\u0142 promotorem 11 zako\u0144czonych przewod\u00f3w doktorskich, recenzentem 35 rozpraw doktorskich, 17 rozpraw habilitacyjnych i&nbsp;dorobku naukowego. Recenzowa\u0142 tak\u017ce 16 post\u0119powa\u0144 o&nbsp;nadanie tytu\u0142u profesora, 13 na&nbsp;stanowisko profesora oraz 6 wniosk\u00f3w na stanowisko profesora zwyczajnego i 1 post\u0119powanie o&nbsp;nadanie godno\u015bci doktora honoris causa. Jest autorem oko\u0142o 220 publikacji, w&nbsp;tym 95 indywidualnych i&nbsp;115 wsp\u00f3\u0142autorskich; 60 prac oryginalnych, w&nbsp;tym 6 ksi\u0105\u017cek i&nbsp;monografii oraz oko\u0142o 70 prac niepublikowanych (naukowo-badawczych, badawczo-studialnych i&nbsp;wdro\u017ceniowych), a&nbsp;tak\u017ce oko\u0142o 100 ekspertyz, opinii i&nbsp;ocen, 2 patent\u00f3w i&nbsp;1 wzoru u\u017cytkowego. Napisa\u0142 oko\u0142o 110 recenzji podr\u0119cznik\u00f3w, monografii i&nbsp;rozpraw naukowych oraz 70 recenzji wniosk\u00f3w na projekty badawcze i&nbsp;raport\u00f3w z&nbsp;bada\u0144 dla by\u0142ego KBN.<\/p>\n<p>Za swoj\u0105 wieloletni\u0105 prac\u0119 zosta\u0142 odznaczony m.in. Z\u0142otym Krzy\u017cem Zas\u0142ugi, Medalem Komisji Edukacji Narodowej, Z\u0142ot\u0105 Odznak\u0105 Zas\u0142u\u017cony dla Budownictwa i&nbsp;Przemys\u0142u Materia\u0142\u00f3w Budowlanych, Krzy\u017cem Kawalerskim Orderu Odrodzenia Polski, Srebrn\u0105 i&nbsp;Z\u0142ot\u0105 Odznak\u0105 Honorow\u0105 PZITS, Z\u0142ot\u0105 Odznak\u0105 Honorow\u0105 NOT, Krzy\u017cem Oficerskim Orderu Odrodzenia Polski oraz Medalem PZITS im. prof. Zygmunta Rudolfa.<\/p>\n<p>Prof. Andrzej Janusz Kr\u00f3likowski zmar\u0142 7 listopada 2015 roku.<\/p>\nngg_shortcode_0_placeholder\n","protected":false},"excerpt":{"rendered":"<p>Prof. Andrzej Janusz Kr\u00f3likowski urodzi\u0142 si\u0119 9 lutego 1933 w Lublinie. W roku 1956 uko\u0144czy\u0142 studia na Wydziale In\u017cynierii Sanitarnej Politechniki Warszawskiej uzyskuj\u0105c tytu\u0142 zawodowy magistra in\u017cyniera urz\u0105dze\u0144 sanitarnych, specjalno\u015b\u0107 wodoci\u0105gi i kanalizacja. &nbsp; Bezpo\u015brednio po studiach zajmowa\u0142 si\u0119 g\u0142\u00f3wnie dzia\u0142alno\u015bci\u0105 in\u017cyniersk\u0105 w obszarze gospodarki wodno-\u015bciekowej w przemy\u015ble energetycznym, ceramicznym i szklarskim. Efektem tych prac [&hellip;]<\/p>\n","protected":false},"author":84,"featured_media":580,"parent":543,"menu_order":5,"comment_status":"closed","ping_status":"closed","template":"person.php","meta":{"_acf_changed":false,"ngg_post_thumbnail":0,"footnotes":""},"class_list":["post-558","page","type-page","status-publish","has-post-thumbnail","hentry"],"acf":[],"_links":{"self":[{"href":"https:\/\/pb.edu.pl\/jubileuszpb\/wp-json\/wp\/v2\/pages\/558","targetHints":{"allow":["GET"]}}],"collection":[{"href":"https:\/\/pb.edu.pl\/jubileuszpb\/wp-json\/wp\/v2\/pages"}],"about":[{"href":"https:\/\/pb.edu.pl\/jubileuszpb\/wp-json\/wp\/v2\/types\/page"}],"author":[{"embeddable":true,"href":"https:\/\/pb.edu.pl\/jubileuszpb\/wp-json\/wp\/v2\/users\/84"}],"replies":[{"embeddable":true,"href":"https:\/\/pb.edu.pl\/jubileuszpb\/wp-json\/wp\/v2\/comments?post=558"}],"version-history":[{"count":0,"href":"https:\/\/pb.edu.pl\/jubileuszpb\/wp-json\/wp\/v2\/pages\/558\/revisions"}],"up":[{"embeddable":true,"href":"https:\/\/pb.edu.pl\/jubileuszpb\/wp-json\/wp\/v2\/pages\/543"}],"wp:featuredmedia":[{"embeddable":true,"href":"https:\/\/pb.edu.pl\/jubileuszpb\/wp-json\/wp\/v2\/media\/580"}],"wp:attachment":[{"href":"https:\/\/pb.edu.pl\/jubileuszpb\/wp-json\/wp\/v2\/media?parent=558"}],"curies":[{"name":"wp","href":"https:\/\/api.w.org\/{rel}","templated":true}]}}