{"id":550,"date":"2024-04-08T11:19:42","date_gmt":"2024-04-08T09:19:42","guid":{"rendered":"https:\/\/pb.edu.pl\/jubileuszpb\/?page_id=550"},"modified":"2024-04-17T13:13:44","modified_gmt":"2024-04-17T11:13:44","slug":"tadeusz-korneliusz-beldowski","status":"publish","type":"page","link":"https:\/\/pb.edu.pl\/jubileuszpb\/drzewo-pamieci\/tadeusz-korneliusz-beldowski\/","title":{"rendered":"prof. dr hab. in\u017c. Tadeusz Korneliusz Be\u0142dowski"},"content":{"rendered":"<h3>Tadeusz Be\u0142dowski ur. 7 stycznia 1929 w Prudach k. Grodna. W 1952 uko\u0144czy\u0142 studia na Wydziale Elektrycznym Politechniki Warszawskiej, w 1964 obroni\u0142 doktorat, w 1967 przedstawi\u0142 prac\u0119 habilitacyjn\u0105. W 1971 uzyska\u0142 tytu\u0142 profesora nadzwyczajnego, a w 1982 profesora zwyczajnego.<\/h3>\n<p>Zawodowo zwi\u0105za\u0142 si\u0119 z Politechnik\u0105 Warszawsk\u0105 w 1951, pocz\u0105tkowo by\u0142 zast\u0119pc\u0105 asystenta, a od 1952 asystentem. Po obronie doktoratu zosta\u0142 adiunktem, a w 1966 docentem.<\/p>\n<p>W 1967 zosta\u0142 kierownikiem Katedry i Zak\u0142adu Elektrowni i Elektroenergetyki Politechniki Warszawskiej pe\u0142ni\u0142 t\u0119 funkcj\u0119 do 1971, gdy po uzyskaniu profesury zosta\u0142 wybrany rektorem Wy\u017cszej Szko\u0142y In\u017cynierskiej w Bia\u0142ymstoku.<\/p>\n<p>To za kadencji rektora Be\u0142dowskiego (1971-1981) urzeczywistnia si\u0119 wizja budowy miasteczka akademickiego pomi\u0119dzy ulicami Wiejsk\u0105, Zwierzynieck\u0105 i \u015awierkow\u0105. Uruchomiony zostaje tak\u017ce nowy kierunek studi\u00f3w \u2013 in\u017cynieria \u015brodowiska, powstaje Instytut Architektury, rozwija si\u0119 wsp\u00f3\u0142praca mi\u0119dzynarodowa. W 1974 roku Wy\u017csza Szko\u0142a In\u017cynierska zostaje Politechnik\u0105 Bia\u0142ostock\u0105 \u2013 najwi\u0119ksz\u0105 uczelni\u0105 techniczn\u0105 w makroregionie p\u00f3\u0142nocno-wschodnim, kt\u00f3rej Tadeusz Be\u0142dowski by\u0142 pierwszym rektorem.<\/p>\n<div class=\"row\">\n<div class=\"col-sm-5\">\n<div class=\"ratio ratio-16x9\"><iframe loading=\"lazy\" title=\"Ogr\u00f3d Nauki PB. Rektor Politechniki Bia\u0142ostockiej upami\u0119tni\u0142a rektora prof. Tadeusza Be\u0142dowskiego\" width=\"500\" height=\"281\" src=\"https:\/\/www.youtube.com\/embed\/9_X23vky0Ks?feature=oembed\" frameborder=\"0\" allow=\"accelerometer; autoplay; clipboard-write; encrypted-media; gyroscope; picture-in-picture; web-share\" referrerpolicy=\"strict-origin-when-cross-origin\" allowfullscreen><\/iframe><\/div>\n<\/div>\n<\/div>\n<p>W 1982 zosta\u0142 powo\u0142any na Wiceministra Nauki, Szkolnictwa Wy\u017cszego i Techniki, r\u00f3wnocze\u015bnie zosta\u0142 cz\u0142onkiem Sekcji Sieci Elektroenergetycznych Komitetu Elektrotechniki Polskiej Akademii Nauk.<\/p>\n<p>Od 1973 by\u0142 radnym Wojew\u00f3dzkiej Rady Narodowej oraz cz\u0142onkiem Prezydium Rady Miasta Bia\u0142egostoku, gdzie przewodniczy\u0142 Komisji O\u015bwiaty, Kultury i Wychowania.<\/p>\n<p>&nbsp;<\/p>\n<p>Prof. dr hab. in\u017c. Tadeusz Korneliusz Be\u0142dowski zmar\u0142 4 marca 1998 roku w Warszawie.<\/p>\nngg_shortcode_0_placeholder\n","protected":false},"excerpt":{"rendered":"<p>Tadeusz Be\u0142dowski ur. 7 stycznia 1929 w Prudach k. Grodna. W 1952 uko\u0144czy\u0142 studia na Wydziale Elektrycznym Politechniki Warszawskiej, w 1964 obroni\u0142 doktorat, w 1967 przedstawi\u0142 prac\u0119 habilitacyjn\u0105. W 1971 uzyska\u0142 tytu\u0142 profesora nadzwyczajnego, a w 1982 profesora zwyczajnego. Zawodowo zwi\u0105za\u0142 si\u0119 z Politechnik\u0105 Warszawsk\u0105 w 1951, pocz\u0105tkowo by\u0142 zast\u0119pc\u0105 asystenta, a od 1952 asystentem. [&hellip;]<\/p>\n","protected":false},"author":84,"featured_media":578,"parent":543,"menu_order":2,"comment_status":"closed","ping_status":"closed","template":"person.php","meta":{"_acf_changed":false,"ngg_post_thumbnail":0,"footnotes":""},"class_list":["post-550","page","type-page","status-publish","has-post-thumbnail","hentry"],"acf":[],"_links":{"self":[{"href":"https:\/\/pb.edu.pl\/jubileuszpb\/wp-json\/wp\/v2\/pages\/550","targetHints":{"allow":["GET"]}}],"collection":[{"href":"https:\/\/pb.edu.pl\/jubileuszpb\/wp-json\/wp\/v2\/pages"}],"about":[{"href":"https:\/\/pb.edu.pl\/jubileuszpb\/wp-json\/wp\/v2\/types\/page"}],"author":[{"embeddable":true,"href":"https:\/\/pb.edu.pl\/jubileuszpb\/wp-json\/wp\/v2\/users\/84"}],"replies":[{"embeddable":true,"href":"https:\/\/pb.edu.pl\/jubileuszpb\/wp-json\/wp\/v2\/comments?post=550"}],"version-history":[{"count":0,"href":"https:\/\/pb.edu.pl\/jubileuszpb\/wp-json\/wp\/v2\/pages\/550\/revisions"}],"up":[{"embeddable":true,"href":"https:\/\/pb.edu.pl\/jubileuszpb\/wp-json\/wp\/v2\/pages\/543"}],"wp:featuredmedia":[{"embeddable":true,"href":"https:\/\/pb.edu.pl\/jubileuszpb\/wp-json\/wp\/v2\/media\/578"}],"wp:attachment":[{"href":"https:\/\/pb.edu.pl\/jubileuszpb\/wp-json\/wp\/v2\/media?parent=550"}],"curies":[{"name":"wp","href":"https:\/\/api.w.org\/{rel}","templated":true}]}}