{"id":548,"date":"2024-04-08T11:17:10","date_gmt":"2024-04-08T09:17:10","guid":{"rendered":"https:\/\/pb.edu.pl\/jubileuszpb\/?page_id=548"},"modified":"2024-04-17T13:30:55","modified_gmt":"2024-04-17T11:30:55","slug":"eudokia-ostaszewicz","status":"publish","type":"page","link":"https:\/\/pb.edu.pl\/jubileuszpb\/drzewo-pamieci\/eudokia-ostaszewicz\/","title":{"rendered":"prof. dr hab. Eudokia Ostaszewicz"},"content":{"rendered":"<h3>Prof. Eudokia Ostaszewicz by\u0142a nauczycielk\u0105 fizyki i chemii w liceum w Bielsku Podlaskim. To ona podj\u0119\u0142a starania u w\u0142adz wojew\u00f3dzkich w celu powo\u0142ania uczelni technicznej. Mi\u0119dzy innymi dzi\u0119ki jej zabiegom i determinacji powsta\u0142a w Bia\u0142ymstoku Prywatna Wieczorowa Szko\u0142a In\u017cynierska NOT \u2013 dzisiejsza Politechnika Bia\u0142ostocka.<\/h3>\n<div style=\"clear: both\">&nbsp;<\/div>\n<p>W\u015br\u00f3d pierwszych wyk\u0142adowc\u00f3w Wy\u017cszej Szko\u0142y In\u017cynierskiej, zakwalifikowanych przez Komisj\u0119 Naukowo-Opieku\u0144cz\u0105 NOT w dniu 9 pa\u017adziernika 1949 roku, znalaz\u0142a si\u0119 mgr Eudokia Ostaszewicz (p\u00f3\u017aniej doktor, docent i profesor doktor habilitowany), kt\u00f3ra prowadzi\u0142a wyk\u0142ady z fizyki. Uczy\u0142a pierwsze roczniki student\u00f3w i studentek na Wydzia\u0142ach Mechanicznym i Elektrycznym. W roku 1953 Eudokia Ostaszewicz rozpocz\u0119\u0142a prac\u0119 na pe\u0142nym etacie, staj\u0105c si\u0119 organizatorem i pierwszym kierownikiem Zespo\u0142u (p\u00f3\u017aniej Zak\u0142adu) Fizyki. Pe\u0142ni\u0142a ona t\u0119 funkcj\u0119 w latach 1959-1975 (z roczn\u0105 przerw\u0105 w roku akademickim 1968\/69, gdy kierownictwo Zespo\u0142u przej\u0105\u0142 dr Jan Kucharski).<\/p>\n<p>Zesp\u00f3\u0142 (Zak\u0142ad) Fizyki funkcjonowa\u0142 w strukturach organizacyjnych Wydzia\u0142u Budownictwa, Wydzia\u0142u Og\u00f3lnotechnicznego i Wydzia\u0142u Mechanicznego.<\/p>\n<p>Eudokia Ostaszewicz tworzy\u0142a Katedry Fizyki zar\u00f3wno na Akademii Lekarskiej jak r\u00f3wnie\u017c Wieczorowej Szkole In\u017cynierskiej.<\/p>\n<div class=\"row\">\n<div class=\"col-sm-5\">\n<div class=\"ratio ratio-16x9\"><iframe loading=\"lazy\" title=\"Eudokia Ostaszewicz w Ogrodzie Nauki PB. Przyczyni\u0142a si\u0119 do powstania Politechniki Bia\u0142ostockiej\" width=\"500\" height=\"281\" src=\"https:\/\/www.youtube.com\/embed\/ZRddjoLCkME?feature=oembed\" frameborder=\"0\" allow=\"accelerometer; autoplay; clipboard-write; encrypted-media; gyroscope; picture-in-picture; web-share\" referrerpolicy=\"strict-origin-when-cross-origin\" allowfullscreen><\/iframe><\/div>\n<\/div>\n<\/div>\n<p>W 1965 roku dr Eudokia Ostaszewicz uzyska\u0142a habilitacj\u0119 na Politechnice Warszawskiej za prac\u0119 \u201eW\u0142asno\u015bci luminescencyjne siarczku cynku aktywowanego r\u00f3\u017cnymi domieszkami\u201d.<\/p>\n<p>Profesor Eudokia Ostaszewicz zorganizowa\u0142a laboratoria naukowe i dydaktyczne, kierowa\u0142a badaniami naukowymi z dziedziny luminescencji, by\u0142a promotorem 6 prac doktorskich pracownik\u00f3w Zak\u0142adu Fizyki. Po przej\u015bciu na emerytur\u0119 w roku 1975 profesor Eudokia Ostaszewicz nadal utrzymywa\u0142a kontakty naukowe z Zak\u0142adem Fizyki.<\/p>\n<p>Profesor dr hab. Eudokia Ostaszewicz zmar\u0142a w 1997 roku.<\/p>\nngg_shortcode_0_placeholder\n","protected":false},"excerpt":{"rendered":"<p>Prof. Eudokia Ostaszewicz by\u0142a nauczycielk\u0105 fizyki i chemii w liceum w Bielsku Podlaskim. To ona podj\u0119\u0142a starania u w\u0142adz wojew\u00f3dzkich w celu powo\u0142ania uczelni technicznej. Mi\u0119dzy innymi dzi\u0119ki jej zabiegom i determinacji powsta\u0142a w Bia\u0142ymstoku Prywatna Wieczorowa Szko\u0142a In\u017cynierska NOT \u2013 dzisiejsza Politechnika Bia\u0142ostocka. &nbsp; W\u015br\u00f3d pierwszych wyk\u0142adowc\u00f3w Wy\u017cszej Szko\u0142y In\u017cynierskiej, zakwalifikowanych przez Komisj\u0119 Naukowo-Opieku\u0144cz\u0105 [&hellip;]<\/p>\n","protected":false},"author":84,"featured_media":568,"parent":543,"menu_order":1,"comment_status":"closed","ping_status":"closed","template":"person.php","meta":{"_acf_changed":false,"ngg_post_thumbnail":0,"footnotes":""},"class_list":["post-548","page","type-page","status-publish","has-post-thumbnail","hentry"],"acf":[],"_links":{"self":[{"href":"https:\/\/pb.edu.pl\/jubileuszpb\/wp-json\/wp\/v2\/pages\/548","targetHints":{"allow":["GET"]}}],"collection":[{"href":"https:\/\/pb.edu.pl\/jubileuszpb\/wp-json\/wp\/v2\/pages"}],"about":[{"href":"https:\/\/pb.edu.pl\/jubileuszpb\/wp-json\/wp\/v2\/types\/page"}],"author":[{"embeddable":true,"href":"https:\/\/pb.edu.pl\/jubileuszpb\/wp-json\/wp\/v2\/users\/84"}],"replies":[{"embeddable":true,"href":"https:\/\/pb.edu.pl\/jubileuszpb\/wp-json\/wp\/v2\/comments?post=548"}],"version-history":[{"count":0,"href":"https:\/\/pb.edu.pl\/jubileuszpb\/wp-json\/wp\/v2\/pages\/548\/revisions"}],"up":[{"embeddable":true,"href":"https:\/\/pb.edu.pl\/jubileuszpb\/wp-json\/wp\/v2\/pages\/543"}],"wp:featuredmedia":[{"embeddable":true,"href":"https:\/\/pb.edu.pl\/jubileuszpb\/wp-json\/wp\/v2\/media\/568"}],"wp:attachment":[{"href":"https:\/\/pb.edu.pl\/jubileuszpb\/wp-json\/wp\/v2\/media?parent=548"}],"curies":[{"name":"wp","href":"https:\/\/api.w.org\/{rel}","templated":true}]}}