{"id":545,"date":"2024-04-08T11:14:07","date_gmt":"2024-04-08T09:14:07","guid":{"rendered":"https:\/\/pb.edu.pl\/jubileuszpb\/?page_id=545"},"modified":"2024-04-19T11:05:31","modified_gmt":"2024-04-19T09:05:31","slug":"karol-bialkowski","status":"publish","type":"page","link":"https:\/\/pb.edu.pl\/jubileuszpb\/drzewo-pamieci\/karol-bialkowski\/","title":{"rendered":"mgr in\u017c. Karol Bia\u0142kowski"},"content":{"rendered":"<h3>Mgr in\u017c. Karol Bia\u0142kowski urodzi\u0142 si\u0119 28.01.1902 r. w Berdyczowie. W wieku 15 lat straci\u0142 ojca, co wp\u0142yn\u0119\u0142o na konieczno\u015b\u0107 przerwania nauki w polskim gimnazjum i podj\u0119cia pracy fizycznej. W 1923 r. uko\u0144czy\u0142 szko\u0142\u0119 \u015bredni\u0105 w Warszawie i rozpocz\u0105\u0142 studia na Wydziale Elektrycznym Politechniki Warszawskiej. Dyplom in\u017cyniera elektryka uzyska\u0142 w 1931 r. Od 1932 r. do 1936 r. pracowa\u0142 w Elektrowni Miejskiej w Wilnie. Od 1937 r. by\u0142 kierownikiem Elektrowni Miejskiej w Zamo\u015bciu, gdzie pracowa\u0142 do listopada 1944 r.<\/h3>\n<p>W listopadzie 1944 r. otrzyma\u0142 z PKWN nominacj\u0119 na dyrektora Elektrowni Bia\u0142ystok. W Elektrowni Bia\u0142ystok pracowa\u0142 do 1951 r. kieruj\u0105c jej odbudow\u0105 ze zniszcze\u0144 wojennych. By\u0142 wsp\u00f3\u0142za\u0142o\u017cycielem w 1948 r. Liceum Elektrycznego w Bia\u0142ymstoku oraz inicjatorem i wsp\u00f3\u0142organizatorem Prywatnej Wieczorowej Szko\u0142y In\u017cynierskiej NOT, kt\u00f3ra za zgod\u0105 Ministra O\u015bwiaty zosta\u0142a utworzona w<\/p>\n<p>1949 r. przy NOT w Bia\u0142ymstoku. By\u0142a to pierwsza wy\u017csza uczelnia w Bia\u0142ymstoku, a mgr in\u017c. Karol Bia\u0142kowski zosta\u0142 jej pierwszym rektorem, kt\u00f3r\u0105 to funkcj\u0119 pe\u0142ni\u0142 b\u0119d\u0105c jednocze\u015bnie do 1951 r. dyrektorem Elektrowni.<\/p>\n<p>Od 1951 r. pracowa\u0142 w Wieczorowej Szkole In\u017cynierskiej, gdzie by\u0142 rektorem do 1956 r., a w latach 1964-1967 dziekanem Wydzia\u0142u Elektrycznego. Od utworzenia w 1949 r. WSI do czasu przej\u015bcia na emerytur\u0119 w 1972 r. by\u0142 wyk\u0142adowc\u0105 podstaw elektrotechniki, techniki wysokich napi\u0119\u0107 uk\u0142ad\u00f3w elektroenergetycznych i cz\u0119\u015bci maszyn.<\/p>\n<div class=\"row\">\n<div class=\"col-sm-5\">\n<div class=\"ratio ratio-16x9\"><iframe loading=\"lazy\" title=\"Mgr in\u017c. Karol Bia\u0142kowski: inicjator, pierwszy rektor Prywatnej Wieczorowej Szko\u0142y In\u017cynierskiej NOT\" width=\"500\" height=\"281\" src=\"https:\/\/www.youtube.com\/embed\/8OR63rgdIGA?feature=oembed\" frameborder=\"0\" allow=\"accelerometer; autoplay; clipboard-write; encrypted-media; gyroscope; picture-in-picture; web-share\" referrerpolicy=\"strict-origin-when-cross-origin\" allowfullscreen><\/iframe><\/div>\n<\/div>\n<\/div>\n<p>Mgr in\u017c. Karol Bia\u0142kowski by\u0142 cz\u0142onkiem Stowarzyszenia Elektryk\u00f3w Polskich od 1932 r. Uczestniczy\u0142 w Walnym Zje\u017adzie Delegat\u00f3w SEP w 1935 roku w Bydgoszczy. W 1946 r. za\u0142o\u017cy\u0142 pierwsze w Bia\u0142ymstoku ko\u0142o SEP przy Elektrowni, kt\u00f3re da\u0142o pocz\u0105tek Bia\u0142ostockiemu Oddzia\u0142owi SEP. Od 1946 r. przez 12 lat kierowa\u0142 dzia\u0142alno\u015bci\u0105 SEP w Bia\u0142ymstoku. By\u0142 On r\u00f3wnie\u017c inicjatorem konsolidacji \u015brodowiska technicznego skupiaj\u0105cego technik\u00f3w i in\u017cynier\u00f3w r\u00f3\u017cnych bran\u017c, co zaowocowa\u0142o powstaniem w 1946 r. komitetu organizacyjnego, a nast\u0119pnie w 1949 r. Oddzia\u0142u NOT w Bia\u0142ymstoku. By\u0142 przewodnicz\u0105cym Oddzia\u0142u NOT w Bia\u0142ymstoku od 1949 r. przez 15 lat. Z Jego inicjatywy w 1964 r. wybudowany zosta\u0142 w Bia\u0142ymstoku &#8222;Dom Technika&#8221;. W holu tego budynku umieszczona zosta\u0142a tablica po\u015bwi\u0119cona Jego pami\u0119ci. Mgr in\u017c. Karol Bia\u0142kowski posiada\u0142 wiele pa\u0144stwowych, regionalnych i stowarzyszeniowych odznacze\u0144.<\/p>\n<p>Mgr in\u017c. Karol Bia\u0142kowski zmar\u0142 1 listopada 1975 roku.<\/p>\nngg_shortcode_0_placeholder\n","protected":false},"excerpt":{"rendered":"<p>Mgr in\u017c. Karol Bia\u0142kowski urodzi\u0142 si\u0119 28.01.1902 r. w Berdyczowie. W wieku 15 lat straci\u0142 ojca, co wp\u0142yn\u0119\u0142o na konieczno\u015b\u0107 przerwania nauki w polskim gimnazjum i podj\u0119cia pracy fizycznej. W 1923 r. uko\u0144czy\u0142 szko\u0142\u0119 \u015bredni\u0105 w Warszawie i rozpocz\u0105\u0142 studia na Wydziale Elektrycznym Politechniki Warszawskiej. Dyplom in\u017cyniera elektryka uzyska\u0142 w 1931 r. Od 1932 r. [&hellip;]<\/p>\n","protected":false},"author":84,"featured_media":577,"parent":543,"menu_order":2,"comment_status":"closed","ping_status":"closed","template":"person.php","meta":{"_acf_changed":false,"ngg_post_thumbnail":0,"footnotes":""},"class_list":["post-545","page","type-page","status-publish","has-post-thumbnail","hentry"],"acf":[],"_links":{"self":[{"href":"https:\/\/pb.edu.pl\/jubileuszpb\/wp-json\/wp\/v2\/pages\/545","targetHints":{"allow":["GET"]}}],"collection":[{"href":"https:\/\/pb.edu.pl\/jubileuszpb\/wp-json\/wp\/v2\/pages"}],"about":[{"href":"https:\/\/pb.edu.pl\/jubileuszpb\/wp-json\/wp\/v2\/types\/page"}],"author":[{"embeddable":true,"href":"https:\/\/pb.edu.pl\/jubileuszpb\/wp-json\/wp\/v2\/users\/84"}],"replies":[{"embeddable":true,"href":"https:\/\/pb.edu.pl\/jubileuszpb\/wp-json\/wp\/v2\/comments?post=545"}],"version-history":[{"count":0,"href":"https:\/\/pb.edu.pl\/jubileuszpb\/wp-json\/wp\/v2\/pages\/545\/revisions"}],"up":[{"embeddable":true,"href":"https:\/\/pb.edu.pl\/jubileuszpb\/wp-json\/wp\/v2\/pages\/543"}],"wp:featuredmedia":[{"embeddable":true,"href":"https:\/\/pb.edu.pl\/jubileuszpb\/wp-json\/wp\/v2\/media\/577"}],"wp:attachment":[{"href":"https:\/\/pb.edu.pl\/jubileuszpb\/wp-json\/wp\/v2\/media?parent=545"}],"curies":[{"name":"wp","href":"https:\/\/api.w.org\/{rel}","templated":true}]}}