{"id":524,"date":"2024-03-28T12:59:26","date_gmt":"2024-03-28T11:59:26","guid":{"rendered":"https:\/\/pb.edu.pl\/jubileuszpb\/?page_id=524"},"modified":"2025-10-18T20:34:45","modified_gmt":"2025-10-18T18:34:45","slug":"zapisy-na-piknik-rodzinny-pb","status":"publish","type":"page","link":"https:\/\/pb.edu.pl\/jubileuszpb\/zapisy-na-piknik-rodzinny-pb\/","title":{"rendered":"Zapisy na Piknik rodzinny PB"},"content":{"rendered":"<p>Zapisy zako\u0144czone.<\/p>\n<p>&nbsp;<\/p>\n<p style=\"text-align: right;\"><a href=\"https:\/\/pb.edu.pl\/jubileuszpb\/wydarzenia\/piknik-rodzinny\/\">Wr\u00f3\u0107 do opisu wydarzenia<\/a><\/p>\n","protected":false},"excerpt":{"rendered":"<p>Zapisy zako\u0144czone. &nbsp; Wr\u00f3\u0107 do opisu wydarzenia<\/p>\n","protected":false},"author":2,"featured_media":0,"parent":0,"menu_order":0,"comment_status":"closed","ping_status":"closed","template":"","meta":{"_acf_changed":false,"ngg_post_thumbnail":0,"footnotes":""},"class_list":["post-524","page","type-page","status-publish","hentry"],"acf":[],"_links":{"self":[{"href":"https:\/\/pb.edu.pl\/jubileuszpb\/wp-json\/wp\/v2\/pages\/524","targetHints":{"allow":["GET"]}}],"collection":[{"href":"https:\/\/pb.edu.pl\/jubileuszpb\/wp-json\/wp\/v2\/pages"}],"about":[{"href":"https:\/\/pb.edu.pl\/jubileuszpb\/wp-json\/wp\/v2\/types\/page"}],"author":[{"embeddable":true,"href":"https:\/\/pb.edu.pl\/jubileuszpb\/wp-json\/wp\/v2\/users\/2"}],"replies":[{"embeddable":true,"href":"https:\/\/pb.edu.pl\/jubileuszpb\/wp-json\/wp\/v2\/comments?post=524"}],"version-history":[{"count":0,"href":"https:\/\/pb.edu.pl\/jubileuszpb\/wp-json\/wp\/v2\/pages\/524\/revisions"}],"wp:attachment":[{"href":"https:\/\/pb.edu.pl\/jubileuszpb\/wp-json\/wp\/v2\/media?parent=524"}],"curies":[{"name":"wp","href":"https:\/\/api.w.org\/{rel}","templated":true}]}}