{"id":265,"date":"2024-03-07T11:31:26","date_gmt":"2024-03-07T10:31:26","guid":{"rendered":"https:\/\/pb.edu.pl\/jubileuszpb\/?page_id=265"},"modified":"2024-03-08T23:05:00","modified_gmt":"2024-03-08T22:05:00","slug":"kobiety-nauki-pb","status":"publish","type":"page","link":"https:\/\/pb.edu.pl\/jubileuszpb\/konkursy\/kobiety-nauki-pb\/","title":{"rendered":"Kobiety Nauki PB"},"content":{"rendered":"<div class=\"h3\">Zbli\u017ca si\u0119 Dzie\u0144 Kobiet! Z tej okazji przygotowali\u015bmy KONKURS! Ka\u017cdy mo\u017ce wzi\u0105\u0107 udzia\u0142!<\/div>\n<div class=\"h3\">Do wygrania s\u0105 zestawy nagr\u00f3d z motywem mozaiki, kt\u00f3re sprawi\u0105 rado\u015b\u0107 ka\u017cdej Pani!<\/div>\n<div class=\"h3\">Nagrodzimy trzy osoby!<\/div>\n<div style=\"clear: both\"><\/div>\n<div><img loading=\"lazy\" decoding=\"async\" class=\"alignnone wp-image-273\" src=\"https:\/\/pb.edu.pl\/jubileuszpb\/wp-content\/uploads\/sites\/124\/2024\/03\/2024-02-konkurs-kobiety-nauki-PB-www-1080-675.jpg\" alt=\"Konkurs Kobiety Nauki PB\" width=\"1029\" height=\"643\" srcset=\"https:\/\/pb.edu.pl\/jubileuszpb\/wp-content\/uploads\/sites\/124\/2024\/03\/2024-02-konkurs-kobiety-nauki-PB-www-1080-675.jpg 1080w, https:\/\/pb.edu.pl\/jubileuszpb\/wp-content\/uploads\/sites\/124\/2024\/03\/2024-02-konkurs-kobiety-nauki-PB-www-1080-675-300x188.jpg 300w, https:\/\/pb.edu.pl\/jubileuszpb\/wp-content\/uploads\/sites\/124\/2024\/03\/2024-02-konkurs-kobiety-nauki-PB-www-1080-675-1024x640.jpg 1024w, https:\/\/pb.edu.pl\/jubileuszpb\/wp-content\/uploads\/sites\/124\/2024\/03\/2024-02-konkurs-kobiety-nauki-PB-www-1080-675-768x480.jpg 768w, https:\/\/pb.edu.pl\/jubileuszpb\/wp-content\/uploads\/sites\/124\/2024\/03\/2024-02-konkurs-kobiety-nauki-PB-www-1080-675-480x300.jpg 480w\" sizes=\"auto, (max-width: 1029px) 100vw, 1029px\" \/><\/div>\n<p>Doceniamy sukcesy wszystkich naszych naukowc\u00f3w, ale z okazji Dnia Kobiet skupiamy si\u0119 na wspania\u0142ych naukowczyniach PB! Zdobywaj\u0105 patenty, realizuj\u0105 nowatorskie projekty, rozwijaj\u0105 technologie. Przekazuj\u0105 wiedz\u0119 i zara\u017caj\u0105 swoj\u0105 pasj\u0105 student\u00f3w! To KOBIETY NAUKI PB! Chcesz wyr\u00f3\u017cni\u0107 jedn\u0105 z nich? We\u017a udzia\u0142 w konkursie!<\/p>\n<p><strong>Na czym polega zadanie konkursowe?<\/strong><\/p>\n<ul>\n<li>podaj imi\u0119 i nazwisko kobiety \u2013 naukowczyni z Politechniki Bia\u0142ostockiej, do kt\u00f3rej idealnie pasuje okre\u015blenie &#8222;Kobieta Nauki PB&#8221;. Wpisz tylko JEDN\u0104 osob\u0119 wraz z kr\u00f3tkim uzasadnieniem swojego wyboru.<\/li>\n<li>swoj\u0105 propozycj\u0119 umie\u015b\u0107 w komentarzu pod <a title=\"\" href=\"https:\/\/www.facebook.com\/politechnikabialostocka\/posts\/pfbid0MHQGhLP8fCsJgXcZs45nwasPyTGjrry9rFfSEU8qGX9cdDBWyJwWob5UqDF429P7l\">postem konkursowym na profilu FB uczelni.<\/a><\/li>\n<li>zbierz jak najwi\u0119ksz\u0105 liczb\u0119 reakcji\/ polubie\u0144 do 8 marca 2024 do godziny 12:00.<\/li>\n<\/ul>\n<p><strong>Wy\u0142onimy 3 zwyci\u0119zc\u00f3w, kt\u00f3rych propozycje zbior\u0105 najwi\u0119cej lajk\u00f3w. Laureaci otrzymaj\u0105 zestaw nagr\u00f3d z motywem mozaiki:<\/strong><\/p>\n<ul>\n<li>notes<\/li>\n<li>wieszak na torebk\u0119<\/li>\n<li>zak\u0142adk\u0119 magnetyczn\u0105 do ksi\u0105\u017cek.<\/li>\n<\/ul>\n<p><img loading=\"lazy\" decoding=\"async\" class=\"alignnone size-full wp-image-274\" src=\"https:\/\/pb.edu.pl\/jubileuszpb\/wp-content\/uploads\/sites\/124\/2024\/03\/2024-03-nagrody-konkurs-kobiety-nauki-pb-www-1080-675-1024x640-1.jpg\" alt=\"Nagrody w konkursie Kobiety Nauki PB\" width=\"1024\" height=\"640\" srcset=\"https:\/\/pb.edu.pl\/jubileuszpb\/wp-content\/uploads\/sites\/124\/2024\/03\/2024-03-nagrody-konkurs-kobiety-nauki-pb-www-1080-675-1024x640-1.jpg 1024w, https:\/\/pb.edu.pl\/jubileuszpb\/wp-content\/uploads\/sites\/124\/2024\/03\/2024-03-nagrody-konkurs-kobiety-nauki-pb-www-1080-675-1024x640-1-300x188.jpg 300w, https:\/\/pb.edu.pl\/jubileuszpb\/wp-content\/uploads\/sites\/124\/2024\/03\/2024-03-nagrody-konkurs-kobiety-nauki-pb-www-1080-675-1024x640-1-768x480.jpg 768w, https:\/\/pb.edu.pl\/jubileuszpb\/wp-content\/uploads\/sites\/124\/2024\/03\/2024-03-nagrody-konkurs-kobiety-nauki-pb-www-1080-675-1024x640-1-480x300.jpg 480w\" sizes=\"auto, (max-width: 1024px) 100vw, 1024px\" \/><\/p>\n<p><strong>Wyniki og\u0142osimy 8 marca!<\/strong><\/p>\n<p>W tym roku obchodzimy jubileusz 75-lecia naszej uczelni. To \u015bwietna okazja, by chwali\u0107 si\u0119 naszymi naukowymi dokonaniami. Mamy nadziej\u0119, \u017ce do\u0142\u0105czycie do nas, bior\u0105c udzia\u0142 w wielu wydarzeniach, tak\u017ce w konkursie KOBIETY NAUKI PB .<\/p>\n<p><a title=\"\" href=\"https:\/\/pb.edu.pl\/i\/dzzz\">Regulamin konkursu na stronie<\/a><\/p>\n","protected":false},"excerpt":{"rendered":"<p>Zbli\u017ca si\u0119 Dzie\u0144 Kobiet! Z tej okazji przygotowali\u015bmy KONKURS! Ka\u017cdy mo\u017ce wzi\u0105\u0107 udzia\u0142! Do wygrania s\u0105 zestawy nagr\u00f3d z motywem mozaiki, kt\u00f3re sprawi\u0105 rado\u015b\u0107 ka\u017cdej Pani! Nagrodzimy trzy osoby! Doceniamy sukcesy wszystkich naszych naukowc\u00f3w, ale z okazji Dnia Kobiet skupiamy si\u0119 na wspania\u0142ych naukowczyniach PB! Zdobywaj\u0105 patenty, realizuj\u0105 nowatorskie projekty, rozwijaj\u0105 technologie. Przekazuj\u0105 wiedz\u0119 i [&hellip;]<\/p>\n","protected":false},"author":1,"featured_media":0,"parent":31,"menu_order":0,"comment_status":"closed","ping_status":"closed","template":"","meta":{"_acf_changed":false,"ngg_post_thumbnail":0,"footnotes":""},"class_list":["post-265","page","type-page","status-publish","hentry"],"acf":[],"_links":{"self":[{"href":"https:\/\/pb.edu.pl\/jubileuszpb\/wp-json\/wp\/v2\/pages\/265","targetHints":{"allow":["GET"]}}],"collection":[{"href":"https:\/\/pb.edu.pl\/jubileuszpb\/wp-json\/wp\/v2\/pages"}],"about":[{"href":"https:\/\/pb.edu.pl\/jubileuszpb\/wp-json\/wp\/v2\/types\/page"}],"author":[{"embeddable":true,"href":"https:\/\/pb.edu.pl\/jubileuszpb\/wp-json\/wp\/v2\/users\/1"}],"replies":[{"embeddable":true,"href":"https:\/\/pb.edu.pl\/jubileuszpb\/wp-json\/wp\/v2\/comments?post=265"}],"version-history":[{"count":0,"href":"https:\/\/pb.edu.pl\/jubileuszpb\/wp-json\/wp\/v2\/pages\/265\/revisions"}],"up":[{"embeddable":true,"href":"https:\/\/pb.edu.pl\/jubileuszpb\/wp-json\/wp\/v2\/pages\/31"}],"wp:attachment":[{"href":"https:\/\/pb.edu.pl\/jubileuszpb\/wp-json\/wp\/v2\/media?parent=265"}],"curies":[{"name":"wp","href":"https:\/\/api.w.org\/{rel}","templated":true}]}}