{"id":261,"date":"2024-03-07T11:07:30","date_gmt":"2024-03-07T10:07:30","guid":{"rendered":"https:\/\/pb.edu.pl\/jubileuszpb\/?page_id=261"},"modified":"2024-03-07T11:32:48","modified_gmt":"2024-03-07T10:32:48","slug":"regulamin-zgody","status":"publish","type":"page","link":"https:\/\/pb.edu.pl\/jubileuszpb\/regulamin-zgody\/","title":{"rendered":"Regulamin \/ Zgody"},"content":{"rendered":"<div class=\"container content pt-5\">\n<div class=\"content\">\n<h3 class=\"h2\"><strong>Utrwalanie i rozpowszechnianie wizerunku uczestnik\u00f3w wydarze\u0144 w ramach jubileuszu 75-lecia PB<\/strong><\/h3>\n<p>Podczas wydarze\u0144 b\u0119d\u0105 wykonywane fotografie.<\/p>\n<p>Wizerunek uczestnik\u00f3w przebywaj\u0105cych na terenie Politechniki Bia\u0142ostockiej mo\u017ce zosta\u0107 utrwalony zar\u00f3wno w formie zdj\u0119\u0107, jak i film\u00f3w, a nast\u0119pnie u\u017cyty dla cel\u00f3w dokumentacyjnych i promocyjnych przez Organizatora.<\/p>\n<p>Osoby, kt\u00f3re nie wyra\u017caj\u0105 zgody na utrwalenie ich wizerunku proszone s\u0105 o zg\u0142oszenie tego faktu bezpo\u015brednio fotografowi lub organizatorowi. Dalsze uczestniczenie w wydarzeniu bez powy\u017cszego zg\u0142oszenia, Administrator traktuje jako wyra\u017ane dzia\u0142anie potwierdzaj\u0105ce przyzwolenie na przetwarzanie wizerunku jako danej osobowej.<\/p>\n<p><em>Organizatorem wydarze\u0144 jest Dzia\u0142 Promocji Politechniki Bia\u0142ostockiej.<\/em><\/p>\n<\/div>\n<\/div>\n","protected":false},"excerpt":{"rendered":"<p>Utrwalanie i rozpowszechnianie wizerunku uczestnik\u00f3w wydarze\u0144 w ramach jubileuszu 75-lecia PB Podczas wydarze\u0144 b\u0119d\u0105 wykonywane fotografie. Wizerunek uczestnik\u00f3w przebywaj\u0105cych na terenie Politechniki Bia\u0142ostockiej mo\u017ce zosta\u0107 utrwalony zar\u00f3wno w formie zdj\u0119\u0107, jak i film\u00f3w, a nast\u0119pnie u\u017cyty dla cel\u00f3w dokumentacyjnych i promocyjnych przez Organizatora. Osoby, kt\u00f3re nie wyra\u017caj\u0105 zgody na utrwalenie ich wizerunku proszone s\u0105 o [&hellip;]<\/p>\n","protected":false},"author":1,"featured_media":0,"parent":0,"menu_order":0,"comment_status":"closed","ping_status":"closed","template":"","meta":{"_acf_changed":false,"ngg_post_thumbnail":0,"footnotes":""},"class_list":["post-261","page","type-page","status-publish","hentry"],"acf":[],"_links":{"self":[{"href":"https:\/\/pb.edu.pl\/jubileuszpb\/wp-json\/wp\/v2\/pages\/261","targetHints":{"allow":["GET"]}}],"collection":[{"href":"https:\/\/pb.edu.pl\/jubileuszpb\/wp-json\/wp\/v2\/pages"}],"about":[{"href":"https:\/\/pb.edu.pl\/jubileuszpb\/wp-json\/wp\/v2\/types\/page"}],"author":[{"embeddable":true,"href":"https:\/\/pb.edu.pl\/jubileuszpb\/wp-json\/wp\/v2\/users\/1"}],"replies":[{"embeddable":true,"href":"https:\/\/pb.edu.pl\/jubileuszpb\/wp-json\/wp\/v2\/comments?post=261"}],"version-history":[{"count":0,"href":"https:\/\/pb.edu.pl\/jubileuszpb\/wp-json\/wp\/v2\/pages\/261\/revisions"}],"wp:attachment":[{"href":"https:\/\/pb.edu.pl\/jubileuszpb\/wp-json\/wp\/v2\/media?parent=261"}],"curies":[{"name":"wp","href":"https:\/\/api.w.org\/{rel}","templated":true}]}}