{"id":227,"date":"2024-03-03T20:27:59","date_gmt":"2024-03-03T19:27:59","guid":{"rendered":"https:\/\/pb.edu.pl\/jubileuszpb\/?page_id=227"},"modified":"2025-03-13T22:25:30","modified_gmt":"2025-03-13T21:25:30","slug":"deklaracja-dostepnosci","status":"publish","type":"page","link":"https:\/\/pb.edu.pl\/jubileuszpb\/deklaracja-dostepnosci\/","title":{"rendered":"Deklaracja dost\u0119pno\u015bci"},"content":{"rendered":"\n    <section id=\"a11y-wstep\">\n      <p> <span id=\"a11y-podmiot\">Politechnika Bia\u0142ostocka<\/span> zobowi\u0105zuje si\u0119 zapewni\u0107 dost\u0119pno\u015b\u0107 swojej <span id=\"a11y-zakres\">strony internetowej<\/span> zgodnie z ustaw\u0105 z dnia 4 kwietnia 2019 r. o dost\u0119pno\u015bci cyfrowej stron internetowych i aplikacji mobilnych podmiot\u00f3w publicznych. <\/p>\n      <p> Deklaracja dost\u0119pno\u015bci dotyczy strony <a href=\"https:\/\/pb.edu.pl\/jubileuszpb\" id=\"a11y-url\">pb.edu.pl\/jubileuszpb<\/a>. <\/p>\n    <\/section>\n\n    <section>\n      <ul>\n        <li> Data publikacji strony internetowej: <time id=\"a11y-data-publikacja\" datetime=\"2024-03-01\">2024-03-01<\/time> <\/li>\n        <li> Data ostatniej istotnej aktualizacji: <time id=\"a11y-data-aktualizacja\" datetime=\"2024-03-01\">2024-03-01<\/time> <\/li>\n      <\/ul>\n    <\/section>\n    <section>\n      <h2>Stan dost\u0119pno\u015bci cyfrowej<\/h2>\n      <p id=\"a11y-status\">Ta strona internetowa jest cz\u0119\u015bciowo zgodna z za\u0142\u0105cznikiem do ustawy o dost\u0119pno\u015bci cyfrowej z dnia 4 kwietnia 2019 r. o dost\u0119pno\u015bci cyfrowej stron internetowych i aplikacji mobilnych podmiot\u00f3w publicznych z powodu niezgodno\u015bci i wy\u0142\u0105cze\u0144 wymienionych poni\u017cej.<\/p>\n    <\/section>\n\n    <section>\n      <h2>Niedost\u0119pne tre\u015bci<\/h2>\n      <h3>Niezgodno\u015b\u0107 z za\u0142\u0105cznikiem<\/h3>\n      <ul>\n        <li>Mo\u017ce zdarzy\u0107 si\u0119 sytuacja, \u017ce do fotografii oraz grafik nie dodano tekst\u00f3w alternatywnych.<\/li>\n        <li>Mo\u017ce si\u0119 zdarzy\u0107, \u017ce nag\u0142\u00f3wki (h1, h2 itd.) s\u0105 u\u017cyte niehierarchicznie.<\/li>\n        <li>Mo\u017ce si\u0119 zdarzy\u0107, \u017ce w znacznikach nag\u0142\u00f3wk\u00f3w (h1, h2 itd.) jest wstawiona du\u017ca ilo\u015b\u0107 tekstu.<\/li>\n        <li>Mo\u017ce si\u0119 zdarzy\u0107, \u017ce teksty alternatywne dla fotografii w galeriach zdj\u0119\u0107 powtarzaj\u0105 si\u0119.<\/li>\n      <\/ul>\n    <\/section>\n\n    <section>\n      <h3>Wy\u0142\u0105czenia<\/h3>\n      <ul>\n        <li>Mapy s\u0105 wy\u0142\u0105czone z obowi\u0105zku zapewnienia dost\u0119pno\u015bci. Dane teleadresowe Politechniki Bia\u0142ostockiej s\u0105 dost\u0119pne w formie tekstowej na stronie www <a href=\"https:\/\/pb.edu.pl\/kontakt\/dane-teleadresowe\/\">Dane teleadresowe<\/a>.<\/li>\n      <\/ul>\n    <\/section>\n    <section>\n      <h2>Przygotowanie deklaracji dost\u0119pno\u015bci<\/h2>\n      <ul>\n        <li> Data sporz\u0105dzenia deklaracji: <time id=\"a11y-data-sporzadzenie\" datetime=\"2024-03-01\">2024-03-01<\/time> <\/li>\n        <li> Data ostatniego przegl\u0105du deklaracji: <time id=\"a11y-data-przeglad\" datetime=\"2025-03-13\">2025-03-13<\/time> <\/li>\n      <\/ul>\n      <p>Deklaracj\u0119 sporz\u0105dzili\u015bmy na podstawie samooceny.<\/p>\n    <\/section>\n    <section>\n      <h2>Udogodnienia, ograniczenia i inne informacje<\/h2>\n      <h3>Plany likwidacji b\u0142\u0119d\u00f3w dost\u0119pno\u015bci cyfrowej<\/h3>\n      <p>Wszystkie b\u0142\u0119dy dost\u0119pno\u015bci cyfrowej, o kt\u00f3rych mowa powy\u017cej zamierzamy zlikwidowa\u0107 w ramach realizacji zada\u0144 projektu <a href=\"https:\/\/pb.edu.pl\/dostepna2\/o-projekcie\/\">PB Dost\u0119pna 2.0 - nowoczesna uczelnia dla wszystkich<\/a>.<\/p>\n    <\/section>\n    <section>\n      <h2>Informacje zwrotne i dane kontaktowe<\/h2>\n      <p>Wszystkie problemy z dost\u0119pno\u015bci\u0105 cyfrow\u0105 tej strony internetowej mo\u017cesz zg\u0142osi\u0107 do <span id=\"a11y-kontakt\">Biura ds. Os\u00f3b z Niepe\u0142nosprawno\u015bciami Politechniki Bia\u0142ostockiej<\/span> - mejlowo <a id=\"a11y-email\" href=\"mailto:wsparcie.bon@pb.edu.pl\">wsparcie.bon@pb.edu.pl<\/a> lub telefonicznie <a id=\"a11y-telefon\" href=\"tel:501032551\">501 032 551<\/a>.<\/p>\n      <p>Ka\u017cdy ma prawo wyst\u0105pi\u0107 z \u017c\u0105daniem zapewnienia dost\u0119pno\u015bci cyfrowej tej strony internetowej lub jej element\u00f3w.<\/p>\n      <p>Zg\u0142aszaj\u0105c takie \u017c\u0105danie podaj:<\/p>\n      <ul>\n        <li>swoje imi\u0119 i nazwisko,<\/li>\n        <li>swoje dane kontaktowe (np. numer telefonu, e-mail),<\/li>\n        <li>dok\u0142adny adres strony internetowej, na kt\u00f3rej jest niedost\u0119pny cyfrowo element lub tre\u015b\u0107,<\/li>\n        <li>opis na czym polega problem i jaki spos\u00f3b jego rozwi\u0105zania by\u0142by dla Ciebie najwygodniejszy.<\/li>\n      <\/ul>\n      <p>Na Twoje zg\u0142oszenie odpowiemy najszybciej jak to mo\u017cliwe, nie p\u00f3\u017aniej ni\u017c w ci\u0105gu 7 dni od jego otrzymania.<\/p>\n      <p>Je\u017celi ten termin b\u0119dzie dla nas zbyt kr\u00f3tki poinformujemy Ci\u0119 o tym. W tej informacji podamy nowy termin, do kt\u00f3rego poprawimy zg\u0142oszone przez Ciebie b\u0142\u0119dy lub przygotujemy informacje w alternatywny spos\u00f3b. Ten nowy termin nie b\u0119dzie d\u0142u\u017cszy ni\u017c 2 miesi\u0105ce.<\/p>\n      <p>Je\u017celi nie b\u0119dziemy w stanie zapewni\u0107 dost\u0119pno\u015bci cyfrowej strony internetowej lub tre\u015bci, wskazanej w Twoim \u017c\u0105daniu, zaproponujemy Ci dost\u0119p do nich w alternatywny spos\u00f3b.<\/p>\n    <\/section>\n    <section id=\"a11y-procedura\">\n      <h2>Obs\u0142uga wniosk\u00f3w i skarg zwi\u0105zanych z dost\u0119pno\u015bci\u0105<\/h2>\n      <p>Je\u017celi w odpowiedzi na Tw\u00f3j wniosek o zapewnienie dost\u0119pno\u015bci cyfrowej, odm\u00f3wimy zapewnienia \u017c\u0105danej przez Ciebie dost\u0119pno\u015bci cyfrowej, a Ty nie zgadzasz si\u0119 z t\u0105 odmow\u0105, masz prawo z\u0142o\u017cy\u0107 skarg\u0119.<\/p>\n      <p>Skarg\u0119 masz prawo z\u0142o\u017cy\u0107 tak\u017ce, je\u015bli nie zgadzasz si\u0119 na skorzystanie z alternatywnego sposobu dost\u0119pu, kt\u00f3ry zaproponowali\u015bmy Ci w odpowiedzi na Tw\u00f3j wniosek o zapewnienie dost\u0119pno\u015bci cyfrowej.<\/p>\n      <p>Ewentualn\u0105 skarg\u0119 z\u0142\u00f3\u017c listownie lub mailem do kierownictwa naszego biura:<\/p>\n      <ul>\n        <li> <span id=\"a11y-procedura-kierownik\">Biuro ds. Os\u00f3b z Niepe\u0142nosprawno\u015bciami Politechniki Bia\u0142ostockiej<\/span>, <\/li>\n        <li> Adres: <span id=\"a11y-procedura-adres\">ul. Wiejska 45A, 15-351 Bia\u0142ystok<\/span>, <\/li>\n        <li> email: <a id=\"a11y-procedura-email\" href=\"mailto:wsparcie.bon@pb.edu.pl\">wsparcie.bon@pb.edu.pl<\/a>. <\/li>\n      <\/ul>\n      <p> <a href=\"https:\/\/www.gov.pl\/web\/gov\/zloz-wniosek-o-zapewnienie-dostepnosci-cyfrowej-strony-internetowej-lub-aplikacji-mobilnej\">Pomocne mog\u0105 by\u0107 informacje, kt\u00f3re mo\u017cna znale\u017a\u0107 na rz\u0105dowym portalu gov.pl<\/a>. <\/p>\n      <p>Mo\u017cesz tak\u017ce poinformowa\u0107 o tej sytuacji <a href=\"https:\/\/bip.brpo.gov.pl\/\">Rzecznika Praw Obywatelskich<\/a> i poprosi\u0107 o interwencj\u0119 w Twojej sprawie.<\/p>\n    <\/section>\n    <h2>Pozosta\u0142e informacje<\/h2>\n    <section id=\"a11y-architektura\">\n      <h3>Dost\u0119pno\u015b\u0107 architektoniczna<\/h3>\n      <p> <a id=\"a11y-architektura-url\" href=\"https:\/\/pb.edu.pl\/dostepnosc-cyfrowa\/dostepnosc-architektoniczna-budynkow-pb\/\">Szczeg\u00f3\u0142owe informacje dotycz\u0105ce dost\u0119pno\u015bci architektonicznej budynk\u00f3w Politechniki Bia\u0142ostockiej<\/a>. <\/p>\n    <\/section>\n\n    <section id=\"a11y-komunikacja\">\n      <h3>Dost\u0119pno\u015b\u0107 komunikacyjno-informacyjna<\/h3>\n      <p>Na Politechnice Bia\u0142ostockiej mo\u017cna skorzysta\u0107 z t\u0142umacza polskiego j\u0119zyka migowego (PJM) online. Us\u0142uga jest dost\u0119pna w godzinach 8:00-20:00 przez ca\u0142y tydzie\u0144, us\u0142uga jest bezp\u0142atna dla os\u00f3b nies\u0142ysz\u0105cych i G\u0142uchych. <a href=\"https:\/\/pb.edu.pl\/dostepnosc-cyfrowa\/informacje-na-temat-korzystania-z-uslugi-tlumaczenia-polskiego-jezyka-migowego-online\/\">Szczeg\u00f3\u0142owe informacje o us\u0142udze t\u0142umacza PJM online<\/a>.<\/p>\n      <p> <a href=\"https:\/\/pb.edu.pl\/uczelnia\/o-uczelni\/informacje-o-politechnice-bialostockiej-tekst-latwy-do-czytania-etr\/\">Informacja w formacie \u0142atwym do czytania i rozumienia (tzw. ETR)<\/a>. <\/p>\n      <p> <a href=\"https:\/\/pb.edu.pl\/uczelnia\/o-uczelni\/#pjm\">Informacja o uczelni w polskim j\u0119zyku migowym (PJM)<\/a> oraz na <a href=\"https:\/\/www.youtube.com\/watch?app=desktop&v=-WqJdnebfw0&feature=youtu.be\">youtube<\/a>. <\/p>\n      <p> <a href=\"https:\/\/pb.edu.pl\/bon\/dostepnosc\/#petle-induktofoniczne\">Informacja o p\u0119tlach induktofonicznych<\/a>. <\/p>\n    <\/section>\n","protected":false},"excerpt":{"rendered":"","protected":false},"author":2,"featured_media":0,"parent":0,"menu_order":0,"comment_status":"closed","ping_status":"closed","template":"","meta":{"_acf_changed":false,"ngg_post_thumbnail":0,"footnotes":""},"class_list":["post-227","page","type-page","status-publish","hentry"],"acf":[],"_links":{"self":[{"href":"https:\/\/pb.edu.pl\/jubileuszpb\/wp-json\/wp\/v2\/pages\/227","targetHints":{"allow":["GET"]}}],"collection":[{"href":"https:\/\/pb.edu.pl\/jubileuszpb\/wp-json\/wp\/v2\/pages"}],"about":[{"href":"https:\/\/pb.edu.pl\/jubileuszpb\/wp-json\/wp\/v2\/types\/page"}],"author":[{"embeddable":true,"href":"https:\/\/pb.edu.pl\/jubileuszpb\/wp-json\/wp\/v2\/users\/2"}],"replies":[{"embeddable":true,"href":"https:\/\/pb.edu.pl\/jubileuszpb\/wp-json\/wp\/v2\/comments?post=227"}],"version-history":[{"count":0,"href":"https:\/\/pb.edu.pl\/jubileuszpb\/wp-json\/wp\/v2\/pages\/227\/revisions"}],"wp:attachment":[{"href":"https:\/\/pb.edu.pl\/jubileuszpb\/wp-json\/wp\/v2\/media?parent=227"}],"curies":[{"name":"wp","href":"https:\/\/api.w.org\/{rel}","templated":true}]}}