{"id":13,"date":"2020-05-18T14:40:41","date_gmt":"2020-05-18T12:40:41","guid":{"rendered":"https:\/\/pb.edu.pl\/iss\/?page_id=13"},"modified":"2026-03-02T15:26:04","modified_gmt":"2026-03-02T14:26:04","slug":"home-2","status":"publish","type":"page","link":"https:\/\/pb.edu.pl\/iss\/","title":{"rendered":"Home"},"content":{"rendered":"<div class=\"img-full\">\n<p><img decoding=\"async\" src=\"https:\/\/pb.edu.pl\/iss\/wp-content\/uploads\/sites\/145\/2025\/02\/baner-1920px.jpg\" alt=\"young smiling happy people\"><\/p>\n<div class=\"img-full-text\">\n<div class=\"img-full-title\">Our Summer School<br \/>\nSuccess Stories<\/div>\n<p><a class=\"img-full-button\" href=\"#summer-school-success-stories\">Discover what makes the&#8230;<\/a><\/p>\n<\/div>\n<\/div>\n<p>&nbsp;<\/p>\n<div class=\"join-text\">\n<p><a href=\"#summer-school-offer\">Join one of our summer courses at Bia\u0142ystok University of Technology (BUT ISS)<\/a>, where <a title=\"Meet our Academic Team\" href=\"https:\/\/pb.edu.pl\/iss\/offer-2025\/academic-team\/\">world-class experts<\/a> will lead you through the latest developments in your field of interest. BUT ISS offers an unique opportunity to immerse yourself in sustainable engineering and architecture, IT issues, teambuilding and many more through hands-on training.<\/p>\n<p><a title=\"Summer Programmes\" href=\"https:\/\/pb.edu.pl\/iss\/offer-2025\/summer-programmes\/\">Our programs<\/a> focus on design think, analysis, team projects thus they will equip you with practical skills needed on the international labour market. <a title=\"Timetable\" href=\"https:\/\/pb.edu.pl\/iss\/offer-2025\/timetable\/\">Classes<\/a> are designed to accommodate both beginners and more experiences students from various study disciplines, fostering a collaborative international learning environment under the guidance of teachers from many countries.<\/p>\n<p>Alongside inspiring workshops, study visits in companies and design classes, you\u2019ll enjoy unforgettable cultural activities and the chance to form lasting connections in a dynamic international community.<\/p>\n<p><a href=\"#discover-poland\">Discover Poland, explore the beauty of Podlasie<\/a>, broaden your horizons, and create memories that will last a lifetime!<\/p>\n<\/div>\n<p>&nbsp;<\/p>\n<div class=\"h1 big text-center\">Get Ready for What&#8217;s Ahead&#8230;<\/div>\n<p>&nbsp;<br \/>\n<img loading=\"lazy\" decoding=\"async\" class=\"alignleft wp-image-2561\" style=\"margin-top: 14px\" src=\"https:\/\/pb.edu.pl\/iss\/wp-content\/uploads\/sites\/145\/2025\/02\/2024-07-04-2024-Miedzynarodowa-szkola-letnia-gra-terenowa-fot-Dariusz-Piekut-3.jpg\" alt=\"summer school\" width=\"450\" height=\"281\"><\/p>\n<div class=\"h2\" style=\"margin-top: 0\">Cutting-Edge Learning Opportunities<\/div>\n<p><a href=\"https:\/\/pb.edu.pl\/en\/\">Bia\u0142ystok University of Technology<\/a> is the largest technological university in Northeast Poland, renowned for its innovative approach, practical learning, and involvement in cutting-edge research.<\/p>\n<p><a href=\"https:\/\/pb.edu.pl\/iros\/en\/summer-schools\/\">Our International Summer Schools<\/a> and activities offer a diverse range of courses, from sustainability challenges to cybersecurity challenges \u2013 all led by <a title=\"Meet our Academic Team\" href=\"https:\/\/pb.edu.pl\/iss\/offer-2025\/academic-team\/\">experts in their fields<\/a>. Alongside our esteemed Polish academic staff, the courses have also been, and will continue to be, conducted by internationally acclaimed professors recognized as leaders in their disciplines. Whether you\u2019re exploring new academic interests or deepening your expertise, you\u2019ll gain fresh perspectives while earning academic credit.<\/p>\n<p><a class=\"h3\" href=\"\/iss\/offer-2025\/academic-team\/\">Meet Our Academic Team<\/a><\/p>\n<div style=\"clear: both\">&nbsp;<\/div>\n<p>&nbsp;<br \/>\n<a name=\"discover-poland\"><\/a><\/p>\n<div class=\"row\">\n<div class=\"col-sm-6\">\n<div class=\"h2 text-center\">Immersive Polish and Podlasie Cultural Experience<\/div>\n<p><a href=\"https:\/\/pb.edu.pl\/iss\/wp-content\/uploads\/sites\/145\/2025\/02\/209EXRD-e1739272597545.jpg\"><img loading=\"lazy\" decoding=\"async\" class=\"alignleft wp-image-2476\" src=\"https:\/\/pb.edu.pl\/iss\/wp-content\/uploads\/sites\/145\/2025\/02\/209EXRD-e1739272597545.jpg\" alt=\"Bia\u0142ystok\" width=\"200\" height=\"150\"><\/a>Dive into the heart of Polish culture and discover the unique heritage of Podlasie. From traditional crafts and multi-ethnic traditions to the pristine beauty of Bia\u0142owie\u017ca Forest, you\u2019ll experience the soul of this extraordinary region. Savor local delicacies, explore the most beautiful corners of the area, and connect with the people who make Podlasie so special.<\/p>\n<div style=\"clear: both\">&nbsp;<\/div>\n<p><a class=\"h3 text-right\" href=\"\/iss\/explore-podlasies-treasures\/\">Explore Podlasie\u2019s Treasures<\/a><\/p>\n<\/div>\n<div class=\"col-sm-6\">\n<div class=\"h2 text-center\">Global Connections and Lifelong Friendships<\/div>\n<p><a href=\"https:\/\/pb.edu.pl\/iss\/wp-content\/uploads\/sites\/145\/2025\/02\/2024-07-04-2024-Miedzynarodowa-szkola-letnia-gra-terenowa-fot-Dariusz-Piekut-32-e1739266549378.jpg\"><img loading=\"lazy\" decoding=\"async\" class=\"alignleft size-full wp-image-2482\" src=\"https:\/\/pb.edu.pl\/iss\/wp-content\/uploads\/sites\/145\/2025\/02\/2024-07-04-2024-Miedzynarodowa-szkola-letnia-gra-terenowa-fot-Dariusz-Piekut-32-e1739266549378.jpg\" alt=\"film\" width=\"200\" height=\"150\"><\/a>Bialystok University of Technology\u2019s International Summer School offers more than just an academic experience &#8211; it\u2019s a chance to connect with motivated students from around the world. Engage with peers from diverse cultures, collaborate on inspiring projects, and forge lasting friendships that will enrich both your personal and professional life.<\/p>\n<div style=\"clear: both\">&nbsp;<\/div>\n<p><a class=\"h3\" href=\"\/iss\/from-our-ambassador\/\">From Our Ambassador<\/a><\/p>\n<\/div>\n<\/div>\n<p>&nbsp;<br \/>\n<a name=\"summer-school-offer\"><\/a><\/p>\n<div class=\"h1 big text-center\">Summer School Offer 2026<\/div>\n<p class=\"text-center\">Explore our offer and choose one of the summer courses we\u2019ve prepared for students from our partner universities.<\/p>\n<p class=\"text-center\"><a class=\"h3 text-center\" href=\"\/iss\/offer-2025\/summer-programmes\/\">Summer Programmes<\/a> | <a class=\"h3\" href=\"\/iss\/offer-2025\/welcome\/\">Welcome<\/a> | <a class=\"h3\" href=\"\/iss\/offer-2025\/timetable\/\">Timetable<\/a> | <a class=\"h3\" href=\"\/iss\/offer-2025\/academic-team\/\">Academic Team<\/a> | <a class=\"h3\" href=\"\/iss\/offer-2025\/general-requirements\/\">General requirements<\/a> | <a class=\"h3\" href=\"\/iss\/offer-2025\/terms-admission\/\">Terms &amp; admission<\/a> | <a class=\"h3\" href=\"\/iss\/offer-2025\/fees\/\">Fees<\/a> | <a class=\"h3\" href=\"\/iss\/faq\/\">FAQ<\/a> | <a class=\"h3\" href=\"\/iss\/contact-us\/\">Contact us<\/a><\/p>\n<p>&nbsp;<\/p>\n<div class=\"blok-apply text-center\"><a class=\"button-apply\" href=\"\/iss\/offer-2025\/apply-now\/\">Apply now<\/a><\/div>\n<p>&nbsp;<\/p>\n<p>&nbsp;<br \/>\n<a name=\"summer-school-success-stories\"><\/a><\/p>\n<div class=\"h1 big text-center\">Our Summer School Success Stories<\/div>\n<div class=\"h3\">Discover what makes the Bia\u0142ystok University of Technology Summer Courses a truly unforgettable experience!<\/div>\n<p>We invite you to explore stories and testimonials from students who have already participated in our summer courses. Hear firsthand about their academic experiences, cultural discoveries, and the lasting friendships they\u2019ve made.<br \/>\n&nbsp;<\/p>\n<div class=\"row\">\n<div class=\"col-sm-4\">\n<div class=\"embed-responsive embed-responsive-16by9\"><iframe loading=\"lazy\" title=\"Mi\u0119dzynarodowa szko\u0142a letnia Budownictwo energooszcz\u0119dne, przyjazne u\u017cytkownikom i \u015brodowisku\" width=\"500\" height=\"281\" src=\"https:\/\/www.youtube.com\/embed\/qrWGXrQIeS0?feature=oembed\" frameborder=\"0\" allow=\"accelerometer; autoplay; clipboard-write; encrypted-media; gyroscope; picture-in-picture; web-share\" referrerpolicy=\"strict-origin-when-cross-origin\" allowfullscreen><\/iframe><\/div>\n<\/div>\n<div class=\"col-sm-4\">\n<div class=\"embed-responsive embed-responsive-16by9\"><iframe loading=\"lazy\" title=\"BUT in international students&#039; eyes - part1\" width=\"500\" height=\"281\" src=\"https:\/\/www.youtube.com\/embed\/08BqgMRLPCc?feature=oembed\" frameborder=\"0\" allow=\"accelerometer; autoplay; clipboard-write; encrypted-media; gyroscope; picture-in-picture; web-share\" referrerpolicy=\"strict-origin-when-cross-origin\" allowfullscreen><\/iframe><\/div>\n<\/div>\n<div class=\"col-sm-4\">\n<div class=\"embed-responsive embed-responsive-16by9\"><iframe loading=\"lazy\" title=\"Mi\u0119dzynarodowa szko\u0142a letnia na Politechnice Bia\u0142ostockiej. Projekt SPINAKER\" width=\"500\" height=\"281\" src=\"https:\/\/www.youtube.com\/embed\/7k_0jD_V8yM?feature=oembed\" frameborder=\"0\" allow=\"accelerometer; autoplay; clipboard-write; encrypted-media; gyroscope; picture-in-picture; web-share\" referrerpolicy=\"strict-origin-when-cross-origin\" allowfullscreen><\/iframe><\/div>\n<\/div>\n<\/div>\n<p>&nbsp;<\/p>\n<div class=\"row\">\n<div class=\"col-sm-4\">\n<div class=\"embed-responsive embed-responsive-16by9\"><iframe loading=\"lazy\" title=\"Mi\u0119dzynarodowa Szko\u0142a Letnia w Politechnice Bia\u0142ostockiej 2025. Projekt Vipskills i Glocal Erasmus+\" width=\"500\" height=\"281\" src=\"https:\/\/www.youtube.com\/embed\/C4YVcwKtinA?feature=oembed\" frameborder=\"0\" allow=\"accelerometer; autoplay; clipboard-write; encrypted-media; gyroscope; picture-in-picture; web-share\" referrerpolicy=\"strict-origin-when-cross-origin\" allowfullscreen><\/iframe><\/div>\n<\/div>\n<div class=\"col-sm-4\">\n<div class=\"embed-responsive embed-responsive-16by9\"><iframe loading=\"lazy\" title=\"Mi\u0119dzynarodowa Szko\u0142a Letnia 2024 w Politechnice Bia\u0142ostockiej\" width=\"500\" height=\"281\" src=\"https:\/\/www.youtube.com\/embed\/momO6zIfUPs?feature=oembed\" frameborder=\"0\" allow=\"accelerometer; autoplay; clipboard-write; encrypted-media; gyroscope; picture-in-picture; web-share\" referrerpolicy=\"strict-origin-when-cross-origin\" allowfullscreen><\/iframe><\/div>\n<\/div>\n<\/div>\n<p>&nbsp;<br \/>\nTake a look at our <a href=\"https:\/\/pb.edu.pl\/en\/2024\/07\/04\/international-summer-school-on-sustainable-buildings\/\">photo galleries<\/a> and relive the vibrant moments from previous editions of our summer courses. From inspiring lectures to exciting excursions, each year brings new memories and unforgettable experiences.<\/p>\n<p>While you&#8217;re here, get to know the city of Bia\u0142ystok &#8211; the heart of Podlasie. A city full of charm, history, and a warm, welcoming atmosphere, it\u2019s the perfect place to learn, connect, and grow.<\/p>\n<div class=\"embed-responsive embed-responsive-16by9\"><iframe loading=\"lazy\" title=\"BIA\u0141YSTOK - Stolica Podlasia\" width=\"500\" height=\"281\" src=\"https:\/\/www.youtube.com\/embed\/8p7R01VXwes?feature=oembed\" frameborder=\"0\" allow=\"accelerometer; autoplay; clipboard-write; encrypted-media; gyroscope; picture-in-picture; web-share\" referrerpolicy=\"strict-origin-when-cross-origin\" allowfullscreen><\/iframe><\/div>\n<div class=\"h3\">Join us and be a part of the success story!<\/div>\n<p>&nbsp;<\/p>\n","protected":false},"excerpt":{"rendered":"<p>Our Summer School Success Stories Discover what makes the&#8230; &nbsp; Join one of our summer<\/p>\n","protected":false},"author":2,"featured_media":0,"parent":0,"menu_order":0,"comment_status":"closed","ping_status":"closed","template":"templates\/dzial.php","meta":{"_acf_changed":false,"ngg_post_thumbnail":0,"footnotes":""},"class_list":["post-13","page","type-page","status-publish","hentry"],"acf":[],"_links":{"self":[{"href":"https:\/\/pb.edu.pl\/iss\/wp-json\/wp\/v2\/pages\/13","targetHints":{"allow":["GET"]}}],"collection":[{"href":"https:\/\/pb.edu.pl\/iss\/wp-json\/wp\/v2\/pages"}],"about":[{"href":"https:\/\/pb.edu.pl\/iss\/wp-json\/wp\/v2\/types\/page"}],"author":[{"embeddable":true,"href":"https:\/\/pb.edu.pl\/iss\/wp-json\/wp\/v2\/users\/2"}],"replies":[{"embeddable":true,"href":"https:\/\/pb.edu.pl\/iss\/wp-json\/wp\/v2\/comments?post=13"}],"version-history":[{"count":3,"href":"https:\/\/pb.edu.pl\/iss\/wp-json\/wp\/v2\/pages\/13\/revisions"}],"predecessor-version":[{"id":2823,"href":"https:\/\/pb.edu.pl\/iss\/wp-json\/wp\/v2\/pages\/13\/revisions\/2823"}],"wp:attachment":[{"href":"https:\/\/pb.edu.pl\/iss\/wp-json\/wp\/v2\/media?parent=13"}],"curies":[{"name":"wp","href":"https:\/\/api.w.org\/{rel}","templated":true}]}}