{"id":1621,"date":"2022-01-04T22:53:13","date_gmt":"2022-01-04T21:53:13","guid":{"rendered":"https:\/\/pb.edu.pl\/irt\/about-the-conference\/komitet-organizacyjny\/"},"modified":"2026-02-17T11:53:49","modified_gmt":"2026-02-17T10:53:49","slug":"organising-committee","status":"publish","type":"page","link":"https:\/\/pb.edu.pl\/irt\/about-conference\/organising-committee\/","title":{"rendered":"Organising committee"},"content":{"rendered":"<p><strong><u>Chairwoman of the Organising Committee<\/u><\/strong><\/p>\n<p>MSc Eng. Adriana Dowbysz<\/p>\n<p><strong><u>Members<\/u><\/strong><\/p>\n<p>MSc Eng. Krzysztof Duch<\/p>\n<p>MSc Eng. Micha\u0142 Falkowski<\/p>\n<p>MSc Eng. Ewelina Go\u0142\u0119biewska<\/p>\n<p>MSc Eng. Dominika Nowi\u0144ska<\/p>\n<p>MSc Eng. Natalia Kowalczyk<\/p>\n<p>MSc Eng. Agnieszka Sakowicz<\/p>\n<p>MSc Eng. Mateusz Sumorek<\/p>\n<p>MSc Eng. Anna Falkowska<\/p>\n<p>&nbsp;<\/p>\n","protected":false},"excerpt":{"rendered":"<p>Chairwoman of the Organising Committee MSc Eng. Adriana Dowbysz Members MSc Eng. Krzysztof Duch MSc Eng. Micha\u0142 Falkowski MSc Eng. Ewelina Go\u0142\u0119biewska MSc Eng. Dominika Nowi\u0144ska MSc Eng. Natalia Kowalczyk MSc Eng. Agnieszka Sakowicz MSc Eng. Mateusz Sumorek MSc Eng. Anna Falkowska &nbsp;<\/p>\n","protected":false},"author":2,"featured_media":0,"parent":1596,"menu_order":1,"comment_status":"closed","ping_status":"closed","template":"","meta":{"_acf_changed":false,"ngg_post_thumbnail":0,"footnotes":""},"class_list":["post-1621","page","type-page","status-publish","hentry"],"acf":[],"_links":{"self":[{"href":"https:\/\/pb.edu.pl\/irt\/wp-json\/wp\/v2\/pages\/1621","targetHints":{"allow":["GET"]}}],"collection":[{"href":"https:\/\/pb.edu.pl\/irt\/wp-json\/wp\/v2\/pages"}],"about":[{"href":"https:\/\/pb.edu.pl\/irt\/wp-json\/wp\/v2\/types\/page"}],"author":[{"embeddable":true,"href":"https:\/\/pb.edu.pl\/irt\/wp-json\/wp\/v2\/users\/2"}],"replies":[{"embeddable":true,"href":"https:\/\/pb.edu.pl\/irt\/wp-json\/wp\/v2\/comments?post=1621"}],"version-history":[{"count":1,"href":"https:\/\/pb.edu.pl\/irt\/wp-json\/wp\/v2\/pages\/1621\/revisions"}],"predecessor-version":[{"id":2148,"href":"https:\/\/pb.edu.pl\/irt\/wp-json\/wp\/v2\/pages\/1621\/revisions\/2148"}],"up":[{"embeddable":true,"href":"https:\/\/pb.edu.pl\/irt\/wp-json\/wp\/v2\/pages\/1596"}],"wp:attachment":[{"href":"https:\/\/pb.edu.pl\/irt\/wp-json\/wp\/v2\/media?parent=1621"}],"curies":[{"name":"wp","href":"https:\/\/api.w.org\/{rel}","templated":true}]}}