{"id":9868,"date":"2022-11-10T12:50:28","date_gmt":"2022-11-10T11:50:28","guid":{"rendered":"https:\/\/pb.edu.pl\/bwm\/?page_id=9868"},"modified":"2025-02-19T13:28:38","modified_gmt":"2025-02-19T12:28:38","slug":"kontakt-wyjazdy-studentow-ka103-ka131","status":"publish","type":"page","link":"https:\/\/pb.edu.pl\/iros\/kontakt-wyjazdy-studentow-ka103-ka131\/","title":{"rendered":"Kontakt &#8211; Wyjazdy student\u00f3w"},"content":{"rendered":"<p><span style=\"font-size: 15pt\"><strong>DZIA\u0141 MOBILNO\u015aCI I OBS\u0141UGI UM\u00d3W MI\u0118DZYNARODOWYCH&nbsp;<\/strong><\/span><br \/>\nul. Wiejska 45A, 15-351 Bia\u0142ystok<\/p>\n<p>Godziny otwarcia: poniedzia\u0142ek \u2013 czwartek 9.00 \u2013 14.00<\/p>\n<p>pok\u00f3j 31 w cz\u0119\u015bci C<br \/>\n<i class=\"fa fa-phone\" aria-hidden=\"true\"><\/i> +48 85 746 9044<\/p>\n<p>mgr Natalia Zi\u00f3\u0142kowska<br \/>\n<i class=\"fal fa-envelope\"><\/i> <a href=\"#\" rel=\"nofollow\"  onclick=\"this.href='mailto:' + 'natalia.ziolkowska' + '@' + 'pb.edu.pl'\">natalia.ziolkowska [at] pb.edu.pl<\/a>\n&nbsp;<br \/>\nmgr Julita Jurgiel<br \/>\n<i class=\"fal fa-envelope\"><\/i> <a href=\"#\" rel=\"nofollow\"  onclick=\"this.href='mailto:' + 'j.jurgiel' + '@' + 'pb.edu.pl'\">j.jurgiel [at] pb.edu.pl<\/a>\n<p>Og\u00f3lny kontakt do koordynator\u00f3w Erasmus+ Dzia\u0142u Mobilno\u015bci i Obs\u0142ugi Um\u00f3w Mi\u0119dzynarodowych PB<br \/>\n<i class=\"fal fa-envelope\"><\/i> <a href=\"#\" rel=\"nofollow\"  onclick=\"this.href='mailto:' + 'erasmus.studenci' + '@' + 'pb.edu.pl'\">erasmus.studenci [at] pb.edu.pl<\/a>\n&nbsp;<\/p>\n","protected":false},"excerpt":{"rendered":"<p>DZIA\u0141 MOBILNO\u015aCI I OBS\u0141UGI UM\u00d3W MI\u0118DZYNARODOWYCH&nbsp; ul. Wiejska 45A, 15-351 Bia\u0142ystok Godziny otwarcia: poniedzia\u0142ek \u2013<\/p>\n","protected":false},"author":87,"featured_media":0,"parent":0,"menu_order":0,"comment_status":"closed","ping_status":"closed","template":"","meta":{"_acf_changed":false,"ngg_post_thumbnail":0,"footnotes":""},"class_list":["post-9868","page","type-page","status-publish","hentry"],"acf":[],"_links":{"self":[{"href":"https:\/\/pb.edu.pl\/iros\/wp-json\/wp\/v2\/pages\/9868","targetHints":{"allow":["GET"]}}],"collection":[{"href":"https:\/\/pb.edu.pl\/iros\/wp-json\/wp\/v2\/pages"}],"about":[{"href":"https:\/\/pb.edu.pl\/iros\/wp-json\/wp\/v2\/types\/page"}],"author":[{"embeddable":true,"href":"https:\/\/pb.edu.pl\/iros\/wp-json\/wp\/v2\/users\/87"}],"replies":[{"embeddable":true,"href":"https:\/\/pb.edu.pl\/iros\/wp-json\/wp\/v2\/comments?post=9868"}],"version-history":[{"count":0,"href":"https:\/\/pb.edu.pl\/iros\/wp-json\/wp\/v2\/pages\/9868\/revisions"}],"wp:attachment":[{"href":"https:\/\/pb.edu.pl\/iros\/wp-json\/wp\/v2\/media?parent=9868"}],"curies":[{"name":"wp","href":"https:\/\/api.w.org\/{rel}","templated":true}]}}