{"id":9221,"date":"2022-09-22T23:34:54","date_gmt":"2022-09-22T21:34:54","guid":{"rendered":"https:\/\/pb.edu.pl\/bwm\/?page_id=9221"},"modified":"2022-12-28T11:27:12","modified_gmt":"2022-12-28T10:27:12","slug":"o-projekcie","status":"publish","type":"page","link":"https:\/\/pb.edu.pl\/iros\/projekty-nawa\/spinaker-2021-2023\/biometrics-intelligent-solutions\/o-projekcie\/","title":{"rendered":"O projekcie"},"content":{"rendered":"<p><strong>Tytu\u0142 projektu<\/strong>: \u201eBiometrics \u2013 intelligent solutions\u201d w ramach programu \u201eSPINAKER \u2013 Intensywne Mi\u0119dzynarodowe Programy Kszta\u0142cenia\u201d<\/p>\n<p><strong>Kierownik projektu<\/strong>: dr hab in\u017c Ireneusz Mrozek, prof PB<\/p>\n<p><strong>Warto\u015b\u0107 dofinansowania projektu:<\/strong> 354 280 PLN.<\/p>\n<p><strong>Termin realizacji projektu:&nbsp;<\/strong>1 czerwca 2022 roku \u2013 31 sierpnia 2023 roku<\/p>\n<p><strong>Celem g\u0142\u00f3wnym projektu&nbsp;<\/strong>jest zwi\u0119kszenie umi\u0119dzynarodowienia Politechniki Bia\u0142ostockiej. Celem szczeg\u00f3\u0142owym jest zwi\u0119kszenie zainteresowania ofert\u0105 dydaktyczn\u0105 Wydzia\u0142u Informatyki PB w\u015br\u00f3d student\u00f3w zagranicznych i w konsekwencji podj\u0119cie przez nich kszta\u0142cenia na studiach II stopnia na specjalno\u015bci \u201eBiometria i przetwarzanie sygna\u0142\u00f3w\u201d na Wydziale Informatyki PB.<\/p>\n<p>W projekcie przewidziano organizacj\u0119 szko\u0142y letniej \u2013 Biometrics \u2013 intelligent solutions dla 45 student\u00f3w zagranicznych (g\u0142ownie z Ameryki Po\u0142udniowej). Zaj\u0119cia w szkole zak\u0142adaj\u0105 uczestnictwo s\u0142uchacza w 20h wyk\u0142ad\u00f3w i 20h zaj\u0119\u0107 praktycznych z obszaru biometrii. Zakres tematyczny zaj\u0119\u0107 zosta\u0142 podzielony na 3 bloki:<\/p>\n<ol>\n<li>Introduction to intelligent methodologies in image and signal processing.<\/li>\n<li>Introduction to biometrics.<\/li>\n<li>Implementation and practical use of selected biometrics methods.<\/li>\n<\/ol>\n<p>W programie szko\u0142y przewidziane s\u0105 r\u00f3wnie\u017c wydarzenia o charakterze kulturowym i sportowym.<\/p>\n<p>&nbsp;<\/p>\n","protected":false},"excerpt":{"rendered":"<p>Tytu\u0142 projektu: \u201eBiometrics \u2013 intelligent solutions\u201d w ramach programu \u201eSPINAKER \u2013 Intensywne Mi\u0119dzynarodowe Programy Kszta\u0142cenia\u201d<\/p>\n","protected":false},"author":2,"featured_media":0,"parent":9214,"menu_order":2,"comment_status":"closed","ping_status":"closed","template":"","meta":{"_acf_changed":false,"ngg_post_thumbnail":0,"footnotes":""},"class_list":["post-9221","page","type-page","status-publish","hentry"],"acf":[],"_links":{"self":[{"href":"https:\/\/pb.edu.pl\/iros\/wp-json\/wp\/v2\/pages\/9221","targetHints":{"allow":["GET"]}}],"collection":[{"href":"https:\/\/pb.edu.pl\/iros\/wp-json\/wp\/v2\/pages"}],"about":[{"href":"https:\/\/pb.edu.pl\/iros\/wp-json\/wp\/v2\/types\/page"}],"author":[{"embeddable":true,"href":"https:\/\/pb.edu.pl\/iros\/wp-json\/wp\/v2\/users\/2"}],"replies":[{"embeddable":true,"href":"https:\/\/pb.edu.pl\/iros\/wp-json\/wp\/v2\/comments?post=9221"}],"version-history":[{"count":0,"href":"https:\/\/pb.edu.pl\/iros\/wp-json\/wp\/v2\/pages\/9221\/revisions"}],"up":[{"embeddable":true,"href":"https:\/\/pb.edu.pl\/iros\/wp-json\/wp\/v2\/pages\/9214"}],"wp:attachment":[{"href":"https:\/\/pb.edu.pl\/iros\/wp-json\/wp\/v2\/media?parent=9221"}],"curies":[{"name":"wp","href":"https:\/\/api.w.org\/{rel}","templated":true}]}}