{"id":9178,"date":"2022-09-22T22:48:20","date_gmt":"2022-09-22T20:48:20","guid":{"rendered":"https:\/\/pb.edu.pl\/bwm\/?page_id=9178"},"modified":"2026-04-15T08:10:03","modified_gmt":"2026-04-15T06:10:03","slug":"welcome-to-poland","status":"publish","type":"page","link":"https:\/\/pb.edu.pl\/iros\/projekty-nawa\/welcome-to-poland\/","title":{"rendered":"Program Welcome to Poland"},"content":{"rendered":"<p>Program <a href=\"https:\/\/nawa.gov.pl\/instytucje\/welcome-to-poland\">WELCOME TO POLAND<\/a> to jeden z Program\u00f3w dla Instytucji koordynowanych przez <a href=\"https:\/\/nawa.gov.pl\/\">Narodow\u0105 Agencj\u0119 Wymiany Akademickiej (NAWA)<\/a>.<\/p>\n<p>Celem Programu jest umi\u0119dzynarodowienie i podniesienie konkurencyjno\u015bci polskich instytucji szkolnictwa wy\u017cszego i nauki na rynku mi\u0119dzynarodowym poprzez wsparcie ich potencja\u0142u do przyjmowania i obs\u0142ugi os\u00f3b z zagranicy, w tym:<\/p>\n<ul>\n<li>rozwini\u0119cie kompetencji kadry administracyjnej, dydaktycznej i naukowo-badawczej w zakresie wsp\u00f3\u0142pracy z osobami z zagranicy, przyjmowania i obs\u0142ugi os\u00f3b uczestnicz\u0105cych w wymianie mi\u0119dzynarodowej;<\/li>\n<li>organizacja i rozwini\u0119cie miejsc przeznaczonych do obs\u0142ugi wymiany mi\u0119dzynarodowej (w tym do obs\u0142ugi student\u00f3w i studentek, doktorant\u00f3w i doktorantek, naukowc\u00f3w i naukowczy\u0144, kadry zagranicznej);<\/li>\n<li>profesjonalna obs\u0142uga os\u00f3b uczestnicz\u0105cych w wymianie mi\u0119dzynarodowej, w tym os\u00f3b ze szczeg\u00f3lnymi potrzebami;<br \/>\nwypromowanie instytucji Beneficjenta jako miejsca realizacji kszta\u0142cenia, prowadzenia bada\u0144 naukowych i pracy dydaktycznej dla os\u00f3b z zagranicy.<\/li>\n<\/ul>\n<p>Dzi\u0119ki \u015brodkom pozyskanym w ramach Programu, Politechnika Bia\u0142ostocka realizuje projekty, kt\u00f3rych dzia\u0142ania s\u0105 skierowane na realizacj\u0119 powy\u017cej wymienionych cel\u00f3w.<\/p>\n<h4>Projekty Welcome to Poland<\/h4>\n<div class=\"row\">\n<div class=\"col-sm-4 text-center\"><a class=\"button text-center animated zoomIn\" href=\"https:\/\/pb.edu.pl\/iros\/projekty-nawa\/csi-but\/\"><img decoding=\"async\" class=\"aligncenter wp-image-409\" src=\"https:\/\/pb.edu.pl\/iros\/wp-content\/uploads\/sites\/24\/2026\/04\/Kopia-\u2013-www-miniaturki.png\" alt=\"\">Culture, Skills and Integration at BUT<br \/>\n<\/a><\/div>\n<div class=\"col-sm-4 text-center\"><a class=\"button text-center animated zoomIn\" href=\"\/iros\/projekty-nawa\/akcja-integracja-2-0\/\"><img decoding=\"async\" class=\"aligncenter wp-image-409\" src=\"https:\/\/pb.edu.pl\/iros\/wp-content\/uploads\/sites\/24\/2024\/08\/15.jpg\" alt=\"\">Akcja-Integracja 2.0<br \/>\n<\/a><\/div>\n<div class=\"col-sm-4 text-center\"><a class=\"button text-center animated zoomIn\" href=\"\/iros\/projekty-nawa\/welcome-to-poland\/welcome-at-but\/\"><img decoding=\"async\" class=\"aligncenter wp-image-409\" src=\"https:\/\/pb.edu.pl\/iros\/wp-content\/uploads\/sites\/24\/2024\/08\/16.jpg\" alt=\"\">Welcome at BUT<br \/>\n<\/a><\/div>\n<\/div>\n<div class=\"h1\"><a style=\"text-decoration: none;color: #000\" href=\"\/iros\/projekty-nawa\/welcome-to-poland\/news\/\">News<i class=\"fa fa-caret-right\" aria-hidden=\"true\"><\/i><\/a><\/div>\n\t\t<div class=\"box news-box \">\n\t\t<div class=\"row\">\n\t\t\t\n\t\t\t\n\t\t\t\t\n\t\t\t\t\t\t\t\t\t\t<div class=\"col-sm-3\">\n\t\t\t\t\t\t\t\n<article class=\"format-standard\">\n    <span class=\"date text-right\"><i class=\"fal fa-calendar-alt\"><\/i> 07-04-2026<\/span>\n    <a href=\"https:\/\/pb.edu.pl\/iros\/2026\/04\/07\/free-trip-to-bialowieza-registration-open-2\/\">\n      <div class=\"article-image\">\n        <img loading=\"lazy\" decoding=\"async\" width=\"480\" height=\"300\" src=\"https:\/\/pb.edu.pl\/iros\/wp-content\/uploads\/sites\/24\/2024\/11\/WD-03-08-480x300.png\" class=\"attachment-medium-image-16x10 size-medium-image-16x10 wp-post-image\" alt=\"\" \/>      <\/div>\n      <h3>Free trip to Bia\u0142owie\u017ca &#8211; registration open!<\/h3>\n      Be quick, the number of places is limited!    <\/a>\n<\/article>\t\t\t\t\t\t<\/div>\n\t\t\t\t\t\t\t\t\t\t\t<div class=\"col-sm-3\">\n\t\t\t\t\t\t\t\n<article class=\"format-standard\">\n    <span class=\"date text-right\"><i class=\"fal fa-calendar-alt\"><\/i> 25-03-2026<\/span>\n    <a href=\"https:\/\/pb.edu.pl\/iros\/2026\/03\/25\/registration-for-free-culinary-workshops-24-03-2026\/\">\n      <div class=\"article-image\">\n        <img loading=\"lazy\" decoding=\"async\" width=\"480\" height=\"300\" src=\"https:\/\/pb.edu.pl\/iros\/wp-content\/uploads\/sites\/24\/2026\/03\/cooking-worksh-02-04-480x300.jpg\" class=\"attachment-medium-image-16x10 size-medium-image-16x10 wp-post-image\" alt=\"\" \/>      <\/div>\n      <h3>Registration for free culinary workshops 02.04.2026<\/h3>\n      Don't wait - registration is based on the order of applications.    <\/a>\n<\/article>\t\t\t\t\t\t<\/div>\n\t\t\t\t\t\t\t\t\t\t\t<div class=\"col-sm-3\">\n\t\t\t\t\t\t\t\n<article class=\"format-standard\">\n    <span class=\"date text-right\"><i class=\"fal fa-calendar-alt\"><\/i> 25-03-2026<\/span>\n    <a href=\"https:\/\/pb.edu.pl\/iros\/2026\/03\/25\/free-trip-to-suprasl-and-kruszyniany-registration-open-3\/\">\n      <div class=\"article-image\">\n        <img loading=\"lazy\" decoding=\"async\" width=\"480\" height=\"300\" src=\"https:\/\/pb.edu.pl\/iros\/wp-content\/uploads\/sites\/24\/2024\/11\/WD-03-08-480x300.png\" class=\"attachment-medium-image-16x10 size-medium-image-16x10 wp-post-image\" alt=\"\" \/>      <\/div>\n      <h3>Free trip to Supra\u015bl and Kruszyniany \u2013 registration open!<\/h3>\n      Limited number of places! Be quick!    <\/a>\n<\/article>\t\t\t\t\t\t<\/div>\n\t\t\t\t\t\t\t\t\t\t\t<div class=\"col-sm-3\">\n\t\t\t\t\t\t\t\n<article class=\"format-standard\">\n    <span class=\"date text-right\"><i class=\"fal fa-calendar-alt\"><\/i> 16-03-2026<\/span>\n    <a href=\"https:\/\/pb.edu.pl\/iros\/2026\/03\/16\/29840\/\">\n      <div class=\"article-image\">\n        <img loading=\"lazy\" decoding=\"async\" width=\"480\" height=\"300\" src=\"https:\/\/pb.edu.pl\/iros\/wp-content\/uploads\/sites\/24\/2026\/03\/mini-warsztat-24-03-2026-480x300.jpg\" class=\"attachment-medium-image-16x10 size-medium-image-16x10 wp-post-image\" alt=\"\" \/>      <\/div>\n      <h3>Registration for free culinary workshops 24.03.2026<\/h3>\n      Don't wait - registration is based on the order of applications.    <\/a>\n<\/article>\t\t\t\t\t\t<\/div>\n\t\t\t\t\t\n\t\t\t\t\n\t\t\t\t\t<\/div>\n\t\t\t\t\t<\/div>\n\n&nbsp;<\/p>\n<div class=\"row\">\n<div class=\"col-sm-12 text-center\"><a class=\"button text-center animated zoomIn\" style=\"width: 100%;font-size: 3rem;font-weight: 600\" href=\"https:\/\/pb.edu.pl\/welcome-centre\/\">Welcome Centre<\/a><\/div>\n<\/div>\n<p>&nbsp;<\/p>\n<div class=\"row\">&nbsp;<\/div>\n","protected":false},"excerpt":{"rendered":"<p>Program WELCOME TO POLAND to jeden z Program\u00f3w dla Instytucji koordynowanych przez Narodow\u0105 Agencj\u0119 Wymiany<\/p>\n","protected":false},"author":2,"featured_media":0,"parent":311,"menu_order":2,"comment_status":"closed","ping_status":"closed","template":"","meta":{"_acf_changed":false,"ngg_post_thumbnail":0,"footnotes":""},"class_list":["post-9178","page","type-page","status-publish","hentry"],"acf":[],"_links":{"self":[{"href":"https:\/\/pb.edu.pl\/iros\/wp-json\/wp\/v2\/pages\/9178","targetHints":{"allow":["GET"]}}],"collection":[{"href":"https:\/\/pb.edu.pl\/iros\/wp-json\/wp\/v2\/pages"}],"about":[{"href":"https:\/\/pb.edu.pl\/iros\/wp-json\/wp\/v2\/types\/page"}],"author":[{"embeddable":true,"href":"https:\/\/pb.edu.pl\/iros\/wp-json\/wp\/v2\/users\/2"}],"replies":[{"embeddable":true,"href":"https:\/\/pb.edu.pl\/iros\/wp-json\/wp\/v2\/comments?post=9178"}],"version-history":[{"count":6,"href":"https:\/\/pb.edu.pl\/iros\/wp-json\/wp\/v2\/pages\/9178\/revisions"}],"predecessor-version":[{"id":30265,"href":"https:\/\/pb.edu.pl\/iros\/wp-json\/wp\/v2\/pages\/9178\/revisions\/30265"}],"up":[{"embeddable":true,"href":"https:\/\/pb.edu.pl\/iros\/wp-json\/wp\/v2\/pages\/311"}],"wp:attachment":[{"href":"https:\/\/pb.edu.pl\/iros\/wp-json\/wp\/v2\/media?parent=9178"}],"curies":[{"name":"wp","href":"https:\/\/api.w.org\/{rel}","templated":true}]}}