{"id":803,"date":"2019-03-04T19:14:42","date_gmt":"2019-03-04T18:14:42","guid":{"rendered":"https:\/\/pb.edu.pl\/bwm\/?page_id=803"},"modified":"2020-09-09T12:19:28","modified_gmt":"2020-09-09T10:19:28","slug":"dokumenty","status":"publish","type":"page","link":"https:\/\/pb.edu.pl\/iros\/projekty-nawa\/projekty-zakonczone\/welcome-to-poland\/dokumenty\/","title":{"rendered":"Dokumenty"},"content":{"rendered":"<p><a href=\"https:\/\/pb.edu.pl\/iros\/wp-content\/uploads\/sites\/24\/2020\/09\/za\u0142.-1-Formularz_rekrutacyjny_WTP.docx\">za\u0142. 1 &#8211; Formularz_rekrutacyjny_WTP<\/a><\/p>\n<p><a href=\"https:\/\/pb.edu.pl\/iros\/wp-content\/uploads\/sites\/24\/2020\/06\/za\u0142.-1-Formularz_rekrutacyjny_2_WTP_na_dzia\u0142ania_zwi\u0105zane_z_promocj\u0105_Uczelni.docx\">za\u0142. 1a &#8211; Formularz_rekrutacyjny_2_WTP_na_dzia\u0142ania_zwi\u0105zane_z_promocj\u0105_Uczelni<\/a><\/p>\n<p><a href=\"https:\/\/pb.edu.pl\/iros\/wp-content\/uploads\/sites\/24\/2019\/06\/za\u0142.-2-Formularz_zgloszeniowy_POWER_WTP-1.docx\">za\u0142. 2 &#8211; Formularz_zgloszeniowy_POWER_WTP<\/a><\/p>\n<p><a href=\"https:\/\/pb.edu.pl\/iros\/wp-content\/uploads\/sites\/24\/2019\/06\/za\u0142.-3-Formularz_zgloszeniowy-1.docx\">za\u0142. 3 &#8211; Formularz_zgloszeniowy<\/a><\/p>\n<p><a href=\"https:\/\/pb.edu.pl\/iros\/wp-content\/uploads\/sites\/24\/2019\/06\/za\u0142.-4-Umowa-z-Uczestnikiem-Projektu-1.docx\">za\u0142. 4 &#8211; Umowa z Uczestnikiem Projektu<\/a><\/p>\n<p><a href=\"https:\/\/pb.edu.pl\/iros\/wp-content\/uploads\/sites\/24\/2019\/06\/za\u0142.-5-Ankieta-Ewaluacyjna-1.pdf\">za\u0142. 5 &#8211; Ankieta Ewaluacyjna<\/a><\/p>\n<p><a href=\"https:\/\/pb.edu.pl\/iros\/wp-content\/uploads\/sites\/24\/2019\/06\/za\u0142.-6-Wz\u00f3r_certyfikatu_uczestnictwa-1.docx\">za\u0142. 6 &#8211; Wz\u00f3r_certyfikatu_uczestnictwa<\/a><\/p>\n<p><a href=\"https:\/\/pb.edu.pl\/iros\/wp-content\/uploads\/sites\/24\/2019\/06\/za\u0142.-7-O\u015bwiadczenie-uczestnika-RODO-WTP.docx\">za\u0142. 7 &#8211; O\u015bwiadczenie uczestnika RODO WTP<\/a><\/p>\n<p><a href=\"https:\/\/pb.edu.pl\/iros\/wp-content\/uploads\/sites\/24\/2019\/06\/za\u0142.-8-O\u015bwiadczenie-uczestnika_RODO_NAWA_WTP-1.docx\">za\u0142. 8 &#8211; O\u015bwiadczenie uczestnika_RODO_NAWA_WTP<\/a><\/p>\n<p><a href=\"https:\/\/pb.edu.pl\/iros\/wp-content\/uploads\/sites\/24\/2019\/06\/za\u0142.-9-Obowi\u0105zek-informacyjny-uczestnika-b-1.docx\">za\u0142. 9 &#8211; Obowi\u0105zek informacyjny uczestnika b<\/a><\/p>\n<p><a href=\"https:\/\/pb.edu.pl\/iros\/wp-content\/uploads\/sites\/24\/2019\/06\/Regulamin-PB-WTP.docx\">Regulamin PB WTP<\/a><\/p>\n<p><a href=\"https:\/\/pb.edu.pl\/iros\/wp-content\/uploads\/sites\/24\/2020\/09\/aneks-do-Regulaminu-z-10.06.2020.pdf\">Aneks do Regulaminu PB WTP<\/a><\/p>\n<p>&nbsp;<\/p>\n","protected":false},"excerpt":{"rendered":"<p>za\u0142. 1 &#8211; Formularz_rekrutacyjny_WTP za\u0142. 1a &#8211; Formularz_rekrutacyjny_2_WTP_na_dzia\u0142ania_zwi\u0105zane_z_promocj\u0105_Uczelni za\u0142. 2 &#8211; Formularz_zgloszeniowy_POWER_WTP za\u0142. 3 &#8211;<\/p>\n","protected":false},"author":2,"featured_media":0,"parent":324,"menu_order":5,"comment_status":"closed","ping_status":"closed","template":"","meta":{"_acf_changed":false,"ngg_post_thumbnail":0,"footnotes":""},"class_list":["post-803","page","type-page","status-publish","hentry"],"acf":[],"_links":{"self":[{"href":"https:\/\/pb.edu.pl\/iros\/wp-json\/wp\/v2\/pages\/803","targetHints":{"allow":["GET"]}}],"collection":[{"href":"https:\/\/pb.edu.pl\/iros\/wp-json\/wp\/v2\/pages"}],"about":[{"href":"https:\/\/pb.edu.pl\/iros\/wp-json\/wp\/v2\/types\/page"}],"author":[{"embeddable":true,"href":"https:\/\/pb.edu.pl\/iros\/wp-json\/wp\/v2\/users\/2"}],"replies":[{"embeddable":true,"href":"https:\/\/pb.edu.pl\/iros\/wp-json\/wp\/v2\/comments?post=803"}],"version-history":[{"count":0,"href":"https:\/\/pb.edu.pl\/iros\/wp-json\/wp\/v2\/pages\/803\/revisions"}],"up":[{"embeddable":true,"href":"https:\/\/pb.edu.pl\/iros\/wp-json\/wp\/v2\/pages\/324"}],"wp:attachment":[{"href":"https:\/\/pb.edu.pl\/iros\/wp-json\/wp\/v2\/media?parent=803"}],"curies":[{"name":"wp","href":"https:\/\/api.w.org\/{rel}","templated":true}]}}