{"id":799,"date":"2019-03-04T19:13:47","date_gmt":"2019-03-04T18:13:47","guid":{"rendered":"https:\/\/pb.edu.pl\/bwm\/?page_id=799"},"modified":"2021-03-11T15:27:15","modified_gmt":"2021-03-11T14:27:15","slug":"o-projekcie","status":"publish","type":"page","link":"https:\/\/pb.edu.pl\/iros\/projekty-nawa\/projekty-zakonczone\/welcome-to-poland\/o-projekcie\/","title":{"rendered":"O projekcie"},"content":{"rendered":"<p><strong>PROJEKT <em>Study at BUT. Together we achieve more!<\/em> w ramach programu Welcome to Poland<\/strong><\/p>\n<p>Realizacja projektu ma na celu wsparcie szkoleniowe kadry dydaktycznej, naukowej i administracyjnej w obszarze kompetencji zarz\u0105dczych, mi\u0119dzykulturowych, j\u0119zykowych i<br \/>\nkomunikacyjnych oraz zwi\u0119kszenie potencja\u0142u instytucji w przyjmowaniu student\u00f3w i kadry z zagranicy. Bie\u017c\u0105cy monitoring poziomu satysfakcji student\u00f3w zagranicznych z us\u0142ug oferowanych w PB umo\u017cliwia sta\u0142e podnoszenie jako\u015bci i dostosowywanie oferty do oczekiwa\u0144 odbiorc\u00f3w.&nbsp;Kluczowym dzia\u0142aniem b\u0119dzie r\u00f3wnie\u017c kszta\u0142towanie postaw otwarto\u015bci i&nbsp;tolerancji w&nbsp;\u015brodowisku akademickim i&nbsp;otoczeniu spo\u0142ecznym uczelni.<\/p>\n<p>Projekt jest realizowany w okresie grudzie\u0144 2018 roku \u2013 pa\u017adziernik 2020 roku.<\/p>\n<p>Bud\u017cet projektu wynosi 33 333 333,00 z\u0142otych, z&nbsp;czego 28 093 333,05 z\u0142otych stanowi\u0105 \u015brodki z&nbsp;Europejskiego Funduszu Spo\u0142ecznego.<\/p>\n<p>Politechnika Bia\u0142ostocka otrzyma\u0142a finansowanie z Narodowej Agencji Wymiany Akademickiej w wysoko\u015bci 214 833,00 z\u0142.<\/p>\n<p>Projekt Welcome To Poland koordynuje Biuro ds.Wsp\u00f3\u0142pracy Mi\u0119dzynarodowej.<\/p>\n<p>&nbsp;<\/p>\n<p>https:\/\/nawa.gov.pl\/instytucje\/welcome-to-poland\/<\/p>\n","protected":false},"excerpt":{"rendered":"<p>PROJEKT Study at BUT. Together we achieve more! w ramach programu Welcome to Poland Realizacja<\/p>\n","protected":false},"author":2,"featured_media":0,"parent":324,"menu_order":3,"comment_status":"closed","ping_status":"closed","template":"","meta":{"_acf_changed":false,"ngg_post_thumbnail":0,"footnotes":""},"class_list":["post-799","page","type-page","status-publish","hentry"],"acf":[],"_links":{"self":[{"href":"https:\/\/pb.edu.pl\/iros\/wp-json\/wp\/v2\/pages\/799","targetHints":{"allow":["GET"]}}],"collection":[{"href":"https:\/\/pb.edu.pl\/iros\/wp-json\/wp\/v2\/pages"}],"about":[{"href":"https:\/\/pb.edu.pl\/iros\/wp-json\/wp\/v2\/types\/page"}],"author":[{"embeddable":true,"href":"https:\/\/pb.edu.pl\/iros\/wp-json\/wp\/v2\/users\/2"}],"replies":[{"embeddable":true,"href":"https:\/\/pb.edu.pl\/iros\/wp-json\/wp\/v2\/comments?post=799"}],"version-history":[{"count":0,"href":"https:\/\/pb.edu.pl\/iros\/wp-json\/wp\/v2\/pages\/799\/revisions"}],"up":[{"embeddable":true,"href":"https:\/\/pb.edu.pl\/iros\/wp-json\/wp\/v2\/pages\/324"}],"wp:attachment":[{"href":"https:\/\/pb.edu.pl\/iros\/wp-json\/wp\/v2\/media?parent=799"}],"curies":[{"name":"wp","href":"https:\/\/api.w.org\/{rel}","templated":true}]}}