{"id":797,"date":"2019-03-04T19:13:09","date_gmt":"2019-03-04T18:13:09","guid":{"rendered":"https:\/\/pb.edu.pl\/bwm\/?page_id=797"},"modified":"2021-03-11T13:00:23","modified_gmt":"2021-03-11T12:00:23","slug":"harmonogramy","status":"publish","type":"page","link":"https:\/\/pb.edu.pl\/iros\/projekty-nawa\/projekty-zakonczone\/welcome-to-poland\/harmonogramy\/","title":{"rendered":"Harmonogramy"},"content":{"rendered":"<p>W zwi\u0105zku z sytuacj\u0105 pandemiczn\u0105 na \u015bwiecie oraz przed\u0142u\u017ceniem realizacji projektu do 31.10.2020 r. (na podstawie aneksu do umowy z dnia 24.04.2020) termin realizacji poszczeg\u00f3lnych zada\u0144 ulega zmianom zgodnie z informacj\u0105 zamieszczon\u0105 poni\u017cej:<\/p>\n<ol>\n<li>Dzia\u0142anie nr 1 &#8211; <span style=\"text-decoration: underline\">kurs j\u0119zyka angielskiego dla pracownik\u00f3w administracyjnych i dydaktycznych Politechniki Bia\u0142ostockiej<\/span> b\u0119dzie prowadzony przez wykwalifikowanych specjalist\u00f3w; projekt b\u0119dzie realizowany w ci\u0105gu dw\u00f3ch semestr\u00f3w; zaj\u0119cia zostan\u0105 dostosowane do potrzeb i poziomu s\u0142uchaczy; zako\u0144cz\u0105 si\u0119 otrzymaniem dyplomu z uko\u0144czonego kursu z okre\u015blonym poziomem znajomo\u015bci j\u0119zyka; na zaj\u0119ciach uczestnicy przede wszystkim skupi\u0105 si\u0119 na umiej\u0119tno\u015bci s\u0142uchania ze zrozumieniem i m\u00f3wienia. <strong>TERMIN REALIZACJI 04.2019 &#8211; <del>04.2020 &#8211;<\/del> 09.2020.<br \/>\n<\/strong>Dzia\u0142anie nr 1 zosta\u0142o rozszerzone o szkolenia maj\u0105ce na celu przygotowanie pracownik\u00f3w do bardziej \u015bwiadomej i skutecznej promocji Politechniki Bia\u0142ostockiej w kraju i za granic\u0105 w trakcie ich codziennej pracy. Szkolenia b\u0119d\u0105 dotyczy\u0107 aspekt\u00f3w zwi\u0105zanych z promocj\u0105 (marketingiem) i innymi tematami, kt\u00f3re mog\u0105 wesprze\u0107 uczestnik\u00f3w w skutecznej promocji uczelni. <strong>TERMIN REALIZACJI 06.2020 &#8211; 10.2020.<\/strong><\/li>\n<li>Dzia\u0142anie nr 2 &#8211; <span style=\"text-decoration: underline\">warsztaty o r\u00f3\u017cnicach kulturowych dla pracownik\u00f3w administracyjnych i dydaktycznych Politechniki Bia\u0142ostockiej<\/span> prowadzone b\u0119d\u0105 przez wykwalifikowanych i do\u015bwiadczonych specjalist\u00f3w w tej dziedzinie; b\u0119d\u0105 mia\u0142y form\u0119 wyk\u0142ad\u00f3w o internacjonalizacji po\u0142\u0105czonych z warsztatami na temat r\u00f3\u017cnic kulturowych. <strong>TERMIN REALIZACJI 05.2019.<br \/>\n<\/strong><\/li>\n<li>Dzia\u0142anie nr 3 &#8211; <u>warsztaty integracyjno-kulturowe dla student\u00f3w zagranicznych i polskich<\/u>; 7 typ\u00f3w warsztat\u00f3w w j. angielskim dla grupy maksymalnie 250 student\u00f3w ka\u017cde, w tym kulinarne, taneczne, sportowe, podr\u00f3\u017cnicze; b\u0119d\u0105 si\u0119 odbywa\u0142y \u015brednio raz w miesi\u0105cu w roku akademickim 2019\/2020; g\u0142\u00f3wnym celem b\u0119dzie integracja student\u00f3w polskich i zagranicznych oraz stworzenie przyjaznego wizerunku uczelni i kraju. <strong>TERMIN REALIZACJI 10.2019 &#8211; <del>05.2020<\/del> &#8211; 10.2020.<\/strong><\/li>\n<li>Dzia\u0142anie nr 4 &#8211; <u>w<\/u><u>arsztaty kultury polskiej dla student\u00f3w zagranicznych<\/u> prowadzone b\u0119d\u0105 przez do\u015bwiadczonych nauczycieli akademickich, specjalizuj\u0105cych si\u0119 jednocze\u015bnie w edukacji kulturowej; zaj\u0119cia odbywa\u0107 si\u0119 b\u0119d\u0105 na terenie PB i b\u0119d\u0105 si\u0119 sk\u0142ada\u0142y z wyk\u0142adu, prezentacji, interakcji ze s\u0142uchaczami oraz quizu sprawdzaj\u0105cego poziom wiedzy; studenci&nbsp;otrzymaj\u0105 materia\u0142y dydaktyczne; tematyka obejmie m.in. informacje geopolityczne o Polsce, \u017cycie codzienne, najnowsz\u0105 histori\u0119,&nbsp; \u015bwi\u0119ta, obyczaje, kultur\u0119, kuchni\u0119 polsk\u0105. <strong>TERMIN REALIZACJI 04.2019 &#8211; 05.2020. <\/strong><\/li>\n<li>&nbsp;Dzia\u0142anie nr 5 &#8211; <u>w<\/u><u>arsztaty j\u0119zyka polskiego dla student\u00f3w zagranicznych<\/u> b\u0119d\u0105 obejmowa\u0142y najbardziej istotne kwestie j\u0119zykowe (wymowa, podstawowe zwroty i wyra\u017cenia); b\u0119d\u0105 mia\u0142y na celu wypracowanie solidnych podstaw, kt\u00f3re umo\u017cliwi\u0105 uczestnikom kontynuowanie nauki indywidualnie, wed\u0142ug w\u0142asnych potrzeb. <strong>TERMIN REALIZACJI<\/strong> <strong>06.2019 &#8211; 05.2020.<\/strong><\/li>\n<li>Dzia\u0142anie nr 6 &#8211; <u>oznakowanie uczelni<\/u> b\u0119dzie obejmowa\u0142o produkcj\u0119 i monta\u017c tablic i tabliczek informacyjnych w j\u0119zyku angielskim lub polskim i angielskim, w tym tablic wolnostoj\u0105cych z map\u0105 kampusu, tablic kierunkowych z nazwami wydzia\u0142\u00f3w i wa\u017cnych miejsc na kampusie; tabliczek z nazwami wydzia\u0142\u00f3w i jednostek wewn\u0105trz i na zewn\u0105trz budynk\u00f3w. <strong>TERMIN REALIZACJI<\/strong> <strong>10.2019 &#8211; <del>05.2020<\/del> &#8211; 09.2020.<\/strong><\/li>\n<li>Dzia\u0142anie nr 7 &#8211; <u>i<\/u><u>nformator dla student\u00f3w zagranicznych<\/u> zawieraj\u0105cy szczeg\u00f3\u0142y warunk\u00f3w \u017cycia w Bia\u0142ymstoku i studiowania na PB; b\u0119dzie dost\u0119pny w formie e-booka&nbsp; oraz w wersji papierowej; dzia\u0142anie obejmie opracowanie merytoryczne i graficzne informatora oraz wydruk 1000 egzemplarzy. <strong>TERMIN REALIZACJI<\/strong> <strong>03.2019.<\/strong><\/li>\n<\/ol>\n","protected":false},"excerpt":{"rendered":"<p>W zwi\u0105zku z sytuacj\u0105 pandemiczn\u0105 na \u015bwiecie oraz przed\u0142u\u017ceniem realizacji projektu do 31.10.2020 r. (na<\/p>\n","protected":false},"author":2,"featured_media":0,"parent":324,"menu_order":2,"comment_status":"closed","ping_status":"closed","template":"","meta":{"_acf_changed":false,"ngg_post_thumbnail":0,"footnotes":""},"class_list":["post-797","page","type-page","status-publish","hentry"],"acf":[],"_links":{"self":[{"href":"https:\/\/pb.edu.pl\/iros\/wp-json\/wp\/v2\/pages\/797","targetHints":{"allow":["GET"]}}],"collection":[{"href":"https:\/\/pb.edu.pl\/iros\/wp-json\/wp\/v2\/pages"}],"about":[{"href":"https:\/\/pb.edu.pl\/iros\/wp-json\/wp\/v2\/types\/page"}],"author":[{"embeddable":true,"href":"https:\/\/pb.edu.pl\/iros\/wp-json\/wp\/v2\/users\/2"}],"replies":[{"embeddable":true,"href":"https:\/\/pb.edu.pl\/iros\/wp-json\/wp\/v2\/comments?post=797"}],"version-history":[{"count":0,"href":"https:\/\/pb.edu.pl\/iros\/wp-json\/wp\/v2\/pages\/797\/revisions"}],"up":[{"embeddable":true,"href":"https:\/\/pb.edu.pl\/iros\/wp-json\/wp\/v2\/pages\/324"}],"wp:attachment":[{"href":"https:\/\/pb.edu.pl\/iros\/wp-json\/wp\/v2\/media?parent=797"}],"curies":[{"name":"wp","href":"https:\/\/api.w.org\/{rel}","templated":true}]}}