{"id":739,"date":"2019-02-19T12:17:43","date_gmt":"2019-02-19T11:17:43","guid":{"rendered":"https:\/\/pb.edu.pl\/bwm\/?page_id=739"},"modified":"2022-03-04T09:42:22","modified_gmt":"2022-03-04T08:42:22","slug":"kontakt","status":"publish","type":"page","link":"https:\/\/pb.edu.pl\/iros\/projekty-nawa\/projekty-zakonczone\/apm\/kontakt\/","title":{"rendered":"Kontakt"},"content":{"rendered":"<h3>Koordynator Uczelniany Projektu<\/h3>\n<p>mgr Ma\u0142gorzata Malinowska &#8211; Czuprys<br \/>\n<i class=\"fa fa-phone\" aria-hidden=\"true\"><\/i> 85 746 96 61<br \/>\n<i class=\"fa fa-envelope-o\" aria-hidden=\"true\"><\/i> <a href=\"#\" rel=\"nofollow\"  onclick=\"this.href='mailto:' + 'm.malinowska' + '@' + 'pb.edu.pl'\">m.malinowska [at] pb.edu.pl<\/a>\n<h3>Specjalista ds. ewaluacji<\/h3>\n<p>mgr Edyta Dudzi\u0144ska<br \/>\n<i class=\"fa fa-phone\" aria-hidden=\"true\"><\/i> 85 746 90 43<br \/>\n<i class=\"fa fa-envelope-o\" aria-hidden=\"true\"><\/i> <a href=\"#\" rel=\"nofollow\"  onclick=\"this.href='mailto:' + 'e.dudzinska' + '@' + 'pb.edu.pl'\">e.dudzinska [at] pb.edu.pl<\/a>\n<h3>Specjalista ds. ksi\u0119gowo\u015bci<\/h3>\n<p>mgr Bogumi\u0142a Rutkowska<br \/>\n<i class=\"fa fa-phone\" aria-hidden=\"true\"><\/i> 85 746 91 15<br \/>\n<i class=\"fa fa-envelope-o\" aria-hidden=\"true\"><\/i> <a href=\"#\" rel=\"nofollow\"  onclick=\"this.href='mailto:' + 'b.rutkowska' + '@' + 'pb.edu.pl'\">b.rutkowska [at] pb.edu.pl<\/a>\n<p>&nbsp;<\/p>\n<h2>Wydzia\u0142owi koordynatorzy projektu<\/h2>\n<div class=\"panel-group\" id=\"custom-collapse-0\">\n<div class=\"panel panel-default\">\n\t\t\t\t<div class=\"panel-heading\">\n\t\t\t\t\t<div class=\"panel-title\">\n\t\t\t\t\t\t<a class=\"collapsed h4\" data-toggle=\"collapse\" data-parent=\"#custom-collapse-0\" href=\"#custom-collapse-0-0\">Wydzia\u0142 In\u017cynierii Zarz\u0105dzania<\/a>\n\t\t\t\t\t<\/div>\n\t\t\t\t<\/div>\n\t\t\t\t<div id=\"custom-collapse-0-0\" class=\"panel-collapse collapse\">\n\t\t\t\t\t<div class=\"panel-body\">\n<strong>dr Katarzyna Ku\u017amicz<\/strong><\/p>\n<i class=\"fa fa-envelope-o\" aria-hidden=\"true\"><\/i> <a href=\"#\" rel=\"nofollow\"  onclick=\"this.href='mailto:' + 'k.kuzmicz' + '@' + 'pb.edu.pl'\">k.kuzmicz [at] pb.edu.pl<\/a>\n<p>&nbsp;<\/p>\n<p><strong>dr Joanna Samul<\/strong><\/p>\n<i class=\"fa fa-envelope-o\" aria-hidden=\"true\"><\/i> <a href=\"#\" rel=\"nofollow\"  onclick=\"this.href='mailto:' + 'j.samul' + '@' + 'pb.edu.pl'\">j.samul [at] pb.edu.pl<\/a>\n<\/div>\n\t\t\t\t<\/div>\n\t\t\t<\/div>\n<div class=\"panel panel-default\">\n\t\t\t\t<div class=\"panel-heading\">\n\t\t\t\t\t<div class=\"panel-title\">\n\t\t\t\t\t\t<a class=\"collapsed h4\" data-toggle=\"collapse\" data-parent=\"#custom-collapse-0\" href=\"#custom-collapse-0-1\">Wydzia\u0142 Informatyki<\/a>\n\t\t\t\t\t<\/div>\n\t\t\t\t<\/div>\n\t\t\t\t<div id=\"custom-collapse-0-1\" class=\"panel-collapse collapse\">\n\t\t\t\t\t<div class=\"panel-body\">\n<strong>dr in\u017c. Krzysztof Jurczuk<\/strong><\/p>\n<i class=\"fa fa-envelope-o\" aria-hidden=\"true\"><\/i> <a href=\"#\" rel=\"nofollow\"  onclick=\"this.href='mailto:' + 'k.jurczuk' + '@' + 'pb.edu.pl'\">k.jurczuk [at] pb.edu.pl<\/a>\n<\/div>\n\t\t\t\t<\/div>\n\t\t\t<\/div>\n<div class=\"panel panel-default\">\n\t\t\t\t<div class=\"panel-heading\">\n\t\t\t\t\t<div class=\"panel-title\">\n\t\t\t\t\t\t<a class=\"collapsed h4\" data-toggle=\"collapse\" data-parent=\"#custom-collapse-0\" href=\"#custom-collapse-0-2\">Wydzia\u0142 Elektryczny<\/a>\n\t\t\t\t\t<\/div>\n\t\t\t\t<\/div>\n\t\t\t\t<div id=\"custom-collapse-0-2\" class=\"panel-collapse collapse\">\n\t\t\t\t\t<div class=\"panel-body\">\n<strong>dr in\u017c. Urszula B\u0142aszczak<\/strong><\/p>\n<i class=\"fa fa-envelope-o\" aria-hidden=\"true\"><\/i> <a href=\"#\" rel=\"nofollow\"  onclick=\"this.href='mailto:' + 'u.blaszczak' + '@' + 'pb.edu.pl'\">u.blaszczak [at] pb.edu.pl<\/a>\n<\/div>\n\t\t\t\t<\/div>\n\t\t\t<\/div>\n<div class=\"panel panel-default\">\n\t\t\t\t<div class=\"panel-heading\">\n\t\t\t\t\t<div class=\"panel-title\">\n\t\t\t\t\t\t<a class=\"collapsed h4\" data-toggle=\"collapse\" data-parent=\"#custom-collapse-0\" href=\"#custom-collapse-0-3\">Wydzia\u0142 Budownictwa i Nauk o \u015arodowisku<\/a>\n\t\t\t\t\t<\/div>\n\t\t\t\t<\/div>\n\t\t\t\t<div id=\"custom-collapse-0-3\" class=\"panel-collapse collapse\">\n\t\t\t\t\t<div class=\"panel-body\">\n<strong>dr hab. in\u017c. Dorota Krawczyk<\/strong><\/p>\n<i class=\"fa fa-envelope-o\" aria-hidden=\"true\"><\/i> <a href=\"#\" rel=\"nofollow\"  onclick=\"this.href='mailto:' + 'd.krawczyk' + '@' + 'pb.edu.pl'\">d.krawczyk [at] pb.edu.pl<\/a>\n<p>&nbsp;<\/p>\n<p><strong>dr in\u017c. Maria Walery<\/strong><\/p>\n<i class=\"fa fa-envelope-o\" aria-hidden=\"true\"><\/i> <a href=\"#\" rel=\"nofollow\"  onclick=\"this.href='mailto:' + 'm.walery' + '@' + 'pb.edu.pl'\">m.walery [at] pb.edu.pl<\/a>\n<\/div>\n\t\t\t\t<\/div>\n\t\t\t<\/div>\n<div class=\"panel panel-default\">\n\t\t\t\t<div class=\"panel-heading\">\n\t\t\t\t\t<div class=\"panel-title\">\n\t\t\t\t\t\t<a class=\"collapsed h4\" data-toggle=\"collapse\" data-parent=\"#custom-collapse-0\" href=\"#custom-collapse-0-4\">Wydzia\u0142 Mechaniczny<\/a>\n\t\t\t\t\t<\/div>\n\t\t\t\t<\/div>\n\t\t\t\t<div id=\"custom-collapse-0-4\" class=\"panel-collapse collapse\">\n\t\t\t\t\t<div class=\"panel-body\">\n<strong>dr hab. in\u017c. Zbigniew Kulesza, prof. nzw.<\/strong><\/p>\n<i class=\"fa fa-envelope-o\" aria-hidden=\"true\"><\/i> <a href=\"#\" rel=\"nofollow\"  onclick=\"this.href='mailto:' + 'z.kulesza' + '@' + 'pb.edu.pl'\">z.kulesza [at] pb.edu.pl<\/a>\n<\/div>\n\t\t\t\t<\/div>\n\t\t\t<\/div>\n<\/div>\n","protected":false},"excerpt":{"rendered":"<p>Koordynator Uczelniany Projektu mgr Ma\u0142gorzata Malinowska &#8211; Czuprys 85 746 96 61 Specjalista ds. ewaluacji<\/p>\n","protected":false},"author":39,"featured_media":0,"parent":321,"menu_order":6,"comment_status":"closed","ping_status":"closed","template":"","meta":{"_acf_changed":false,"ngg_post_thumbnail":0,"footnotes":""},"class_list":["post-739","page","type-page","status-publish","hentry"],"acf":[],"_links":{"self":[{"href":"https:\/\/pb.edu.pl\/iros\/wp-json\/wp\/v2\/pages\/739","targetHints":{"allow":["GET"]}}],"collection":[{"href":"https:\/\/pb.edu.pl\/iros\/wp-json\/wp\/v2\/pages"}],"about":[{"href":"https:\/\/pb.edu.pl\/iros\/wp-json\/wp\/v2\/types\/page"}],"author":[{"embeddable":true,"href":"https:\/\/pb.edu.pl\/iros\/wp-json\/wp\/v2\/users\/39"}],"replies":[{"embeddable":true,"href":"https:\/\/pb.edu.pl\/iros\/wp-json\/wp\/v2\/comments?post=739"}],"version-history":[{"count":0,"href":"https:\/\/pb.edu.pl\/iros\/wp-json\/wp\/v2\/pages\/739\/revisions"}],"up":[{"embeddable":true,"href":"https:\/\/pb.edu.pl\/iros\/wp-json\/wp\/v2\/pages\/321"}],"wp:attachment":[{"href":"https:\/\/pb.edu.pl\/iros\/wp-json\/wp\/v2\/media?parent=739"}],"curies":[{"name":"wp","href":"https:\/\/api.w.org\/{rel}","templated":true}]}}