{"id":733,"date":"2019-02-19T12:16:15","date_gmt":"2019-02-19T11:16:15","guid":{"rendered":"https:\/\/pb.edu.pl\/bwm\/?page_id=733"},"modified":"2021-11-26T09:32:51","modified_gmt":"2021-11-26T08:32:51","slug":"o-projekcie","status":"publish","type":"page","link":"https:\/\/pb.edu.pl\/iros\/projekty-nawa\/projekty-zakonczone\/apm\/o-projekcie\/","title":{"rendered":"O projekcie"},"content":{"rendered":"<p><strong>Celem Programu<\/strong> jest wypracowanie trwa\u0142ych rozwi\u0105za\u0144 w zakresie wsp\u00f3\u0142pracy naukowej, wdro\u017ceniowej i dydaktycznej realizowanej w ramach mi\u0119dzynarodowych partnerstw akademickich.<\/p>\n<p>Projekt jest realizowany od pa\u017adziernika 2018 do czerwca 2022 roku.<\/p>\n<p>Politechnika Bia\u0142ostocka otrzyma\u0142a finansowanie z Narodowej Agencji Wymiany Akademickiej w wysoko\u015bci 1 403 095,64 z\u0142.<\/p>\n<p>Projekt zak\u0142ada wsp\u00f3\u0142prac\u0119 PB z 10 uczelniami z r\u00f3\u017cnych kraj\u00f3w, z kt\u00f3rymi zosta\u0142y okre\u015blone ramy wsp\u00f3\u0142pracy.<\/p>\n<p>W projekcie bior\u0105 udzia\u0142 nast\u0119puj\u0105ce Wydzia\u0142y Politechniki Bia\u0142ostockiej:<\/p>\n<ul>\n<li>Wydzia\u0142 Budownictwa i Nauk o \u015arodowisku,<\/li>\n<li>Wydzia\u0142 In\u017cynierii Zarz\u0105dzania,<\/li>\n<li>Wydzia\u0142 Mechaniczny,<\/li>\n<li>Wydzia\u0142 Elektryczny,<\/li>\n<li>Wydzia\u0142 Informatyki<\/li>\n<\/ul>\n<p>Projekt APM koordynuje Biuro ds. Wsp\u00f3\u0142pracy Mi\u0119dzynarodowej.<\/p>\n<p>&nbsp;<\/p>\n<p><a href=\"https:\/\/nawa.gov.pl\/instytucje\/akademickie-partnerstwa-miedzynarodowe\"><strong>https:\/\/nawa.gov.pl\/instytucje\/akademickie-partnerstwa-miedzynarodowe<\/strong><\/a><\/p>\n<p>&nbsp;<\/p>\n<p><a class=\"pdf\" title=\"otworzy si\u0119 w nowej karcie\" href=\"https:\/\/pb.edu.pl\/iros\/wp-content\/uploads\/sites\/24\/2020\/10\/Podrecznik_Beneficjenta__APM__nabor_2018_aktualizacja_3.06.2020.pdf\" target=\"_blank\" rel=\"noopener noreferrer\" data-id=\"2889\">Podrecznik_Beneficjenta__APM_aktualizacja_3.06.2020 (PDF, wersja dost\u0119pna cyfrowo, 908 KB)<\/a><\/p>\n","protected":false},"excerpt":{"rendered":"<p>Celem Programu jest wypracowanie trwa\u0142ych rozwi\u0105za\u0144 w zakresie wsp\u00f3\u0142pracy naukowej, wdro\u017ceniowej i dydaktycznej realizowanej w<\/p>\n","protected":false},"author":39,"featured_media":0,"parent":321,"menu_order":3,"comment_status":"closed","ping_status":"closed","template":"","meta":{"_acf_changed":false,"ngg_post_thumbnail":0,"footnotes":""},"class_list":["post-733","page","type-page","status-publish","hentry"],"acf":[],"_links":{"self":[{"href":"https:\/\/pb.edu.pl\/iros\/wp-json\/wp\/v2\/pages\/733","targetHints":{"allow":["GET"]}}],"collection":[{"href":"https:\/\/pb.edu.pl\/iros\/wp-json\/wp\/v2\/pages"}],"about":[{"href":"https:\/\/pb.edu.pl\/iros\/wp-json\/wp\/v2\/types\/page"}],"author":[{"embeddable":true,"href":"https:\/\/pb.edu.pl\/iros\/wp-json\/wp\/v2\/users\/39"}],"replies":[{"embeddable":true,"href":"https:\/\/pb.edu.pl\/iros\/wp-json\/wp\/v2\/comments?post=733"}],"version-history":[{"count":0,"href":"https:\/\/pb.edu.pl\/iros\/wp-json\/wp\/v2\/pages\/733\/revisions"}],"up":[{"embeddable":true,"href":"https:\/\/pb.edu.pl\/iros\/wp-json\/wp\/v2\/pages\/321"}],"wp:attachment":[{"href":"https:\/\/pb.edu.pl\/iros\/wp-json\/wp\/v2\/media?parent=733"}],"curies":[{"name":"wp","href":"https:\/\/api.w.org\/{rel}","templated":true}]}}