{"id":59,"date":"2018-11-07T19:00:57","date_gmt":"2018-11-07T18:00:57","guid":{"rendered":"https:\/\/pb.edu.pl\/bwm\/?page_id=59"},"modified":"2022-06-30T21:40:47","modified_gmt":"2022-06-30T19:40:47","slug":"szkoly-letnie","status":"publish","type":"page","link":"https:\/\/pb.edu.pl\/iros\/szkoly-letnie\/","title":{"rendered":"Szko\u0142y letnie"},"content":{"rendered":"\t\t<div class=\"box news-box \">\n\t\t<div class=\"row\">\n\t\t\t\n\t\t\t\n\t\t\t\t\n\t\t\t\t\t\t\t\t\t\t<div class=\"col-sm-3\">\n\t\t\t\t\t\t\t\n<article class=\"format-standard\">\n    <span class=\"date text-right\"><i class=\"fal fa-calendar-alt\"><\/i> 06-03-2023<\/span>\n    <a href=\"https:\/\/pb.edu.pl\/iros\/2023\/03\/06\/rekrutacja-studentow-zagranicznych-na-szkole-letnia-spinaker\/\">\n      <div class=\"article-image\">\n        <img loading=\"lazy\" decoding=\"async\" width=\"451\" height=\"300\" src=\"https:\/\/pb.edu.pl\/iros\/wp-content\/uploads\/sites\/24\/2021\/10\/logo-spinaker-strona.png\" class=\"attachment-medium-image-16x10 size-medium-image-16x10 wp-post-image\" alt=\"\" srcset=\"https:\/\/pb.edu.pl\/iros\/wp-content\/uploads\/sites\/24\/2021\/10\/logo-spinaker-strona.png 640w, https:\/\/pb.edu.pl\/iros\/wp-content\/uploads\/sites\/24\/2021\/10\/logo-spinaker-strona-300x200.png 300w, https:\/\/pb.edu.pl\/iros\/wp-content\/uploads\/sites\/24\/2021\/10\/logo-spinaker-strona-480x320.png 480w\" sizes=\"auto, (max-width: 451px) 100vw, 451px\" \/>      <\/div>\n      <h3>Rekrutacja student\u00f3w zagranicznych na szko\u0142\u0119 letni\u0105 SPINAKER<\/h3>\n          <\/a>\n<\/article>\t\t\t\t\t\t<\/div>\n\t\t\t\t\t\t\t\t\t\t\t<div class=\"col-sm-3\">\n\t\t\t\t\t\t\t\n<article class=\"format-video\">\n    <span class=\"date text-right\"><i class=\"fal fa-calendar-alt\"><\/i> 30-06-2021<\/span>\n    <a href=\"https:\/\/pb.edu.pl\/iros\/2021\/06\/30\/european-cross-border-doctorials\/\">\n      <div class=\"article-image\">\n        <img loading=\"lazy\" decoding=\"async\" width=\"451\" height=\"300\" src=\"https:\/\/pb.edu.pl\/iros\/wp-content\/uploads\/sites\/24\/2021\/04\/szkola-letnia-doctorials.png\" class=\"attachment-medium-image-16x10 size-medium-image-16x10 wp-post-image\" alt=\"\" srcset=\"https:\/\/pb.edu.pl\/iros\/wp-content\/uploads\/sites\/24\/2021\/04\/szkola-letnia-doctorials.png 640w, https:\/\/pb.edu.pl\/iros\/wp-content\/uploads\/sites\/24\/2021\/04\/szkola-letnia-doctorials-300x200.png 300w, https:\/\/pb.edu.pl\/iros\/wp-content\/uploads\/sites\/24\/2021\/04\/szkola-letnia-doctorials-480x320.png 480w\" sizes=\"auto, (max-width: 451px) 100vw, 451px\" \/>      <\/div>\n      <h3>European Cross-Border Doctorials<\/h3>\n      EUROPEAN CROSS-BORDER DOCTORIALS Szko\u0142a letnia online dla doktorant\u00f3w, 5-10 lipca 2021    <\/a>\n<\/article>\t\t\t\t\t\t<\/div>\n\t\t\t\t\t\n\t\t\t\t\n\t\t\t\t\t<\/div>\n\t\t\t\t\t<\/div>\n\n","protected":false},"excerpt":{"rendered":"","protected":false},"author":2,"featured_media":0,"parent":0,"menu_order":9,"comment_status":"closed","ping_status":"closed","template":"","meta":{"_acf_changed":false,"ngg_post_thumbnail":0,"footnotes":""},"class_list":["post-59","page","type-page","status-publish","hentry"],"acf":[],"_links":{"self":[{"href":"https:\/\/pb.edu.pl\/iros\/wp-json\/wp\/v2\/pages\/59","targetHints":{"allow":["GET"]}}],"collection":[{"href":"https:\/\/pb.edu.pl\/iros\/wp-json\/wp\/v2\/pages"}],"about":[{"href":"https:\/\/pb.edu.pl\/iros\/wp-json\/wp\/v2\/types\/page"}],"author":[{"embeddable":true,"href":"https:\/\/pb.edu.pl\/iros\/wp-json\/wp\/v2\/users\/2"}],"replies":[{"embeddable":true,"href":"https:\/\/pb.edu.pl\/iros\/wp-json\/wp\/v2\/comments?post=59"}],"version-history":[{"count":0,"href":"https:\/\/pb.edu.pl\/iros\/wp-json\/wp\/v2\/pages\/59\/revisions"}],"wp:attachment":[{"href":"https:\/\/pb.edu.pl\/iros\/wp-json\/wp\/v2\/media?parent=59"}],"curies":[{"name":"wp","href":"https:\/\/api.w.org\/{rel}","templated":true}]}}