{"id":5563,"date":"2021-09-07T14:27:51","date_gmt":"2021-09-07T12:27:51","guid":{"rendered":"https:\/\/pb.edu.pl\/bwm\/?page_id=5563"},"modified":"2022-10-10T15:56:27","modified_gmt":"2022-10-10T13:56:27","slug":"erasmusdays","status":"publish","type":"page","link":"https:\/\/pb.edu.pl\/iros\/erasmusdays\/","title":{"rendered":"Erasmus Days na PB 2022"},"content":{"rendered":"<p><img decoding=\"async\" class=\"alignnone wp-image-9380 size-full\" src=\"https:\/\/pb.edu.pl\/iros\/wp-content\/uploads\/sites\/24\/2022\/10\/Swietuj-z-nami-Erasmus-Days-baner-www-1.png\" alt=\"\u015awi\u0119tuj z nami Erasmus Days. Zapraszamy 10-14 pa\u017adziernika 2022 roku\" width=\"1940\" srcset=\"https:\/\/pb.edu.pl\/iros\/wp-content\/uploads\/sites\/24\/2022\/10\/Swietuj-z-nami-Erasmus-Days-baner-www-1.png 970w, https:\/\/pb.edu.pl\/iros\/wp-content\/uploads\/sites\/24\/2022\/10\/Swietuj-z-nami-Erasmus-Days-baner-www-1-300x77.png 300w, https:\/\/pb.edu.pl\/iros\/wp-content\/uploads\/sites\/24\/2022\/10\/Swietuj-z-nami-Erasmus-Days-baner-www-1-768x198.png 768w\" sizes=\"(max-width: 970px) 100vw, 970px\" \/><\/p>\n<div class=\"h2\"><strong>10-14 pa\u017adziernika widzimy si\u0119 na PB!<\/strong><\/div>\n<div class=\"row\">\n<div class=\"col-sm-6\">\n<p>Marzysz o podr\u00f3\u017cach? Chcesz poznawa\u0107 nowych ludzi i miejsca nie tylko podczas wakacyjnych woja\u017cy?<\/p>\n<p>Wyjed\u017a na wymian\u0119 studenck\u0105 w ramach programu Erasmus+ i zrealizuj swoje marzenia.<\/p>\n<p>Odwied\u017a nas podczas <strong>ErasmusDays i dowiedz si\u0119 jakie to proste.<\/strong><\/p>\n<p>Przez 3 dni, mi\u0119dzy 13 a 15 pa\u017adziernika 2022 roku, na ca\u0142ym \u015bwiecie (!) b\u0119d\u0105 organizowane spotkania, wystawy oraz debaty, w trakcie kt\u00f3rych b\u0119dzie mo\u017cna pos\u0142ucha\u0107 (lub samemu opowiedzie\u0107) o efektach projekt\u00f3w Erasmus+.<\/p>\n<p>Jako Politechnika Bia\u0142ostocka przygotowali\u015bmy specjalny program wydarzenia, podczas, kt\u00f3rego b\u0119dziesz mia\u0142 mo\u017cliwo\u015b\u0107 zapoznania si\u0119 z praktyczn\u0105 stron\u0105 funkcjonowania Programu Erasmus+.<\/p>\n<\/div>\n<div class=\"col-sm-6\">\n<div class=\"embed-responsive embed-responsive-16by9\"><iframe loading=\"lazy\" title=\"ErasmusDays na PB 2022\" width=\"500\" height=\"281\" src=\"https:\/\/www.youtube.com\/embed\/bflPcEOV8r8?feature=oembed\" frameborder=\"0\" allow=\"accelerometer; autoplay; clipboard-write; encrypted-media; gyroscope; picture-in-picture; web-share\" referrerpolicy=\"strict-origin-when-cross-origin\" allowfullscreen><\/iframe><\/div>\n<\/div>\n<\/div>\n<p><strong>#ErasmusDays<\/strong> to inicjatywa maj\u0105ca na celu upowszechnienie rezultat\u00f3w projekt\u00f3w realizowanych w ramach programu Erasmus+.<\/p>\n<p>Nasza uczelnia realizuje projekty Programu Erasmus+ od samego pocz\u0105tku jego istnienia, dlatego r\u00f3wnie\u017c przy\u0142\u0105czamy si\u0119 do \u015bwi\u0119towania og\u00f3lno\u015bwiatowych Erasmus Days, tym razem na wi\u0119ksz\u0105 skal\u0119. W tym roku Erasmus Days na PB to nie tylko spotkania informacyjne czy akcje promocyjne na wydzia\u0142ach (chocia\u017c tego te\u017c nie zabraknie:). Sprawd\u017acie program wydarzenia, dowiedzcie si\u0119 wi\u0119cej o Erasmusie i \u015bwi\u0119tujcie z nami!<\/p>\n<p>&nbsp;<\/p>\n<div class=\"row\">\n<div class=\"col-sm-6\"><a class=\"button text-center animated zoomIn lead\" style=\"width: 100%\" href=\"#programerasmus\"><strong>Program<\/strong><\/a><\/div>\n<div class=\"col-sm-6\"><a class=\"button text-center animated zoomIn lead\" style=\"width: 100%\" title=\"przejd\u017a do strony\" href=\"bwm\/program-erasmus\/\"><strong>Erasmus+<\/strong><\/a><\/div>\n<div class=\"col-sm-6\"><a class=\"button text-center animated zoomIn lead\" style=\"width: 100%\" title=\"otworzy si\u0119 w nowej karcie\" href=\"mailto:m.kadlubowska@pb.edu.pl\" target=\"_blank\" rel=\"noopener\"><strong>Spotkanie pracownik\u00f3w &#8211; ZAPISZ SI\u0118<\/strong><\/a><\/div>\n<div class=\"col-sm-6\"><a class=\"button text-center animated zoomIn lead\" style=\"width: 100%\" title=\"przejd\u017a do strony\" href=\"bwm\/multimedia\/galerie\/\"><strong>Media<\/strong><\/a><\/div>\n<\/div>\n<p>&nbsp;<a name=\"programerasmus\"><\/a><\/p>\n<div class=\"h2\">Program wydarzenia<\/div>\n<p>&nbsp;<\/p>\n<div class=\"row\">\n<div class=\"col-sm-4\">\n<h4>Poniedzia\u0142ek-\u015aroda, 10-12 pa\u017adziernika<\/h4>\n<ul>\n<li>Stoiska informacyjne na poszczeg\u00f3lnych wydzia\u0142ach Politechniki Bia\u0142ostockiej &#8211; prezentacja mo\u017cliwo\u015bci i zasad programu Erasmus+<\/li>\n<\/ul>\n<ul>\n<li><strong>Poniedzia\u0142ek 10.10.2022<\/strong><\/li>\n<\/ul>\n<p><strong>8:30 \u2013 11:30<\/strong> \u2013 Stoisko na Wydziale Elektrycznym; 10:15, Aula I &#8211; spotkanie z koordynatorem Erasmus+<\/p>\n<p><strong>12:00 \u2013 15:00<\/strong> &#8211; Stoisko na Wydziale Informatyki; 12:45, Aula 23C &#8211; spotkanie z koordynatorem Erasmus+&nbsp;<\/p>\n<ul>\n<li><strong>&nbsp;Wtorek 11.10.2022<\/strong><\/li>\n<\/ul>\n<p><strong>8:30 \u2013 11:30<\/strong> &#8211; Stoisko na Wydziale In\u017cynierii Zarz\u0105dzania; 10:15, sala 104 KB, Hala Berlin &#8211; spotkanie z koordynatorem Erasmus+<\/p>\n<p><strong>12:00 \u2013 15:00<\/strong> &#8211; Stoisko na Wydziale Budownictwa i Nauk o \u015arodowisku; 12:15, sala 113 &#8211; spotkanie z koordynatorem Erasmus+<\/p>\n<ul>\n<li><strong>\u015aroda 12.10.2022<\/strong><\/li>\n<\/ul>\n<p><strong>8:30 \u2013 11:30<\/strong> &#8211; Stoisko na Wydziale Mechanicznym; 10:15, Aula 449 &#8211; spotkanie z koordynatorem Erasmus+<\/p>\n<p><strong>12:00 \u2013 15:00<\/strong> &#8211; Stoisko na Wydziale Architektury; 12:45, Hala na WA &#8211; spotkanie z koordynatorem Erasmus+&nbsp;<\/p>\n<\/div>\n<div class=\"col-sm-4\">\n<h4>Czwartek, 13 pa\u017adziernika<\/h4>\n<p><strong>CNK, godz. 9:00-14.00<\/strong><\/p>\n<p><strong>Aula P0\/33 CNK, godz. 10:15-12.00<\/strong><\/p>\n<p><strong>Spotkanie dla student\u00f3w polskich zainteresowanych wymian\u0105 mi\u0119dzynarodow\u0105 <\/strong><\/p>\n<p><strong>10:15 \u2013 10:20<\/strong> &#8211; Otwarcie wydarzenia przez JM Rektor<br \/>\n<strong>10:20 \u2013 10:30<\/strong> &#8211; Prezentacja zasad Erasmus+<\/p>\n<p><strong>10:30 \u2013 11:10<\/strong> &#8211; Relacje z wyjazd\u00f3w Erasmus+ (studia i praktyki) &#8211; Q&amp;A<\/p>\n<p><strong>11:10 \u2013 11:20<\/strong> &#8211; Prezentacja ESN PB<\/p>\n<p><strong>11:20 \u2013 11:3<\/strong>0 &#8211; <span class=\"JsGRdQ\">Zagraniczne studia? Angielski mi niestraszny! &#8211; SJO<\/span>&nbsp;PB<\/p>\n<p><strong>11:30 \u2013 11:45<\/strong> &#8211; Rozstrzygni\u0119cie konkursu EPIC Erasmus Pictures<br \/>\n<strong>11:45 \u2013 11:55<\/strong> &#8211;&nbsp; Harmonogram nadchodz\u0105cej rekrutacji i zako\u0144czenie<\/p>\n<p>\u200b<strong>Aula P0\/33 CNK, godz. 12:15-13.30<\/strong><\/p>\n<p><strong>Spotkanie dla student\u00f3w zagranicznych:<\/strong><\/p>\n<p><strong>12:15<\/strong> &#8211; spotkanie z Policj\u0105, Stra\u017c\u0105 Graniczn\u0105 i Stra\u017c\u0105 Po\u017carn\u0105;<\/p>\n<p><strong>13:20<\/strong> &#8211; Polish your Polish&nbsp;<\/p>\n<p>&nbsp;<\/p>\n<p><strong>Hol CNK, godz. 9:00-14.00:<\/strong><\/p>\n<ul>\n<li>Wystawa EPIC Erasmus Pictures<\/li>\n<li>Cocktail Bike \u2013 wykr\u0119\u0107 sobie koktajl<\/li>\n<li>stoisko BWM \u2013 konkursy, informacje dot. wymiany mi\u0119dzynarodowej<\/li>\n<li>stoisko SJO prezentuj\u0105ce kultur\u0119 i kuchni\u0119 wybranych kraj\u00f3w partnerskich Erasmus+ oraz ofert\u0119 dydaktyczn\u0105 studium<\/li>\n<li>stoisko Klasy Konfucja\u0144skiej<\/li>\n<li>stoisko dot. uczelni partnerskich<\/li>\n<\/ul>\n<\/div>\n<div class=\"col-sm-4\">\n<h4>Czwartek, 13 pa\u017adziernika<\/h4>\n<p><strong>Aula P0\/33 CNK, godz. 14:00-16.00<\/strong><\/p>\n<p><strong>Spotkanie informacyjne dla pracownik\u00f3w &#8211; projekty mobilno\u015bciowe Erasmus+ oraz partnerstwa strategiczne<\/strong><\/p>\n<p><strong>14:00 \u2013 14:10<\/strong> \u2013 prezentacja mo\u017cliwo\u015bci wyjazdowych na PB i projekt\u00f3w realizowanych w ramach Programu Erasmus+;<\/p>\n<p><strong>14:10-14:40<\/strong> \u2013 prezentacja w\u0142asnych do\u015bwiadcze\u0144 wyjazdowych pracownik\u00f3w PB w ramach Erasmus KA103 i KA 107 &#8211; dr in\u017c. Jaros\u0142aw Makal, prof. PB; mgr in\u017c. Bartosz \u015aliwecki; dr in\u017c. Rafa\u0142 Gr\u0105dzki;<\/p>\n<p><strong>14:40-14:50<\/strong> \u2013 prezentacja mo\u017cliwo\u015bci zwi\u0105zanych z projektami strategicznymi realizowanymi na PB;<\/p>\n<p><strong>14:50-15:20<\/strong> \u2013 spotkanie z koordynatorami projekt\u00f3w partnerstw strategicznych &#8211; dr hab. prof. PB Dziekan Dorota Mozyrska; dr Anna Kononiuk; dr in\u017c. arch. Dorota Gawryluk.<\/p>\n<p><strong>15:20-15:35 <\/strong>\u2013 &#8222;10 lat z programem Erasmus\u201d, mgr Monika \u015aleszynska, Halina Bramska, SJO<\/p>\n<p><strong>15:35-15:40<\/strong> \u2013&nbsp; zako\u0144czenie spotkania<\/p>\n<p>&nbsp;<\/p>\n<p>Zalecana rejestracja mailowa na adres <a href=\"mailto:m.kadlubowska@pb.edu.pl\">m.kadlubowska@pb.edu.pl<\/a>, pisz\u0105c w temacie wiadomo\u015bci &#8222;ErasmusDays &#8211; pracownicy&#8221;<\/p>\n<\/div>\n<h3 style=\"text-align: center\"><a title=\"otworzy si\u0119 w nowej karcie\" href=\"mailto:m.kadlubowska@pb.edu.pl\">Zapisz si\u0119 na wydarzenie!<\/a><\/h3>\n<h4>&nbsp;<\/h4>\n<h4>Pi\u0105tek, 14 pa\u017adziernika<\/h4>\n<p><strong>ul. Wiejska 45A, BWM godz. 10:00-14.00<\/strong><\/p>\n<p style=\"text-align: left\"><strong>DZIE\u0143 OTWARTY&nbsp;<\/strong><\/p>\n<p style=\"text-align: left\"><strong style=\"font-size: 1.5rem\">Biura ds. Wsp\u00f3\u0142pracy Mi\u0119dzynarodowej<\/strong><\/p>\n<p style=\"text-align: left\">Przyjd\u017a, dowiedz si\u0119 jak skorzysta\u0107 z wymiany mi\u0119dzynarodowej, zapytaj o szczeg\u00f3\u0142y zwi\u0105zane z rekrutacj\u0105, podziel si\u0119 do\u015bwiadczeniami i poznaj innych Erasmus\u00f3w!<\/p>\n<p style=\"text-align: center\"><strong style=\"font-size: 1.5rem\">Na go\u015bci naszego biura czekaj\u0105 w tym dniu s\u0142odkie niespodzianki!<\/strong><\/p>\n<\/div>\n<p>&nbsp;<\/p>\n<p><img loading=\"lazy\" decoding=\"async\" class=\"wp-image-9301 alignleft\" src=\"https:\/\/pb.edu.pl\/iros\/wp-content\/uploads\/sites\/24\/2022\/09\/PB_logo_okragle-1024x975.jpg\" alt=\"\" width=\"183\" height=\"174\" srcset=\"https:\/\/pb.edu.pl\/iros\/wp-content\/uploads\/sites\/24\/2022\/09\/PB_logo_okragle-1024x975.jpg 1024w, https:\/\/pb.edu.pl\/iros\/wp-content\/uploads\/sites\/24\/2022\/09\/PB_logo_okragle-300x286.jpg 300w, https:\/\/pb.edu.pl\/iros\/wp-content\/uploads\/sites\/24\/2022\/09\/PB_logo_okragle-768x731.jpg 768w, https:\/\/pb.edu.pl\/iros\/wp-content\/uploads\/sites\/24\/2022\/09\/PB_logo_okragle-1536x1462.jpg 1536w, https:\/\/pb.edu.pl\/iros\/wp-content\/uploads\/sites\/24\/2022\/09\/PB_logo_okragle.jpg 1648w\" sizes=\"auto, (max-width: 183px) 100vw, 183px\" \/><\/p>\n<div class=\"col-sm-3\">\n<p><img loading=\"lazy\" decoding=\"async\" class=\"wp-image-5629 alignleft\" src=\"https:\/\/pb.edu.pl\/iros\/wp-content\/uploads\/sites\/24\/2021\/09\/IRO-rgb_Czesc1-e1631601461961.png\" alt=\"\" width=\"186\" height=\"114\" srcset=\"https:\/\/pb.edu.pl\/iros\/wp-content\/uploads\/sites\/24\/2021\/09\/IRO-rgb_Czesc1-e1631601461961.png 792w, https:\/\/pb.edu.pl\/iros\/wp-content\/uploads\/sites\/24\/2021\/09\/IRO-rgb_Czesc1-e1631601461961-300x184.png 300w, https:\/\/pb.edu.pl\/iros\/wp-content\/uploads\/sites\/24\/2021\/09\/IRO-rgb_Czesc1-e1631601461961-768x472.png 768w\" sizes=\"auto, (max-width: 186px) 100vw, 186px\" \/><\/p>\n<\/div>\n<div class=\"col-sm-3\"><img loading=\"lazy\" decoding=\"async\" class=\"wp-image-5725 alignleft\" src=\"https:\/\/pb.edu.pl\/iros\/wp-content\/uploads\/sites\/24\/2021\/09\/ESN-PB-KOLOR.png\" alt=\"\" width=\"213\" height=\"110\" srcset=\"https:\/\/pb.edu.pl\/iros\/wp-content\/uploads\/sites\/24\/2021\/09\/ESN-PB-KOLOR.png 535w, https:\/\/pb.edu.pl\/iros\/wp-content\/uploads\/sites\/24\/2021\/09\/ESN-PB-KOLOR-300x155.png 300w\" sizes=\"auto, (max-width: 213px) 100vw, 213px\" \/><\/div>\n<div class=\"col-sm-3\"><img loading=\"lazy\" decoding=\"async\" class=\"wp-image-5632 alignleft\" src=\"https:\/\/pb.edu.pl\/iros\/wp-content\/uploads\/sites\/24\/2021\/09\/sjo-pb-e1631601310155.png\" alt=\"\" width=\"117\" height=\"168\" srcset=\"https:\/\/pb.edu.pl\/iros\/wp-content\/uploads\/sites\/24\/2021\/09\/sjo-pb-e1631601310155.png 845w, https:\/\/pb.edu.pl\/iros\/wp-content\/uploads\/sites\/24\/2021\/09\/sjo-pb-e1631601310155-209x300.png 209w, https:\/\/pb.edu.pl\/iros\/wp-content\/uploads\/sites\/24\/2021\/09\/sjo-pb-e1631601310155-713x1024.png 713w, https:\/\/pb.edu.pl\/iros\/wp-content\/uploads\/sites\/24\/2021\/09\/sjo-pb-e1631601310155-768x1103.png 768w\" sizes=\"auto, (max-width: 117px) 100vw, 117px\" \/><\/div>\n","protected":false},"excerpt":{"rendered":"<p>10-14 pa\u017adziernika widzimy si\u0119 na PB! Marzysz o podr\u00f3\u017cach? Chcesz poznawa\u0107 nowych ludzi i miejsca<\/p>\n","protected":false},"author":69,"featured_media":0,"parent":0,"menu_order":0,"comment_status":"closed","ping_status":"closed","template":"","meta":{"_acf_changed":false,"ngg_post_thumbnail":0,"footnotes":""},"class_list":["post-5563","page","type-page","status-publish","hentry"],"acf":[],"_links":{"self":[{"href":"https:\/\/pb.edu.pl\/iros\/wp-json\/wp\/v2\/pages\/5563","targetHints":{"allow":["GET"]}}],"collection":[{"href":"https:\/\/pb.edu.pl\/iros\/wp-json\/wp\/v2\/pages"}],"about":[{"href":"https:\/\/pb.edu.pl\/iros\/wp-json\/wp\/v2\/types\/page"}],"author":[{"embeddable":true,"href":"https:\/\/pb.edu.pl\/iros\/wp-json\/wp\/v2\/users\/69"}],"replies":[{"embeddable":true,"href":"https:\/\/pb.edu.pl\/iros\/wp-json\/wp\/v2\/comments?post=5563"}],"version-history":[{"count":0,"href":"https:\/\/pb.edu.pl\/iros\/wp-json\/wp\/v2\/pages\/5563\/revisions"}],"wp:attachment":[{"href":"https:\/\/pb.edu.pl\/iros\/wp-json\/wp\/v2\/media?parent=5563"}],"curies":[{"name":"wp","href":"https:\/\/api.w.org\/{rel}","templated":true}]}}