{"id":5499,"date":"2021-08-13T11:34:52","date_gmt":"2021-08-13T09:34:52","guid":{"rendered":"https:\/\/pb.edu.pl\/bwm\/?page_id=5499"},"modified":"2022-10-17T14:07:42","modified_gmt":"2022-10-17T12:07:42","slug":"epic","status":"publish","type":"page","link":"https:\/\/pb.edu.pl\/iros\/epic\/","title":{"rendered":"Konkurs EPIC &#8211; Erasmus Pictures"},"content":{"rendered":"<p><img loading=\"lazy\" decoding=\"async\" class=\"wp-image-5545 aligncenter\" src=\"https:\/\/pb.edu.pl\/iros\/wp-content\/uploads\/sites\/24\/2022\/09\/Projekt-bez-tytulu2.png\" alt=\"Konkurs EPIC \u2013 Erasmus Pictures\" width=\"1259\" height=\"420\"><\/p>\n<p style=\"text-align: center\"><strong><span style=\"font-size: 14pt\">Konkurs jest inicjatyw\u0105 cykliczn\u0105, powi\u0105zan\u0105 z wydarzeniem Erasmus Days.<\/span><\/strong><\/p>\n<p style=\"text-align: center\"><strong>Kolejna edycja EPIC zaplanowana jest na 2023 rok. Stay tuned!<br \/>\n<\/strong><\/p>\n<hr>\n<p><strong>Zwyci\u0119zcy EPIC 2022<\/strong><\/p>\n<p>I miejsce Ma\u0142gorzata Hermanowska<br \/>\nII miejsce Urszula Grz\u0119dzi\u0144ska<br \/>\nIII miejsce Natalia Andronik<\/p>\n<p><strong>Wyr\u00f3\u017cnienia<br \/>\n<\/strong>Sylwia Jurgu\u0107<br \/>\nJulia Roszko<br \/>\nMagdalena Dworakowska<br \/>\nZuzanna Potocka<br \/>\nMagdalena Kapela\u0144ska<br \/>\nAdam Wo\u0142kowycki<br \/>\nWojciech Tarasiuk<\/p>\n<hr>\n<p><strong>Laureatom gratulujemy, a wszystkich zach\u0119camy do obejrzenia galerii konkursowej online!<\/strong><\/p>\n<p>&nbsp;<\/p>\nngg_shortcode_0_placeholder<span style=\"font-size: 14pt;font-family: arial, helvetica, sans-serif\"><span style=\"font-size: 12pt\">Konkurs finansowany ze \u015brodk\u00f3w wsparcia organizacyjnego projektu Erasmus+. <img loading=\"lazy\" decoding=\"async\" class=\"wp-image-5143 alignleft\" src=\"https:\/\/pb.edu.pl\/iros\/wp-content\/uploads\/sites\/24\/2022\/09\/PL-Wspolfinansowane-przez-Unie-Europejska_POS.png\" alt=\"\" width=\"263\" height=\"47\"><\/span><br \/>\n<\/span><\/p>\n<p>&nbsp;<\/p>\n<hr>\n<p><span style=\"font-family: arial, helvetica, sans-serif\">Informacje o poprzednich edycjach konkursu:<br \/>\n<a class=\"pdf\" title=\"otworzy si\u0119 w nowej karcie\" href=\"https:\/\/pb.edu.pl\/iros\/wp-content\/uploads\/sites\/24\/2021\/10\/EPIC-2021-strona-www.pdf\" target=\"_blank\" rel=\"noopener\" data-id=\"6220\">EPIC 2021 (PDF, wersja dost\u0119pna cyfrowo, 554 KB)<\/a><br \/>\n<a class=\"pdf\" title=\"otworzy si\u0119 w nowej karcie\" href=\"https:\/\/pb.edu.pl\/iros\/wp-content\/uploads\/sites\/24\/2022\/10\/Konkurs-EPIC-2022-www.pdf\" target=\"_blank\" rel=\"noopener\" data-id=\"9492\">EPIC 2022 (PDF, wersja dost\u0119pna cyfrowo, 390 KB)<\/a><br \/>\n<\/span><\/p>\n<p>&nbsp;<\/p>\n","protected":false},"excerpt":{"rendered":"<p>Konkurs jest inicjatyw\u0105 cykliczn\u0105, powi\u0105zan\u0105 z wydarzeniem Erasmus Days. Kolejna edycja EPIC zaplanowana jest na<\/p>\n","protected":false},"author":48,"featured_media":0,"parent":0,"menu_order":0,"comment_status":"closed","ping_status":"closed","template":"","meta":{"_acf_changed":false,"ngg_post_thumbnail":0,"footnotes":""},"class_list":["post-5499","page","type-page","status-publish","hentry"],"acf":[],"_links":{"self":[{"href":"https:\/\/pb.edu.pl\/iros\/wp-json\/wp\/v2\/pages\/5499","targetHints":{"allow":["GET"]}}],"collection":[{"href":"https:\/\/pb.edu.pl\/iros\/wp-json\/wp\/v2\/pages"}],"about":[{"href":"https:\/\/pb.edu.pl\/iros\/wp-json\/wp\/v2\/types\/page"}],"author":[{"embeddable":true,"href":"https:\/\/pb.edu.pl\/iros\/wp-json\/wp\/v2\/users\/48"}],"replies":[{"embeddable":true,"href":"https:\/\/pb.edu.pl\/iros\/wp-json\/wp\/v2\/comments?post=5499"}],"version-history":[{"count":0,"href":"https:\/\/pb.edu.pl\/iros\/wp-json\/wp\/v2\/pages\/5499\/revisions"}],"wp:attachment":[{"href":"https:\/\/pb.edu.pl\/iros\/wp-json\/wp\/v2\/media?parent=5499"}],"curies":[{"name":"wp","href":"https:\/\/api.w.org\/{rel}","templated":true}]}}