{"id":512,"date":"2018-11-24T17:51:17","date_gmt":"2018-11-24T16:51:17","guid":{"rendered":"https:\/\/pb.edu.pl\/bwm\/?page_id=512"},"modified":"2026-03-02T15:02:38","modified_gmt":"2026-03-02T14:02:38","slug":"kwalifikacje-jezykowe","status":"publish","type":"page","link":"https:\/\/pb.edu.pl\/iros\/program-erasmus\/kwalifikacje-jezykowe\/","title":{"rendered":"Kwalifikacje j\u0119zykowe"},"content":{"rendered":"<p><img loading=\"lazy\" decoding=\"async\" class=\"alignright wp-image-1343\" src=\"https:\/\/pb.edu.pl\/iros\/wp-content\/uploads\/sites\/24\/2019\/09\/hello.jpg\" alt=\"tagi pozdrowienia w r\u00f3\u017cnych j\u0119zykach\" width=\"450\" height=\"309\" srcset=\"https:\/\/pb.edu.pl\/iros\/wp-content\/uploads\/sites\/24\/2019\/09\/hello.jpg 960w, https:\/\/pb.edu.pl\/iros\/wp-content\/uploads\/sites\/24\/2019\/09\/hello-300x206.jpg 300w, https:\/\/pb.edu.pl\/iros\/wp-content\/uploads\/sites\/24\/2019\/09\/hello-768x527.jpg 768w\" sizes=\"auto, (max-width: 450px) 100vw, 450px\" \/><\/p>\n<p style=\"font-weight: 400\">Pierwszym etapem rekrutacji na wyjazd w ramach programu wymiany akademickiej Erasmus+ w semestrze zimowym 2026\/2027 s\u0105 <strong>kwalifikacje j\u0119zykowe<\/strong>.<\/p>\n<p style=\"font-weight: 400\"><strong><u>Do 13 marca 2026 roku<\/u><\/strong>&nbsp;nale\u017cy uzupe\u0142ni\u0107 formularz, dotycz\u0105cy znajomo\u015bci j\u0119zyka angielskiego.<\/p>\n<p><a href=\"https:\/\/forms.office.com\/e\/gXrxxReZeA\">Kwalifikacje j\u0119zykowe na wyjazdy w ramach Erasmus+ w semestrze zimowym 2026\/2027 \u2013 Wype\u0142nij formularz<\/a><\/p>\n<p>&nbsp;<\/p>\n<p style=\"font-weight: 400\">Je\u017celi posiadasz certyfikat potwierdzaj\u0105cy znajomo\u015b\u0107 j\u0119zyka angielskiego na poziomie minimum B2 lub podczas studi\u00f3w na Politechnice Bia\u0142ostockiej uczestniczy\u0142e\u015b w wymianie Erasmus+ pierwszy etap kwalifikacji masz ju\u017c za sob\u0105. Dostarcz \u015bwiadectwo do Dzia\u0142u Mobilno\u015bci i Obs\u0142ugi Um\u00f3w Mi\u0119dzynarodowych.<\/p>\n<p style=\"font-weight: 400\"><a title=\"\" href=\"https:\/\/pb.edu.pl\/iros\/wp-content\/uploads\/sites\/24\/2025\/03\/Lista-dokumentow.pdf\" target=\"_blank\" rel=\"noopener\">Lista dokument\u00f3w uprawniaj\u0105cych do wyjazdu bez testu j\u0119zykowego<\/a><\/p>\n<p>&nbsp;<\/p>\n<p style=\"font-weight: 400\">Je\u017celi natomiast nie dysponujesz \u017cadnym certyfikatem, ani nie wyje\u017cd\u017ca\u0142e\u015b w PB w ramach Erasmus+ zapisz si\u0119 na egzamin online, organizowany przez biuro MUM w dniach<strong> 16-17 marca 2026 roku.<\/strong><\/p>\n<h4><span style=\"color: #000000\"><a style=\"color: #000000\" title=\"\" href=\"https:\/\/forms.cloud.microsoft\/pages\/responsepage.aspx?id=jfpgeCGkpUCDJwcSAm6Q5KsjPdyAgP1OmzSvWlLFsGJUQUlERVRTMU1OV1o2TzFSTUVNQU9MOTZXRy4u&amp;route=shorturl\"><span style=\"color: #0000ff\">Test kwalifikacji j\u0119zykowych do rekrutacji na wyjazd Erasmus+ w semestrze zimowym 2026\/2027<\/span><\/a> <\/span>b\u0119dzie aktywny od 16 do 17 marca 2026.<\/h4>\n<p>&nbsp;<\/p>\n<p>Byli uczestnicy programu Erasmus+ Politechniki Bia\u0142ostockiej nie musz\u0105 dostarcza\u0107 do MUM \u017cadnego dokumentu. Wystarczy wype\u0142ni\u0107 powy\u017cszy formularz.<\/p>\n<p>Wyjazdy w technikum\/liceum na Erasmusa nie zwalniaj\u0105 z testu j\u0119zykowego lub konieczno\u015bci dostarczenia dokumentu potwierdzaj\u0105cego znajomo\u015b\u0107 j. angielskiego na poziomie min. B2.<\/p>\n","protected":false},"excerpt":{"rendered":"<p>Pierwszym etapem rekrutacji na wyjazd w ramach programu wymiany akademickiej Erasmus+ w semestrze zimowym 2026\/2027<\/p>\n","protected":false},"author":2,"featured_media":0,"parent":32,"menu_order":9,"comment_status":"closed","ping_status":"closed","template":"","meta":{"_acf_changed":false,"ngg_post_thumbnail":0,"footnotes":""},"class_list":["post-512","page","type-page","status-publish","hentry"],"acf":[],"_links":{"self":[{"href":"https:\/\/pb.edu.pl\/iros\/wp-json\/wp\/v2\/pages\/512","targetHints":{"allow":["GET"]}}],"collection":[{"href":"https:\/\/pb.edu.pl\/iros\/wp-json\/wp\/v2\/pages"}],"about":[{"href":"https:\/\/pb.edu.pl\/iros\/wp-json\/wp\/v2\/types\/page"}],"author":[{"embeddable":true,"href":"https:\/\/pb.edu.pl\/iros\/wp-json\/wp\/v2\/users\/2"}],"replies":[{"embeddable":true,"href":"https:\/\/pb.edu.pl\/iros\/wp-json\/wp\/v2\/comments?post=512"}],"version-history":[{"count":9,"href":"https:\/\/pb.edu.pl\/iros\/wp-json\/wp\/v2\/pages\/512\/revisions"}],"predecessor-version":[{"id":29671,"href":"https:\/\/pb.edu.pl\/iros\/wp-json\/wp\/v2\/pages\/512\/revisions\/29671"}],"up":[{"embeddable":true,"href":"https:\/\/pb.edu.pl\/iros\/wp-json\/wp\/v2\/pages\/32"}],"wp:attachment":[{"href":"https:\/\/pb.edu.pl\/iros\/wp-json\/wp\/v2\/media?parent=512"}],"curies":[{"name":"wp","href":"https:\/\/api.w.org\/{rel}","templated":true}]}}