{"id":510,"date":"2018-11-24T17:50:54","date_gmt":"2018-11-24T16:50:54","guid":{"rendered":"https:\/\/pb.edu.pl\/bwm\/?page_id=510"},"modified":"2026-02-18T15:29:13","modified_gmt":"2026-02-18T14:29:13","slug":"harmonogram","status":"publish","type":"page","link":"https:\/\/pb.edu.pl\/iros\/program-erasmus\/harmonogram\/","title":{"rendered":"Harmonogram"},"content":{"rendered":"<p>Rok akademicki 2025\/2026<\/p>\n<p><a class=\"pdf\" href=\"https:\/\/pb.edu.pl\/iros\/wp-content\/uploads\/sites\/24\/2026\/02\/Harmonogram-2025_26-2.pdf\" target=\"_blank\" rel=\"noopener\" data-id=\"29434\">Harmonogram 2025_26 (PDF, 91 KB, otworzy si\u0119 w nowej karcie)<\/a><\/p>\n<hr>\n<p>Rok akademicki 2024\/2025<\/p>\n<p><a class=\"pdf\" title=\"\" href=\"https:\/\/pb.edu.pl\/iros\/wp-content\/uploads\/sites\/24\/2025\/02\/Harmonogram-rekrutacji-na-wyjazdy-2024_2025.pdf\" target=\"_blank\" rel=\"noopener\" data-id=\"22912\">Harmonogram rekrutacji na wyjazdy 2024_2025 (PDF, 102 KB, wersja dost\u0119pna cyfrowo)<\/a><\/p>\n<hr>\n<p>Rok akademicki 2023\/2024<\/p>\n<p><a class=\"pdf\" href=\"https:\/\/pb.edu.pl\/iros\/wp-content\/uploads\/sites\/24\/2023\/10\/HARMONOGRAM-DZIALAN-2023-2024.pdf\" target=\"_blank\" rel=\"noopener\" data-id=\"13076\">HARMONOGRAM DZIA\u0141A\u0143 2023-2024 (PDF, 265 KB, wersja dost\u0119pna cyfrowo)<\/a><\/p>\n<hr>\n<p>Rok akademicki 2022\/2023<\/p>\n<p><a class=\"pdf\" title=\"otworzy si\u0119 w nowej karcie\" href=\"https:\/\/pb.edu.pl\/iros\/wp-content\/uploads\/sites\/24\/2022\/09\/HARMONOGRAM-2022-23.pdf\" target=\"_blank\" rel=\"noopener\" data-id=\"9252\">HARMONOGRAM DZIA\u0141A\u0143 PROGRAMU ERASMUS+ DLA STUDENT\u00d3W 2022\/23 (PDF, wersja dost\u0119pna cyfrowo, 282 KB)&nbsp;<\/a><\/p>\n<hr>\n<p>Rok akademicki 2021\/2022<\/p>\n<p><a class=\"pdf\" title=\"otworzy si\u0119 w nowej karcie\" href=\"https:\/\/pb.edu.pl\/iros\/wp-content\/uploads\/sites\/24\/2021\/07\/HARMONOGRAM-2021-22.pdf\" target=\"_blank\" rel=\"noopener\" data-id=\"5406\">HARMONOGRAM DZIA\u0141A\u0143 PROGRAM\u00d3W ERASMUS+ I EDUKACJA DLA STUDENT\u00d3W 2021\/22 (PDF, wersja dost\u0119pna cyfrowo, 111 K<\/a><\/p>\n<hr>\n<p>Rok akademicki 2020\/2021<\/p>\n<p><a class=\"pdf\" title=\"otworzy si\u0119 w nowej karcie\" href=\"https:\/\/pb.edu.pl\/iros\/wp-content\/uploads\/sites\/24\/2021\/04\/HARMONOGRAM-2020-21.pdf\" target=\"_blank\" rel=\"noopener\" data-id=\"4821\">Harmonogram dzia\u0142a\u0144 dot. programu Erasmus+ i Edukacja na rok akademicki 2020\/2021 dla student\u00f3w (PDF, wersja dost\u0119pna cyfrowo, 110 KB)<\/a><\/p>\n<p><a class=\"pdf\" title=\"otworzy si\u0119 w nowej karcie\" href=\"https:\/\/pb.edu.pl\/iros\/wp-content\/uploads\/sites\/24\/2021\/07\/ogolny-harmonogram-dzialan-2020-21.pdf\" target=\"_blank\" rel=\"noopener\" data-id=\"5386\">Og\u00f3lny harmonogram dzia\u0142a\u0144 dot. programu Erasmus+ i Edukacja na rok akademicki 2020\/2021 (PDF, wersja dost\u0119pna cyfrowo, 96 KB)<\/a><\/p>\n","protected":false},"excerpt":{"rendered":"<p>Rok akademicki 2025\/2026 Harmonogram 2025_26 (PDF, 91 KB, otworzy si\u0119 w nowej karcie) Rok akademicki<\/p>\n","protected":false},"author":2,"featured_media":0,"parent":32,"menu_order":8,"comment_status":"closed","ping_status":"closed","template":"","meta":{"_acf_changed":false,"ngg_post_thumbnail":0,"footnotes":""},"class_list":["post-510","page","type-page","status-publish","hentry"],"acf":[],"_links":{"self":[{"href":"https:\/\/pb.edu.pl\/iros\/wp-json\/wp\/v2\/pages\/510","targetHints":{"allow":["GET"]}}],"collection":[{"href":"https:\/\/pb.edu.pl\/iros\/wp-json\/wp\/v2\/pages"}],"about":[{"href":"https:\/\/pb.edu.pl\/iros\/wp-json\/wp\/v2\/types\/page"}],"author":[{"embeddable":true,"href":"https:\/\/pb.edu.pl\/iros\/wp-json\/wp\/v2\/users\/2"}],"replies":[{"embeddable":true,"href":"https:\/\/pb.edu.pl\/iros\/wp-json\/wp\/v2\/comments?post=510"}],"version-history":[{"count":4,"href":"https:\/\/pb.edu.pl\/iros\/wp-json\/wp\/v2\/pages\/510\/revisions"}],"predecessor-version":[{"id":29436,"href":"https:\/\/pb.edu.pl\/iros\/wp-json\/wp\/v2\/pages\/510\/revisions\/29436"}],"up":[{"embeddable":true,"href":"https:\/\/pb.edu.pl\/iros\/wp-json\/wp\/v2\/pages\/32"}],"wp:attachment":[{"href":"https:\/\/pb.edu.pl\/iros\/wp-json\/wp\/v2\/media?parent=510"}],"curies":[{"name":"wp","href":"https:\/\/api.w.org\/{rel}","templated":true}]}}