{"id":50,"date":"2018-11-07T18:30:50","date_gmt":"2018-11-07T17:30:50","guid":{"rendered":"https:\/\/pb.edu.pl\/bwm\/?page_id=50"},"modified":"2026-02-25T15:36:30","modified_gmt":"2026-02-25T14:36:30","slug":"kontakt","status":"publish","type":"page","link":"https:\/\/pb.edu.pl\/iros\/kontakt\/","title":{"rendered":"Kontakt"},"content":{"rendered":"<div class=\"panel-group\" id=\"custom-collapse-0\">\n<div class=\"panel panel-default\">\n\t\t\t\t<div class=\"panel-heading\">\n\t\t\t\t\t<div class=\"panel-title\">\n\t\t\t\t\t\t<a class=\"collapsed h4\" data-toggle=\"collapse\" data-parent=\"#custom-collapse-0\" href=\"#custom-collapse-0-0\">Dzia\u0142 Projekt\u00f3w Mi\u0119dzynarodowych Erasmus+ i NAWA<\/a>\n\t\t\t\t\t<\/div>\n\t\t\t\t<\/div>\n\t\t\t\t<div id=\"custom-collapse-0-0\" class=\"panel-collapse collapse\">\n\t\t\t\t\t<div class=\"panel-body\">\n<div class=\"text-center\">\n<div class=\"row\">\n<div class=\"col-sm-3\">&nbsp;<\/div>\n<div class=\"col-sm-3\">\n<div class=\"h3\">Kierownik<\/div>\n<p><img loading=\"lazy\" decoding=\"async\" class=\"alignnone wp-image-12782\" src=\"https:\/\/pb.edu.pl\/iros\/wp-content\/uploads\/sites\/24\/2023\/08\/Projekt-bez-nazwy-13-200x300.png\" alt=\"mgr in\u017c. Agata Dzieko\u0144ska\" width=\"321\" height=\"482\" srcset=\"https:\/\/pb.edu.pl\/iros\/wp-content\/uploads\/sites\/24\/2023\/08\/Projekt-bez-nazwy-13-200x300.png 200w, https:\/\/pb.edu.pl\/iros\/wp-content\/uploads\/sites\/24\/2023\/08\/Projekt-bez-nazwy-13.png 333w\" sizes=\"auto, (max-width: 321px) 100vw, 321px\" \/>mgr in\u017c. Agata Dzieko\u0144ska<br \/>\n<i class=\"fal fa-envelope\"><\/i> <a href=\"#\" rel=\"nofollow\"  onclick=\"this.href='mailto:' + 'a.dziekonska' + '@' + 'pb.edu.pl'\">a.dziekonska [at] pb.edu.pl<\/a>\n<i class=\"fa fa-phone\" aria-hidden=\"true\"><\/i> +48 85 746 96 61,<br \/>\npok\u00f3j C29<\/p>\n<p>Projekty mi\u0119dzynarodowe<br \/>\nErasmus+ Partnerstwa Wsp\u00f3\u0142pracy&nbsp;<br \/>\nProjekty NAWA<\/p>\n<\/div>\n<div class=\"col-sm-3\">\n<div class=\"h3\">Zast\u0119pca Kierownika<\/div>\n<p><img loading=\"lazy\" decoding=\"async\" class=\"alignnone wp-image-16436 \" src=\"https:\/\/pb.edu.pl\/iros\/wp-content\/uploads\/sites\/24\/2023\/12\/Projekt-bez-nazwy-54-200x300.png\" alt=\"A.Ulitko\" width=\"321\" height=\"482\" srcset=\"https:\/\/pb.edu.pl\/iros\/wp-content\/uploads\/sites\/24\/2023\/12\/Projekt-bez-nazwy-54-200x300.png 200w, https:\/\/pb.edu.pl\/iros\/wp-content\/uploads\/sites\/24\/2023\/12\/Projekt-bez-nazwy-54-683x1024.png 683w, https:\/\/pb.edu.pl\/iros\/wp-content\/uploads\/sites\/24\/2023\/12\/Projekt-bez-nazwy-54-768x1152.png 768w, https:\/\/pb.edu.pl\/iros\/wp-content\/uploads\/sites\/24\/2023\/12\/Projekt-bez-nazwy-54.png 800w\" sizes=\"auto, (max-width: 321px) 100vw, 321px\" \/>mgr Anna Ulitko-\u0141awicka<br \/>\n<i class=\"fal fa-envelope\"><\/i> <a href=\"#\" rel=\"nofollow\"  onclick=\"this.href='mailto:' + 'a.lawicka' + '@' + 'pb.edu.pl'\">a.lawicka [at] pb.edu.pl<\/a>\n&nbsp;<\/p>\n<i class=\"fa fa-phone\" aria-hidden=\"true\"><\/i> +48 85 746 70 28,<br \/>\npok\u00f3j C29<\/p>\n<p>Projekty mi\u0119dzynarodowe<br \/>\nErasmus+ Partnerstwa Wsp\u00f3\u0142pracy&nbsp;<br \/>\nProjekty NAWA<\/p>\n<\/div>\n<div class=\"col-sm-3\">&nbsp;<\/div>\n<\/div>\n<hr>\n<div class=\"row\">\n<div class=\"col-sm-4\">\n<p><img loading=\"lazy\" decoding=\"async\" class=\"alignnone wp-image-11860 size-full\" src=\"https:\/\/pb.edu.pl\/iros\/wp-content\/uploads\/sites\/24\/2023\/04\/marta.png\" alt=\"Marta Orpik\" width=\"300\" height=\"300\" srcset=\"https:\/\/pb.edu.pl\/iros\/wp-content\/uploads\/sites\/24\/2023\/04\/marta.png 300w, https:\/\/pb.edu.pl\/iros\/wp-content\/uploads\/sites\/24\/2023\/04\/marta-150x150.png 150w\" sizes=\"auto, (max-width: 300px) 100vw, 300px\" \/><\/p>\n<p>mgr Marta Orpik<br \/>\n<i class=\"fal fa-envelope\"><\/i> <a href=\"#\" rel=\"nofollow\"  onclick=\"this.href='mailto:' + 'm.orpik' + '@' + 'pb.edu.pl'\">m.orpik [at] pb.edu.pl<\/a>\n&nbsp;<br \/>\n<i class=\"fa fa-phone\" aria-hidden=\"true\"><\/i> +48 85 746 70 10,<br \/>\npok\u00f3j C29<\/p>\n<p>Projekty mi\u0119dzynarodowe<br \/>\nErasmus+ Partnerstwa Wsp\u00f3\u0142pracy&nbsp;<br \/>\nProjekty NAWA<br \/>\nProgram Edukacja<\/p>\n<\/div>\n<div class=\"col-sm-4\">\n<p><img loading=\"lazy\" decoding=\"async\" class=\"alignnone wp-image-11859 size-full\" src=\"https:\/\/pb.edu.pl\/iros\/wp-content\/uploads\/sites\/24\/2023\/04\/iza.png\" alt=\"\" width=\"300\" height=\"300\" srcset=\"https:\/\/pb.edu.pl\/iros\/wp-content\/uploads\/sites\/24\/2023\/04\/iza.png 300w, https:\/\/pb.edu.pl\/iros\/wp-content\/uploads\/sites\/24\/2023\/04\/iza-150x150.png 150w\" sizes=\"auto, (max-width: 300px) 100vw, 300px\" \/><\/p>\n<p>mgr Izabela Karpi\u0144ska<br \/>\n<i class=\"fal fa-envelope\"><\/i> <a href=\"#\" rel=\"nofollow\"  onclick=\"this.href='mailto:' + 'izabela.karpinska' + '@' + 'pb.edu.pl'\">izabela.karpinska [at] pb.edu.pl<\/a>\n&nbsp;<br \/>\n<i class=\"fa fa-phone\" aria-hidden=\"true\"><\/i> +48 85 746 70 10,<br \/>\npok\u00f3j C29<\/p>\n<p>Projekty mi\u0119dzynarodowe<br \/>\nErasmus+ Partnerstwa Wsp\u00f3\u0142pracy<br \/>\nProjekty NAWA<br \/>\nCEEPUS<\/p>\n<p>Europejski Korpus Solidarno\u015bci &#8211; projekty wolontariackie<\/p>\n<\/div>\n<div class=\"col-sm-4\">\n<p><img loading=\"lazy\" decoding=\"async\" class=\"alignnone wp-image-22963 size-full\" src=\"https:\/\/pb.edu.pl\/iros\/wp-content\/uploads\/sites\/24\/2025\/02\/Projekt-bez-nazwy-2025-02-19T132553.320.png\" alt=\"\" width=\"300\" height=\"300\" srcset=\"https:\/\/pb.edu.pl\/iros\/wp-content\/uploads\/sites\/24\/2025\/02\/Projekt-bez-nazwy-2025-02-19T132553.320.png 300w, https:\/\/pb.edu.pl\/iros\/wp-content\/uploads\/sites\/24\/2025\/02\/Projekt-bez-nazwy-2025-02-19T132553.320-150x150.png 150w\" sizes=\"auto, (max-width: 300px) 100vw, 300px\" \/><\/p>\n<p>mgr Kinga Piasecka<br \/>\n<i class=\"fal fa-envelope\"><\/i> <a href=\"#\" rel=\"nofollow\"  onclick=\"this.href='mailto:' + 'kinga.piasecka' + '@' + 'pb.edu.pl'\">kinga.piasecka [at] pb.edu.pl<\/a>\n&nbsp;<br \/>\n<i class=\"fa fa-phone\" aria-hidden=\"true\"><\/i> +48 85 746 70 28,<br \/>\npok\u00f3j C29<\/p>\n<p>Projekty mi\u0119dzynarodowe<br \/>\nErasmus+ Partnerstwa Wsp\u00f3\u0142pracy&nbsp;<br \/>\nProjekty NAWA<\/p>\n<\/div>\n<\/div>\n<\/div>\n<\/div>\n\t\t\t\t<\/div>\n\t\t\t<\/div>\n<div class=\"panel panel-default\">\n\t\t\t\t<div class=\"panel-heading\">\n\t\t\t\t\t<div class=\"panel-title\">\n\t\t\t\t\t\t<a class=\"collapsed h4\" data-toggle=\"collapse\" data-parent=\"#custom-collapse-0\" href=\"#custom-collapse-0-1\">Dzia\u0142 Mobilno\u015bci i Obs\u0142ugi Um\u00f3w Mi\u0119dzynarodowych<\/a>\n\t\t\t\t\t<\/div>\n\t\t\t\t<\/div>\n\t\t\t\t<div id=\"custom-collapse-0-1\" class=\"panel-collapse collapse\">\n\t\t\t\t\t<div class=\"panel-body\">\n<div class=\"text-center\">\n<div class=\"row\">\n<div class=\"col-sm-3\">&nbsp;<\/div>\n<div class=\"col-sm-3\">\n<h3>Kierownik<\/h3>\n<p><img loading=\"lazy\" decoding=\"async\" class=\"alignnone wp-image-12782\" src=\"https:\/\/pb.edu.pl\/iros\/wp-content\/uploads\/sites\/24\/2023\/08\/Projekt-bez-nazwy-13-200x300.png\" alt=\"\" width=\"321\" height=\"482\" srcset=\"https:\/\/pb.edu.pl\/iros\/wp-content\/uploads\/sites\/24\/2023\/08\/Projekt-bez-nazwy-13-200x300.png 200w, https:\/\/pb.edu.pl\/iros\/wp-content\/uploads\/sites\/24\/2023\/08\/Projekt-bez-nazwy-13.png 333w\" sizes=\"auto, (max-width: 321px) 100vw, 321px\" \/>mgr in\u017c. Agata Dzieko\u0144ska<br \/>\n<i class=\"fal fa-envelope\"><\/i> <a href=\"#\" rel=\"nofollow\"  onclick=\"this.href='mailto:' + 'a.dziekonska' + '@' + 'pb.edu.pl'\">a.dziekonska [at] pb.edu.pl<\/a>\n&nbsp;<\/p>\n<i class=\"fa fa-phone\" aria-hidden=\"true\"><\/i> +48 85 746 96 61,<br \/>\npok\u00f3j C29<\/p>\n<p>Koordynator instytucjonalny Programu Erasmus+<br \/>\nProjekty mi\u0119dzynarodowe Erasmus+<br \/>\nPartnerstwa Wsp\u00f3\u0142pracy<br \/>\nProjekty NAWA<br \/>\nWyjazdy pracownik\u00f3w KA171<\/p>\n<\/div>\n<div class=\"col-sm-3\">\n<h3>Zast\u0119pca Kierownika<\/h3>\n<p><img loading=\"lazy\" decoding=\"async\" class=\"alignnone wp-image-22582 \" src=\"https:\/\/pb.edu.pl\/iros\/wp-content\/uploads\/sites\/24\/2025\/01\/Projekt-bez-nazwy-2025-01-21T131835.176-200x300.png\" alt=\"\" width=\"320\" height=\"480\" srcset=\"https:\/\/pb.edu.pl\/iros\/wp-content\/uploads\/sites\/24\/2025\/01\/Projekt-bez-nazwy-2025-01-21T131835.176-200x300.png 200w, https:\/\/pb.edu.pl\/iros\/wp-content\/uploads\/sites\/24\/2025\/01\/Projekt-bez-nazwy-2025-01-21T131835.176.png 321w\" sizes=\"auto, (max-width: 320px) 100vw, 320px\" \/>mgr in\u017c. Agnieszka Gniazdowska<br \/>\n<i class=\"fal fa-envelope\"><\/i> <a href=\"#\" rel=\"nofollow\"  onclick=\"this.href='mailto:' + 'a.gniazdowska' + '@' + 'pb.edu.pl'\">a.gniazdowska [at] pb.edu.pl<\/a>\n&nbsp;<\/p>\n<i class=\"fa fa-phone\" aria-hidden=\"true\"><\/i> +48 85 746 90 46,<br \/>\npok\u00f3j C31<\/p>\n<p>Koordynator instytucjonalny Programu Erasmus+<\/p>\n<\/div>\n<\/div>\n<hr>\n<div class=\"row\">\n<div class=\"col-sm-12\">\n<div class=\"well well-sm lead text-center kontakt\">Otwarte poniedzia\u0142ek &#8211; pi\u0105tek 9.00-14.00<\/div>\n<\/div>\n<\/div>\n<div class=\"row\">\n<div class=\"col-sm-3\">\n<p><img loading=\"lazy\" decoding=\"async\" class=\"alignnone wp-image-20819 size-full\" src=\"https:\/\/pb.edu.pl\/iros\/wp-content\/uploads\/sites\/24\/2024\/09\/Projekt-bez-nazwy-2024-09-30T150149.707.png\" alt=\"\" width=\"300\" height=\"300\" srcset=\"https:\/\/pb.edu.pl\/iros\/wp-content\/uploads\/sites\/24\/2024\/09\/Projekt-bez-nazwy-2024-09-30T150149.707.png 300w, https:\/\/pb.edu.pl\/iros\/wp-content\/uploads\/sites\/24\/2024\/09\/Projekt-bez-nazwy-2024-09-30T150149.707-150x150.png 150w\" sizes=\"auto, (max-width: 300px) 100vw, 300px\" \/><\/p>\n<p>p.o. Zast\u0119pcy Kierownika<br \/>\nmgr Julita Jurgiel<br \/>\n<i class=\"fal fa-envelope\"><\/i> <a href=\"#\" rel=\"nofollow\"  onclick=\"this.href='mailto:' + 'j.jurgiel' + '@' + 'pb.edu.pl'\">j.jurgiel [at] pb.edu.pl<\/a>\n&nbsp;<br \/>\n<i class=\"fa fa-phone\" aria-hidden=\"true\"><\/i> +48 85 746 90 44,<br \/>\npok\u00f3j C31<br \/>\nStudenci PB &#8211; Erasmus+ kraje programu i kraje partnerskie (studia i praktyki)<br \/>\nBlended Intensive Programmes<br \/>\n&nbsp;<\/p>\n<\/div>\n<div class=\"col-sm-3\">\n<p><img loading=\"lazy\" decoding=\"async\" class=\"alignnone wp-image-22585 size-full\" src=\"https:\/\/pb.edu.pl\/iros\/wp-content\/uploads\/sites\/24\/2025\/01\/Projekt-bez-nazwy-2025-01-21T132743.621.png\" alt=\"\" width=\"300\" height=\"300\" srcset=\"https:\/\/pb.edu.pl\/iros\/wp-content\/uploads\/sites\/24\/2025\/01\/Projekt-bez-nazwy-2025-01-21T132743.621.png 300w, https:\/\/pb.edu.pl\/iros\/wp-content\/uploads\/sites\/24\/2025\/01\/Projekt-bez-nazwy-2025-01-21T132743.621-150x150.png 150w\" sizes=\"auto, (max-width: 300px) 100vw, 300px\" \/><\/p>\n<p>mgr Gra\u017cyna Jakimiuk<br \/>\n<i class=\"fal fa-envelope\"><\/i> <a href=\"#\" rel=\"nofollow\"  onclick=\"this.href='mailto:' + 'g.jakimiuk' + '@' + 'pb.edu.pl'\">g.jakimiuk [at] pb.edu.pl<\/a>\n&nbsp;<\/p>\n<i class=\"fa fa-phone\" aria-hidden=\"true\"><\/i> +48 85 746 96 62,<br \/>\npok\u00f3j C33<\/p>\n<p>Specjalista ds. komunikacji<br \/>\nwewn\u0119trznej i zewn\u0119trznej ACROSS<\/p>\n<\/div>\n<div class=\"col-sm-3\">\n<p><img loading=\"lazy\" decoding=\"async\" class=\"alignnone wp-image-10183 size-full\" src=\"https:\/\/pb.edu.pl\/iros\/wp-content\/uploads\/sites\/24\/2022\/12\/Projekt-bez-tytulu-1.png\" alt=\"\" width=\"300\" height=\"300\" srcset=\"https:\/\/pb.edu.pl\/iros\/wp-content\/uploads\/sites\/24\/2022\/12\/Projekt-bez-tytulu-1.png 300w, https:\/\/pb.edu.pl\/iros\/wp-content\/uploads\/sites\/24\/2022\/12\/Projekt-bez-tytulu-1-150x150.png 150w\" sizes=\"auto, (max-width: 300px) 100vw, 300px\" \/><\/p>\n<p>mgr Servando Herrera Zuazo<br \/>\n<i class=\"fal fa-envelope\"><\/i> <a href=\"#\" rel=\"nofollow\"  onclick=\"this.href='mailto:' + 's.zuazo' + '@' + 'pb.edu.pl'\">s.zuazo [at] pb.edu.pl<\/a>\n&nbsp;<\/p>\n<i class=\"fa fa-phone\" aria-hidden=\"true\"><\/i> +48 85 746 90 47,<br \/>\npok\u00f3j C31<\/p>\n<p>Studenci zagraniczni Erasmus+ kraje programu<br \/>\nUmowy bilateralne KA131 i KA171<br \/>\nBlended Intensive Programmes<\/p>\n<\/div>\n<div class=\"col-sm-3\">\n<p><img loading=\"lazy\" decoding=\"async\" class=\"alignnone wp-image-11857 size-full\" src=\"https:\/\/pb.edu.pl\/iros\/wp-content\/uploads\/sites\/24\/2023\/04\/artur.png\" alt=\"\" width=\"300\" height=\"300\" srcset=\"https:\/\/pb.edu.pl\/iros\/wp-content\/uploads\/sites\/24\/2023\/04\/artur.png 300w, https:\/\/pb.edu.pl\/iros\/wp-content\/uploads\/sites\/24\/2023\/04\/artur-150x150.png 150w\" sizes=\"auto, (max-width: 300px) 100vw, 300px\" \/><\/p>\n<p>Artur Mazur<br \/>\n<i class=\"fal fa-envelope\"><\/i> <a href=\"#\" rel=\"nofollow\"  onclick=\"this.href='mailto:' + 'artur.mazur' + '@' + 'pb.edu.pl'\">artur.mazur [at] pb.edu.pl<\/a>\n&nbsp;<\/p>\n<i class=\"fa fa-phone\" aria-hidden=\"true\"><\/i> +48 85 746 70 20,<br \/>\npok\u00f3j C28<\/p>\n<p>Cudzoziemcy na pe\u0142nych cyklach studi\u00f3w<br \/>\nUmowy o podw\u00f3jnym dyplomowaniu<br \/>\nDzia\u0142ania promocyjno-informacyjne zwi\u0105zane z umi\u0119dzynarodowieniem<\/p>\n<\/div>\n<\/div>\n<p>&nbsp;<\/p>\n<div class=\"row\">\n<div class=\"col-sm-3\">\n<p><img loading=\"lazy\" decoding=\"async\" class=\"alignnone wp-image-10181 size-full\" src=\"https:\/\/pb.edu.pl\/iros\/wp-content\/uploads\/sites\/24\/2022\/12\/Magda-Kadlubowska.png\" alt=\"\" width=\"300\" height=\"300\" srcset=\"https:\/\/pb.edu.pl\/iros\/wp-content\/uploads\/sites\/24\/2022\/12\/Magda-Kadlubowska.png 300w, https:\/\/pb.edu.pl\/iros\/wp-content\/uploads\/sites\/24\/2022\/12\/Magda-Kadlubowska-150x150.png 150w\" sizes=\"auto, (max-width: 300px) 100vw, 300px\" \/><\/p>\n<p>mgr Magdalena Kad\u0142ubowska<br \/>\n<i class=\"fal fa-envelope\"><\/i> <a href=\"#\" rel=\"nofollow\"  onclick=\"this.href='mailto:' + 'm.kadlubowska' + '@' + 'pb.edu.pl'\">m.kadlubowska [at] pb.edu.pl<\/a>\n&nbsp;<i class=\"fa fa-phone\" aria-hidden=\"true\"><\/i> +48 85 746 90 43,<br \/>\npok\u00f3j C28<br \/>\nPrzyjazdy pracownik\u00f3w Erasmus+ KA131, KA171<br \/>\nDzia\u0142ania promocyjno-informacyjne zwi\u0105zane z umi\u0119dzynarodowieniem<br \/>\nSprawy finansowe<\/p>\n<\/div>\n<div class=\"col-sm-3\">\n<p><img loading=\"lazy\" decoding=\"async\" class=\"alignnone wp-image-20813 size-full\" src=\"https:\/\/pb.edu.pl\/iros\/wp-content\/uploads\/sites\/24\/2024\/09\/Projekt-bez-nazwy-2024-09-30T144731.501.png\" alt=\"\" width=\"300\" height=\"300\" srcset=\"https:\/\/pb.edu.pl\/iros\/wp-content\/uploads\/sites\/24\/2024\/09\/Projekt-bez-nazwy-2024-09-30T144731.501.png 300w, https:\/\/pb.edu.pl\/iros\/wp-content\/uploads\/sites\/24\/2024\/09\/Projekt-bez-nazwy-2024-09-30T144731.501-150x150.png 150w\" sizes=\"auto, (max-width: 300px) 100vw, 300px\" \/><\/p>\n<p>mgr Hajar Nahas<br \/>\n<i class=\"fal fa-envelope\"><\/i> <a href=\"#\" rel=\"nofollow\"  onclick=\"this.href='mailto:' + 'hajar.nahas' + '@' + 'pb.edu.pl'\">hajar.nahas [at] pb.edu.pl<\/a>\n&nbsp;<br \/>\n<i class=\"fa fa-phone\" aria-hidden=\"true\"><\/i> +48 85 746 90 47,<br \/>\npok\u00f3j C31<br \/>\nStudenci zagraniczni Erasmus+ KA171 i Turcja KA131<br \/>\nPraktyki dla cudzoziemc\u00f3w<br \/>\nFreemovers<br \/>\nPromocja zagraniczna<\/p>\n<\/div>\n<div class=\"col-sm-3\">\n<p><img loading=\"lazy\" decoding=\"async\" class=\"alignnone wp-image-23880 size-full\" src=\"https:\/\/pb.edu.pl\/iros\/wp-content\/uploads\/sites\/24\/2025\/04\/Projekt-bez-nazwy-2025-04-03T121248.923.png\" alt=\"\" width=\"300\" height=\"300\" srcset=\"https:\/\/pb.edu.pl\/iros\/wp-content\/uploads\/sites\/24\/2025\/04\/Projekt-bez-nazwy-2025-04-03T121248.923.png 300w, https:\/\/pb.edu.pl\/iros\/wp-content\/uploads\/sites\/24\/2025\/04\/Projekt-bez-nazwy-2025-04-03T121248.923-150x150.png 150w\" sizes=\"auto, (max-width: 300px) 100vw, 300px\" \/><\/p>\n<p>mgr Magdalena Wilczewska-Charkiewicz<br \/>\n<i class=\"fal fa-envelope\"><\/i> <a href=\"#\" rel=\"nofollow\"  onclick=\"this.href='mailto:' + 'magdalena.wilczewska-charkiewicz' + '@' + 'pb.edu.pl'\">magdalena.wilczewska-charkiewicz [at] pb.edu.pl<\/a>\n&nbsp;<br \/>\n<i class=\"fa fa-phone\" aria-hidden=\"true\"><\/i> +48 85 746 90 43,<br \/>\npok\u00f3j C28<br \/>\nUmowy o wsp\u00f3\u0142pracy<br \/>\nWyjazdy pracownik\u00f3w Erasmus+ KA131, KA171<br \/>\nRozliczanie wyjazd\u00f3w zagranicznych<\/p>\n<\/div>\n<div class=\"col-sm-3\">\n<p><img loading=\"lazy\" decoding=\"async\" class=\"alignnone wp-image-29461 size-full\" src=\"https:\/\/pb.edu.pl\/iros\/wp-content\/uploads\/sites\/24\/2026\/02\/Projekt-bez-nazwy-2026-02-23T141546.769.png\" alt=\"\" width=\"300\" height=\"300\" srcset=\"https:\/\/pb.edu.pl\/iros\/wp-content\/uploads\/sites\/24\/2026\/02\/Projekt-bez-nazwy-2026-02-23T141546.769.png 300w, https:\/\/pb.edu.pl\/iros\/wp-content\/uploads\/sites\/24\/2026\/02\/Projekt-bez-nazwy-2026-02-23T141546.769-150x150.png 150w\" sizes=\"auto, (max-width: 300px) 100vw, 300px\" \/><\/p>\n<p>Agnieszka Pogorzelska<br \/>\n<i class=\"fal fa-envelope\"><\/i> <a href=\"#\" rel=\"nofollow\"  onclick=\"this.href='mailto:' + 'a.pogorzelska' + '@' + 'pb.edu.pl'\">a.pogorzelska [at] pb.edu.pl<\/a>\n&nbsp;<br \/>\n<i class=\"fa fa-phone\" aria-hidden=\"true\"><\/i> +48 85 746 90 44,<br \/>\npok\u00f3j C31<br \/>\nStudenci PB &#8211; Erasmus+ kraje programu i kraje partnerskie (studia i praktyki)<br \/>\nBlended Intensive Programmes<br \/>\n&nbsp;<\/p>\n<\/div>\n<div class=\"col-sm-3\">&nbsp;<\/div>\n<\/div>\n<p>&nbsp;<\/p>\n<div class=\"row\">\n<div class=\"col-sm-3\">&nbsp;<\/div>\n<div class=\"col-sm-3\">&nbsp;<\/div>\n<\/div>\n<\/div>\n<div class=\"row\">\n<div class=\"col-sm-3 text-center\">\n<p><img loading=\"lazy\" decoding=\"async\" class=\"alignnone wp-image-29464 size-full\" src=\"https:\/\/pb.edu.pl\/iros\/wp-content\/uploads\/sites\/24\/2026\/02\/Projekt-bez-nazwy-2026-02-23T141518.106.png\" alt=\"\" width=\"300\" height=\"300\" srcset=\"https:\/\/pb.edu.pl\/iros\/wp-content\/uploads\/sites\/24\/2026\/02\/Projekt-bez-nazwy-2026-02-23T141518.106.png 300w, https:\/\/pb.edu.pl\/iros\/wp-content\/uploads\/sites\/24\/2026\/02\/Projekt-bez-nazwy-2026-02-23T141518.106-150x150.png 150w\" sizes=\"auto, (max-width: 300px) 100vw, 300px\" \/><\/p>\n<p>Magdalena Juchnowicz<br \/>\n<i class=\"fal fa-envelope\"><\/i> <a href=\"#\" rel=\"nofollow\"  onclick=\"this.href='mailto:' + 'magdalena.juchnowicz' + '@' + 'pb.edu.pl'\">magdalena.juchnowicz [at] pb.edu.pl<\/a>\n&nbsp;<br \/>\n<i class=\"fa fa-phone\" aria-hidden=\"true\"><\/i> +48 85 746 70 20,<br \/>\npok\u00f3j C28<br \/>\nDzia\u0142ania promocyjno-informacyjne zwi\u0105zane z umi\u0119dzynarodowieniem<\/p>\n<\/div>\n<\/div>\n<\/div>\n\t\t\t\t<\/div>\n\t\t\t<\/div>\n<div class=\"panel panel-default\">\n\t\t\t\t<div class=\"panel-heading\">\n\t\t\t\t\t<div class=\"panel-title\">\n\t\t\t\t\t\t<a class=\"collapsed h4\" data-toggle=\"collapse\" data-parent=\"#custom-collapse-0\" href=\"#custom-collapse-0-2\">Samodzielne stanowisko specjalisty ds. komunikacji interpersonalnej i mi\u0119dzykulturowej<\/a>\n\t\t\t\t\t<\/div>\n\t\t\t\t<\/div>\n\t\t\t\t<div id=\"custom-collapse-0-2\" class=\"panel-collapse collapse\">\n\t\t\t\t\t<div class=\"panel-body\">\n<div class=\"text-center\"><img loading=\"lazy\" decoding=\"async\" class=\"alignnone wp-image-16413 \" src=\"https:\/\/pb.edu.pl\/iros\/wp-content\/uploads\/sites\/24\/2023\/12\/Projekt-bez-nazwy-52-200x300.png\" alt=\"Joanna Szydlo\" width=\"257\" height=\"386\" srcset=\"https:\/\/pb.edu.pl\/iros\/wp-content\/uploads\/sites\/24\/2023\/12\/Projekt-bez-nazwy-52-200x300.png 200w, https:\/\/pb.edu.pl\/iros\/wp-content\/uploads\/sites\/24\/2023\/12\/Projekt-bez-nazwy-52.png 400w\" sizes=\"auto, (max-width: 257px) 100vw, 257px\" \/><br \/>\ndr Joanna Szyd\u0142o, <i class=\"fal fa-envelope\"><\/i> <a href=\"#\" rel=\"nofollow\"  onclick=\"this.href='mailto:' + 'j.szydlo' + '@' + 'pb.edu.pl'\">j.szydlo [at] pb.edu.pl<\/a>\n&nbsp;<\/div>\n<\/div>\n\t\t\t\t<\/div>\n\t\t\t<\/div>\n<div class=\"panel panel-default\">\n\t\t\t\t<div class=\"panel-heading\">\n\t\t\t\t\t<div class=\"panel-title\">\n\t\t\t\t\t\t<a class=\"collapsed h4\" data-toggle=\"collapse\" data-parent=\"#custom-collapse-0\" href=\"#custom-collapse-0-3\">Centrum Wsp\u00f3\u0142pracy Polsko-Chi\u0144skiej<\/a>\n\t\t\t\t\t<\/div>\n\t\t\t\t<\/div>\n\t\t\t\t<div id=\"custom-collapse-0-3\" class=\"panel-collapse collapse\">\n\t\t\t\t\t<div class=\"panel-body\">\n<hr>\n<div class=\"text-center\">\n<hr>\n<p><img loading=\"lazy\" decoding=\"async\" class=\"aligncenter wp-image-10175 \" src=\"https:\/\/pb.edu.pl\/iros\/wp-content\/uploads\/sites\/24\/2022\/12\/Ada-Grabowska-2.png\" alt=\"\" width=\"263\" height=\"263\" srcset=\"https:\/\/pb.edu.pl\/iros\/wp-content\/uploads\/sites\/24\/2022\/12\/Ada-Grabowska-2.png 300w, https:\/\/pb.edu.pl\/iros\/wp-content\/uploads\/sites\/24\/2022\/12\/Ada-Grabowska-2-150x150.png 150w\" sizes=\"auto, (max-width: 263px) 100vw, 263px\" \/><\/p>\n<p>mgr Adrianna Grabowska<br \/>\n<i class=\"fal fa-envelope\"><\/i> <a href=\"#\" rel=\"nofollow\"  onclick=\"this.href='mailto:' + 'adrianna.grabowska' + '@' + 'pb.edu.pl'\">adrianna.grabowska [at] pb.edu.pl<\/a>\n&nbsp;<\/p>\n<i class=\"fa fa-phone\" aria-hidden=\"true\"><\/i> +48 85 746 91 97<br \/>\nul. Zwierzyniecka 14, pok. 4, 15-333 Bia\u0142ystok<\/p>\n<p>Organizacja kurs\u00f3w j. chi\u0144skiego<br \/>\nOrganizacja egzamin\u00f3w HSK i HSKK<br \/>\nInternational School of Engineering<\/p>\n<hr>\n<p><img loading=\"lazy\" decoding=\"async\" class=\"alignnone wp-image-18806 size-full\" src=\"https:\/\/pb.edu.pl\/iros\/wp-content\/uploads\/sites\/24\/2024\/05\/Projekt-bez-nazwy-2024-05-10T102351.221.png\" alt=\"\" width=\"263\" height=\"263\" srcset=\"https:\/\/pb.edu.pl\/iros\/wp-content\/uploads\/sites\/24\/2024\/05\/Projekt-bez-nazwy-2024-05-10T102351.221.png 263w, https:\/\/pb.edu.pl\/iros\/wp-content\/uploads\/sites\/24\/2024\/05\/Projekt-bez-nazwy-2024-05-10T102351.221-150x150.png 150w\" sizes=\"auto, (max-width: 263px) 100vw, 263px\" \/><\/p>\n<p>mgr Ewa \u015aleszy\u0144ska&nbsp;<br \/>\n<i class=\"fal fa-envelope\"><\/i> <a href=\"#\" rel=\"nofollow\"  onclick=\"this.href='mailto:' + 'ewa.sleszynska' + '@' + 'pb.edu.pl'\">ewa.sleszynska [at] pb.edu.pl<\/a>\n&nbsp;<\/p>\n<i class=\"fa fa-phone\" aria-hidden=\"true\"><\/i> +48 85 746 91 97<br \/>\nul. Zwierzyniecka 14, pok. 4, 15-333 Bia\u0142ystok<\/p>\n<p>Promocja i organizacja wydarze\u0144 kulturowych<br \/>\nOrganizacja kurs\u00f3w j. chi\u0144skiego<br \/>\nOrganizacja egzamin\u00f3w HSK i HSKK<br \/>\nAdministracja International School of Engineering<br \/>\n<\/div>\n\t\t\t\t<\/div>\n\t\t\t<\/div>\n<\/div>\n<\/div>\n","protected":false},"excerpt":{"rendered":"","protected":false},"author":2,"featured_media":0,"parent":0,"menu_order":13,"comment_status":"closed","ping_status":"closed","template":"","meta":{"_acf_changed":false,"ngg_post_thumbnail":0,"footnotes":""},"class_list":["post-50","page","type-page","status-publish","hentry"],"acf":[],"_links":{"self":[{"href":"https:\/\/pb.edu.pl\/iros\/wp-json\/wp\/v2\/pages\/50","targetHints":{"allow":["GET"]}}],"collection":[{"href":"https:\/\/pb.edu.pl\/iros\/wp-json\/wp\/v2\/pages"}],"about":[{"href":"https:\/\/pb.edu.pl\/iros\/wp-json\/wp\/v2\/types\/page"}],"author":[{"embeddable":true,"href":"https:\/\/pb.edu.pl\/iros\/wp-json\/wp\/v2\/users\/2"}],"replies":[{"embeddable":true,"href":"https:\/\/pb.edu.pl\/iros\/wp-json\/wp\/v2\/comments?post=50"}],"version-history":[{"count":8,"href":"https:\/\/pb.edu.pl\/iros\/wp-json\/wp\/v2\/pages\/50\/revisions"}],"predecessor-version":[{"id":29550,"href":"https:\/\/pb.edu.pl\/iros\/wp-json\/wp\/v2\/pages\/50\/revisions\/29550"}],"wp:attachment":[{"href":"https:\/\/pb.edu.pl\/iros\/wp-json\/wp\/v2\/media?parent=50"}],"curies":[{"name":"wp","href":"https:\/\/api.w.org\/{rel}","templated":true}]}}