{"id":498,"date":"2018-11-24T17:45:42","date_gmt":"2018-11-24T16:45:42","guid":{"rendered":"https:\/\/pb.edu.pl\/bwm\/?page_id=498"},"modified":"2025-10-10T10:14:02","modified_gmt":"2025-10-10T08:14:02","slug":"praktyki-erasmus","status":"publish","type":"page","link":"https:\/\/pb.edu.pl\/iros\/program-erasmus\/wyjazdy-studentow-program-ka131\/praktyki-erasmus\/","title":{"rendered":"Praktyki ERASMUS+"},"content":{"rendered":"<p>&nbsp;<\/p>\n<div class=\"panel-group\" id=\"custom-collapse-0\">\n<div class=\"panel panel-default\">\n\t\t\t\t<div class=\"panel-heading\">\n\t\t\t\t\t<div class=\"panel-title\">\n\t\t\t\t\t\t<a class=\"collapsed h4\" data-toggle=\"collapse\" data-parent=\"#custom-collapse-0\" href=\"#custom-collapse-0-0\">Podstawowe informacje<\/a>\n\t\t\t\t\t<\/div>\n\t\t\t\t<\/div>\n\t\t\t\t<div id=\"custom-collapse-0-0\" class=\"panel-collapse collapse\">\n\t\t\t\t\t<div class=\"panel-body\">\n<ol>\n<li>Na ka\u017cdym stopniu studi\u00f3w ka\u017cdy student\/studentka ma tzw.<strong>&nbsp;\u201ekapita\u0142 mobilno\u015bciowy\u201d&nbsp;<\/strong>w wysoko\u015bci&nbsp;<strong>12 miesi\u0119cy<\/strong>. W ramach kapita\u0142u mo\u017cna wyje\u017cd\u017ca\u0107 zar\u00f3wno na studia jak i praktyki. Nie ma ograniczenia w liczbie wyjazd\u00f3w, jednak \u0142\u0105czny czas wszystkich wyjazd\u00f3w&nbsp;<strong>nie mo\u017ce przekracza\u0107 365 dni<\/strong>.&nbsp;<\/li>\n<li>Minimalny czas pobytu na praktykach wynosi <strong>2 miesi\u0105ce (60 dni).<\/strong><\/li>\n<li>Rekrutacja na praktyki ma charakter ci\u0105g\u0142y i jest otwarta ca\u0142y rok.<\/li>\n<li>Z programu Erasmus+ mog\u0105 korzysta\u0107 studenci zar\u00f3wno<strong>&nbsp;studi\u00f3w stacjonarnych, jak i niestacjonarnych<\/strong>.<\/li>\n<li>Praktyki mog\u0105 by\u0107 realizowane <strong>r\u00f3wnie\u017c po zako\u0144czeniu studi\u00f3w<\/strong> &#8211; czytaj wi\u0119cej: <em>Wyjazd absolwenta.<\/em><\/li>\n<li>Z wyjazdu&nbsp;<strong>mo\u017cna zrezygnowa\u0107 na ka\u017cdym etapie<\/strong>. O decyzji nale\u017cy poinformowa\u0107 mailowo Biuro oraz odpowiedniego koordynatora\/koordynatork\u0119 wydzia\u0142ow\u0105.<\/li>\n<li>Praktyki realizowane w ramach programu Erasmus+ mog\u0105 zosta\u0107 <strong>zaliczone na poczet obowi\u0105zkowych praktyk<\/strong>, wymaganych w planie studi\u00f3w.&nbsp;<\/li>\n<\/ol>\n<\/div>\n\t\t\t\t<\/div>\n\t\t\t<\/div>\n<div class=\"panel panel-default\">\n\t\t\t\t<div class=\"panel-heading\">\n\t\t\t\t\t<div class=\"panel-title\">\n\t\t\t\t\t\t<a class=\"collapsed h4\" data-toggle=\"collapse\" data-parent=\"#custom-collapse-0\" href=\"#custom-collapse-0-1\">Rekrutacja<\/a>\n\t\t\t\t\t<\/div>\n\t\t\t\t<\/div>\n\t\t\t\t<div id=\"custom-collapse-0-1\" class=\"panel-collapse collapse\">\n\t\t\t\t\t<div class=\"panel-body\">\n<p>Rekrutacja na wyjazdy student\u00f3w\/absolwent\u00f3w na praktyki<strong> trwa ca\u0142y rok.<\/strong> Aby wyjazd by\u0142 mo\u017cliwy, nale\u017cy zg\u0142osi\u0107 si\u0119 do Biura z kompletem podpisanych dokument\u00f3w i potwierdzeniem dope\u0142nienia wymaganych formalno\u015bci <strong>najp\u00f3\u017aniej 4 tygodnie przed planowanym wyjazdem<\/strong>.<\/p>\n<p>Biuro<strong> nie posiada bazy firm, kt\u00f3re oferuj\u0105 praktyki<\/strong> dla student\u00f3w w ramach programu Erasmus+. Student\/studentka staraj\u0105ca si\u0119 o wyjazd musi znale\u017a\u0107 <strong>firm\u0119 powi\u0105zan\u0105 z kierunkiem studi\u00f3w<\/strong> we w\u0142asnym zakresie.&nbsp;<\/p>\n<p>W przypadku wyjazd\u00f3w na praktyki nie wymagamy potwierdzenia znajomo\u015bci j\u0119zyka obcego.<\/p>\n<p>&nbsp;<\/p>\n<p><strong>Dokumenty i formalno\u015bci wymagane w procesie rekrutacyjnym:<\/strong><\/p>\n<ul>\n<li>wniosek o wyjazd na praktyki,<\/li>\n<li>Learning Agreement for Traineeships,<\/li>\n<li>potwierdzenie posiadania wymaganego ubezpieczenia,<\/li>\n<li>przes\u0142anie uzupe\u0142nionego <i class=\"fa fa-file-o\" aria-hidden=\"true\"><\/i> <a title=\"\" href=\"https:\/\/pb.edu.pl\/iros\/wp-content\/uploads\/sites\/24\/2025\/01\/STUDIA-DRUK-PRZELEWU.docx\">Druk przelewu<\/a> <span style=\"font-size: 1.5rem\">do Biura.<\/span><\/li>\n<\/ul>\n<\/div>\n\t\t\t\t<\/div>\n\t\t\t<\/div>\n<div class=\"panel panel-default\">\n\t\t\t\t<div class=\"panel-heading\">\n\t\t\t\t\t<div class=\"panel-title\">\n\t\t\t\t\t\t<a class=\"collapsed h4\" data-toggle=\"collapse\" data-parent=\"#custom-collapse-0\" href=\"#custom-collapse-0-2\">Krok po kroku<\/a>\n\t\t\t\t\t<\/div>\n\t\t\t\t<\/div>\n\t\t\t\t<div id=\"custom-collapse-0-2\" class=\"panel-collapse collapse\">\n\t\t\t\t\t<div class=\"panel-body\">\n<p><strong>Krok 1. Znalezienie instytucji<\/strong><\/p>\n<p>Student\/studentka staraj\u0105ca si\u0119 o wyjazd <strong>musi znale\u017a\u0107 firm\u0119 we w\u0142asnym zakresie<\/strong>. Instytucja przyjmuj\u0105ca studenta\/studentk\u0119 na praktyki musi by\u0107 powi\u0105zana z kierunkiem studi\u00f3w. Minimalny czas trwania praktyk to 2 miesi\u0105ce.<\/p>\n<p>Na praktyk\u0119 mo\u017cna wyjecha\u0107 do zagranicznego przedsi\u0119biorstwa\/firmy, plac\u00f3wki naukowo-badawczej, organizacji non profit albo innej instytucji (muzeum, biblioteka, szpital, jednostka administracji lokalnej lub centralnej itp.). Nie mo\u017cna natomiast odby\u0107 praktyki Erasmusa w plac\u00f3wce dyplomatycznej swojego kraju, w instytucji unijnej ani w instytucji zarz\u0105dzaj\u0105cej programami unijnymi.<\/p>\n<p>Instytucjami, do kt\u00f3rych nie mo\u017cna wyjecha\u0107 na praktyk\u0119 s\u0105:<\/p>\n<ul>\n<li>instytucje UE i inne organy UE, w tym wyspecjalizowane agencje, kt\u00f3rych wykaz jest dost\u0119pny na stronie internetowej: <a href=\"https:\/\/europa.eu\/european-union\/about-eu\/institutions-bodies_en\" target=\"_blank\" rel=\"noopener noreferrer\">europa.eu\/european-union\/about-eu\/institutions-bodies_en<\/a>;<\/li>\n<li>organizacje zarz\u0105dzaj\u0105ce programami UE, np. Narodowe Agencje Programu Erasmus+ (w celu unikni\u0119cia ewentualnego konfliktu interes\u00f3w lub podw\u00f3jnego dofinansowania).<\/li>\n<\/ul>\n<p>&nbsp;<\/p>\n<p><strong>Krok 2. Przygotowanie dokument\u00f3w niezb\u0119dnych do wyjazdu<\/strong><\/p>\n<p>Dokumenty i formalno\u015bci wymagane w procesie rekrutacyjnym:<\/p>\n<p><span style=\"text-decoration: underline\"><span style=\"color: #000000;text-decoration: underline\">1. Wniosek o wyjazd na praktyki<\/span><\/span><\/p>\n<p>W zale\u017cno\u015bci od tego, czy wyjazd jest realizowany jako studencki czy absolwencki nale\u017cy wype\u0142ni\u0107 odpowiedni wniosek o wyjazd na praktyki. Wniosek musi zosta\u0107 podpisany przez Koordynatora\/Koordynatork\u0119 na wydziale i dostarczony w oryginale do Biura.<\/p>\n<p><span style=\"text-decoration: underline\">2.<em> Learning Agreement for Traineeships&nbsp;<\/em><\/span><\/p>\n<p>Dokument musi zosta\u0107 wype\u0142niony w porozumieniu z instytucj\u0105 przyjmuj\u0105c\u0105. Uwzgl\u0119dniany jest tam mi\u0119dzy innymi plan praktyk. W przypadku, kiedy praktyki Erasmus+ maj\u0105 zosta\u0107 zaliczone jako obowi\u0105zkowe praktyki zaplanowane w toku studi\u00f3w, plan praktyk nale\u017cy <strong>uzgodni\u0107 r\u00f3wnie\u017c z opiekunem\/opiekunk\u0105 praktyk<\/strong> na wydziale.<\/p>\n<p>Learning Agreement podpisany przez 3 strony (studenta, koordynatora\/koordynatork\u0119 wydzia\u0142ow\u0105 oraz osob\u0119 odpowiedzialn\u0105 z instytucji przyjmuj\u0105cej) nale\u017cy dostarczy\u0107 do Biura.<\/p>\n<p><span style=\"text-decoration: underline\">3. Ubezpieczenie<\/span><\/p>\n<p>Wyjazd na praktyki wymaga posiadania ubezpieczenia na czas odbywania praktyk:<\/p>\n<ul>\n<li>pokrywaj\u0105cego zwrot koszt\u00f3w ewentualnego leczenia za granic\u0105 (mo\u017ce by\u0107 to np. karta <a href=\"https:\/\/pacjent.gov.pl\/ekuz\">EKUZ<\/a>),<\/li>\n<li>od nast\u0119pstw nieszcz\u0119\u015bliwych wypadk\u00f3w (NNW),<\/li>\n<li>OC.<\/li>\n<\/ul>\n<p>Przed podpisaniem umowy nale\u017cy przekaza\u0107 do Biura <strong>potwierdzenie posiadania wszystkich powy\u017cszych ubezpiecze\u0144<\/strong>.<\/p>\n<p>4.&nbsp;<span style=\"text-decoration: underline\"><span style=\"font-size: 1.5rem\">Wype\u0142niony<\/span><span style=\"font-size: 1.5rem\"> d<\/span>ruk przelewu<\/span><span style=\"font-size: 1.5rem\"> w wersji edytowalnej (word) musi zosta\u0107 <\/span><span style=\"font-size: 1.5rem\">przes\u0142any na adres <\/span><a style=\"background-color: #ffffff;font-size: 1.5rem\" href=\"https:\/\/forms.office.com\/r\/DS4KYkghg9\"><a href=\"#\" rel=\"nofollow\"  onclick=\"this.href='mailto:' + 'erasmus.studenci' + '@' + 'pb.edu.pl'\">erasmus.studenci [at] pb.edu.pl<\/a>&nbsp;<\/a><\/p>\n<p>&nbsp;<\/p>\n<p><span style=\"font-size: 1.5rem\">Wszystkie wspomniane wy\u017cej dokumenty mo\u017cna pobra\u0107&nbsp;<\/span><a style=\"background-color: #ffffff;font-size: 1.5rem\" href=\"https:\/\/pb.edu.pl\/iros\/program-erasmus\/wyjazdy-studentow-program-ka131\/praktyki-erasmus\/formularze-do-pobrania-przed-wyjazdem-na-praktyki\/\">tutaj.<\/a><\/p>\n<p>&nbsp;<\/p>\n<p><strong>Krok 3. Podpisanie umowy o finansowanie wyjazdu<\/strong><\/p>\n<p>Po dope\u0142nieniu wszystkich formalno\u015bci z kroku 2. student\/studentka zostaje mailowo wezwany do Biura w celu podpisania umowy. W ci\u0105gu maksymalnie 30 dniu po podpisaniu umowy przez dwie strony stypendium Erasmus+ trafia przelewem na konto wskazane w druku przelewu.<\/p>\n<p><strong>Przed wyjazdem&nbsp;<\/strong>student\/studentka otrzymuje<strong> 100% stypendium<\/strong> wyliczonego na ca\u0142y okres trwania mobilno\u015bci. W przypadku niedope\u0142nienia wszystkich formalno\u015bci niezb\u0119dnych do zako\u0144czenia wyjazdu (po powrocie z wymiany) we wskazanym w umowie terminie, student\/studentka mo\u017ce dosta\u0107<strong> wezwanie do zwrotu otrzymanego stypendium<\/strong>.<\/p>\n<p>&nbsp;<\/p>\n<p><strong>Krok 4. Wyjazd<\/strong><\/p>\n<\/div>\n\t\t\t\t<\/div>\n\t\t\t<\/div>\n<div class=\"panel panel-default\">\n\t\t\t\t<div class=\"panel-heading\">\n\t\t\t\t\t<div class=\"panel-title\">\n\t\t\t\t\t\t<a class=\"collapsed h4\" data-toggle=\"collapse\" data-parent=\"#custom-collapse-0\" href=\"#custom-collapse-0-3\">Wyjazd absolwenta<\/a>\n\t\t\t\t\t<\/div>\n\t\t\t\t<\/div>\n\t\t\t\t<div id=\"custom-collapse-0-3\" class=\"panel-collapse collapse\">\n\t\t\t\t\t<div class=\"panel-body\">\n<p>Z wyjazdu na praktyki w ramach programu Erasmus+ mo\u017cna r\u00f3wnie\u017c skorzysta\u0107 po zako\u0144czeniu studi\u00f3w. Warunkiem takiego wyjazdu jest <strong>posiadanie statusu studenta w momencie podpisania umowy<\/strong> o finansowanie wyjazdu.<\/p>\n<p>W przypadku ch\u0119ci skorzystania z takiej mo\u017cliwo\u015bci nale\u017cy zg\u0142osi\u0107 si\u0119 do Biura z kompletem wymaganych dokument\u00f3w najp\u00f3\u017aniej 4 tygodnie przed planowan\u0105 dat\u0105 obrony pracy dyplomowej.<\/p>\n<p>Absolwenci korzystaj\u0105cy z wymiany musz\u0105 zrealizowa\u0107 i uko\u0144czy\u0107 praktyki w ci\u0105gu <strong>12 miesi\u0119cy od uko\u0144czenia studi\u00f3w<\/strong> (z\u0142o\u017cenia egzaminu dyplomowego). Okres mobilno\u015bci absolwenta wlicza si\u0119 do \u201ekapita\u0142u wyjazdowego\u201d przypisanego do danego cyklu studi\u00f3w.&nbsp;<\/p>\n<\/div>\n\t\t\t\t<\/div>\n\t\t\t<\/div>\n<div class=\"panel panel-default\">\n\t\t\t\t<div class=\"panel-heading\">\n\t\t\t\t\t<div class=\"panel-title\">\n\t\t\t\t\t\t<a class=\"collapsed h4\" data-toggle=\"collapse\" data-parent=\"#custom-collapse-0\" href=\"#custom-collapse-0-4\">Stypendium<\/a>\n\t\t\t\t\t<\/div>\n\t\t\t\t<\/div>\n\t\t\t\t<div id=\"custom-collapse-0-4\" class=\"panel-collapse collapse\">\n\t\t\t\t\t<div class=\"panel-body\">\n<p><span style=\"font-size: 12pt\"><strong>W programie Erasmus+ mo\u017cna otrzyma\u0107:<\/strong><\/span><\/p>\n<ul>\n<li>stypendium g\u0142\u00f3wne<\/li>\n<li>dodatkowe wsparcie<\/li>\n<li>rycza\u0142t na podr\u00f3\u017c<\/li>\n<\/ul>\n<p>Prawo do otrzymywania <strong>dodatkowego wsparcia<\/strong> przys\u0142uguje studentom pobieraj\u0105cym stypendium socjalne w PB w roku akademickim poprzedzaj\u0105cym wyjazd oraz posiadaj\u0105cym orzeczenie o niepe\u0142nosprawno\u015bci.<\/p>\n<p>Potwierdzenie otrzymywania stypendium socjalnego jest weryfikowane w Dziekanacie przez Biuro, studenci nie musz\u0105 okazywa\u0107 takich dokument\u00f3w. Osoby posiadaj\u0105ce orzeczenie o niepe\u0142nosprawno\u015bci musz\u0105 dostarczy\u0107 kopi\u0119 orzeczenia do Biura przed podpisaniem umowy o finansowanie wyjazdu.<\/p>\n<p>Otrzymywanie stypendium wyjazdowego Erasmus+ nie powoduje utraty stypendium socjalnego pobieranego w PB. <strong>Dziekanaty b\u0119d\u0105 wyp\u0142aca\u0107 stypendium socjalne, <\/strong>Biuro wyp\u0142aca stypendium na wyjazd w ramach programu Erasmus.<\/p>\n<p>&nbsp;<\/p>\n<p><span style=\"font-size: 12pt\"><strong>STAWKI STYPENDIUM ERASMUS+ W ROKU AKADEMICKIM 2024-2025 (semestr letni) i 2025-2026 (semestr zimowy) &#8211; WYJAZD NA PRAKTYKI:<\/strong><\/span><\/p>\n<div class=\"table-responsive\">\n<table class=\"table table-bordered\" style=\"width: 61.0587%;height: 328px\">\n<tbody>\n<tr style=\"height: 85px\">\n<td style=\"width: 16.3162%;height: 85px\">\n<p class=\"rtecenter\"><strong>KRAJE<\/strong><\/p>\n<\/td>\n<td style=\"width: 4.07526%;height: 85px\">\n<p class=\"rtecenter\"><strong>miesi\u0119czna stawka<br \/>\n(w euro)<\/strong><\/p>\n<\/td>\n<td style=\"width: 7.0197%;height: 85px\">\n<p class=\"rtecenter\"><strong>miesi\u0119czna stawka<br \/>\nz dodatkiem dla os\u00f3b z mniejszymi szansami<br \/>\n(w euro)<\/strong><\/p>\n<\/td>\n<\/tr>\n<tr style=\"height: 81px\">\n<td style=\"width: 16.3162%;height: 81px\">Austria, Belgia, Dania, Finlandia, Francja, Irlandia, Islandia,<br \/>\nLichtenstein, Luksemburg, Niderlandy, Niemcy, Norwegia, Szwecja, W\u0142ochy<\/td>\n<td style=\"width: 4.07526%;height: 81px\">\n<p class=\"rtecenter\"><strong>820 \u20ac<\/strong><\/p>\n<\/td>\n<td style=\"width: 7.0197%;height: 81px\">\n<p class=\"rtecenter\"><strong>1070 \u20ac<\/strong><\/p>\n<\/td>\n<\/tr>\n<tr style=\"height: 81px\">\n<td style=\"width: 16.3162%;height: 81px\">Cypr, Czechy, Estonia, Grecja, Hiszpania, \u0141otwa, Malta, Portugalia, S\u0142owacja, S\u0142owenia<\/td>\n<td class=\"rtecenter\" style=\"width: 4.07526%;height: 81px\"><strong>820 \u20ac<\/strong><\/td>\n<td class=\"rtecenter\" style=\"width: 7.0197%;height: 81px\"><strong>1070 \u20ac<\/strong><\/td>\n<\/tr>\n<tr style=\"height: 81px\">\n<td style=\"width: 16.3162%;height: 81px\">Bu\u0142garia, Chorwacja, Litwa, Macedonia P\u00f3\u0142nocna, Polska, Rumunia, Serbia, Turcja, W\u0119gry<\/td>\n<td style=\"width: 4.07526%;height: 81px\">\n<p class=\"rtecenter\"><strong>750 \u20ac<\/strong><\/p>\n<\/td>\n<td style=\"width: 7.0197%;height: 81px\">\n<p class=\"rtecenter\"><strong>1000 \u20ac<\/strong><\/p>\n<\/td>\n<\/tr>\n<\/tbody>\n<\/table>\n<\/div>\n<p>W terminie <strong>30 dni od podpisania umowy<\/strong> finansowej przez obie strony, jednak nie p\u00f3\u017aniej ni\u017c w dniu rozpocz\u0119cia okresu mobilno\u015bci lub po otrzymaniu przez PB potwierdzenia przybycia do organizacji przyjmuj\u0105cej, zostanie wyp\u0142acone Uczestnikowi <strong>100% stypendium<\/strong>. W przypadku niedope\u0142nienia formalno\u015bci wymaganych po powrocie we wskazanym w umowie terminie, student\/studentka mo\u017ce dosta\u0107 <strong>wezwanie do zwrotu otrzymanego stypendium<\/strong>.<\/p>\n<p>&nbsp;<\/p>\n<p><span style=\"font-size: 12pt\"><strong>MOBILNO\u015a\u0106 STUDENT\u00d3W Z ORZECZENIEM O NIEPE\u0141NOSPRAWNO\u015aCI<\/strong><\/span><\/p>\n<p>Poza powi\u0119kszeniem podstawowego stypendium Erasmus+ o wspomniane wy\u017cej dodatkowe wsparcie, osoby posiadaj\u0105ce orzeczenie o niepe\u0142nosprawno\u015bci mog\u0105 wnioskowa\u0107 za po\u015brednictwem Biura o <strong>zwrot koszt\u00f3w rzeczywistych zwi\u0105zanych z niepe\u0142nosprawno\u015bci\u0105<\/strong>. <span style=\"font-size: 1.5rem\">Dodatkowo przyznana kwota dofinansowania (przewy\u017cszaj\u0105ca stawki okre\u015blone w tabeli powy\u017cej) podczas rozliczania b\u0119dzie wymaga\u0142a udokumentowania w postaci dowod\u00f3w finansowych. Koszty powinny by\u0107&nbsp;<\/span><span style=\"font-size: 1.5rem\">oszcz\u0119dne i <\/span><span style=\"font-size: 1.5rem\">dostosowane do realnych potrzeb zwi\u0105zanych z typem niepe\u0142nosprawno\u015bci.<\/span><\/p>\n<p>&nbsp;<\/p>\n<p><strong>RYCZA\u0141T NA PODR\u00d3\u017b<br \/>\n<\/strong><\/p>\n<p>Ka\u017cdy student wyje\u017cd\u017caj\u0105cy na studia Erasmus+ otrzymuje rycza\u0142t na podr\u00f3\u017c oraz 2 dodatkowe dni wsparcia indywidualnego na czas podr\u00f3\u017cy w przypadku podr\u00f3\u017cy bez wykorzystania ekologicznych \u015brodk\u00f3w transportu. Osoby, kt\u00f3re zdecyduj\u0105 si\u0119 na podr\u00f3\u017c (<strong>w dwie strony<\/strong>) z wykorzystaniem niskoemisyjnych (ekologicznych) \u015brodk\u00f3w transportu, musz\u0105 z\u0142o\u017cy\u0107 wniosek Green Travel o zwi\u0119kszenie rycza\u0142tu na podr\u00f3\u017c oraz otrzyma\u0107 do 6 dodatkowych dni wsparcia indywidualnego na czas podr\u00f3\u017cy.<\/p>\n<table style=\"width: 89.2054%;height: 132px\" border=\"2\">\n<tbody>\n<tr style=\"height: 22px\">\n<td style=\"width: 17.4617%;height: 22px\"><strong>Odleg\u0142o\u015b\u0107<\/strong><\/td>\n<td style=\"width: 39.0355%;text-align: center;height: 22px\"><strong>Podr\u00f3\u017c z wykorzystaniem ekologicznych \u015brodk\u00f3w transportu<\/strong><\/td>\n<td style=\"width: 58.3662%;text-align: center;height: 22px\"><strong>Podr\u00f3\u017c bez wykorzystania ekologicznych \u015brodk\u00f3w transportu<\/strong><\/td>\n<\/tr>\n<tr style=\"height: 22px\">\n<td style=\"width: 17.4617%;height: 22px\">od 100 do 499 km<\/td>\n<td style=\"width: 39.0355%;text-align: center;height: 22px\">285 EUR<\/td>\n<td style=\"width: 58.3662%;text-align: center;height: 22px\">211 EUR<\/td>\n<\/tr>\n<tr style=\"height: 22px\">\n<td style=\"width: 17.4617%;height: 22px\">od 500 do 1999 km<\/td>\n<td style=\"width: 39.0355%;text-align: center;height: 22px\">417 EUR<\/td>\n<td style=\"width: 58.3662%;text-align: center;height: 22px\">309 EUR<\/td>\n<\/tr>\n<tr style=\"height: 22px\">\n<td style=\"width: 17.4617%;height: 22px\">od 2000 do 2999 km<\/td>\n<td style=\"width: 39.0355%;text-align: center;height: 22px\">535 EUR<\/td>\n<td style=\"width: 58.3662%;text-align: center;height: 22px\">395 EUR<\/td>\n<\/tr>\n<tr style=\"height: 22px\">\n<td style=\"width: 17.4617%;height: 22px\">od 3000 do 3999 km<\/td>\n<td style=\"width: 39.0355%;text-align: center;height: 22px\">785 EUR<\/td>\n<td style=\"width: 58.3662%;text-align: center;height: 22px\">580 EUR<\/td>\n<\/tr>\n<tr style=\"height: 22px\">\n<td style=\"width: 17.4617%;height: 22px\">od 4000 do 7999 km<\/td>\n<td style=\"width: 39.0355%;text-align: center;height: 22px\">1 188 EUR<\/td>\n<td style=\"width: 58.3662%;text-align: center;height: 22px\">1 188 EUR<\/td>\n<\/tr>\n<\/tbody>\n<\/table>\n<p><em>Uwaga! Zaleca si\u0119 podr\u00f3\u017c niskoemisyjnymi \u015brodkami transportu do 499 km.<\/em><\/p>\n<p>Aby otrzyma\u0107 zwi\u0119kszony rycza\u0142t oraz dodatkowe dni finansowania, nale\u017cy <strong>wype\u0142ni\u0107 i dostarczy\u0107 do Biura<\/strong>&nbsp; podpisan\u0105 <i class=\"fa fa-file-o\" aria-hidden=\"true\"><\/i> <a class=\"doc\" title=\"\" href=\"https:\/\/pb.edu.pl\/iros\/wp-content\/uploads\/sites\/24\/2025\/01\/GT-Projekt-2024-1.docx\">Deklaracj\u0119 podr\u00f3\u017cy Green Travel<\/a>. Nale\u017cna kwota jest doliczana i wyp\u0142acana wraz ze stypendium podstawowym.<\/p>\n<p>Po powrocie z wymiany nale\u017cy dostarczy\u0107\/dos\u0142a\u0107 do Biura <strong>dowody odbycia podr\u00f3\u017cy z wykorzystaniem ekologicznych \u015brodk\u00f3w transportu <\/strong>\u2013 bilety lub <i class=\"fa fa-file-o\" aria-hidden=\"true\"><\/i> <a class=\"doc\" href=\"https:\/\/pb.edu.pl\/iros\/wp-content\/uploads\/sites\/24\/2025\/04\/Oswiadczenie-Carpooling1.docx\">O\u015bwiadczenie o wsp\u00f3lnej podr\u00f3\u017cy samochodem<\/a>.<\/p>\n<p>Uwaga! rycza\u0142t na podr\u00f3\u017c jest od razu wliczony do kwoty stypendium na wyjazd.<\/p>\n<p>&nbsp;<\/p>\n<p>&nbsp;<\/p>\n<\/div>\n\t\t\t\t<\/div>\n\t\t\t<\/div>\n<div class=\"panel panel-default\">\n\t\t\t\t<div class=\"panel-heading\">\n\t\t\t\t\t<div class=\"panel-title\">\n\t\t\t\t\t\t<a class=\"collapsed h4\" data-toggle=\"collapse\" data-parent=\"#custom-collapse-0\" href=\"#custom-collapse-0-5\">Po powrocie<\/a>\n\t\t\t\t\t<\/div>\n\t\t\t\t<\/div>\n\t\t\t\t<div id=\"custom-collapse-0-5\" class=\"panel-collapse collapse\">\n\t\t\t\t\t<div class=\"panel-body\">\n<p><strong>PO PRZYJE\u0179DZIE Z PRAKTYK NALE\u017bY:<\/strong><\/p>\n<ul>\n<li>dostarczy\u0107 do Dzia\u0142u Mobilno\u015bci i Obs\u0142ugi Um\u00f3w Mi\u0119dzynarodowych <i class=\"fa fa-file-o\" aria-hidden=\"true\"><\/i> <a href=\"https:\/\/pb.edu.pl\/iros\/wp-content\/uploads\/sites\/24\/2024\/03\/PRAKTYKI-Traineeship-Certificate.doc\"><em>Traineeship Certificate<\/em><\/a>,<\/li>\n<li>wype\u0142ni\u0107 ankiet\u0119 online, kt\u00f3ra zostanie przes\u0142ana automatycznie z systemu na uczelniany adres mailowy,<\/li>\n<li>uzupe\u0142ni\u0107 test j\u0119zykowy online na platformie OLS (wytypowani studenci),<\/li>\n<li>napisa\u0107 relacj\u0119 z pobytu i przes\u0142a\u0107 j\u0105 do Biura na adres&nbsp;<a href=\"https:\/\/pb.edu.pl\/iros\/program-erasmus\/wyjazdy-studentow-program-ka131\/studia-erasmus\/#\" rel=\"nofollow\">erasmus.studenci [at] pb.edu.pl<\/a>,<\/li>\n<li>przes\u0142a\u0107 do Biura uzupe\u0142nion\u0105 tabel\u0119 z danymi do raportu: <i class=\"fa fa-file-o\" aria-hidden=\"true\"><\/i> <a href=\"https:\/\/pb.edu.pl\/iros\/wp-content\/uploads\/sites\/24\/2024\/03\/PRAKTYKI-dane-do-raportu.doc\"><em>Dane do raportu<\/em><\/a><\/li>\n<li>dostarczy\u0107 do Biura potwierdzenie odbycia podr\u00f3\u017cy Green Travel (je\u015bli dotyczy).<\/li>\n<\/ul>\n<\/div>\n\t\t\t\t<\/div>\n\t\t\t<\/div>\n<div class=\"panel panel-default\">\n\t\t\t\t<div class=\"panel-heading\">\n\t\t\t\t\t<div class=\"panel-title\">\n\t\t\t\t\t\t<a class=\"collapsed h4\" data-toggle=\"collapse\" data-parent=\"#custom-collapse-0\" href=\"#custom-collapse-0-6\">Oferty<\/a>\n\t\t\t\t\t<\/div>\n\t\t\t\t<\/div>\n\t\t\t\t<div id=\"custom-collapse-0-6\" class=\"panel-collapse collapse\">\n\t\t\t\t\t<div class=\"panel-body\">\n<img loading=\"lazy\" decoding=\"async\" class=\"alignright wp-image-1317\" src=\"https:\/\/pb.edu.pl\/iros\/wp-content\/uploads\/sites\/24\/2019\/09\/praktyki-2.jpg\" alt=\"studenci na praktykach\" width=\"500\" height=\"333\" srcset=\"https:\/\/pb.edu.pl\/iros\/wp-content\/uploads\/sites\/24\/2019\/09\/praktyki-2.jpg 600w, https:\/\/pb.edu.pl\/iros\/wp-content\/uploads\/sites\/24\/2019\/09\/praktyki-2-300x200.jpg 300w, https:\/\/pb.edu.pl\/iros\/wp-content\/uploads\/sites\/24\/2019\/09\/praktyki-2-480x320.jpg 480w\" sizes=\"auto, (max-width: 500px) 100vw, 500px\" \/>Dzia\u0142 Mobilno\u015bci i Obs\u0142ugi Um\u00f3w Mi\u0119dzynarodowych PB nie ponosi odpowiedzialno\u015bci za zamieszczone oferty.<\/p>\n<p><a title=\"\" href=\"https:\/\/pb.edu.pl\/iros\/wp-content\/uploads\/sites\/24\/2025\/07\/Oferta-praktyk-Erasmus-BRNO.pdf\" target=\"_blank\" rel=\"noopener\">Brno University of Technology<\/a><\/p>\n<p><a href=\"https:\/\/pb.edu.pl\/iros\/wp-content\/uploads\/sites\/24\/2025\/04\/Erasmus-Work-Placement-Offer-Altinbas-University.pdf\">Erasmus Altinbas University<\/a><\/p>\n<p><a href=\"https:\/\/pb.edu.pl\/iros\/wp-content\/uploads\/sites\/24\/2025\/04\/Call-Erasmus-Internship-Fall-2526-descriptions.pdf\">Call Erasmus Internship Fall 2526 descriptions<\/a><\/p>\n<p><a href=\"https:\/\/pb.edu.pl\/iros\/wp-content\/uploads\/sites\/24\/2025\/04\/Internship-offer-in-TalTech.pdf\">Internship offer in TalTech<\/a><\/p>\n<p><a title=\"\" href=\"https:\/\/www.animafestexperience.net\/internshipsabroad\/en\/\">Animafest Experience Online Platform<\/a><\/p>\n<p><a title=\"\" href=\"https:\/\/www.espauk.com\/internships\/\" target=\"_blank\" rel=\"noopener\">ESPA &#8211; European Student Placement Agency<\/a><\/p>\n<p><a title=\"\" href=\"https:\/\/algoos.com\/\">Algoos &#8211; wyszukiwarka praktyk<\/a><\/p>\n<p><a href=\"https:\/\/ec.europa.eu\/stages\/\" target=\"_blank\" rel=\"noopener noreferrer\">EUROPEAN COMMISSION<\/a><\/p>\n<p><a href=\"https:\/\/stagemalta.org\/erasmus-malta\/\">STAGE ERASMUS MALTA<\/a><\/p>\n<p><a href=\"http:\/\/www.trainingexperience.org\/\" target=\"_blank\" rel=\"noopener noreferrer\">TRAINING EXPERIENCE<\/a><\/p>\n<p><a href=\"https:\/\/jobtrust.gr\/en\/jobs\">JOB TRUST- Grecja<\/a><\/p>\n<p><a href=\"https:\/\/leonet.joeplus.org\/en\/\" target=\"_blank\" rel=\"noopener noreferrer\">The Job Offer Exchange platform<\/a><\/p>\n<p><a href=\"https:\/\/www.jobted.com\/\" target=\"_blank\" rel=\"noopener noreferrer\">portal EURASMUS<\/a><\/p>\n<p><a href=\"http:\/\/erasmusintern.org\/\" target=\"_blank\" rel=\"noopener noreferrer\">ErasmusIntern Platform<\/a><\/p>\n<p><a href=\"https:\/\/www.spain-internship.com\/en\/\">Portal SPAIN INTERNSHIP<\/a><\/p>\n<p><a title=\"\" href=\"https:\/\/kovan.itu.edu.tr\/index.php\/s\/SkGJUlaDmS8fH30\">Oferty Istanbul Technical University, Turcja <\/a><\/p>\n<p><a title=\"\" href=\"https:\/\/www.md-hellas.gr\/crete-internship\/?lang=en\">MD Studies &amp; Recruitment Mobility &amp; Internship&nbsp;<\/a><\/p>\n<p><a class=\"pdf\" title=\"\" href=\"https:\/\/pb.edu.pl\/iros\/wp-content\/uploads\/sites\/24\/2023\/08\/Software-Development-Internship-AXISD2006.pdf\" target=\"_blank\" rel=\"noopener\" data-id=\"12773\">ESPA Software Development Internship<\/a><\/p>\n<p><a class=\"pdf\" title=\"\" href=\"https:\/\/pb.edu.pl\/iros\/wp-content\/uploads\/sites\/24\/2023\/08\/Production-Engineering-Internship-NORPE2806.pdf\" target=\"_blank\" rel=\"noopener\" data-id=\"12772\">ESPA Production Engineering Internship<\/a><\/p>\n<p><a class=\"pdf\" title=\"\" href=\"https:\/\/pb.edu.pl\/iros\/wp-content\/uploads\/sites\/24\/2023\/08\/Mechanical-Engineering-Internship-SIMME0307.pdf\" target=\"_blank\" rel=\"noopener\" data-id=\"12771\">ESPA Mechanical Engineering Internship<\/a><\/p>\n<p><a class=\"pdf\" title=\"otworzy si\u0119 w nowej karcie\" href=\"https:\/\/pb.edu.pl\/iros\/wp-content\/uploads\/sites\/24\/2022\/10\/Trainee-Programm-Sales-Engineer-Cognex.pdf\" target=\"_blank\" rel=\"noopener\" data-id=\"9513\">Trainee Programm &#8211; Sales Engineer &#8211; Cognex 11.2022<\/a><\/p>\n<p>&nbsp;<\/p>\n<\/div>\n\t\t\t\t<\/div>\n\t\t\t<\/div>\n<\/div>\n","protected":false},"excerpt":{"rendered":"<p>&nbsp;<\/p>\n","protected":false},"author":2,"featured_media":0,"parent":467,"menu_order":3,"comment_status":"closed","ping_status":"closed","template":"","meta":{"_acf_changed":false,"ngg_post_thumbnail":0,"footnotes":""},"class_list":["post-498","page","type-page","status-publish","hentry"],"acf":[],"_links":{"self":[{"href":"https:\/\/pb.edu.pl\/iros\/wp-json\/wp\/v2\/pages\/498","targetHints":{"allow":["GET"]}}],"collection":[{"href":"https:\/\/pb.edu.pl\/iros\/wp-json\/wp\/v2\/pages"}],"about":[{"href":"https:\/\/pb.edu.pl\/iros\/wp-json\/wp\/v2\/types\/page"}],"author":[{"embeddable":true,"href":"https:\/\/pb.edu.pl\/iros\/wp-json\/wp\/v2\/users\/2"}],"replies":[{"embeddable":true,"href":"https:\/\/pb.edu.pl\/iros\/wp-json\/wp\/v2\/comments?post=498"}],"version-history":[{"count":0,"href":"https:\/\/pb.edu.pl\/iros\/wp-json\/wp\/v2\/pages\/498\/revisions"}],"up":[{"embeddable":true,"href":"https:\/\/pb.edu.pl\/iros\/wp-json\/wp\/v2\/pages\/467"}],"wp:attachment":[{"href":"https:\/\/pb.edu.pl\/iros\/wp-json\/wp\/v2\/media?parent=498"}],"curies":[{"name":"wp","href":"https:\/\/api.w.org\/{rel}","templated":true}]}}