{"id":494,"date":"2018-11-24T17:44:12","date_gmt":"2018-11-24T16:44:12","guid":{"rendered":"https:\/\/pb.edu.pl\/bwm\/?page_id=494"},"modified":"2024-02-23T15:31:48","modified_gmt":"2024-02-23T14:31:48","slug":"o-programie","status":"publish","type":"page","link":"https:\/\/pb.edu.pl\/iros\/program-erasmus\/wyjazdy-studentow-program-ka131\/o-programie\/","title":{"rendered":"O programie"},"content":{"rendered":"<h2>Dlaczego warto wzi\u0105\u0107 udzia\u0142 w programie Erasmus+?<\/h2>\n<p>Badanie efekt\u00f3w programu Erasmus przeprowadzone prze Komisj\u0119 Europejsk\u0105 potwierdza, \u017ce unijny program wymiany student\u00f3w zwi\u0119ksza mo\u017cliwo\u015bci zatrudnienia i mobilno\u015b\u0107 zawodow\u0105.<br \/>\n&nbsp;<\/p>\n<p><img loading=\"lazy\" decoding=\"async\" class=\"aligncenter wp-image-571\" src=\"https:\/\/pb.edu.pl\/iros\/wp-content\/uploads\/sites\/24\/2018\/11\/zatrudnienie.jpg\" alt=\"\" width=\"600\" height=\"457\" srcset=\"https:\/\/pb.edu.pl\/iros\/wp-content\/uploads\/sites\/24\/2018\/11\/zatrudnienie.jpg 2126w, https:\/\/pb.edu.pl\/iros\/wp-content\/uploads\/sites\/24\/2018\/11\/zatrudnienie-300x228.jpg 300w, https:\/\/pb.edu.pl\/iros\/wp-content\/uploads\/sites\/24\/2018\/11\/zatrudnienie-768x585.jpg 768w, https:\/\/pb.edu.pl\/iros\/wp-content\/uploads\/sites\/24\/2018\/11\/zatrudnienie-1024x780.jpg 1024w\" sizes=\"auto, (max-width: 600px) 100vw, 600px\" \/><\/p>\n<p><img loading=\"lazy\" decoding=\"async\" class=\"aligncenter wp-image-568\" src=\"https:\/\/pb.edu.pl\/iros\/wp-content\/uploads\/sites\/24\/2018\/11\/kariera.jpg\" alt=\"\" width=\"600\" height=\"600\" srcset=\"https:\/\/pb.edu.pl\/iros\/wp-content\/uploads\/sites\/24\/2018\/11\/kariera.jpg 2126w, https:\/\/pb.edu.pl\/iros\/wp-content\/uploads\/sites\/24\/2018\/11\/kariera-150x150.jpg 150w, https:\/\/pb.edu.pl\/iros\/wp-content\/uploads\/sites\/24\/2018\/11\/kariera-300x300.jpg 300w, https:\/\/pb.edu.pl\/iros\/wp-content\/uploads\/sites\/24\/2018\/11\/kariera-768x768.jpg 768w, https:\/\/pb.edu.pl\/iros\/wp-content\/uploads\/sites\/24\/2018\/11\/kariera-1024x1024.jpg 1024w\" sizes=\"auto, (max-width: 600px) 100vw, 600px\" \/><\/p>\n<p><img loading=\"lazy\" decoding=\"async\" class=\"aligncenter wp-image-569\" src=\"https:\/\/pb.edu.pl\/iros\/wp-content\/uploads\/sites\/24\/2018\/11\/praktyka.jpg\" alt=\"\" width=\"600\" height=\"267\" srcset=\"https:\/\/pb.edu.pl\/iros\/wp-content\/uploads\/sites\/24\/2018\/11\/praktyka.jpg 2126w, https:\/\/pb.edu.pl\/iros\/wp-content\/uploads\/sites\/24\/2018\/11\/praktyka-300x133.jpg 300w, https:\/\/pb.edu.pl\/iros\/wp-content\/uploads\/sites\/24\/2018\/11\/praktyka-768x341.jpg 768w, https:\/\/pb.edu.pl\/iros\/wp-content\/uploads\/sites\/24\/2018\/11\/praktyka-1024x455.jpg 1024w\" sizes=\"auto, (max-width: 600px) 100vw, 600px\" \/><\/p>\n<p><img loading=\"lazy\" decoding=\"async\" class=\"aligncenter wp-image-570\" src=\"https:\/\/pb.edu.pl\/iros\/wp-content\/uploads\/sites\/24\/2018\/11\/studenci.jpg\" alt=\"\" width=\"600\" height=\"386\" srcset=\"https:\/\/pb.edu.pl\/iros\/wp-content\/uploads\/sites\/24\/2018\/11\/studenci.jpg 2481w, https:\/\/pb.edu.pl\/iros\/wp-content\/uploads\/sites\/24\/2018\/11\/studenci-300x193.jpg 300w, https:\/\/pb.edu.pl\/iros\/wp-content\/uploads\/sites\/24\/2018\/11\/studenci-768x494.jpg 768w, https:\/\/pb.edu.pl\/iros\/wp-content\/uploads\/sites\/24\/2018\/11\/studenci-1024x658.jpg 1024w\" sizes=\"auto, (max-width: 600px) 100vw, 600px\" \/><br \/>\n&nbsp;<\/p>\n<p><a class=\"pdf\" href=\"https:\/\/pb.edu.pl\/iros\/wp-content\/uploads\/sites\/24\/2018\/11\/inspiracje.pdf\" target=\"_blank\" rel=\"noopener\" data-id=\"565\">Absolwenci Erasmusa &#8211; inspiruj\u0105ce kariery (3 MB)<\/a><br \/>\n&nbsp;<\/p>\n<p><strong>Erasmus<\/strong>+ jest programem UE w dziedzinie kszta\u0142cenia, szkolenia, m\u0142odzie\u017cy i sportu na lata 2021\u20132027. Kszta\u0142cenie, szkolenie, m\u0142odzie\u017c i sport to g\u0142\u00f3wne obszary, w ramach kt\u00f3rych wspiera si\u0119 rozw\u00f3j osobisty i zawodowy obywateli. Wcze\u015bniejsza perspektywa Programu na lata 2014-2020 zosta\u0142a zmodernizowana pod k\u0105tem zmieniaj\u0105cych si\u0119 potrzeb uczestnik\u00f3w i reali\u00f3w.&nbsp;<\/p>\n<p>Wysokiej jako\u015bci w\u0142\u0105czaj\u0105ce kszta\u0142cenie zapewnia uczestnikom w ka\u017cdym wieku kwalifikacje i umiej\u0119tno\u015bci potrzebne do tego, aby mogli oni w znacz\u0105cy spos\u00f3b uczestniczy\u0107 w spo\u0142ecze\u0144stwie demokratycznym, naby\u0107 umiej\u0119tno\u015b\u0107 zrozumienia mi\u0119dzykulturowego i pomy\u015blnie wej\u015b\u0107 na rynek pracy. Projekty w perspektywie Programu na lata 2021-2027 b\u0119d\u0105 realizowane z wi\u0119kszym naciskiem na wp\u0142yw jako\u015bciowy oraz wk\u0142ad w budowanie bardziej w\u0142\u0105czaj\u0105cych, sp\u00f3jnych i zielonych spo\u0142ecze\u0144stw przygotowanych do uczestnictwa w cyfrowym \u015bwiecie.<\/p>\n<p>Politechnika Bia\u0142ostocka uczestniczy w programie SOCRATES\/ERASMUS od roku akademickiego 1998\/99. W latach 2007-2013 Erasmus by\u0142 cz\u0119\u015bci\u0105 programu &#8222;Uczenie si\u0119 przez ca\u0142e \u017cycie&#8221; (LLP &#8211; The Lifelong Learning Programme).<\/p>\n<p><strong>Dzia\u0142 Mobilno\u015bci i Obs\u0142ugi Um\u00f3w Mi\u0119dzynarodowych<\/strong>&nbsp;zajmuje si\u0119 przygotowywaniem um\u00f3w bilateralnych, ustaleniami dotycz\u0105cymi ich realizacji oraz monitorowaniem i koordynowaniem mi\u0119dzynarodowej wymiany dydaktycznej student\u00f3w i pracownik\u00f3w Uczelni.<\/p>\n<p>Z mo\u017cliwo\u015bci wyjazdu w ramach studi\u00f3w za granic\u0119 za po\u015brednictwem naszego Biura w ci\u0105gu ostatnich lat korzystaj\u0105 setki student\u00f3w, a tak\u017ce nauczyciele akademiccy. Na okresowe studia w naszej Uczelni przyje\u017cd\u017ca rokrocznie spora liczba student\u00f3w obcokrajowc\u00f3w oraz wyk\u0142adowc\u00f3w.<\/p>\n<p>Co roku nasze Biuro organizuje dni informacyjne Erasmus+ Days dla student\u00f3w w porze rekrutacji,&nbsp; kursy j\u0119zykowe dla student\u00f3w, spotkania dla student\u00f3w obcokrajowc\u00f3w przyje\u017cd\u017caj\u0105cych w ramach programu oraz wydaje publikacje promuj\u0105ce program.<\/p>\n<p>Studenci powracaj\u0105cy ze stypendium \u015bmia\u0142o twierdz\u0105, \u017ce wymiana studencka to niesamowita przygoda i okazja do poznania ciekawych miejsc, ludzi, ich kultury oraz podstaw nowego j\u0119zyka obcego. Zagraniczne studia daj\u0105 mo\u017cliwo\u015b\u0107 odkrycia w\u0142asnych mo\u017cliwo\u015bci i pokonania s\u0142abo\u015bci. Student zyskuje do\u015bwiadczenie, niemo\u017cliwe do zdobycia w inny spos\u00f3b.<\/p>\n","protected":false},"excerpt":{"rendered":"<p>Dlaczego warto wzi\u0105\u0107 udzia\u0142 w programie Erasmus+? Badanie efekt\u00f3w programu Erasmus przeprowadzone prze Komisj\u0119 Europejsk\u0105<\/p>\n","protected":false},"author":2,"featured_media":0,"parent":467,"menu_order":1,"comment_status":"closed","ping_status":"closed","template":"","meta":{"_acf_changed":false,"ngg_post_thumbnail":0,"footnotes":""},"class_list":["post-494","page","type-page","status-publish","hentry"],"acf":[],"_links":{"self":[{"href":"https:\/\/pb.edu.pl\/iros\/wp-json\/wp\/v2\/pages\/494","targetHints":{"allow":["GET"]}}],"collection":[{"href":"https:\/\/pb.edu.pl\/iros\/wp-json\/wp\/v2\/pages"}],"about":[{"href":"https:\/\/pb.edu.pl\/iros\/wp-json\/wp\/v2\/types\/page"}],"author":[{"embeddable":true,"href":"https:\/\/pb.edu.pl\/iros\/wp-json\/wp\/v2\/users\/2"}],"replies":[{"embeddable":true,"href":"https:\/\/pb.edu.pl\/iros\/wp-json\/wp\/v2\/comments?post=494"}],"version-history":[{"count":0,"href":"https:\/\/pb.edu.pl\/iros\/wp-json\/wp\/v2\/pages\/494\/revisions"}],"up":[{"embeddable":true,"href":"https:\/\/pb.edu.pl\/iros\/wp-json\/wp\/v2\/pages\/467"}],"wp:attachment":[{"href":"https:\/\/pb.edu.pl\/iros\/wp-json\/wp\/v2\/media?parent=494"}],"curies":[{"name":"wp","href":"https:\/\/api.w.org\/{rel}","templated":true}]}}