{"id":47,"date":"2018-11-07T18:30:02","date_gmt":"2018-11-07T17:30:02","guid":{"rendered":"https:\/\/pb.edu.pl\/bwm\/?page_id=47"},"modified":"2026-03-06T14:00:42","modified_gmt":"2026-03-06T13:00:42","slug":"pozostale-wyjazdy-zagraniczne","status":"publish","type":"page","link":"https:\/\/pb.edu.pl\/iros\/pozostale-wyjazdy-zagraniczne\/","title":{"rendered":"Wyjazdy zagraniczne poza projektami"},"content":{"rendered":"<div class=\"row\">\n<div class=\"col-sm-8\">\n<h2>Pracownicy<\/h2>\n<p>Wyjazdy zagraniczne (np. w ramach um\u00f3w mi\u0119dzynarodowych, konferencji, udzia\u0142<br \/>\nw targach, zawodach) zazwyczaj kr\u00f3tkoterminowe (7 dni lub d\u0142u\u017csze) finansowane s\u0105 np. z rezerwy rektora, ze \u015brodk\u00f3w wydzia\u0142owych, instytucji zewn\u0119trznych lub innych.<\/p>\n<h3>Formularze do pobrania<\/h3>\n<p>Ankieta osobowa pracownik<\/p>\n<p><a class=\"docx\" title=\"pobierz plik\" href=\"https:\/\/pb.edu.pl\/iros\/wp-content\/uploads\/sites\/24\/2026\/03\/POLECENIE-WYJAZDU.docx\" data-id=\"29709\">POLECENIE WYJAZDU (DOCX, 42 KB)<\/a><\/p>\n<p><a class=\"docx\" title=\"pobierz plik\" href=\"https:\/\/pb.edu.pl\/iros\/wp-content\/uploads\/sites\/24\/2026\/03\/UZUPELNIENIE-DO-POLECENIA-WYJAZDU.docx\" data-id=\"29713\">UZUPE\u0141NIENIE DO POLECENIA WYJAZDU (DOCX, 23 KB)<\/a><br \/>\n<a class=\"docx\" title=\"pobierz plik\" href=\"https:\/\/pb.edu.pl\/iros\/wp-content\/uploads\/sites\/24\/2026\/03\/WNIOSEK-O-ZALICZKE.docx\" data-id=\"29715\">WNIOSEK O ZALICZK\u0118 (DOCX, 24 KB)<\/a><\/p>\n<p><a class=\"docx\" title=\"pobierz plik\" href=\"https:\/\/pb.edu.pl\/iros\/wp-content\/uploads\/sites\/24\/2026\/03\/Oswiadczenie-polaczenie-wyjazdow.docx\" data-id=\"29707\">O\u015bwiadczenie po\u0142\u0105czenie wyjazd\u00f3w (DOCX, 15 KB)<\/a><\/p>\n<p><a class=\"docx\" title=\"pobierz plik\" href=\"https:\/\/pb.edu.pl\/iros\/wp-content\/uploads\/sites\/24\/2026\/03\/OSWIADCZENIE-DOTYCZACE-PODROZY-POZA-GRANICAMI-KRAJU.docx\" data-id=\"29705\">O\u015aWIADCZENIE DOTYCZ\u0104CE PODR\u00d3\u017bY POZA GRANICAMI KRAJU (DOCX, 19 KB<\/a><\/p>\n<p><a class=\"docx\" title=\"pobierz plik\" href=\"https:\/\/pb.edu.pl\/iros\/wp-content\/uploads\/sites\/24\/2026\/03\/ROZLICZENIE-PODROZY-ZAGRANICZNEJ.docx\" data-id=\"29711\">ROZLICZENIE PODR\u00d3\u017bY ZAGRANICZNEJ (DOCX, 23 KB)<\/a><\/p>\n<hr>\n<h2>Studenci<\/h2>\n<p>Wyjazdy zagraniczne student\u00f3w i uczestnik\u00f3w studi\u00f3w doktoranckich (np. w ramach dzia\u0142alno\u015bci studenckich k\u00f3\u0142 naukowych, promocji Uczelni lub reprezentowania w zawodach, turniejach, prowadzenia bada\u0144 naukowych, udzia\u0142u w konferencjach, seminariach i innych zada\u0144 wynikaj\u0105cych ze statutowych cel\u00f3w Uczelni) zazwyczaj kr\u00f3tkoterminowe (trwaj\u0105ce do 7 dni) finansowane s\u0105 np. ze \u015brodk\u00f3w wydzia\u0142owych, z rezerwy rektora, instytucji zewn\u0119trznych lub innych.<\/p>\n<h3>Formularze do pobrania<\/h3>\n<p>Ankieta osobowa studenta<\/p>\n<p><a class=\"doc\" href=\"https:\/\/pb.edu.pl\/iros\/wp-content\/uploads\/sites\/24\/2019\/09\/Wniosek-o-sfinansowanie-koszt\u00f3w-podr\u00f3\u017cy-zarz\u0105dzenie-469.doc\" target=\"_blank\" rel=\"noopener noreferrer\" data-id=\"1116\"> Wniosek o sfinansowanie koszt\u00f3w podr\u00f3\u017cy (98 KB)<\/a><\/p>\n<p><a class=\"pdf\" href=\"https:\/\/pb.edu.pl\/iros\/wp-content\/uploads\/sites\/24\/2019\/09\/Zarz\u0105dzenienr469-3-pozosta\u0142e-wyjazdy-zagraniczne.pdf\" target=\"_blank\" rel=\"noopener noreferrer\" data-id=\"1117\">Zasady dokonywania zwrotu koszt\u00f3w podr\u00f3\u017cy osobom nieb\u0119d\u0105cym pracownikami Politechniki Bia\u0142ostockiej oraz przyznawania \u015bwiadcze\u0144 go\u015bciom zagranicznym przyje\u017cd\u017caj\u0105cym do Politechniki Bia\u0142ostockiej (2 MB)<\/a><\/p>\n<\/div>\n<div class=\"col-sm-4 text-center\">\n<div class=\"well well-sm lead text-center boxy-prawe\">\n<h2 style=\"margin-top: 20px\">Kontakt<\/h2>\n<h3 style=\"margin-top: 5px\">Pok\u00f3j C28<\/h3>\n<h3 style=\"margin-top: 5px\">Wyjazdy pracownik\u00f3w i student\u00f3w<\/h3>\n<p style=\"font-size: 1.8rem\">mgr Magdalena Wilczewska-Charkiewicz<\/p>\n<p style=\"font-size: 1.6rem\"><i class=\"fa fa-phone\" aria-hidden=\"true\"><\/i> (85) 746 90 43<\/p>\n<p style=\"font-size: 1.6rem;margin-bottom: 20px\"><i class=\"fa fa-envelope-o\" aria-hidden=\"true\"><\/i>  magdalena.wilczewska-charkiewicz [at] pb.edu.pl\n<\/div>\n<\/div>\n<\/div>\n","protected":false},"excerpt":{"rendered":"<p>Pracownicy Wyjazdy zagraniczne (np. w ramach um\u00f3w mi\u0119dzynarodowych, konferencji, udzia\u0142 w targach, zawodach) zazwyczaj kr\u00f3tkoterminowe<\/p>\n","protected":false},"author":2,"featured_media":0,"parent":0,"menu_order":5,"comment_status":"closed","ping_status":"closed","template":"","meta":{"_acf_changed":false,"ngg_post_thumbnail":0,"footnotes":""},"class_list":["post-47","page","type-page","status-publish","hentry"],"acf":[],"_links":{"self":[{"href":"https:\/\/pb.edu.pl\/iros\/wp-json\/wp\/v2\/pages\/47","targetHints":{"allow":["GET"]}}],"collection":[{"href":"https:\/\/pb.edu.pl\/iros\/wp-json\/wp\/v2\/pages"}],"about":[{"href":"https:\/\/pb.edu.pl\/iros\/wp-json\/wp\/v2\/types\/page"}],"author":[{"embeddable":true,"href":"https:\/\/pb.edu.pl\/iros\/wp-json\/wp\/v2\/users\/2"}],"replies":[{"embeddable":true,"href":"https:\/\/pb.edu.pl\/iros\/wp-json\/wp\/v2\/comments?post=47"}],"version-history":[{"count":3,"href":"https:\/\/pb.edu.pl\/iros\/wp-json\/wp\/v2\/pages\/47\/revisions"}],"predecessor-version":[{"id":29719,"href":"https:\/\/pb.edu.pl\/iros\/wp-json\/wp\/v2\/pages\/47\/revisions\/29719"}],"wp:attachment":[{"href":"https:\/\/pb.edu.pl\/iros\/wp-json\/wp\/v2\/media?parent=47"}],"curies":[{"name":"wp","href":"https:\/\/api.w.org\/{rel}","templated":true}]}}