{"id":4691,"date":"2021-04-22T16:02:28","date_gmt":"2021-04-22T14:02:28","guid":{"rendered":"https:\/\/pb.edu.pl\/bwm\/?page_id=4691"},"modified":"2025-06-24T15:05:58","modified_gmt":"2025-06-24T13:05:58","slug":"rekrutacja-do-udzialu-w-szkole-letniej-european-cross-border-doctorials","status":"publish","type":"page","link":"https:\/\/pb.edu.pl\/iros\/szkoly-letnie\/rekrutacja-do-udzialu-w-szkole-letniej-european-cross-border-doctorials\/","title":{"rendered":"Rekrutacja do udzia\u0142u w szkole letniej \u201eEuropean Cross-Border Doctorials\u201d"},"content":{"rendered":"<p>Pola oznaczone (*) musz\u0105 by\u0107 wype\u0142nione obowi\u0105zkowo.<br \/>\nZapisy zako\u0144czone.<\/p>\n","protected":false},"excerpt":{"rendered":"<p>Pola oznaczone (*) musz\u0105 by\u0107 wype\u0142nione obowi\u0105zkowo. Zapisy zako\u0144czone.<\/p>\n","protected":false},"author":2,"featured_media":0,"parent":59,"menu_order":2,"comment_status":"closed","ping_status":"closed","template":"","meta":{"_acf_changed":false,"ngg_post_thumbnail":0,"footnotes":""},"class_list":["post-4691","page","type-page","status-publish","hentry"],"acf":[],"_links":{"self":[{"href":"https:\/\/pb.edu.pl\/iros\/wp-json\/wp\/v2\/pages\/4691","targetHints":{"allow":["GET"]}}],"collection":[{"href":"https:\/\/pb.edu.pl\/iros\/wp-json\/wp\/v2\/pages"}],"about":[{"href":"https:\/\/pb.edu.pl\/iros\/wp-json\/wp\/v2\/types\/page"}],"author":[{"embeddable":true,"href":"https:\/\/pb.edu.pl\/iros\/wp-json\/wp\/v2\/users\/2"}],"replies":[{"embeddable":true,"href":"https:\/\/pb.edu.pl\/iros\/wp-json\/wp\/v2\/comments?post=4691"}],"version-history":[{"count":0,"href":"https:\/\/pb.edu.pl\/iros\/wp-json\/wp\/v2\/pages\/4691\/revisions"}],"up":[{"embeddable":true,"href":"https:\/\/pb.edu.pl\/iros\/wp-json\/wp\/v2\/pages\/59"}],"wp:attachment":[{"href":"https:\/\/pb.edu.pl\/iros\/wp-json\/wp\/v2\/media?parent=4691"}],"curies":[{"name":"wp","href":"https:\/\/api.w.org\/{rel}","templated":true}]}}