{"id":348,"date":"2018-11-22T16:06:20","date_gmt":"2018-11-22T15:06:20","guid":{"rendered":"https:\/\/pb.edu.pl\/bwm\/?page_id=348"},"modified":"2019-09-12T22:46:36","modified_gmt":"2019-09-12T20:46:36","slug":"kontakt","status":"publish","type":"page","link":"https:\/\/pb.edu.pl\/iros\/projekty-nawa\/projekty-zakonczone\/prom-2018\/kontakt\/","title":{"rendered":"Kontakt"},"content":{"rendered":"<h3>Koordynator Uczelniany Projektu<\/h3>\n<p>mgr Katarzyna Kochaniak<br \/>\n<i class=\"fa fa-phone\" aria-hidden=\"true\"><\/i> 85 746 9662<br \/>\n<i class=\"fa fa-envelope-o\" aria-hidden=\"true\"><\/i> <a href=\"#\" rel=\"nofollow\"  onclick=\"this.href='mailto:' + 'k.kochaniak' + '@' + 'pb.edu.pl'\">k.kochaniak [at] pb.edu.pl<\/a>\n<h3>Specjalista ds. administracji i ewaluacji<\/h3>\n<p>mgr Anna Ulitko-\u0141awicka<br \/>\n<i class=\"fa fa-phone\" aria-hidden=\"true\"><\/i> 85 746 7028<br \/>\n<i class=\"fa fa-envelope-o\" aria-hidden=\"true\"><\/i> <a href=\"#\" rel=\"nofollow\"  onclick=\"this.href='mailto:' + 'a.lawicka' + '@' + 'pb.edu.pl'\">a.lawicka [at] pb.edu.pl<\/a>\n<h3>Specjalista ds. ksi\u0119gowo\u015bci<\/h3>\n<p>mgr Izabela Wiszenko<br \/>\n<i class=\"fa fa-envelope-o\" aria-hidden=\"true\"><\/i> <a href=\"#\" rel=\"nofollow\"  onclick=\"this.href='mailto:' + 'i.wiszenko' + '@' + 'pb.edu.pl'\">i.wiszenko [at] pb.edu.pl<\/a>\n&nbsp;<br \/>\n&nbsp;<\/p>\n<h2>Wydzia\u0142owi koordynatorzy projektu<\/h2>\n<div class=\"panel-group\" id=\"custom-collapse-0\">\n<div class=\"panel panel-default\">\n\t\t\t\t<div class=\"panel-heading\">\n\t\t\t\t\t<div class=\"panel-title\">\n\t\t\t\t\t\t<a class=\"collapsed h4\" data-toggle=\"collapse\" data-parent=\"#custom-collapse-0\" href=\"#custom-collapse-0-0\">Wydzia\u0142 Architektury<\/a>\n\t\t\t\t\t<\/div>\n\t\t\t\t<\/div>\n\t\t\t\t<div id=\"custom-collapse-0-0\" class=\"panel-collapse collapse\">\n\t\t\t\t\t<div class=\"panel-body\">\n<strong>dr arch. Adam Jakimowicz<\/strong><\/p>\n<i class=\"fa fa-phone\" aria-hidden=\"true\"><\/i> 85 746 9921<\/p>\n<i class=\"fa fa-envelope-o\" aria-hidden=\"true\"><\/i> <a href=\"#\" rel=\"nofollow\"  onclick=\"this.href='mailto:' + 'wa.prodziekan.promocja' + '@' + 'pb.edu.pl'\">wa.prodziekan.promocja [at] pb.edu.pl<\/a>\n<\/div>\n\t\t\t\t<\/div>\n\t\t\t<\/div>\n<div class=\"panel panel-default\">\n\t\t\t\t<div class=\"panel-heading\">\n\t\t\t\t\t<div class=\"panel-title\">\n\t\t\t\t\t\t<a class=\"collapsed h4\" data-toggle=\"collapse\" data-parent=\"#custom-collapse-0\" href=\"#custom-collapse-0-1\">Wydzia\u0142 In\u017cynierii Zarz\u0105dzania<\/a>\n\t\t\t\t\t<\/div>\n\t\t\t\t<\/div>\n\t\t\t\t<div id=\"custom-collapse-0-1\" class=\"panel-collapse collapse\">\n\t\t\t\t\t<div class=\"panel-body\">\n<strong>mgr Justyna Winkowska<\/strong><\/p>\n<i class=\"fa fa-mobile\" aria-hidden=\"true\"><\/i> 793 595 896<\/p>\n<i class=\"fa fa-envelope-o\" aria-hidden=\"true\"><\/i> <a href=\"#\" rel=\"nofollow\"  onclick=\"this.href='mailto:' + 'j.winkowska' + '@' + 'pb.edu.pl'\">j.winkowska [at] pb.edu.pl<\/a>\n<\/div>\n\t\t\t\t<\/div>\n\t\t\t<\/div>\n<div class=\"panel panel-default\">\n\t\t\t\t<div class=\"panel-heading\">\n\t\t\t\t\t<div class=\"panel-title\">\n\t\t\t\t\t\t<a class=\"collapsed h4\" data-toggle=\"collapse\" data-parent=\"#custom-collapse-0\" href=\"#custom-collapse-0-2\">Wydzia\u0142 Mechaniczny<\/a>\n\t\t\t\t\t<\/div>\n\t\t\t\t<\/div>\n\t\t\t\t<div id=\"custom-collapse-0-2\" class=\"panel-collapse collapse\">\n\t\t\t\t\t<div class=\"panel-body\">\n<strong>dr in\u017c. Joanna Mystkowska<\/strong><\/p>\n<i class=\"fa fa-mobile\" aria-hidden=\"true\"><\/i> 571 443 083<\/p>\n<i class=\"fa fa-envelope-o\" aria-hidden=\"true\"><\/i> <a href=\"#\" rel=\"nofollow\"  onclick=\"this.href='mailto:' + 'j.mystkowska' + '@' + 'pb.edu.pl'\">j.mystkowska [at] pb.edu.pl<\/a>\n<\/div>\n\t\t\t\t<\/div>\n\t\t\t<\/div>\n<div class=\"panel panel-default\">\n\t\t\t\t<div class=\"panel-heading\">\n\t\t\t\t\t<div class=\"panel-title\">\n\t\t\t\t\t\t<a class=\"collapsed h4\" data-toggle=\"collapse\" data-parent=\"#custom-collapse-0\" href=\"#custom-collapse-0-3\">Wydzia\u0142 Elektryczny<\/a>\n\t\t\t\t\t<\/div>\n\t\t\t\t<\/div>\n\t\t\t\t<div id=\"custom-collapse-0-3\" class=\"panel-collapse collapse\">\n\t\t\t\t\t<div class=\"panel-body\">\n<strong>prof. dr hab.in\u017c. Bogus\u0142aw Butry\u0142o<\/strong><\/p>\n<i class=\"fa fa-phone\" aria-hidden=\"true\"><\/i> 85 746 9362 &nbsp;&nbsp; <i class=\"fa fa-mobile\" aria-hidden=\"true\"><\/i> 571 443 169<\/p>\n<i class=\"fa fa-envelope-o\" aria-hidden=\"true\"><\/i> <a href=\"#\" rel=\"nofollow\"  onclick=\"this.href='mailto:' + 'b.butrylo' + '@' + 'pb.edu.pl'\">b.butrylo [at] pb.edu.pl<\/a>\n<\/div>\n\t\t\t\t<\/div>\n\t\t\t<\/div>\n<div class=\"panel panel-default\">\n\t\t\t\t<div class=\"panel-heading\">\n\t\t\t\t\t<div class=\"panel-title\">\n\t\t\t\t\t\t<a class=\"collapsed h4\" data-toggle=\"collapse\" data-parent=\"#custom-collapse-0\" href=\"#custom-collapse-0-4\">Wydzia\u0142 Informatyki<\/a>\n\t\t\t\t\t<\/div>\n\t\t\t\t<\/div>\n\t\t\t\t<div id=\"custom-collapse-0-4\" class=\"panel-collapse collapse\">\n\t\t\t\t\t<div class=\"panel-body\">\n<strong>dr hab. Piotr Ho\u0144ko<\/strong><\/p>\n<i class=\"fa fa-phone\" aria-hidden=\"true\"><\/i> 85 746 90 59<\/p>\n<i class=\"fa fa-envelope-o\" aria-hidden=\"true\"><\/i> <a href=\"#\" rel=\"nofollow\"  onclick=\"this.href='mailto:' + 'p.honko' + '@' + 'pb.edu.pl'\">p.honko [at] pb.edu.pl<\/a>\n<\/div>\n\t\t\t\t<\/div>\n\t\t\t<\/div>\n<\/div>\n<p><img loading=\"lazy\" decoding=\"async\" src=\"https:\/\/pb.edu.pl\/iros\/wp-content\/uploads\/sites\/24\/2018\/11\/logo-projektu.jpg\" alt=\"\" width=\"1024\" height=\"136\" class=\"aligncenter size-full wp-image-363\" srcset=\"https:\/\/pb.edu.pl\/iros\/wp-content\/uploads\/sites\/24\/2018\/11\/logo-projektu.jpg 1024w, https:\/\/pb.edu.pl\/iros\/wp-content\/uploads\/sites\/24\/2018\/11\/logo-projektu-300x40.jpg 300w, https:\/\/pb.edu.pl\/iros\/wp-content\/uploads\/sites\/24\/2018\/11\/logo-projektu-768x102.jpg 768w\" sizes=\"auto, (max-width: 1024px) 100vw, 1024px\" \/><\/p>\n","protected":false},"excerpt":{"rendered":"<p>Koordynator Uczelniany Projektu mgr Katarzyna Kochaniak 85 746 9662 Specjalista ds. administracji i ewaluacji mgr<\/p>\n","protected":false},"author":2,"featured_media":0,"parent":1233,"menu_order":6,"comment_status":"closed","ping_status":"closed","template":"","meta":{"_acf_changed":false,"ngg_post_thumbnail":0,"footnotes":""},"class_list":["post-348","page","type-page","status-publish","hentry"],"acf":[],"_links":{"self":[{"href":"https:\/\/pb.edu.pl\/iros\/wp-json\/wp\/v2\/pages\/348","targetHints":{"allow":["GET"]}}],"collection":[{"href":"https:\/\/pb.edu.pl\/iros\/wp-json\/wp\/v2\/pages"}],"about":[{"href":"https:\/\/pb.edu.pl\/iros\/wp-json\/wp\/v2\/types\/page"}],"author":[{"embeddable":true,"href":"https:\/\/pb.edu.pl\/iros\/wp-json\/wp\/v2\/users\/2"}],"replies":[{"embeddable":true,"href":"https:\/\/pb.edu.pl\/iros\/wp-json\/wp\/v2\/comments?post=348"}],"version-history":[{"count":0,"href":"https:\/\/pb.edu.pl\/iros\/wp-json\/wp\/v2\/pages\/348\/revisions"}],"up":[{"embeddable":true,"href":"https:\/\/pb.edu.pl\/iros\/wp-json\/wp\/v2\/pages\/1233"}],"wp:attachment":[{"href":"https:\/\/pb.edu.pl\/iros\/wp-json\/wp\/v2\/media?parent=348"}],"curies":[{"name":"wp","href":"https:\/\/api.w.org\/{rel}","templated":true}]}}