{"id":344,"date":"2018-11-22T16:05:17","date_gmt":"2018-11-22T15:05:17","guid":{"rendered":"https:\/\/pb.edu.pl\/bwm\/?page_id=344"},"modified":"2019-09-12T22:27:31","modified_gmt":"2019-09-12T20:27:31","slug":"zadania","status":"publish","type":"page","link":"https:\/\/pb.edu.pl\/iros\/projekty-nawa\/projekty-zakonczone\/prom-2018\/zadania\/","title":{"rendered":"Zadania"},"content":{"rendered":"<p>Zakres wsparcia<\/p>\n<ol>\n<li>Dzia\u0142aniami uprawnionymi do realizacji w Programie s\u0105 wyjazdy lub przyjazdy zwi\u0105zane z tematyk\u0105 doktoratu lub prowadzon\u0105 prac\u0105 dydaktyczn\u0105 i naukow\u0105 maj\u0105ce na celu:<\/li>\n<\/ol>\n<ul>\n<li>aktywny udzia\u0142 w konferencji zagranicznej (w tym np. udzia\u0142 w sesji posterowej i flash talk);<\/li>\n<li>pozyskanie materia\u0142\u00f3w do pracy doktorskiej\/artyku\u0142u naukowego;<\/li>\n<li>udzia\u0142 w szkole letniej\/szkole zimowej (zar\u00f3wno jako s\u0142uchacz szko\u0142y, jak i prowadz\u0105cy zaj\u0119cia). Tematyka programu szko\u0142y musi by\u0107 \u015bci\u015ble zwi\u0105zana z tematyk\u0105 rozprawy doktorskiej i\/lub prowadzonymi badaniami;<\/li>\n<li>wykonanie pomiar\u00f3w korzystaj\u0105c z unikatowej aparatury, w tym korzystaj\u0105c z du\u017cej infrastruktury badawczej niedost\u0119pnej (trudno dost\u0119pnej) w Polsce;<\/li>\n<li>udzia\u0142 w kr\u00f3tkich formach kszta\u0142cenia tj. kursach, warsztatach, sta\u017cach zawodowych lub sta\u017cach przemys\u0142owych, wizytach studyjnych;<\/li>\n<li>udzia\u0142 w szkoleniach (w tym szkoleniach dotycz\u0105cych przedsi\u0119biorczo\u015bci lub dzia\u0142alno\u015bci wdro\u017ceniowej);<\/li>\n<li>wykonanie kwerend archiwalnych\/ bibliotecznych;<\/li>\n<li>udzia\u0142 w spotkaniach brokerskich;<\/li>\n<li>prowadzenie zaj\u0119\u0107 dydaktycznych;<\/li>\n<li>udzia\u0142 w przygotowaniu mi\u0119dzynarodowego wniosku grantowego;<\/li>\n<li>inne kr\u00f3tkie formy kszta\u0142cenia umo\u017cliwiaj\u0105ce zwi\u0119kszenie kompetencji uczestnika projektu.<\/li>\n<\/ul>\n<ol start=\"2\">\n<li>W ramach Projektu UP b\u0119d\u0105 mogli skorzysta\u0107 z nast\u0119puj\u0105cych form wsparcia (szczeg\u00f3\u0142owe zadania zg\u0142oszone do projektu):<\/li>\n<\/ol>\n<p>&nbsp;<\/p>\n<table width=\"100%\">\n<tbody>\n<tr>\n<td width=\"10%\">Nr zadania<\/td>\n<td width=\"48%\">Rodzaj zadania<\/td>\n<td width=\"14%\">Liczba UP &#8211; doktoranci<\/td>\n<td width=\"14%\">Liczba UP \u2013 kadra dydakt.<\/td>\n<td width=\"11%\">Wydzia\u0142<\/td>\n<\/tr>\n<tr>\n<td width=\"10%\">1.<\/td>\n<td width=\"48%\">Udzia\u0142 w mi\u0119dzynarodowej konferencji naukowej \u201eBauhaus 2.0\u201d<\/td>\n<td width=\"14%\">11<\/td>\n<td width=\"14%\">3<\/td>\n<td width=\"11%\">WA<\/td>\n<\/tr>\n<tr>\n<td width=\"10%\">2.<\/td>\n<td width=\"48%\">Wyjazd do uczelni zagranicznych w celu przeprowadzenia mi\u0119dzynarodowych konsultacji naukowych<\/td>\n<td width=\"14%\">3<\/td>\n<td width=\"14%\">1<\/td>\n<td width=\"11%\">WM<\/td>\n<\/tr>\n<tr>\n<td width=\"10%\">3.<\/td>\n<td width=\"48%\">Przyjazd doktorant\u00f3w i pracownika naukowego z uczelni zagranicznych w celu przeprowadzenia mi\u0119dzynarodowych konsultacji naukowych<\/td>\n<td width=\"14%\">3<\/td>\n<td width=\"14%\">1<\/td>\n<td width=\"11%\">WM<\/td>\n<\/tr>\n<tr>\n<td width=\"10%\">4.<\/td>\n<td width=\"48%\">Wymiana osobowa w celu prowadzenia prac badawczych, prezentacji osi\u0105gni\u0119\u0107, pozyskania materia\u0142\u00f3w do pracy doktorskiej\/artyku\u0142u naukowego<\/td>\n<td width=\"14%\">5<\/td>\n<td width=\"14%\">1<\/td>\n<td width=\"11%\">WE<\/td>\n<\/tr>\n<tr>\n<td width=\"10%\">5.<\/td>\n<td width=\"48%\">Udzia\u0142 w mi\u0119dzynarodowej konferencji naukowej na Ukrainie<\/td>\n<td width=\"14%\">3<\/td>\n<td width=\"14%\">1<\/td>\n<td width=\"11%\">WE<\/td>\n<\/tr>\n<tr>\n<td width=\"10%\">6.<\/td>\n<td width=\"48%\">Pobyt w instytucji przyjmuj\u0105cej w celu pozyskania materia\u0142\u00f3w do pracy doktorskiej\/artyku\u0142u naukowego<\/td>\n<td width=\"14%\">3<\/td>\n<td width=\"14%\">0<\/td>\n<td width=\"11%\">WI<\/td>\n<\/tr>\n<tr>\n<td width=\"10%\">7.<\/td>\n<td width=\"48%\">Udzia\u0142 w szkole letniej<\/td>\n<td width=\"14%\">8<\/td>\n<td width=\"14%\">2<\/td>\n<td width=\"11%\">WIZ<\/td>\n<\/tr>\n<tr>\n<td width=\"10%\">8.<\/td>\n<td width=\"48%\">Udzia\u0142 w szkole zimowej<\/td>\n<td width=\"14%\">3<\/td>\n<td width=\"14%\">0<\/td>\n<td width=\"11%\">WIZ<\/td>\n<\/tr>\n<tr>\n<td width=\"10%\">9.<\/td>\n<td width=\"48%\">Udzia\u0142 w mi\u0119dzynarodowych konferencjach<\/td>\n<td width=\"14%\">9<\/td>\n<td width=\"14%\">0<\/td>\n<td width=\"11%\">WIZ<\/td>\n<\/tr>\n<\/tbody>\n<\/table>\n<p>&nbsp;<\/p>\n<ol start=\"3\">\n<li>Finansowane koszty s\u0105 zwi\u0105zane z uczestnictwem doktorant\u00f3w i kadry akademickiej w kr\u00f3tkich formach kszta\u0142cenia, trwaj\u0105cych od 5 do 30 dni, w tym 2 dni na podr\u00f3\u017c, o mi\u0119dzynarodowym charakterze.<\/li>\n<li>Jeden uczestnik projektu mo\u017ce otrzyma\u0107 stypendium na jeden wyjazd. W czasie jednego wyjazdu stypendysta mo\u017ce wzi\u0105\u0107 udzia\u0142 w wi\u0119cej ni\u017c jednej formie kszta\u0142cenia, o ile jest to uzasadnione merytorycznie.<\/li>\n<li>Stypendium obejmuje:<\/li>\n<\/ol>\n<ul>\n<li>koszty podr\u00f3\u017cy, ubezpieczenia i wizy w zrycza\u0142towanej wysoko\u015bci zale\u017cnej od odleg\u0142o\u015bci pomi\u0119dzy miejscem zamieszkania a instytucj\u0105 goszcz\u0105c\u0105;<\/li>\n<li>zrycza\u0142towane koszty utrzymania (wliczaj\u0105c dni przeznaczone na podr\u00f3\u017c);<\/li>\n<li>koszty op\u0142at konferencyjnych, koszt szkolenia, kursu i warsztat\u00f3w rozliczane po kosztach rzeczywistych.<\/li>\n<\/ul>\n<p>&nbsp;<\/p>\n<p>&nbsp;<\/p>\n<p><img loading=\"lazy\" decoding=\"async\" class=\"aligncenter size-full wp-image-363\" src=\"https:\/\/pb.edu.pl\/iros\/wp-content\/uploads\/sites\/24\/2018\/11\/logo-projektu.jpg\" alt=\"\" width=\"1024\" height=\"136\" srcset=\"https:\/\/pb.edu.pl\/iros\/wp-content\/uploads\/sites\/24\/2018\/11\/logo-projektu.jpg 1024w, https:\/\/pb.edu.pl\/iros\/wp-content\/uploads\/sites\/24\/2018\/11\/logo-projektu-300x40.jpg 300w, https:\/\/pb.edu.pl\/iros\/wp-content\/uploads\/sites\/24\/2018\/11\/logo-projektu-768x102.jpg 768w\" sizes=\"auto, (max-width: 1024px) 100vw, 1024px\" \/><\/p>\n","protected":false},"excerpt":{"rendered":"<p>Zakres wsparcia Dzia\u0142aniami uprawnionymi do realizacji w Programie s\u0105 wyjazdy lub przyjazdy zwi\u0105zane z tematyk\u0105<\/p>\n","protected":false},"author":2,"featured_media":0,"parent":1233,"menu_order":4,"comment_status":"closed","ping_status":"closed","template":"","meta":{"_acf_changed":false,"ngg_post_thumbnail":0,"footnotes":""},"class_list":["post-344","page","type-page","status-publish","hentry"],"acf":[],"_links":{"self":[{"href":"https:\/\/pb.edu.pl\/iros\/wp-json\/wp\/v2\/pages\/344","targetHints":{"allow":["GET"]}}],"collection":[{"href":"https:\/\/pb.edu.pl\/iros\/wp-json\/wp\/v2\/pages"}],"about":[{"href":"https:\/\/pb.edu.pl\/iros\/wp-json\/wp\/v2\/types\/page"}],"author":[{"embeddable":true,"href":"https:\/\/pb.edu.pl\/iros\/wp-json\/wp\/v2\/users\/2"}],"replies":[{"embeddable":true,"href":"https:\/\/pb.edu.pl\/iros\/wp-json\/wp\/v2\/comments?post=344"}],"version-history":[{"count":0,"href":"https:\/\/pb.edu.pl\/iros\/wp-json\/wp\/v2\/pages\/344\/revisions"}],"up":[{"embeddable":true,"href":"https:\/\/pb.edu.pl\/iros\/wp-json\/wp\/v2\/pages\/1233"}],"wp:attachment":[{"href":"https:\/\/pb.edu.pl\/iros\/wp-json\/wp\/v2\/media?parent=344"}],"curies":[{"name":"wp","href":"https:\/\/api.w.org\/{rel}","templated":true}]}}