{"id":342,"date":"2018-11-22T16:04:40","date_gmt":"2018-11-22T15:04:40","guid":{"rendered":"https:\/\/pb.edu.pl\/bwm\/?page_id=342"},"modified":"2019-09-12T22:26:29","modified_gmt":"2019-09-12T20:26:29","slug":"o-projekcie","status":"publish","type":"page","link":"https:\/\/pb.edu.pl\/iros\/projekty-nawa\/projekty-zakonczone\/prom-2018\/o-projekcie\/","title":{"rendered":"O projekcie"},"content":{"rendered":"<p>Celem projektu jest stworzenie mechanizmu wsparcia finansowego program\u00f3w wymiany stypendialnej adresowanych do doktorant\u00f3w i kadry akademickiej. Programy te umo\u017cliwia\u0107 b\u0119d\u0105 wzi\u0119cie udzia\u0142u w kr\u00f3tkich formach kszta\u0142cenia (trwaj\u0105cych od 5 do 30 dni), kt\u00f3rych celem jest podniesienie kompetencji i kwalifikacji. Projekt przyczyni si\u0119 do poprawy dost\u0119pno\u015bci mi\u0119dzynarodowych program\u00f3w kszta\u0142cenia i zwi\u0119kszy mobilno\u015b\u0107 kadr zar\u00f3wno zakresie wyjazd\u00f3w przedstawicieli polskich uczelni i instytucji naukowych za granic\u0119, jak i przyjazd\u00f3w stypendyst\u00f3w do Polski, w tym os\u00f3b pochodz\u0105cych spoza UE.<\/p>\n<p>Projekt jest realizowany w okresie pa\u017adziernik 2018 roku \u2013 wrzesie\u0144 2019 roku.<\/p>\n<p>Bud\u017cet projektu wynosi 66 646 516,20 z\u0142otych, z czego 56 169 683,85 z\u0142otych stanowi\u0105 \u015brodki z Europejskiego Funduszu Spo\u0142ecznego.<\/p>\n<p>Politechnika Bia\u0142ostocka otrzyma\u0142a finansowanie z Narodowej Agencji Wymiany Akademickiej w wysoko\u015bci 636 125,00 z\u0142.<\/p>\n<p>W projekcie udzia\u0142 wzi\u0119\u0142y nast\u0119puj\u0105ce Wydzia\u0142y Politechniki Bia\u0142ostockiej:<\/p>\n<ul>\n<li>Wydzia\u0142 Architektury,<\/li>\n<li>Wydzia\u0142 In\u017cynierii Zarz\u0105dzania,<\/li>\n<li>Wydzia\u0142 Mechaniczny,<\/li>\n<li>Wydzia\u0142 Elektryczny<\/li>\n<li>Wydzia\u0142 Informatyki.\n<\/ul>\n<p>Projekt PROM koordynuje Biuro ds.Wsp\u00f3\u0142pracy Mi\u0119dzynarodowej.<\/p>\n<p><a href=\"https:\/\/nawa.gov.pl\/instytucje\/program-prom\" title=\"Przejd\u017a do serwisu\" target=\"_blank\">Narodowa Agencja Wymiany Akademickiej<\/a><\/p>\n<p><img loading=\"lazy\" decoding=\"async\" src=\"https:\/\/pb.edu.pl\/iros\/wp-content\/uploads\/sites\/24\/2018\/11\/logo-projektu.jpg\" alt=\"\" width=\"1024\" height=\"136\" class=\"aligncenter size-full wp-image-363\" srcset=\"https:\/\/pb.edu.pl\/iros\/wp-content\/uploads\/sites\/24\/2018\/11\/logo-projektu.jpg 1024w, https:\/\/pb.edu.pl\/iros\/wp-content\/uploads\/sites\/24\/2018\/11\/logo-projektu-300x40.jpg 300w, https:\/\/pb.edu.pl\/iros\/wp-content\/uploads\/sites\/24\/2018\/11\/logo-projektu-768x102.jpg 768w\" sizes=\"auto, (max-width: 1024px) 100vw, 1024px\" \/><\/p>\n","protected":false},"excerpt":{"rendered":"<p>Celem projektu jest stworzenie mechanizmu wsparcia finansowego program\u00f3w wymiany stypendialnej adresowanych do doktorant\u00f3w i kadry<\/p>\n","protected":false},"author":2,"featured_media":0,"parent":1233,"menu_order":3,"comment_status":"closed","ping_status":"closed","template":"","meta":{"_acf_changed":false,"ngg_post_thumbnail":0,"footnotes":""},"class_list":["post-342","page","type-page","status-publish","hentry"],"acf":[],"_links":{"self":[{"href":"https:\/\/pb.edu.pl\/iros\/wp-json\/wp\/v2\/pages\/342","targetHints":{"allow":["GET"]}}],"collection":[{"href":"https:\/\/pb.edu.pl\/iros\/wp-json\/wp\/v2\/pages"}],"about":[{"href":"https:\/\/pb.edu.pl\/iros\/wp-json\/wp\/v2\/types\/page"}],"author":[{"embeddable":true,"href":"https:\/\/pb.edu.pl\/iros\/wp-json\/wp\/v2\/users\/2"}],"replies":[{"embeddable":true,"href":"https:\/\/pb.edu.pl\/iros\/wp-json\/wp\/v2\/comments?post=342"}],"version-history":[{"count":0,"href":"https:\/\/pb.edu.pl\/iros\/wp-json\/wp\/v2\/pages\/342\/revisions"}],"up":[{"embeddable":true,"href":"https:\/\/pb.edu.pl\/iros\/wp-json\/wp\/v2\/pages\/1233"}],"wp:attachment":[{"href":"https:\/\/pb.edu.pl\/iros\/wp-json\/wp\/v2\/media?parent=342"}],"curies":[{"name":"wp","href":"https:\/\/api.w.org\/{rel}","templated":true}]}}