{"id":338,"date":"2018-11-22T16:02:00","date_gmt":"2018-11-22T15:02:00","guid":{"rendered":"https:\/\/pb.edu.pl\/bwm\/?page_id=338"},"modified":"2019-09-12T22:23:13","modified_gmt":"2019-09-12T20:23:13","slug":"aktualnosci-prom","status":"publish","type":"page","link":"https:\/\/pb.edu.pl\/iros\/projekty-nawa\/projekty-zakonczone\/prom-2018\/aktualnosci-prom\/","title":{"rendered":"Aktualno\u015bci"},"content":{"rendered":"\t\t<div class=\"box news-box \">\n\t\t<div class=\"row\">\n\t\t\t\n\t\t\t\n\t\t\t\t\n\t\t\t\t\t\t\t\t\t\t<div class=\"col-sm-3\">\n\t\t\t\t\t\t\t\n<article class=\"format-standard\">\n    <span class=\"date text-right\"><i class=\"fal fa-calendar-alt\"><\/i> 04-09-2019<\/span>\n    <a href=\"https:\/\/pb.edu.pl\/iros\/2019\/09\/04\/international-china-and-central-eastern-europe-institute-of-logistics-and-service-science\/\">\n      <div class=\"article-image\">\n        <img loading=\"lazy\" decoding=\"async\" width=\"400\" height=\"300\" src=\"https:\/\/pb.edu.pl\/iros\/wp-content\/uploads\/sites\/24\/2020\/10\/Szko\u0142a-Letnia-dla-Doktorant\u00f3w-w-Chinach-lipiec-2019-2-1024x768-1.jpg\" class=\"attachment-medium-image-16x10 size-medium-image-16x10 wp-post-image\" alt=\"\" srcset=\"https:\/\/pb.edu.pl\/iros\/wp-content\/uploads\/sites\/24\/2020\/10\/Szko\u0142a-Letnia-dla-Doktorant\u00f3w-w-Chinach-lipiec-2019-2-1024x768-1.jpg 1024w, https:\/\/pb.edu.pl\/iros\/wp-content\/uploads\/sites\/24\/2020\/10\/Szko\u0142a-Letnia-dla-Doktorant\u00f3w-w-Chinach-lipiec-2019-2-1024x768-1-300x225.jpg 300w, https:\/\/pb.edu.pl\/iros\/wp-content\/uploads\/sites\/24\/2020\/10\/Szko\u0142a-Letnia-dla-Doktorant\u00f3w-w-Chinach-lipiec-2019-2-1024x768-1-768x576.jpg 768w\" sizes=\"auto, (max-width: 400px) 100vw, 400px\" \/>      <\/div>\n      <h3>International China and Central\/Eastern Europe Institute of Logistics and Service Science<\/h3>\n      W ramach projektu PROM, czworo doktorant\u00f3w Wydzia\u0142u In\u017cynierii Zarz\u0105dzania: Aleksandra Gulc,    <\/a>\n<\/article>\t\t\t\t\t\t<\/div>\n\t\t\t\t\t\t\t\t\t\t\t<div class=\"col-sm-3\">\n\t\t\t\t\t\t\t\n<article class=\"format-standard\">\n    <span class=\"date text-right\"><i class=\"fal fa-calendar-alt\"><\/i> 22-08-2019<\/span>\n    <a href=\"https:\/\/pb.edu.pl\/iros\/2019\/08\/22\/szkola-letnia-dla-doktorantow-na-wiz\/\">\n      <div class=\"article-image\">\n        <img loading=\"lazy\" decoding=\"async\" width=\"429\" height=\"300\" src=\"https:\/\/pb.edu.pl\/iros\/wp-content\/uploads\/sites\/24\/2020\/10\/2019-07-22-KleosinUroczysto\u015b\u0107-otwarcia-Szko\u0142y-Letniej-dla-Doktorant\u00f3w-z-Zhejiang-University-Ningbo-Institute-of-Technology-11.jpg\" class=\"attachment-medium-image-16x10 size-medium-image-16x10 wp-post-image\" alt=\"\" srcset=\"https:\/\/pb.edu.pl\/iros\/wp-content\/uploads\/sites\/24\/2020\/10\/2019-07-22-KleosinUroczysto\u015b\u0107-otwarcia-Szko\u0142y-Letniej-dla-Doktorant\u00f3w-z-Zhejiang-University-Ningbo-Institute-of-Technology-11.jpg 800w, https:\/\/pb.edu.pl\/iros\/wp-content\/uploads\/sites\/24\/2020\/10\/2019-07-22-KleosinUroczysto\u015b\u0107-otwarcia-Szko\u0142y-Letniej-dla-Doktorant\u00f3w-z-Zhejiang-University-Ningbo-Institute-of-Technology-11-300x210.jpg 300w, https:\/\/pb.edu.pl\/iros\/wp-content\/uploads\/sites\/24\/2020\/10\/2019-07-22-KleosinUroczysto\u015b\u0107-otwarcia-Szko\u0142y-Letniej-dla-Doktorant\u00f3w-z-Zhejiang-University-Ningbo-Institute-of-Technology-11-768x537.jpg 768w\" sizes=\"auto, (max-width: 429px) 100vw, 429px\" \/>      <\/div>\n      <h3>Szko\u0142a Letnia dla doktorant\u00f3w na WIZ<\/h3>\n      W ramach projektu PROM, czworo doktorant\u00f3w wraz z opiekunem \u2013 prof.    <\/a>\n<\/article>\t\t\t\t\t\t<\/div>\n\t\t\t\t\t\t\t\t\t\t\t<div class=\"col-sm-3\">\n\t\t\t\t\t\t\t\n<article class=\"format-standard\">\n    <span class=\"date text-right\"><i class=\"fal fa-calendar-alt\"><\/i> 07-08-2019<\/span>\n    <a href=\"https:\/\/pb.edu.pl\/iros\/2019\/08\/07\/miedzynarodowa-wymiana-stypendialna\/\">\n      <div class=\"article-image\">\n        <img loading=\"lazy\" decoding=\"async\" width=\"400\" height=\"267\" src=\"https:\/\/pb.edu.pl\/iros\/wp-content\/uploads\/sites\/24\/2020\/10\/Karpavicius_m.jpg\" class=\"attachment-medium-image-16x10 size-medium-image-16x10 wp-post-image\" alt=\"\" srcset=\"https:\/\/pb.edu.pl\/iros\/wp-content\/uploads\/sites\/24\/2020\/10\/Karpavicius_m.jpg 400w, https:\/\/pb.edu.pl\/iros\/wp-content\/uploads\/sites\/24\/2020\/10\/Karpavicius_m-300x200.jpg 300w\" sizes=\"auto, (max-width: 400px) 100vw, 400px\" \/>      <\/div>\n      <h3>Mi\u0119dzynarodowa wymiana stypendialna<\/h3>\n      W ramach projektu uczestnik studi\u00f3w doktoranckich z Kaunas University of Technology    <\/a>\n<\/article>\t\t\t\t\t\t<\/div>\n\t\t\t\t\t\t\t\t\t\t\t<div class=\"col-sm-3\">\n\t\t\t\t\t\t\t\n<article class=\"format-standard\">\n    <span class=\"date text-right\"><i class=\"fal fa-calendar-alt\"><\/i> 24-07-2019<\/span>\n    <a href=\"https:\/\/pb.edu.pl\/iros\/2019\/07\/24\/staz-dr-inz-borysa-prydolnego\/\">\n      <div class=\"article-image\">\n        <img loading=\"lazy\" decoding=\"async\" width=\"400\" height=\"267\" src=\"https:\/\/pb.edu.pl\/iros\/wp-content\/uploads\/sites\/24\/2020\/10\/pridolny_m.jpg\" class=\"attachment-medium-image-16x10 size-medium-image-16x10 wp-post-image\" alt=\"\" srcset=\"https:\/\/pb.edu.pl\/iros\/wp-content\/uploads\/sites\/24\/2020\/10\/pridolny_m.jpg 400w, https:\/\/pb.edu.pl\/iros\/wp-content\/uploads\/sites\/24\/2020\/10\/pridolny_m-300x200.jpg 300w\" sizes=\"auto, (max-width: 400px) 100vw, 400px\" \/>      <\/div>\n      <h3>Sta\u017c dr in\u017c. Borysa Prydolnego<\/h3>\n      Wydzia\u0142 Mechaniczny go\u015bci\u0142 pracownika naukowego z Lutsk National Technical University (Ukraina)    <\/a>\n<\/article>\t\t\t\t\t\t<\/div>\n\t\t\t\t\t\t\t\t\t\t\t<div class=\"col-sm-3\">\n\t\t\t\t\t\t\t\n<article class=\"format-standard\">\n    <span class=\"date text-right\"><i class=\"fal fa-calendar-alt\"><\/i> 22-07-2019<\/span>\n    <a href=\"https:\/\/pb.edu.pl\/iros\/2019\/07\/22\/prom-na-wydziale-mechanicznym\/\">\n      <div class=\"article-image\">\n        <img loading=\"lazy\" decoding=\"async\" width=\"400\" height=\"267\" src=\"https:\/\/pb.edu.pl\/iros\/wp-content\/uploads\/sites\/24\/2020\/10\/prom_m.jpg\" class=\"attachment-medium-image-16x10 size-medium-image-16x10 wp-post-image\" alt=\"\" srcset=\"https:\/\/pb.edu.pl\/iros\/wp-content\/uploads\/sites\/24\/2020\/10\/prom_m.jpg 400w, https:\/\/pb.edu.pl\/iros\/wp-content\/uploads\/sites\/24\/2020\/10\/prom_m-300x200.jpg 300w\" sizes=\"auto, (max-width: 400px) 100vw, 400px\" \/>      <\/div>\n      <h3>PROM na Wydziale Mechanicznym<\/h3>\n       Dwoje uczestnik\u00f3w studi\u00f3w doktoranckich z Technical University of Ko\u0161ice (S\u0142owacja)    <\/a>\n<\/article>\t\t\t\t\t\t<\/div>\n\t\t\t\t\t\t\t\t\t\t\t<div class=\"col-sm-3\">\n\t\t\t\t\t\t\t\n<article class=\"format-standard\">\n    <span class=\"date text-right\"><i class=\"fal fa-calendar-alt\"><\/i> 10-07-2019<\/span>\n    <a href=\"https:\/\/pb.edu.pl\/iros\/2019\/07\/10\/doktoranci-wiz-na-international-conference-of-the-ieee-technology-and-engineering-management-society\/\">\n      <div class=\"article-image\">\n        <img loading=\"lazy\" decoding=\"async\" width=\"451\" height=\"300\" src=\"https:\/\/pb.edu.pl\/iros\/wp-content\/uploads\/sites\/24\/2019\/07\/Projekt-bez-tytulu3.png\" class=\"attachment-medium-image-16x10 size-medium-image-16x10 wp-post-image\" alt=\"\" srcset=\"https:\/\/pb.edu.pl\/iros\/wp-content\/uploads\/sites\/24\/2019\/07\/Projekt-bez-tytulu3.png 640w, https:\/\/pb.edu.pl\/iros\/wp-content\/uploads\/sites\/24\/2019\/07\/Projekt-bez-tytulu3-300x200.png 300w, https:\/\/pb.edu.pl\/iros\/wp-content\/uploads\/sites\/24\/2019\/07\/Projekt-bez-tytulu3-480x320.png 480w\" sizes=\"auto, (max-width: 451px) 100vw, 451px\" \/>      <\/div>\n      <h3>Doktoranci WIZ na International Conference of the IEEE Technology and Engineering Management Society<\/h3>\n      W ramach projektu PROM, troje doktorant\u00f3w Wydzia\u0142u In\u017cynierii Zarz\u0105dzania: Karolina Ilczuk,    <\/a>\n<\/article>\t\t\t\t\t\t<\/div>\n\t\t\t\t\t\t\t\t\t\t\t<div class=\"col-sm-3\">\n\t\t\t\t\t\t\t\n<article class=\"format-standard\">\n    <span class=\"date text-right\"><i class=\"fal fa-calendar-alt\"><\/i> 11-02-2019<\/span>\n    <a href=\"https:\/\/pb.edu.pl\/iros\/2019\/02\/11\/prom-na-wydziale-inzynierii-zarzadzania\/\">\n      <div class=\"article-image\">\n        <img loading=\"lazy\" decoding=\"async\" width=\"452\" height=\"300\" src=\"https:\/\/pb.edu.pl\/iros\/wp-content\/uploads\/sites\/24\/2020\/10\/TdLab-Winter-School.jpg\" class=\"attachment-medium-image-16x10 size-medium-image-16x10 wp-post-image\" alt=\"\" srcset=\"https:\/\/pb.edu.pl\/iros\/wp-content\/uploads\/sites\/24\/2020\/10\/TdLab-Winter-School.jpg 572w, https:\/\/pb.edu.pl\/iros\/wp-content\/uploads\/sites\/24\/2020\/10\/TdLab-Winter-School-300x199.jpg 300w, https:\/\/pb.edu.pl\/iros\/wp-content\/uploads\/sites\/24\/2020\/10\/TdLab-Winter-School-480x320.jpg 480w\" sizes=\"auto, (max-width: 452px) 100vw, 452px\" \/>      <\/div>\n      <h3>PROM na Wydziale In\u017cynierii Zarz\u0105dzania<\/h3>\n      W ramach projektu&nbsp;PROM, trzy doktorantki Wydzia\u0142u In\u017cynierii Zarz\u0105dzania: Justyna Winkowska, Yauheniya    <\/a>\n<\/article>\t\t\t\t\t\t<\/div>\n\t\t\t\t\t\n\t\t\t\t\n\t\t\t\t\t<\/div>\n\t\t\t\t\t<\/div>\n\n<p><img loading=\"lazy\" decoding=\"async\" src=\"https:\/\/pb.edu.pl\/iros\/wp-content\/uploads\/sites\/24\/2018\/11\/logo-projektu.jpg\" alt=\"\" width=\"1024\" height=\"136\" class=\"aligncenter size-full wp-image-363\" srcset=\"https:\/\/pb.edu.pl\/iros\/wp-content\/uploads\/sites\/24\/2018\/11\/logo-projektu.jpg 1024w, https:\/\/pb.edu.pl\/iros\/wp-content\/uploads\/sites\/24\/2018\/11\/logo-projektu-300x40.jpg 300w, https:\/\/pb.edu.pl\/iros\/wp-content\/uploads\/sites\/24\/2018\/11\/logo-projektu-768x102.jpg 768w\" sizes=\"auto, (max-width: 1024px) 100vw, 1024px\" \/><\/p>\n","protected":false},"excerpt":{"rendered":"","protected":false},"author":2,"featured_media":0,"parent":1233,"menu_order":1,"comment_status":"closed","ping_status":"closed","template":"","meta":{"_acf_changed":false,"ngg_post_thumbnail":0,"footnotes":""},"class_list":["post-338","page","type-page","status-publish","hentry"],"acf":[],"_links":{"self":[{"href":"https:\/\/pb.edu.pl\/iros\/wp-json\/wp\/v2\/pages\/338","targetHints":{"allow":["GET"]}}],"collection":[{"href":"https:\/\/pb.edu.pl\/iros\/wp-json\/wp\/v2\/pages"}],"about":[{"href":"https:\/\/pb.edu.pl\/iros\/wp-json\/wp\/v2\/types\/page"}],"author":[{"embeddable":true,"href":"https:\/\/pb.edu.pl\/iros\/wp-json\/wp\/v2\/users\/2"}],"replies":[{"embeddable":true,"href":"https:\/\/pb.edu.pl\/iros\/wp-json\/wp\/v2\/comments?post=338"}],"version-history":[{"count":0,"href":"https:\/\/pb.edu.pl\/iros\/wp-json\/wp\/v2\/pages\/338\/revisions"}],"up":[{"embeddable":true,"href":"https:\/\/pb.edu.pl\/iros\/wp-json\/wp\/v2\/pages\/1233"}],"wp:attachment":[{"href":"https:\/\/pb.edu.pl\/iros\/wp-json\/wp\/v2\/media?parent=338"}],"curies":[{"name":"wp","href":"https:\/\/api.w.org\/{rel}","templated":true}]}}