{"id":32,"date":"2018-11-07T18:07:47","date_gmt":"2018-11-07T17:07:47","guid":{"rendered":"https:\/\/pb.edu.pl\/bwm\/?page_id=32"},"modified":"2026-01-29T12:50:08","modified_gmt":"2026-01-29T11:50:08","slug":"program-erasmus","status":"publish","type":"page","link":"https:\/\/pb.edu.pl\/iros\/program-erasmus\/","title":{"rendered":"Program ERASMUS+"},"content":{"rendered":"<div class=\"row\">\n<div class=\"col-sm-4 text-center\" style=\"padding-bottom: 30px;color: #3f5a85\">\n<h2>PROGRAM KA131<\/h2>\n<p><span style=\"font-size: 11pt\">Pa\u0144stwa cz\u0142onkowskie UE<\/span><br \/>\n<span style=\"font-size: 11pt\">Islandia, Lichtenstein, Norwegia, Turcja, Macedonia<br \/>\nKraje partnerskie z region\u00f3w 5 i 14<\/span><\/p>\n<p><a class=\"button text-center animated zoomIn\" style=\"width: 100%;font-size: 1.8rem\" href=\"\/iros\/program-erasmus\/wyjazdy-studentow-program-ka131\/\"><i class=\"fa fa-mortar-board\"><\/i><br \/>\n<strong>Wyjazdy student\u00f3w<\/strong><\/a><br \/>\n&nbsp;<br \/>\n<a class=\"button text-center animated zoomIn\" style=\"width: 100%;font-size: 1.8rem\" href=\"\/iros\/program-erasmus\/wyjazdy-pracownikow-program-ka131\"><i class=\"fa fa-user\"><\/i><br \/>\n<strong>Wyjazdy pracownik\u00f3w<\/strong><\/a><br \/>\n&nbsp;<br \/>\n<a class=\"button text-center animated zoomIn\" style=\"width: 100%;font-size: 1.8rem\" href=\"\/iros\/program-erasmus\/bip\/\"><strong>Blended Intensive Programme<\/strong><\/a><\/p>\n<\/div>\n<div class=\"col-sm-4 text-center\" style=\"padding-bottom: 30px;color: #3f5a85\">\n<h2>PROGRAM KA171<\/h2>\n<p><span style=\"font-size: 11pt\">Wybrane kraje<br \/>\nspoza UE z r\u00f3\u017cnych kontynent\u00f3w<br \/>\n&nbsp;<br \/>\n<\/span><\/p>\n<p><a class=\"button text-center animated zoomIn\" style=\"width: 100%;font-size: 1.8rem\" title=\"\" href=\"\/iros\/program-erasmus\/wyjazdy-pracownikow-program-ka171\"><i class=\"fa fa-user\"><\/i><br \/>\n<strong>Wyjazdy pracownik\u00f3w<\/strong><\/a><\/p>\n<\/div>\n<div class=\"col-sm-4 text-center\" style=\"padding-bottom: 30px;color: #3f5a85\">\n<h2>PROGRAM KA203\/226\/220<\/h2>\n<p><span style=\"font-size: 11pt\">&nbsp;<br \/>\nPartnerstwa wsp\u00f3\u0142pracy<br \/>\n&nbsp;<br \/>\n<\/span><\/p>\n<p><a class=\"button text-center animated zoomIn\" style=\"width: 100%;font-size: 1.8rem\" href=\"\/iros\/program-erasmus\/partnerstwa-wspolpracy\/\"><i class=\"fa fa-list-ol\"><\/i><br \/>\n<strong>Lista projekt\u00f3w<\/strong><\/a><\/p>\n<\/div>\n<\/div>\n<div class=\"panel-group\" id=\"custom-collapse-0\">\n<div class=\"panel panel-default\">\n\t\t\t\t<div class=\"panel-heading\">\n\t\t\t\t\t<div class=\"panel-title\">\n\t\t\t\t\t\t<a class=\"collapsed h4\" data-toggle=\"collapse\" data-parent=\"#custom-collapse-0\" href=\"#custom-collapse-0-0\">Karta Eche, Deklaracja Polityki Erasmusa oraz Znak Jako\u015bci Europejskiego Korpusu Solidarno\u015bci<\/a>\n\t\t\t\t\t<\/div>\n\t\t\t\t<\/div>\n\t\t\t\t<div id=\"custom-collapse-0-0\" class=\"panel-collapse collapse\">\n\t\t\t\t\t<div class=\"panel-body\">\n<a class=\"pdf\" title=\"\" href=\"https:\/\/pb.edu.pl\/iros\/wp-content\/uploads\/sites\/24\/2024\/02\/EPS-2014-2020-3.pdf\" target=\"_blank\" rel=\"noopener\" data-id=\"17490\">Deklaracja Polityki Erasmusa 2014-2020 (PDF, 162 KB, otworzy si\u0119 w nowej karcie)<\/a><\/p>\n<p><a class=\"pdf\" title=\"\" href=\"https:\/\/pb.edu.pl\/iros\/wp-content\/uploads\/sites\/24\/2018\/11\/ECHE_0.pdf\" target=\"_blank\" rel=\"noopener\">ECHE Erasmus Charter for HE 2014-2020 (PDF, 1 MB, otworzy si\u0119 w nowej karcie)<\/a><\/p>\n<p><a title=\"\" href=\"https:\/\/pb.edu.pl\/iros\/wp-content\/uploads\/sites\/24\/2020\/09\/Deklaracja-Polityki-Erasmusa-PB-PL-.pdf\" target=\"_blank\" rel=\"noopener\">Deklaracja Polityki Erasmusa 2021-2027 (PDF, 223 KB, otworzy si\u0119 w nowej karcie)<\/a><\/p>\n<p><a class=\"pdf\" title=\"\" href=\"https:\/\/pb.edu.pl\/iros\/wp-content\/uploads\/sites\/24\/2021\/07\/ECHE-PL-polaczono.pdf\" target=\"_blank\" rel=\"noopener\">ECHE Erasmus Charter for HE 2021-2027; numer <b><span lang=\"EN-GB\">101013485<\/span><\/b> (ENG, PL) (PDF, 5 MB, otworzy si\u0119 w nowej karcie)<\/a><\/p>\n<p><a class=\"pdf\" title=\"\" href=\"https:\/\/pb.edu.pl\/iros\/wp-content\/uploads\/sites\/24\/2024\/06\/Znak-jakosci.pdf\" target=\"_blank\" rel=\"noopener\" data-id=\"19648\">Znak Jako\u015bci EKS 2024-2027 (PDF, 981 KB, otworzy si\u0119 w nowej karcie)<\/a><br \/>\n<\/div>\n\t\t\t\t<\/div>\n\t\t\t<\/div>\n<\/div>\n&nbsp;<\/p>\n<p><img loading=\"lazy\" decoding=\"async\" class=\"size-medium wp-image-21993 alignright\" src=\"https:\/\/pb.edu.pl\/iros\/wp-content\/uploads\/sites\/24\/2024\/10\/PL-Dofinansowane-przez-Unie-Europejska-POS-300x61.jpg\" alt=\"\" width=\"300\" height=\"61\" srcset=\"https:\/\/pb.edu.pl\/iros\/wp-content\/uploads\/sites\/24\/2024\/10\/PL-Dofinansowane-przez-Unie-Europejska-POS-300x61.jpg 300w, https:\/\/pb.edu.pl\/iros\/wp-content\/uploads\/sites\/24\/2024\/10\/PL-Dofinansowane-przez-Unie-Europejska-POS-1024x207.jpg 1024w, https:\/\/pb.edu.pl\/iros\/wp-content\/uploads\/sites\/24\/2024\/10\/PL-Dofinansowane-przez-Unie-Europejska-POS-768x155.jpg 768w, https:\/\/pb.edu.pl\/iros\/wp-content\/uploads\/sites\/24\/2024\/10\/PL-Dofinansowane-przez-Unie-Europejska-POS-1536x310.jpg 1536w, https:\/\/pb.edu.pl\/iros\/wp-content\/uploads\/sites\/24\/2024\/10\/PL-Dofinansowane-przez-Unie-Europejska-POS-2048x413.jpg 2048w\" sizes=\"auto, (max-width: 300px) 100vw, 300px\" \/><\/p>\n<p>&nbsp;<\/p>\n","protected":false},"excerpt":{"rendered":"<p>PROGRAM KA131 Pa\u0144stwa cz\u0142onkowskie UE Islandia, Lichtenstein, Norwegia, Turcja, Macedonia Kraje partnerskie z region\u00f3w 5<\/p>\n","protected":false},"author":2,"featured_media":0,"parent":0,"menu_order":1,"comment_status":"closed","ping_status":"closed","template":"","meta":{"_acf_changed":false,"ngg_post_thumbnail":0,"footnotes":""},"class_list":["post-32","page","type-page","status-publish","hentry"],"acf":[],"_links":{"self":[{"href":"https:\/\/pb.edu.pl\/iros\/wp-json\/wp\/v2\/pages\/32","targetHints":{"allow":["GET"]}}],"collection":[{"href":"https:\/\/pb.edu.pl\/iros\/wp-json\/wp\/v2\/pages"}],"about":[{"href":"https:\/\/pb.edu.pl\/iros\/wp-json\/wp\/v2\/types\/page"}],"author":[{"embeddable":true,"href":"https:\/\/pb.edu.pl\/iros\/wp-json\/wp\/v2\/users\/2"}],"replies":[{"embeddable":true,"href":"https:\/\/pb.edu.pl\/iros\/wp-json\/wp\/v2\/comments?post=32"}],"version-history":[{"count":5,"href":"https:\/\/pb.edu.pl\/iros\/wp-json\/wp\/v2\/pages\/32\/revisions"}],"predecessor-version":[{"id":29160,"href":"https:\/\/pb.edu.pl\/iros\/wp-json\/wp\/v2\/pages\/32\/revisions\/29160"}],"wp:attachment":[{"href":"https:\/\/pb.edu.pl\/iros\/wp-json\/wp\/v2\/media?parent=32"}],"curies":[{"name":"wp","href":"https:\/\/api.w.org\/{rel}","templated":true}]}}