{"id":2993,"date":"2020-10-08T19:08:45","date_gmt":"2020-10-08T17:08:45","guid":{"rendered":"https:\/\/pb.edu.pl\/bwm\/?page_id=2993"},"modified":"2020-10-08T19:08:45","modified_gmt":"2020-10-08T17:08:45","slug":"polecamy","status":"publish","type":"page","link":"https:\/\/pb.edu.pl\/iros\/polecamy\/","title":{"rendered":"Polecamy"},"content":{"rendered":"\t\t<div class=\"box news-box \">\n\t\t<div class=\"row\">\n\t\t\t\n\t\t\t\n\t\t\t\t\n\t\t\t\t\t\t\t\t\t\t<div class=\"col-sm-3\">\n\t\t\t\t\t\t\t\n<article class=\"format-standard\">\n    <span class=\"date text-right\"><i class=\"fal fa-calendar-alt\"><\/i> 29-06-2022<\/span>\n    <a href=\"https:\/\/pb.edu.pl\/iros\/2022\/06\/29\/sprawdz-nabory-i-harmonogramy-programow-nawa\/\">\n      <div class=\"article-image\">\n        <img loading=\"lazy\" decoding=\"async\" width=\"400\" height=\"267\" src=\"https:\/\/pb.edu.pl\/iros\/wp-content\/uploads\/sites\/24\/2020\/02\/nawa.jpg\" class=\"attachment-medium-image-16x10 size-medium-image-16x10 wp-post-image\" alt=\"\" srcset=\"https:\/\/pb.edu.pl\/iros\/wp-content\/uploads\/sites\/24\/2020\/02\/nawa.jpg 400w, https:\/\/pb.edu.pl\/iros\/wp-content\/uploads\/sites\/24\/2020\/02\/nawa-300x200.jpg 300w\" sizes=\"auto, (max-width: 400px) 100vw, 400px\" \/>      <\/div>\n      <h3>Sprawd\u017a nabory do program\u00f3w NAWA<\/h3>\n      Harmonogramy i szczeg\u00f3\u0142y dotycz\u0105ce program\u00f3w prowadzonych przez Narodow\u0105 Agencj\u0119 Wymiany Mi\u0119dzynarodowej    <\/a>\n<\/article>\t\t\t\t\t\t<\/div>\n\t\t\t\t\t\t\t\t\t\t\t<div class=\"col-sm-3\">\n\t\t\t\t\t\t\t\n<article class=\"format-standard\">\n    <span class=\"date text-right\"><i class=\"fal fa-calendar-alt\"><\/i> 18-01-2023<\/span>\n    <a href=\"https:\/\/pb.edu.pl\/iros\/2023\/01\/18\/baza-grantow-eurodesk-polska\/\">\n      <div class=\"article-image\">\n        <img loading=\"lazy\" decoding=\"async\" width=\"450\" height=\"300\" src=\"https:\/\/pb.edu.pl\/iros\/wp-content\/uploads\/sites\/24\/2023\/01\/eurodesk-1.png\" class=\"attachment-medium-image-16x10 size-medium-image-16x10 wp-post-image\" alt=\"\" srcset=\"https:\/\/pb.edu.pl\/iros\/wp-content\/uploads\/sites\/24\/2023\/01\/eurodesk-1.png 480w, https:\/\/pb.edu.pl\/iros\/wp-content\/uploads\/sites\/24\/2023\/01\/eurodesk-1-300x200.png 300w\" sizes=\"auto, (max-width: 450px) 100vw, 450px\" \/>      <\/div>\n      <h3>Baza grant\u00f3w Eurodesk Polska<\/h3>\n      Aktualne granty dla nauczycieli, student\u00f3w, naukowc\u00f3w i pracownik\u00f3w.    <\/a>\n<\/article>\t\t\t\t\t\t<\/div>\n\t\t\t\t\t\t\t\t\t\t\t<div class=\"col-sm-3\">\n\t\t\t\t\t\t\t\n<article class=\"format-standard\">\n    <span class=\"date text-right\"><i class=\"fal fa-calendar-alt\"><\/i> 13-02-2026<\/span>\n    <a href=\"https:\/\/pb.edu.pl\/iros\/2026\/02\/13\/aktualnosci-z-sieci-bup-13\/\">\n      <div class=\"article-image\">\n        <img loading=\"lazy\" decoding=\"async\" width=\"480\" height=\"300\" src=\"https:\/\/pb.edu.pl\/iros\/wp-content\/uploads\/sites\/24\/2025\/06\/BUP-2025-init-480x300.png\" class=\"attachment-medium-image-16x10 size-medium-image-16x10 wp-post-image\" alt=\"\" srcset=\"https:\/\/pb.edu.pl\/iros\/wp-content\/uploads\/sites\/24\/2025\/06\/BUP-2025-init-480x300.png 480w, https:\/\/pb.edu.pl\/iros\/wp-content\/uploads\/sites\/24\/2025\/06\/BUP-2025-init-300x188.png 300w, https:\/\/pb.edu.pl\/iros\/wp-content\/uploads\/sites\/24\/2025\/06\/BUP-2025-init-1024x640.png 1024w, https:\/\/pb.edu.pl\/iros\/wp-content\/uploads\/sites\/24\/2025\/06\/BUP-2025-init-768x480.png 768w, https:\/\/pb.edu.pl\/iros\/wp-content\/uploads\/sites\/24\/2025\/06\/BUP-2025-init.png 1080w\" sizes=\"auto, (max-width: 480px) 100vw, 480px\" \/>      <\/div>\n      <h3>Aktualno\u015bci z sieci BUP<\/h3>\n      Konferencja Studencka BUP 2026    <\/a>\n<\/article>\t\t\t\t\t\t<\/div>\n\t\t\t\t\t\t\t\t\t\t\t<div class=\"col-sm-3\">\n\t\t\t\t\t\t\t\n<article class=\"format-standard\">\n    <span class=\"date text-right\"><i class=\"fal fa-calendar-alt\"><\/i> 12-02-2026<\/span>\n    <a href=\"https:\/\/pb.edu.pl\/iros\/2026\/02\/12\/rozpoczal-sie-nabor-do-programow-stypendialnych-fulbrighta-na-wyjazd-do-usa-2027-2028\/\">\n      <div class=\"article-image\">\n        <img loading=\"lazy\" decoding=\"async\" width=\"480\" height=\"300\" src=\"https:\/\/pb.edu.pl\/iros\/wp-content\/uploads\/sites\/24\/2026\/02\/Zloz-wniosek-o-stypendium-Fulbrighta-2027-28-1920x1080-1-e1770902049551-480x300.png\" class=\"attachment-medium-image-16x10 size-medium-image-16x10 wp-post-image\" alt=\"\" \/>      <\/div>\n      <h3>Rozpocz\u0105\u0142 si\u0119 nab\u00f3r do program\u00f3w stypendialnych Fulbrighta na wyjazd do USA (2027\u20132028)<\/h3>\n      Terminy rozpocz\u0119cia naboru, pe\u0142ne informacje o programach, spotkanie informacyjne    <\/a>\n<\/article>\t\t\t\t\t\t<\/div>\n\t\t\t\t\t\t\t\t\t\t\t<div class=\"col-sm-3\">\n\t\t\t\t\t\t\t\n<article class=\"format-standard\">\n    <span class=\"date text-right\"><i class=\"fal fa-calendar-alt\"><\/i> 19-01-2026<\/span>\n    <a href=\"https:\/\/pb.edu.pl\/iros\/2026\/01\/19\/konkurs-hi-5-0-human-resilient-sustain-innovator-5-0-ii-edycja\/\">\n      <div class=\"article-image\">\n        <img loading=\"lazy\" decoding=\"async\" width=\"480\" height=\"300\" src=\"https:\/\/pb.edu.pl\/iros\/wp-content\/uploads\/sites\/24\/2026\/01\/2024-10-16-konkurs-hi-5-0-www-480x320-1-480x300.jpg\" class=\"attachment-medium-image-16x10 size-medium-image-16x10 wp-post-image\" alt=\"\" \/>      <\/div>\n      <h3>KONKURS HI 5.0 HUMAN-RESILIENT-SUSTAIN INNOVATOR 5.0 \u2013 II EDYCJA<\/h3>\n      Nie chowaj pracy do szuflady! We\u017a udzia\u0142 w II edycji konkursu    <\/a>\n<\/article>\t\t\t\t\t\t<\/div>\n\t\t\t\t\t\t\t\t\t\t\t<div class=\"col-sm-3\">\n\t\t\t\t\t\t\t\n<article class=\"format-standard\">\n    <span class=\"date text-right\"><i class=\"fal fa-calendar-alt\"><\/i> 18-12-2025<\/span>\n    <a href=\"https:\/\/pb.edu.pl\/iros\/2025\/12\/18\/konferencje-naukowe-organizowane-przez-bup-zachecamy-do-rejestracji-3\/\">\n      <div class=\"article-image\">\n        <img loading=\"lazy\" decoding=\"async\" width=\"480\" height=\"300\" src=\"https:\/\/pb.edu.pl\/iros\/wp-content\/uploads\/sites\/24\/2025\/06\/BUP-2025-init-480x300.png\" class=\"attachment-medium-image-16x10 size-medium-image-16x10 wp-post-image\" alt=\"\" srcset=\"https:\/\/pb.edu.pl\/iros\/wp-content\/uploads\/sites\/24\/2025\/06\/BUP-2025-init-480x300.png 480w, https:\/\/pb.edu.pl\/iros\/wp-content\/uploads\/sites\/24\/2025\/06\/BUP-2025-init-300x188.png 300w, https:\/\/pb.edu.pl\/iros\/wp-content\/uploads\/sites\/24\/2025\/06\/BUP-2025-init-1024x640.png 1024w, https:\/\/pb.edu.pl\/iros\/wp-content\/uploads\/sites\/24\/2025\/06\/BUP-2025-init-768x480.png 768w, https:\/\/pb.edu.pl\/iros\/wp-content\/uploads\/sites\/24\/2025\/06\/BUP-2025-init.png 1080w\" sizes=\"auto, (max-width: 480px) 100vw, 480px\" \/>      <\/div>\n      <h3>Konferencje naukowe organizowane przez BUP &#8211; zach\u0119camy do rejestracji.<\/h3>\n      Najnowsze informacje z sieci BUP    <\/a>\n<\/article>\t\t\t\t\t\t<\/div>\n\t\t\t\t\t\t\t\t\t\t\t<div class=\"col-sm-3\">\n\t\t\t\t\t\t\t\n<article class=\"format-standard\">\n    <span class=\"date text-right\"><i class=\"fal fa-calendar-alt\"><\/i> 02-12-2025<\/span>\n    <a href=\"https:\/\/pb.edu.pl\/iros\/2025\/12\/02\/webinarium-informacyjne-cooperation-partnerships-erasmus\/\">\n      <div class=\"article-image\">\n        <img loading=\"lazy\" decoding=\"async\" width=\"480\" height=\"300\" src=\"https:\/\/pb.edu.pl\/iros\/wp-content\/uploads\/sites\/24\/2025\/01\/Projekt-bez-nazwy-2025-01-10T102015.083-480x300.png\" class=\"attachment-medium-image-16x10 size-medium-image-16x10 wp-post-image\" alt=\"\" \/>      <\/div>\n      <h3>Webinarium informacyjne Cooperation Partnerships Erasmus+<\/h3>\n      Rejestracja do 8 grudnia 2025 r.    <\/a>\n<\/article>\t\t\t\t\t\t<\/div>\n\t\t\t\t\t\t\t\t\t\t\t<div class=\"col-sm-3\">\n\t\t\t\t\t\t\t\n<article class=\"format-standard\">\n    <span class=\"date text-right\"><i class=\"fal fa-calendar-alt\"><\/i> 27-10-2025<\/span>\n    <a href=\"https:\/\/pb.edu.pl\/iros\/2025\/10\/27\/webinar-miedzynarodowa-mobilnosc-akademicka-jako-trampolina-kariery-naukowej\/\">\n      <div class=\"article-image\">\n        <img loading=\"lazy\" decoding=\"async\" width=\"412\" height=\"300\" src=\"https:\/\/pb.edu.pl\/iros\/wp-content\/uploads\/sites\/24\/2025\/10\/grafika-412x300.png\" class=\"attachment-medium-image-16x10 size-medium-image-16x10 wp-post-image\" alt=\"\" \/>      <\/div>\n      <h3>Webinar \u201eMi\u0119dzynarodowa mobilno\u015b\u0107 akademicka jako trampolina kariery naukowej?\u201d<\/h3>\n          <\/a>\n<\/article>\t\t\t\t\t\t<\/div>\n\t\t\t\t\t\t\t\t\t\t\t<div class=\"col-sm-3\">\n\t\t\t\t\t\t\t\n<article class=\"format-standard\">\n    <span class=\"date text-right\"><i class=\"fal fa-calendar-alt\"><\/i> 23-10-2025<\/span>\n    <a href=\"https:\/\/pb.edu.pl\/iros\/2025\/10\/23\/konferencje-naukowe-organizowane-przez-bup-zachecamy-do-rejestracji-2\/\">\n      <div class=\"article-image\">\n        <img loading=\"lazy\" decoding=\"async\" width=\"480\" height=\"300\" src=\"https:\/\/pb.edu.pl\/iros\/wp-content\/uploads\/sites\/24\/2025\/06\/BUP-2025-init-480x300.png\" class=\"attachment-medium-image-16x10 size-medium-image-16x10 wp-post-image\" alt=\"\" srcset=\"https:\/\/pb.edu.pl\/iros\/wp-content\/uploads\/sites\/24\/2025\/06\/BUP-2025-init-480x300.png 480w, https:\/\/pb.edu.pl\/iros\/wp-content\/uploads\/sites\/24\/2025\/06\/BUP-2025-init-300x188.png 300w, https:\/\/pb.edu.pl\/iros\/wp-content\/uploads\/sites\/24\/2025\/06\/BUP-2025-init-1024x640.png 1024w, https:\/\/pb.edu.pl\/iros\/wp-content\/uploads\/sites\/24\/2025\/06\/BUP-2025-init-768x480.png 768w, https:\/\/pb.edu.pl\/iros\/wp-content\/uploads\/sites\/24\/2025\/06\/BUP-2025-init.png 1080w\" sizes=\"auto, (max-width: 480px) 100vw, 480px\" \/>      <\/div>\n      <h3>Konferencje naukowe organizowane przez BUP &#8211; zach\u0119camy do rejestracji.<\/h3>\n      Najnowsze informacje z sieci BUP    <\/a>\n<\/article>\t\t\t\t\t\t<\/div>\n\t\t\t\t\t\t\t\t\t\t\t<div class=\"col-sm-3\">\n\t\t\t\t\t\t\t\n<article class=\"format-standard\">\n    <span class=\"date text-right\"><i class=\"fal fa-calendar-alt\"><\/i> 22-08-2025<\/span>\n    <a href=\"https:\/\/pb.edu.pl\/iros\/2025\/08\/22\/konferencje-naukowe-organizowane-przez-bup-zachecamy-do-rejestracji\/\">\n      <div class=\"article-image\">\n        <img loading=\"lazy\" decoding=\"async\" width=\"480\" height=\"300\" src=\"https:\/\/pb.edu.pl\/iros\/wp-content\/uploads\/sites\/24\/2025\/06\/BUP-2025-init-480x300.png\" class=\"attachment-medium-image-16x10 size-medium-image-16x10 wp-post-image\" alt=\"\" srcset=\"https:\/\/pb.edu.pl\/iros\/wp-content\/uploads\/sites\/24\/2025\/06\/BUP-2025-init-480x300.png 480w, https:\/\/pb.edu.pl\/iros\/wp-content\/uploads\/sites\/24\/2025\/06\/BUP-2025-init-300x188.png 300w, https:\/\/pb.edu.pl\/iros\/wp-content\/uploads\/sites\/24\/2025\/06\/BUP-2025-init-1024x640.png 1024w, https:\/\/pb.edu.pl\/iros\/wp-content\/uploads\/sites\/24\/2025\/06\/BUP-2025-init-768x480.png 768w, https:\/\/pb.edu.pl\/iros\/wp-content\/uploads\/sites\/24\/2025\/06\/BUP-2025-init.png 1080w\" sizes=\"auto, (max-width: 480px) 100vw, 480px\" \/>      <\/div>\n      <h3>Konferencje naukowe organizowane przez BUP &#8211; zach\u0119camy do rejestracji.<\/h3>\n      Najnowsze informacje z sieci BUP    <\/a>\n<\/article>\t\t\t\t\t\t<\/div>\n\t\t\t\t\t\t\t\t\t\t\t<div class=\"col-sm-3\">\n\t\t\t\t\t\t\t\n<article class=\"format-standard\">\n    <span class=\"date text-right\"><i class=\"fal fa-calendar-alt\"><\/i> 14-06-2025<\/span>\n    <a href=\"https:\/\/pb.edu.pl\/iros\/2025\/06\/14\/trzy-nowe-inicjatywy-dla-studentow-i-doktorantow-zainteresowanych-zrownowazonym-rozwojem-i-zmiana-klimatu\/\">\n      <div class=\"article-image\">\n        <img loading=\"lazy\" decoding=\"async\" width=\"480\" height=\"300\" src=\"https:\/\/pb.edu.pl\/iros\/wp-content\/uploads\/sites\/24\/2025\/06\/BUP-2025-init-480x300.png\" class=\"attachment-medium-image-16x10 size-medium-image-16x10 wp-post-image\" alt=\"\" srcset=\"https:\/\/pb.edu.pl\/iros\/wp-content\/uploads\/sites\/24\/2025\/06\/BUP-2025-init-480x300.png 480w, https:\/\/pb.edu.pl\/iros\/wp-content\/uploads\/sites\/24\/2025\/06\/BUP-2025-init-300x188.png 300w, https:\/\/pb.edu.pl\/iros\/wp-content\/uploads\/sites\/24\/2025\/06\/BUP-2025-init-1024x640.png 1024w, https:\/\/pb.edu.pl\/iros\/wp-content\/uploads\/sites\/24\/2025\/06\/BUP-2025-init-768x480.png 768w, https:\/\/pb.edu.pl\/iros\/wp-content\/uploads\/sites\/24\/2025\/06\/BUP-2025-init.png 1080w\" sizes=\"auto, (max-width: 480px) 100vw, 480px\" \/>      <\/div>\n      <h3>Trzy nowe inicjatywy dla student\u00f3w i doktorant\u00f3w zainteresowanych zr\u00f3wnowa\u017conym rozwojem i zmian\u0105 klimatu<\/h3>\n      Najnowsze informacje z sieci BUP    <\/a>\n<\/article>\t\t\t\t\t\t<\/div>\n\t\t\t\t\t\t\t\t\t\t\t<div class=\"col-sm-3\">\n\t\t\t\t\t\t\t\n<article class=\"format-standard\">\n    <span class=\"date text-right\"><i class=\"fal fa-calendar-alt\"><\/i> 11-06-2025<\/span>\n    <a href=\"https:\/\/pb.edu.pl\/iros\/2025\/06\/11\/rekrutacja-pracownikow-na-wyjazdy-erasmus-w-okresie-01-09-2025-31-07-2026\/\">\n      <div class=\"article-image\">\n        <img loading=\"lazy\" decoding=\"async\" width=\"480\" height=\"300\" src=\"https:\/\/pb.edu.pl\/iros\/wp-content\/uploads\/sites\/24\/2025\/03\/Projekt-bez-nazwy-2025-03-07T101214.595-480x300.png\" class=\"attachment-medium-image-16x10 size-medium-image-16x10 wp-post-image\" alt=\"\" \/>      <\/div>\n      <h3>Rekrutacja pracownik\u00f3w na wyjazdy Erasmus+ w okresie 01.09.2025 &#8211; 31.07.2026<\/h3>\n      We wtorek 17.06.2025 r. o godz. 9:00 rusza rekrutacja na wyjazdy    <\/a>\n<\/article>\t\t\t\t\t\t<\/div>\n\t\t\t\t\t\n\t\t\t\t\n\t\t\t\t\t<\/div>\n\t\t\n\t<nav class=\"navigation pagination\" aria-label=\"Stronicowanie wpis\u00f3w\">\n\t\t<h2 class=\"screen-reader-text\">Stronicowanie wpis\u00f3w<\/h2>\n\t\t<div class=\"nav-links\"><span aria-current=\"page\" class=\"page-numbers current\">1<\/span>\n<a class=\"page-numbers\" href=\"https:\/\/pb.edu.pl\/iros\/wp-json\/wp\/v2\/pages\/2993\/page\/2\/\">2<\/a>\n<a class=\"page-numbers\" href=\"https:\/\/pb.edu.pl\/iros\/wp-json\/wp\/v2\/pages\/2993\/page\/3\/\">3<\/a>\n<span class=\"page-numbers dots\">&hellip;<\/span>\n<a class=\"page-numbers\" href=\"https:\/\/pb.edu.pl\/iros\/wp-json\/wp\/v2\/pages\/2993\/page\/19\/\">19<\/a>\n<a class=\"next page-numbers\" href=\"https:\/\/pb.edu.pl\/iros\/wp-json\/wp\/v2\/pages\/2993\/page\/2\/\">Nast\u0119pne<\/a><\/div>\n\t<\/nav>\t\t\t<\/div>\n\n","protected":false},"excerpt":{"rendered":"","protected":false},"author":2,"featured_media":0,"parent":0,"menu_order":0,"comment_status":"closed","ping_status":"closed","template":"","meta":{"_acf_changed":false,"ngg_post_thumbnail":0,"footnotes":""},"class_list":["post-2993","page","type-page","status-publish","hentry"],"acf":[],"_links":{"self":[{"href":"https:\/\/pb.edu.pl\/iros\/wp-json\/wp\/v2\/pages\/2993","targetHints":{"allow":["GET"]}}],"collection":[{"href":"https:\/\/pb.edu.pl\/iros\/wp-json\/wp\/v2\/pages"}],"about":[{"href":"https:\/\/pb.edu.pl\/iros\/wp-json\/wp\/v2\/types\/page"}],"author":[{"embeddable":true,"href":"https:\/\/pb.edu.pl\/iros\/wp-json\/wp\/v2\/users\/2"}],"replies":[{"embeddable":true,"href":"https:\/\/pb.edu.pl\/iros\/wp-json\/wp\/v2\/comments?post=2993"}],"version-history":[{"count":0,"href":"https:\/\/pb.edu.pl\/iros\/wp-json\/wp\/v2\/pages\/2993\/revisions"}],"wp:attachment":[{"href":"https:\/\/pb.edu.pl\/iros\/wp-json\/wp\/v2\/media?parent=2993"}],"curies":[{"name":"wp","href":"https:\/\/api.w.org\/{rel}","templated":true}]}}