{"id":2990,"date":"2020-10-08T19:07:22","date_gmt":"2020-10-08T17:07:22","guid":{"rendered":"https:\/\/pb.edu.pl\/bwm\/?page_id=2990"},"modified":"2026-02-16T11:09:11","modified_gmt":"2026-02-16T10:09:11","slug":"aktualnosci","status":"publish","type":"page","link":"https:\/\/pb.edu.pl\/iros\/aktualnosci\/","title":{"rendered":"Aktualno\u015bci"},"content":{"rendered":"\t\t<div class=\"box news-box \">\n\t\t<div class=\"row\">\n\t\t\t\n\t\t\t\n\t\t\t\t\n\t\t\t\t\t\t\t\t\t\t<div class=\"col-sm-3\">\n\t\t\t\t\t\t\t\n<article class=\"format-standard\">\n    <span class=\"date text-right\"><i class=\"fal fa-calendar-alt\"><\/i> 16-04-2026<\/span>\n    <a href=\"https:\/\/pb.edu.pl\/iros\/2026\/04\/16\/xvi-international-staff-week-na-pb\/\">\n      <div class=\"article-image\">\n        <img loading=\"lazy\" decoding=\"async\" width=\"480\" height=\"300\" src=\"https:\/\/pb.edu.pl\/iros\/wp-content\/uploads\/sites\/24\/2026\/04\/16th-ISW-480x300.png\" class=\"attachment-medium-image-16x10 size-medium-image-16x10 wp-post-image\" alt=\"\" \/>      <\/div>\n      <h3>XVI International Staff Week na PB<\/h3>\n      18-22 maja 2026 - przyjd\u017a i poznaj przedstawicieli uczelni z ca\u0142ego    <\/a>\n<\/article>\t\t\t\t\t\t<\/div>\n\t\t\t\t\t\t\t\t\t\t\t<div class=\"col-sm-3\">\n\t\t\t\t\t\t\t\n<article class=\"format-standard\">\n    <span class=\"date text-right\"><i class=\"fal fa-calendar-alt\"><\/i> 08-05-2026<\/span>\n    <a href=\"https:\/\/pb.edu.pl\/iros\/2026\/05\/08\/welcome-to-podlasie-summer-semester-2025-2026-report\/\">\n      <div class=\"article-image\">\n        <img loading=\"lazy\" decoding=\"async\" width=\"480\" height=\"300\" src=\"https:\/\/pb.edu.pl\/iros\/wp-content\/uploads\/sites\/24\/2026\/05\/WhatsApp-Image-2026-04-18-at-12.25.591-480x300.jpeg\" class=\"attachment-medium-image-16x10 size-medium-image-16x10 wp-post-image\" alt=\"\" \/>      <\/div>\n      <h3>Welcome to Podlasie \u2013 summer semester 2025\/2026 report<\/h3>\n      Studenci mi\u0119dzynarodowi poznali nasz region w ramach projektu Akcja-Integracja 2.0 Welcome    <\/a>\n<\/article>\t\t\t\t\t\t<\/div>\n\t\t\t\t\t\t\t\t\t\t\t<div class=\"col-sm-3\">\n\t\t\t\t\t\t\t\n<article class=\"format-standard\">\n    <span class=\"date text-right\"><i class=\"fal fa-calendar-alt\"><\/i> 06-05-2026<\/span>\n    <a href=\"https:\/\/pb.edu.pl\/iros\/2026\/05\/06\/ogloszenie-na-dodatkowy-staz-w-ramach-projektu-nawa\/\">\n      <div class=\"article-image\">\n        <img loading=\"lazy\" decoding=\"async\" width=\"480\" height=\"300\" src=\"https:\/\/pb.edu.pl\/iros\/wp-content\/uploads\/sites\/24\/2026\/05\/image001-480x300.jpg\" class=\"attachment-medium-image-16x10 size-medium-image-16x10 wp-post-image\" alt=\"\" \/>      <\/div>\n      <h3>Og\u0142oszenie o naborze na dodatkowy sta\u017c w ramach projektu NAWA<\/h3>\n      Nab\u00f3r uzupe\u0142niaj\u0105cy potrwa do 10 maja 2026 r.    <\/a>\n<\/article>\t\t\t\t\t\t<\/div>\n\t\t\t\t\t\t\t\t\t\t\t<div class=\"col-sm-3\">\n\t\t\t\t\t\t\t\n<article class=\"format-standard\">\n    <span class=\"date text-right\"><i class=\"fal fa-calendar-alt\"><\/i> 04-05-2026<\/span>\n    <a href=\"https:\/\/pb.edu.pl\/iros\/2026\/05\/04\/grupowa-wizyta-studyjna-w-udine\/\">\n      <div class=\"article-image\">\n        <img loading=\"lazy\" decoding=\"async\" width=\"480\" height=\"300\" src=\"https:\/\/pb.edu.pl\/iros\/wp-content\/uploads\/sites\/24\/2026\/05\/Wizyta-studyjna-w-Udine-arch.-pryw.-R.-Kimsza-2-480x300.jpeg\" class=\"attachment-medium-image-16x10 size-medium-image-16x10 wp-post-image\" alt=\"\" \/>      <\/div>\n      <h3>Grupowa wizyta studyjna w Udine<\/h3>\n      Dzia\u0142anie w ramach projektu Wsparcie Uniwersytet\u00f3w Europejskich NAWA.    <\/a>\n<\/article>\t\t\t\t\t\t<\/div>\n\t\t\t\t\t\t\t\t\t\t\t<div class=\"col-sm-3\">\n\t\t\t\t\t\t\t\n<article class=\"format-standard\">\n    <span class=\"date text-right\"><i class=\"fal fa-calendar-alt\"><\/i> 30-04-2026<\/span>\n    <a href=\"https:\/\/pb.edu.pl\/iros\/2026\/04\/30\/but-cup-2026-zapisy-druzyn\/\">\n      <div class=\"article-image\">\n        <img loading=\"lazy\" decoding=\"async\" width=\"480\" height=\"300\" src=\"https:\/\/pb.edu.pl\/iros\/wp-content\/uploads\/sites\/24\/2026\/05\/BUT-cup-miniatury-480x300.png\" class=\"attachment-medium-image-16x10 size-medium-image-16x10 wp-post-image\" alt=\"\" \/>      <\/div>\n      <h3>BUT Cup 2026 zapisy dru\u017cyn<\/h3>\n      Formularz zapis\u00f3w dost\u0119pny do 11.05.2026!    <\/a>\n<\/article>\t\t\t\t\t\t<\/div>\n\t\t\t\t\t\t\t\t\t\t\t<div class=\"col-sm-3\">\n\t\t\t\t\t\t\t\n<article class=\"format-standard\">\n    <span class=\"date text-right\"><i class=\"fal fa-calendar-alt\"><\/i> 28-04-2026<\/span>\n    <a href=\"https:\/\/pb.edu.pl\/iros\/2026\/04\/28\/bezplatny-kurs-jezyka-indonezyjskiego-w-polaczeniu-z-wiedza-kulturowa-3\/\">\n      <div class=\"article-image\">\n        <img loading=\"lazy\" decoding=\"async\" width=\"480\" height=\"300\" src=\"https:\/\/pb.edu.pl\/iros\/wp-content\/uploads\/sites\/24\/2026\/04\/FBICC-2026-MAIN-POSTER-1-scaled-e1777376022117-480x300.png\" class=\"attachment-medium-image-16x10 size-medium-image-16x10 wp-post-image\" alt=\"\" \/>      <\/div>\n      <h3>Bezp\u0142atny kurs j\u0119zyka indonezyjskiego w po\u0142\u0105czeniu z wiedz\u0105 kulturow\u0105<\/h3>\n      Teknologi Sepuluh Nopember (ITS) Surabaya w Indonezji zaprasza do udzia\u0142u w    <\/a>\n<\/article>\t\t\t\t\t\t<\/div>\n\t\t\t\t\t\t\t\t\t\t\t<div class=\"col-sm-3\">\n\t\t\t\t\t\t\t\n<article class=\"format-standard\">\n    <span class=\"date text-right\"><i class=\"fal fa-calendar-alt\"><\/i> 27-04-2026<\/span>\n    <a href=\"https:\/\/pb.edu.pl\/iros\/2026\/04\/27\/registration-for-free-trip-to-tykocin-04-2026\/\">\n      <div class=\"article-image\">\n        <img loading=\"lazy\" decoding=\"async\" width=\"480\" height=\"300\" src=\"https:\/\/pb.edu.pl\/iros\/wp-content\/uploads\/sites\/24\/2024\/11\/WD-03-08-480x300.png\" class=\"attachment-medium-image-16x10 size-medium-image-16x10 wp-post-image\" alt=\"\" \/>      <\/div>\n      <h3>Registration for free trip to Tykocin 30.04.2026<\/h3>\n      Limited number of places! Sign in quickly!    <\/a>\n<\/article>\t\t\t\t\t\t<\/div>\n\t\t\t\t\t\t\t\t\t\t\t<div class=\"col-sm-3\">\n\t\t\t\t\t\t\t\n<article class=\"format-standard\">\n    <span class=\"date text-right\"><i class=\"fal fa-calendar-alt\"><\/i> 24-04-2026<\/span>\n    <a href=\"https:\/\/pb.edu.pl\/iros\/2026\/04\/24\/grant-mobilnosci-bup-zaproszenie-do-skladania-wnioskow\/\">\n      <div class=\"article-image\">\n        <img loading=\"lazy\" decoding=\"async\" width=\"480\" height=\"300\" src=\"https:\/\/pb.edu.pl\/iros\/wp-content\/uploads\/sites\/24\/2025\/06\/BUP-2025-init-480x300.png\" class=\"attachment-medium-image-16x10 size-medium-image-16x10 wp-post-image\" alt=\"\" srcset=\"https:\/\/pb.edu.pl\/iros\/wp-content\/uploads\/sites\/24\/2025\/06\/BUP-2025-init-480x300.png 480w, https:\/\/pb.edu.pl\/iros\/wp-content\/uploads\/sites\/24\/2025\/06\/BUP-2025-init-300x188.png 300w, https:\/\/pb.edu.pl\/iros\/wp-content\/uploads\/sites\/24\/2025\/06\/BUP-2025-init-1024x640.png 1024w, https:\/\/pb.edu.pl\/iros\/wp-content\/uploads\/sites\/24\/2025\/06\/BUP-2025-init-768x480.png 768w, https:\/\/pb.edu.pl\/iros\/wp-content\/uploads\/sites\/24\/2025\/06\/BUP-2025-init.png 1080w\" sizes=\"auto, (max-width: 480px) 100vw, 480px\" \/>      <\/div>\n      <h3>Grant mobilno\u015bci BUP \u2013 zaproszenie do sk\u0142adania wniosk\u00f3w<\/h3>\n      Nab\u00f3r trwa do 30.04.2026 r.    <\/a>\n<\/article>\t\t\t\t\t\t<\/div>\n\t\t\t\t\t\t\t\t\t\t\t<div class=\"col-sm-3\">\n\t\t\t\t\t\t\t\n<article class=\"format-standard\">\n    <span class=\"date text-right\"><i class=\"fal fa-calendar-alt\"><\/i> 23-04-2026<\/span>\n    <a href=\"https:\/\/pb.edu.pl\/iros\/2026\/04\/23\/uniwersytet-w-gironie-organizuje-szkole-letnia\/\">\n      <div class=\"article-image\">\n        <img loading=\"lazy\" decoding=\"async\" width=\"480\" height=\"300\" src=\"https:\/\/pb.edu.pl\/iros\/wp-content\/uploads\/sites\/24\/2026\/04\/Summer-School-UdG_2_Screens-480x300.png\" class=\"attachment-medium-image-16x10 size-medium-image-16x10 wp-post-image\" alt=\"\" \/>      <\/div>\n      <h3>Uniwersytet w Gironie organizuje Szko\u0142\u0119 Letni\u0105<\/h3>\n      Tematyka: Rzeki, miasta i granice w obliczu globalnych zmian.    <\/a>\n<\/article>\t\t\t\t\t\t<\/div>\n\t\t\t\t\t\t\t\t\t\t\t<div class=\"col-sm-3\">\n\t\t\t\t\t\t\t\n<article class=\"format-standard\">\n    <span class=\"date text-right\"><i class=\"fal fa-calendar-alt\"><\/i> 22-04-2026<\/span>\n    <a href=\"https:\/\/pb.edu.pl\/iros\/2026\/04\/22\/biotech-future-w-politechnice-bialostockiej-kierunek-rozwoju-w-ramach-sojuszu-across\/\">\n      <div class=\"article-image\">\n        <img loading=\"lazy\" decoding=\"async\" width=\"480\" height=\"300\" src=\"https:\/\/pb.edu.pl\/iros\/wp-content\/uploads\/sites\/24\/2026\/04\/2026-04-21-BioTech-fot-Dariusz-Piekut-PB-85-800x500-1-480x300.jpg\" class=\"attachment-medium-image-16x10 size-medium-image-16x10 wp-post-image\" alt=\"\" srcset=\"https:\/\/pb.edu.pl\/iros\/wp-content\/uploads\/sites\/24\/2026\/04\/2026-04-21-BioTech-fot-Dariusz-Piekut-PB-85-800x500-1-480x300.jpg 480w, https:\/\/pb.edu.pl\/iros\/wp-content\/uploads\/sites\/24\/2026\/04\/2026-04-21-BioTech-fot-Dariusz-Piekut-PB-85-800x500-1-300x188.jpg 300w, https:\/\/pb.edu.pl\/iros\/wp-content\/uploads\/sites\/24\/2026\/04\/2026-04-21-BioTech-fot-Dariusz-Piekut-PB-85-800x500-1-768x480.jpg 768w, https:\/\/pb.edu.pl\/iros\/wp-content\/uploads\/sites\/24\/2026\/04\/2026-04-21-BioTech-fot-Dariusz-Piekut-PB-85-800x500-1.jpg 800w\" sizes=\"auto, (max-width: 480px) 100vw, 480px\" \/>      <\/div>\n      <h3>\u201eBioTech Future\u201d w Politechnice Bia\u0142ostockiej. Kierunek rozwoju w ramach sojuszu Across<\/h3>\n      21 kwietnia 2026 r., Wydzia\u0142 Budownictwa i Nauk o \u015arodowisku Politechniki    <\/a>\n<\/article>\t\t\t\t\t\t<\/div>\n\t\t\t\t\t\t\t\t\t\t\t<div class=\"col-sm-3\">\n\t\t\t\t\t\t\t\n<article class=\"format-standard\">\n    <span class=\"date text-right\"><i class=\"fal fa-calendar-alt\"><\/i> 22-04-2026<\/span>\n    <a href=\"https:\/\/pb.edu.pl\/iros\/2026\/04\/22\/relacja-ze-stazu-naukowego-w-university-of-perpignan-via-domitia\/\">\n      <div class=\"article-image\">\n        <img loading=\"lazy\" decoding=\"async\" width=\"480\" height=\"300\" src=\"https:\/\/pb.edu.pl\/iros\/wp-content\/uploads\/sites\/24\/2026\/04\/Staz-naukowy-we-Francji-2-arch.pryw_.-E.Rollnik-Sadowska-1-480x300.jpeg\" class=\"attachment-medium-image-16x10 size-medium-image-16x10 wp-post-image\" alt=\"\" \/>      <\/div>\n      <h3>Relacja ze sta\u017cu naukowego w University of Perpignan Via Domitia, Francja<\/h3>\n      Dzia\u0142anie w ramach projektu Wsparcie Uniwersytet\u00f3w Europejskich NAWA.    <\/a>\n<\/article>\t\t\t\t\t\t<\/div>\n\t\t\t\t\t\t\t\t\t\t\t<div class=\"col-sm-3\">\n\t\t\t\t\t\t\t\n<article class=\"format-standard\">\n    <span class=\"date text-right\"><i class=\"fal fa-calendar-alt\"><\/i> 17-04-2026<\/span>\n    <a href=\"https:\/\/pb.edu.pl\/iros\/2026\/04\/17\/wyprawa-techniczna-pracownikow-politechniki-bialostockiej-do-elku-suwalk-i-augustowa\/\">\n      <div class=\"article-image\">\n        <img loading=\"lazy\" decoding=\"async\" width=\"480\" height=\"300\" src=\"https:\/\/pb.edu.pl\/iros\/wp-content\/uploads\/sites\/24\/2026\/04\/Wyprawa-techniczna-w-fimie-KOMA.-arch.-pryw.-B.-Biernacka-4-480x300.jpg\" class=\"attachment-medium-image-16x10 size-medium-image-16x10 wp-post-image\" alt=\"\" \/>      <\/div>\n      <h3>Wyprawa techniczna pracownik\u00f3w Politechniki Bia\u0142ostockiej do E\u0142ku, Suwa\u0142k i Augustowa.<\/h3>\n      Dzia\u0142anie w ramach projektu SPINAKER 2024     <\/a>\n<\/article>\t\t\t\t\t\t<\/div>\n\t\t\t\t\t\n\t\t\t\t\n\t\t\t\t\t<\/div>\n\t\t\n\t<nav class=\"navigation pagination\" aria-label=\"Stronicowanie wpis\u00f3w\">\n\t\t<h2 class=\"screen-reader-text\">Stronicowanie wpis\u00f3w<\/h2>\n\t\t<div class=\"nav-links\"><span aria-current=\"page\" class=\"page-numbers current\">1<\/span>\n<a class=\"page-numbers\" href=\"https:\/\/pb.edu.pl\/iros\/wp-json\/wp\/v2\/pages\/2990\/page\/2\/\">2<\/a>\n<a class=\"page-numbers\" href=\"https:\/\/pb.edu.pl\/iros\/wp-json\/wp\/v2\/pages\/2990\/page\/3\/\">3<\/a>\n<span class=\"page-numbers dots\">&hellip;<\/span>\n<a class=\"page-numbers\" href=\"https:\/\/pb.edu.pl\/iros\/wp-json\/wp\/v2\/pages\/2990\/page\/107\/\">107<\/a>\n<a class=\"next page-numbers\" href=\"https:\/\/pb.edu.pl\/iros\/wp-json\/wp\/v2\/pages\/2990\/page\/2\/\">Nast\u0119pne<\/a><\/div>\n\t<\/nav>\t\t\t<\/div>\n\n","protected":false},"excerpt":{"rendered":"","protected":false},"author":2,"featured_media":0,"parent":0,"menu_order":0,"comment_status":"closed","ping_status":"closed","template":"","meta":{"_acf_changed":false,"ngg_post_thumbnail":0,"footnotes":""},"class_list":["post-2990","page","type-page","status-publish","hentry"],"acf":[],"_links":{"self":[{"href":"https:\/\/pb.edu.pl\/iros\/wp-json\/wp\/v2\/pages\/2990","targetHints":{"allow":["GET"]}}],"collection":[{"href":"https:\/\/pb.edu.pl\/iros\/wp-json\/wp\/v2\/pages"}],"about":[{"href":"https:\/\/pb.edu.pl\/iros\/wp-json\/wp\/v2\/types\/page"}],"author":[{"embeddable":true,"href":"https:\/\/pb.edu.pl\/iros\/wp-json\/wp\/v2\/users\/2"}],"replies":[{"embeddable":true,"href":"https:\/\/pb.edu.pl\/iros\/wp-json\/wp\/v2\/comments?post=2990"}],"version-history":[{"count":2,"href":"https:\/\/pb.edu.pl\/iros\/wp-json\/wp\/v2\/pages\/2990\/revisions"}],"predecessor-version":[{"id":29382,"href":"https:\/\/pb.edu.pl\/iros\/wp-json\/wp\/v2\/pages\/2990\/revisions\/29382"}],"wp:attachment":[{"href":"https:\/\/pb.edu.pl\/iros\/wp-json\/wp\/v2\/media?parent=2990"}],"curies":[{"name":"wp","href":"https:\/\/api.w.org\/{rel}","templated":true}]}}