{"id":29724,"date":"2026-03-08T20:40:57","date_gmt":"2026-03-08T19:40:57","guid":{"rendered":"https:\/\/pb.edu.pl\/iros\/?page_id=29724"},"modified":"2026-04-01T10:18:25","modified_gmt":"2026-04-01T08:18:25","slug":"fullbright","status":"publish","type":"page","link":"https:\/\/pb.edu.pl\/iros\/programy-stypendialne\/fullbright\/","title":{"rendered":"Fulbright"},"content":{"rendered":"<div class=\"row\">\n<div class=\"col-sm-8\">\n<p><!-- Du\u017ce zdj\u0119cie poziome bez nag\u0142\u00f3wka --><\/p>\n<p><img loading=\"lazy\" decoding=\"async\" width=\"1024\" height=\"546\" class=\"alignnone wp-image-29813\" style=\"width: 943px;height: 503px;margin-bottom: 20px\" src=\"https:\/\/pb.edu.pl\/iros\/wp-content\/uploads\/sites\/24\/2026\/03\/Nabor_2027-28-1920x1024-1-1024x546.webp\" alt=\"Program Fulbrighta\" srcset=\"https:\/\/pb.edu.pl\/iros\/wp-content\/uploads\/sites\/24\/2026\/03\/Nabor_2027-28-1920x1024-1-1024x546.webp 1024w, https:\/\/pb.edu.pl\/iros\/wp-content\/uploads\/sites\/24\/2026\/03\/Nabor_2027-28-1920x1024-1-300x160.webp 300w, https:\/\/pb.edu.pl\/iros\/wp-content\/uploads\/sites\/24\/2026\/03\/Nabor_2027-28-1920x1024-1-768x410.webp 768w, https:\/\/pb.edu.pl\/iros\/wp-content\/uploads\/sites\/24\/2026\/03\/Nabor_2027-28-1920x1024-1-1536x819.webp 1536w, https:\/\/pb.edu.pl\/iros\/wp-content\/uploads\/sites\/24\/2026\/03\/Nabor_2027-28-1920x1024-1.webp 1920w\" sizes=\"auto, (max-width: 1024px) 100vw, 1024px\" \/><\/p>\n<h3>Program Fulbrighta to najwi\u0119kszy program wymiany naukowej i kulturowej Stan\u00f3w Zjednoczonych, dzia\u0142aj\u0105cy od 1946 r. na \u015bwiecie, a w Polsce nieprzerwanie od 1959 r. Jego absolwenci to m.in. laureaci Nagrody Nobla i Pulitzera oraz by\u0142y ambasador USA w Polsce, Mark Brzezinski. Program Fulbrighta zmienia \u017cycie uczestnik\u00f3w, buduj\u0105c mosty mi\u0119dzy narodami \u2013 w 2026 roku \u015bwi\u0119tujemy 80 lat jego istnienia oraz 250-lecie niepodleg\u0142o\u015bci USA.<\/h3>\n<p>Rozpocz\u0105\u0142 si\u0119 nab\u00f3r do program\u00f3w stypendialnych <strong>Fulbrighta<\/strong> umo\u017cliwiaj\u0105cych realizacj\u0119 studi\u00f3w, bada\u0144 naukowych oraz projekt\u00f3w dydaktycznych w Stanach Zjednoczonych w roku akademickim <strong>2027\u20132028<\/strong>. Oferta skierowana jest do <strong>student\u00f3w, absolwent\u00f3w, doktorant\u00f3w oraz pracownik\u00f3w naukowych i dydaktycznych<\/strong>.<\/p>\n<h3>Terminy naboru<\/h3>\n<p><strong>Od 9 lutego 2026 r.:<\/strong><\/p>\n<ul>\n<li>Fulbright Graduate Student Award 2027\u20132028<\/li>\n<li>Fulbright Graduate Student Award: LLM in International Human Rights Law at the University of Notre Dame 2027\u20132028<\/li>\n<li>Fulbright Polish Scholar Award 2027\u20132028<\/li>\n<\/ul>\n<p><strong>Od 12 maja 2026 r.:<\/strong><\/p>\n<ul>\n<li>Fulbright Junior Research Award 2027\u20132028<\/li>\n<li>Fulbright Research Award at Stanford University School of Medicine 2027\u20132028<\/li>\n<li>Fulbright STEM Impact Award 2027\u20132028<\/li>\n<li>Fulbright Polish Studies Award 2027\u20132028<\/li>\n<\/ul>\n<h3>Kontakt i wsparcie na PB<\/h3>\n<p>Na Politechnice Bia\u0142ostockiej wsparcie w zakresie programu Fulbright zapewnia ambasadroka Programu Fulbrigth&nbsp;&nbsp;<strong>dr in\u017c. Katarzyna Kalinowska-Wichrowska<\/strong>, kt\u00f3ra promuje wyjazdy naukowe w ramach tego stypendium do USA i ch\u0119tnie dzieli si\u0119 swoim do\u015bwiadczeniem z kandydatami.<br \/>\n<strong>Kontakt:<\/strong> \ud83d\udce7 <a href=\"mailto:k.kalinowska@pb.edu.pl\">k.kalinowska@pb.edu.pl<\/a><\/p>\n<p>W sprawach dotycz\u0105cych poszczeg\u00f3lnych program\u00f3w Fulbright mo\u017cna kontaktowa\u0107 si\u0119 bezpo\u015brednio z koordynatorkami:<\/p>\n<ul>\n<li><strong>Graduate Student Award oraz LLM:<\/strong> \ud83d\udce7 <a href=\"mailto:justyna.kozyra-bober@fulbright.edu.pl\">justyna.kozyra-bober@fulbright.edu.pl<\/a><\/li>\n<li><strong>Polish Scholar Award, STEM Impact Award, Polish Studies Award, Junior Research Award, Research Award at Stanford:<\/strong> \ud83d\udce7 <a href=\"mailto:justyna.maziarska@fulbright.edu.pl\">justyna.maziarska@fulbright.edu.pl<\/a><\/li>\n<\/ul>\n<h3>Szczeg\u00f3\u0142owe informacje<\/h3>\n<p>Pe\u0142ne informacje o programach, terminach sk\u0142adania wniosk\u00f3w oraz materia\u0142ach informacyjnych znajduj\u0105 si\u0119 na stronie: <a href=\"https:\/\/fulbright.edu.pl\/stypendia-do-usa\/\" target=\"_blank\" rel=\"noopener\">fulbright.edu.pl\/stypendia-do-usa<\/a><\/p>\n<\/div>\n<div class=\"col-sm-4 text-center\" style=\"flex-direction: column;justify-content: flex-start\">\n<div class=\"well well-sm lead text-center boxy-prawe\" style=\"margin-bottom: 20px\">\n<h2>Kontakt na PB<\/h2>\n<h3>Ambasadorka Programu Fulbright<br \/>\n<strong>dr in\u017c. Katarzyna Kalinowska-Wichrowska<\/strong><\/h3>\n<h3>\ud83d\udce7 k.kalinowska@pb.edu.pl<\/h3>\n<\/div>\n<div class=\"well well-sm lead text-center boxy-prawe\">\n<h2>Wa\u017cne linki<\/h2>\n<p><a href=\"https:\/\/fulbright.edu.pl\/stypendia-do-usa\/\" target=\"_blank\" rel=\"noopener\">Strona programu Fulbright<\/a><\/p>\n<\/div>\n<\/div>\n<\/div>\n","protected":false},"excerpt":{"rendered":"<p>Program Fulbrighta to najwi\u0119kszy program wymiany naukowej i kulturowej Stan\u00f3w Zjednoczonych, dzia\u0142aj\u0105cy od 1946 r.<\/p>\n","protected":false},"author":2,"featured_media":0,"parent":29721,"menu_order":1,"comment_status":"closed","ping_status":"closed","template":"","meta":{"_acf_changed":false,"ngg_post_thumbnail":0,"footnotes":""},"class_list":["post-29724","page","type-page","status-publish","hentry"],"acf":[],"_links":{"self":[{"href":"https:\/\/pb.edu.pl\/iros\/wp-json\/wp\/v2\/pages\/29724","targetHints":{"allow":["GET"]}}],"collection":[{"href":"https:\/\/pb.edu.pl\/iros\/wp-json\/wp\/v2\/pages"}],"about":[{"href":"https:\/\/pb.edu.pl\/iros\/wp-json\/wp\/v2\/types\/page"}],"author":[{"embeddable":true,"href":"https:\/\/pb.edu.pl\/iros\/wp-json\/wp\/v2\/users\/2"}],"replies":[{"embeddable":true,"href":"https:\/\/pb.edu.pl\/iros\/wp-json\/wp\/v2\/comments?post=29724"}],"version-history":[{"count":7,"href":"https:\/\/pb.edu.pl\/iros\/wp-json\/wp\/v2\/pages\/29724\/revisions"}],"predecessor-version":[{"id":29811,"href":"https:\/\/pb.edu.pl\/iros\/wp-json\/wp\/v2\/pages\/29724\/revisions\/29811"}],"up":[{"embeddable":true,"href":"https:\/\/pb.edu.pl\/iros\/wp-json\/wp\/v2\/pages\/29721"}],"wp:attachment":[{"href":"https:\/\/pb.edu.pl\/iros\/wp-json\/wp\/v2\/media?parent=29724"}],"curies":[{"name":"wp","href":"https:\/\/api.w.org\/{rel}","templated":true}]}}