{"id":29358,"date":"2026-02-13T13:30:44","date_gmt":"2026-02-13T12:30:44","guid":{"rendered":"https:\/\/pb.edu.pl\/iros\/?page_id=29358"},"modified":"2026-02-13T13:49:28","modified_gmt":"2026-02-13T12:49:28","slug":"zaproszenie-do-udzialu-w-szkole-letniej","status":"publish","type":"page","link":"https:\/\/pb.edu.pl\/iros\/projekty-nawa\/spinaker\/biometrics-and-artificial-intelligence\/zaproszenie-do-udzialu-w-szkole-letniej\/","title":{"rendered":"Zaproszenie do udzia\u0142u w szkole letniej"},"content":{"rendered":"<div class=\"h2\">Biometria i sztuczna inteligencja<\/div>\n<p>Politechnika Bia\u0142ostocka<br \/>\nWydzia\u0142 Informatyki<\/p>\n<p>06\u201319 lipca 2026 r.<\/p>\n<div class=\"h3\">Szko\u0142a Letnia \u2013 za\u0142o\u017cenia i program<\/div>\n<p>Uczestnicy wezm\u0105 udzia\u0142 w intensywnym 80-godzinnym programie szkoleniowym, obejmuj\u0105cym:<\/p>\n<ul>\n<li>40 godzin wyk\u0142ad\u00f3w i 40 godzin zaj\u0119\u0107 praktycznych,<\/li>\n<li>materia\u0142y dydaktyczne i dost\u0119p do specjalistycznych narz\u0119dzi programistycznych,<\/li>\n<li>zaj\u0119cia prowadzone przez mi\u0119dzynarodowy zesp\u00f3\u0142 wyk\u0142adowc\u00f3w,<\/li>\n<li>trzy bloki tematyczne:\n<ul>\n<li>Podstawy system\u00f3w biometrycznych,<\/li>\n<li>Podstawy sztucznej inteligencji,<\/li>\n<li>Sztuczna inteligencja w biometrii.<\/li>\n<\/ul>\n<\/li>\n<\/ul>\n<div class=\"h3\">Kto mo\u017ce si\u0119 zg\u0142osi\u0107?<\/div>\n<p>Program jest otwarty dla:<\/p>\n<ul>\n<li>student\u00f3w (30 miejsc) i doktorant\u00f3w (15 miejsc) zagranicznych,<\/li>\n<li>studiuj\u0105cych na kierunkach technicznych zwi\u0105zanych z informatyk\u0105, elektronik\u0105, fizyk\u0105 lub matematyk\u0105.<\/li>\n<\/ul>\n<p>Kandydaci musz\u0105 posiada\u0107:<\/p>\n<ul>\n<li>podstawowe umiej\u0119tno\u015bci programowania w j\u0119zyku Python,<\/li>\n<li>wystarczaj\u0105c\u0105 znajomo\u015b\u0107 j\u0119zyka angielskiego, aby:\n<ul>\n<li>rozumie\u0107 wyk\u0142ady i instrukcje,<\/li>\n<li>bra\u0107 udzia\u0142 w dyskusjach i warsztatach,<\/li>\n<li>czyta\u0107 materia\u0142y dydaktyczne i korzysta\u0107 z narz\u0119dzi w j\u0119zyku angielskim.<\/li>\n<\/ul>\n<\/li>\n<\/ul>\n<p>Umiej\u0119tno\u015bci programowania zostan\u0105 sprawdzone podczas testu kwalifikacyjnego w ramach procesu rekrutacyjnego.<\/p>\n<p>Akceptowane dowody znajomo\u015bci j\u0119zyka angielskiego obejmuj\u0105:<\/p>\n<ul>\n<li>mi\u0119dzynarodowe certyfikaty (np. IELTS, TOEFL iBT, Cambridge) lub<\/li>\n<li>oficjalne za\u015bwiadczenie uczelni potwierdzaj\u0105ce uko\u0144czenie kursu prowadzonego w j\u0119zyku angielskim.<\/li>\n<\/ul>\n<div class=\"h3\">Wsparcie finansowe<\/div>\n<p>Zakwalifikowani uczestnicy otrzymaj\u0105:<\/p>\n<ul>\n<li>rycza\u0142t na pokrycie koszt\u00f3w podr\u00f3\u017cy,<\/li>\n<li>rycza\u0142t na pokrycie koszt\u00f3w zakwaterowania i utrzymania,<\/li>\n<li>stypendium.<\/li>\n<\/ul>\n<div class=\"h3\">Rekrutacja i terminy<\/div>\n<ul>\n<li>Rekrutacja odbywa si\u0119 w kilku etapach i jest opisana na stronie internetowej projektu (prosimy o uwa\u017cne zapoznanie si\u0119 z instrukcj\u0105 dla kandydat\u00f3w \u2013 etapy rekrutacji).<\/li>\n<li><strong>Termin sk\u0142adania wniosk\u00f3w: 28 lutego 2026 r.<\/strong><\/li>\n<\/ul>\n<p>Przed z\u0142o\u017ceniem wniosku prosimy o zapoznanie si\u0119 ze wszystkimi informacjami i regulaminami dost\u0119pnymi na stronie: <a href=\"https:\/\/pb.edu.pl\/iros\/en\/nawa-projects\/spinaker\/biometrics-and-artificial-intelligence\/documents\/\">Documents<\/a><\/p>\n","protected":false},"excerpt":{"rendered":"<p>Biometria i sztuczna inteligencja Politechnika Bia\u0142ostocka Wydzia\u0142 Informatyki 06\u201319 lipca 2026 r. Szko\u0142a Letnia \u2013<\/p>\n","protected":false},"author":2,"featured_media":0,"parent":26821,"menu_order":1,"comment_status":"closed","ping_status":"closed","template":"","meta":{"_acf_changed":false,"ngg_post_thumbnail":0,"footnotes":""},"class_list":["post-29358","page","type-page","status-publish","hentry"],"acf":[],"_links":{"self":[{"href":"https:\/\/pb.edu.pl\/iros\/wp-json\/wp\/v2\/pages\/29358","targetHints":{"allow":["GET"]}}],"collection":[{"href":"https:\/\/pb.edu.pl\/iros\/wp-json\/wp\/v2\/pages"}],"about":[{"href":"https:\/\/pb.edu.pl\/iros\/wp-json\/wp\/v2\/types\/page"}],"author":[{"embeddable":true,"href":"https:\/\/pb.edu.pl\/iros\/wp-json\/wp\/v2\/users\/2"}],"replies":[{"embeddable":true,"href":"https:\/\/pb.edu.pl\/iros\/wp-json\/wp\/v2\/comments?post=29358"}],"version-history":[{"count":7,"href":"https:\/\/pb.edu.pl\/iros\/wp-json\/wp\/v2\/pages\/29358\/revisions"}],"predecessor-version":[{"id":29371,"href":"https:\/\/pb.edu.pl\/iros\/wp-json\/wp\/v2\/pages\/29358\/revisions\/29371"}],"up":[{"embeddable":true,"href":"https:\/\/pb.edu.pl\/iros\/wp-json\/wp\/v2\/pages\/26821"}],"wp:attachment":[{"href":"https:\/\/pb.edu.pl\/iros\/wp-json\/wp\/v2\/media?parent=29358"}],"curies":[{"name":"wp","href":"https:\/\/api.w.org\/{rel}","templated":true}]}}