{"id":29118,"date":"2026-01-23T20:02:21","date_gmt":"2026-01-23T19:02:21","guid":{"rendered":"https:\/\/pb.edu.pl\/iros\/?page_id=29118"},"modified":"2026-01-23T20:33:06","modified_gmt":"2026-01-23T19:33:06","slug":"euraxess","status":"publish","type":"page","link":"https:\/\/pb.edu.pl\/iros\/projekty-nawa\/euraxess\/","title":{"rendered":"Naukowa przysz\u0142o\u015b\u0107 Podlasia \u2013 EURAXESS w dzia\u0142aniu"},"content":{"rendered":"<p><strong>Projekt \u201eNaukowa przysz\u0142o\u015b\u0107 Podlasia \u2013 EURAXESS w dzia\u0142aniu\u201d<\/strong> ma na celu wzmocni\u0107 d\u0142ugofalow\u0105 wsp\u00f3\u0142prac\u0119 w zakresie aktywnego wspierania obs\u0142ugi i mobilno\u015bci mi\u0119dzynarodowej zagranicznych naukowc\u00f3w pomi\u0119dzy podlaskimi (bia\u0142ostockimi) Uczelniami. Projekt zak\u0142ada wiele dzia\u0142a\u0144, kt\u00f3re w wyniku synergii proponowanych zada\u0144 oraz wsp\u00f3\u0142pracy wszystkich podmiot\u00f3w zaanga\u017cowanych w projekt podnios\u0105 potencja\u0142 naukowy do przyjmowania i obs\u0142ugiwania naukowc\u00f3w przyby\u0142ych do wojew\u00f3dztwa podlaskiego.<\/p>\n<div class=\"h3\">Zaplanowane zadania:<\/div>\n<ol>\n<li>Organizacja i uruchomienie punktu obs\u0142ugi zagranicznych go\u015bci.<\/li>\n<li>Wzmacnianie kompetencji uczestnik\u00f3w projektu (g\u0142\u00f3wnie kadry administracyjnej zatrudnionej na uczelniach wchodz\u0105cych w sk\u0142ad konsorcjum), szkolenia podnosz\u0105ce kompetencje, wizyty studyjne na wysoko umi\u0119dzynarodowionych uczelniach oraz inne aktywno\u015bci oparte na wymianie<br \/>\ndobrych praktyk.<\/li>\n<li>Opracowanie przewodnika dla zagranicznych naukowc\u00f3w.<\/li>\n<li>Utworzenie dedykowanej strony internetowej, zawieraj\u0105ca informacje o efektach i rezultatach projektu, nawi\u0105zanych wsp\u00f3\u0142pracach, dobrych praktykach, zaproszenia na wydarzenia w ramach sieci oraz inne pomocne narz\u0119dzia (m.in. w\/w przewodnik).<\/li>\n<li>Stworzenie Strategii funkcjonowania sieci.<\/li>\n<\/ol>\n<div class=\"h3\">Metryczka projektu<\/div>\n<p><strong>Nazwa projektu:<\/strong> \u201eNaukowa przysz\u0142o\u015b\u0107 Podlasia \u2013 EURAXESS w dzia\u0142aniu\u201d<\/p>\n<p><strong>Numer umowy:<\/strong> BPI\/EUR\/2024\/2\/00005\/U\/00001<\/p>\n<p><strong>Okres realizacji projektu:<\/strong> 01.02.2026 \u2013 30.09.2028<\/p>\n<p><strong>Kierownik projektu:<\/strong> mgr in\u017c Agata Dzieko\u0144ska<\/p>\n<p><strong>Lider:<\/strong> Politechnika Bia\u0142ostocka<\/p>\n<p><strong>Partnerzy:<\/strong> Uniwersytet Medyczny w Bia\u0142ymstoku i Uniwersytet w Bia\u0142ymstoku<\/p>\n<p><strong>Warto\u015b\u0107 dofinansowania projektu:<\/strong> 366 902,22 PLN<\/p>\n<p><strong>Strona projektu: <a href=\"https:\/\/pb.edu.pl\/euraxess\/\">Naukowa przysz\u0142o\u015b\u0107 Podlasia \u2013 EURAXESS w dzia\u0142aniu<\/a><\/strong><\/p>\n<hr>\n<p>Program Sie\u0107 NAWA-Euraxess finansowany jest ze \u015brodk\u00f3w Unii Europejskiej z Funduszu Europejskiego dla Rozwoju Spo\u0142ecznego 2021 \u2013 2027 (FERS) w ramach projektu pt.: \u201eWsparcie instytucji szkolnictwa wy\u017cszego i nauki w obs\u0142udze os\u00f3b cudzoziemskich oraz Polek i Polak\u00f3w wyje\u017cd\u017caj\u0105cych za granic\u0119\u201d, nr&nbsp;FERS.01.05.IP.08-0003\/24.<\/p>\n<p>Wi\u0119cej informacji na temat Programu: <a href=\"https:\/\/nawa.gov.pl\/instytucje\/siec-nawa-msca\/o-programie\">strona NAWA<\/a>.<\/p>\n","protected":false},"excerpt":{"rendered":"<p>Projekt \u201eNaukowa przysz\u0142o\u015b\u0107 Podlasia \u2013 EURAXESS w dzia\u0142aniu\u201d ma na celu wzmocni\u0107 d\u0142ugofalow\u0105 wsp\u00f3\u0142prac\u0119 w<\/p>\n","protected":false},"author":2,"featured_media":0,"parent":311,"menu_order":0,"comment_status":"closed","ping_status":"closed","template":"","meta":{"_acf_changed":false,"ngg_post_thumbnail":0,"footnotes":""},"class_list":["post-29118","page","type-page","status-publish","hentry"],"acf":[],"_links":{"self":[{"href":"https:\/\/pb.edu.pl\/iros\/wp-json\/wp\/v2\/pages\/29118","targetHints":{"allow":["GET"]}}],"collection":[{"href":"https:\/\/pb.edu.pl\/iros\/wp-json\/wp\/v2\/pages"}],"about":[{"href":"https:\/\/pb.edu.pl\/iros\/wp-json\/wp\/v2\/types\/page"}],"author":[{"embeddable":true,"href":"https:\/\/pb.edu.pl\/iros\/wp-json\/wp\/v2\/users\/2"}],"replies":[{"embeddable":true,"href":"https:\/\/pb.edu.pl\/iros\/wp-json\/wp\/v2\/comments?post=29118"}],"version-history":[{"count":9,"href":"https:\/\/pb.edu.pl\/iros\/wp-json\/wp\/v2\/pages\/29118\/revisions"}],"predecessor-version":[{"id":29131,"href":"https:\/\/pb.edu.pl\/iros\/wp-json\/wp\/v2\/pages\/29118\/revisions\/29131"}],"up":[{"embeddable":true,"href":"https:\/\/pb.edu.pl\/iros\/wp-json\/wp\/v2\/pages\/311"}],"wp:attachment":[{"href":"https:\/\/pb.edu.pl\/iros\/wp-json\/wp\/v2\/media?parent=29118"}],"curies":[{"name":"wp","href":"https:\/\/api.w.org\/{rel}","templated":true}]}}